{"id":1360,"date":"2022-05-18T05:55:39","date_gmt":"2022-05-18T05:55:39","guid":{"rendered":"http:\/\/www.si-hr.eu\/2127\/programme-documents\/"},"modified":"2024-03-20T21:04:25","modified_gmt":"2024-03-20T21:04:25","slug":"programme-documents","status":"publish","type":"page","link":"http:\/\/www.si-hr.eu\/2127\/hr\/programme-documents\/","title":{"rendered":"Programski dokumenti"},"content":{"rendered":"<div class=\"fusion-fullwidth fullwidth-box fusion-builder-row-1 fusion-flex-container nonhundred-percent-fullwidth non-hundred-percent-height-scrolling\" style=\"background-color: #ffffff;background-position: center center;background-repeat: no-repeat;border-width: 0px 0px 0px 0px;border-color:#eae9e9;border-style:solid;\" ><div class=\"fusion-builder-row fusion-row fusion-flex-align-items-flex-start\" style=\"max-width:1248px;margin-left: calc(-4% \/ 2 );margin-right: calc(-4% \/ 2 );\"><div class=\"fusion-layout-column fusion_builder_column fusion-builder-column-0 fusion_builder_column_1_1 1_1 fusion-flex-column\"><div class=\"fusion-column-wrapper fusion-flex-justify-content-flex-start fusion-content-layout-column\" style=\"background-position:left top;background-repeat:no-repeat;-webkit-background-size:cover;-moz-background-size:cover;-o-background-size:cover;background-size:cover;padding: 0px 0px 0px 0px;\"><div class=\"fusion-text fusion-text-1\"><p style=\"text-align: center;\">\n<\/div><div class=\"fusion-separator fusion-full-width-sep\" style=\"align-self: center;margin-left: auto;margin-right: auto;margin-top:15px;margin-bottom:25px;width:100%;\"><div class=\"fusion-separator-border sep-single sep-solid\" style=\"border-color:#e0dede;border-top-width:1px;\"><\/div><\/div><\/div><style type=\"text\/css\">.fusion-body .fusion-builder-column-0{width:100% !important;margin-top : 20px;margin-bottom : 20px;}.fusion-builder-column-0 > .fusion-column-wrapper {padding-top : 0px !important;padding-right : 0px !important;margin-right : 1.92%;padding-bottom : 0px !important;padding-left : 0px !important;margin-left : 1.92%;}@media only screen and (max-width:1024px) {.fusion-body .fusion-builder-column-0{width:100% !important;order : 0;}.fusion-builder-column-0 > .fusion-column-wrapper {margin-right : 1.92%;margin-left : 1.92%;}}@media only screen and (max-width:640px) {.fusion-body .fusion-builder-column-0{width:100% !important;order : 0;}.fusion-builder-column-0 > .fusion-column-wrapper {margin-right : 1.92%;margin-left : 1.92%;}}<\/style><\/div><div class=\"fusion-layout-column fusion_builder_column fusion-builder-column-1 fusion_builder_column_1_1 1_1 fusion-flex-column\"><div class=\"fusion-column-wrapper fusion-flex-justify-content-flex-start fusion-content-layout-column\" style=\"background-position:left top;background-repeat:no-repeat;-webkit-background-size:cover;-moz-background-size:cover;-o-background-size:cover;background-size:cover;padding: 0px 0px 0px 0px;\"><div class=\"fusion-tabs fusion-tabs-1 clean vertical-tabs icon-position-left\"><style type=\"text\/css\">#wrapper .fusion-tabs.fusion-tabs-1.clean .nav-tabs li a.tab-link{border-color:#e2e2e2;}.fusion-tabs.fusion-tabs-1 .nav-tabs li a.tab-link{background-color:#f1f2f2;}.fusion-tabs.fusion-tabs-1 .nav-tabs li.active a.tab-link,.fusion-tabs.fusion-tabs-1 .nav-tabs li.active a.tab-link:hover,.fusion-tabs.fusion-tabs-1 .nav-tabs li.active a.tab-link:focus{background-color:rgba(0,86,206,0.24);}.fusion-tabs.fusion-tabs-1 .nav-tabs li a:hover{background-color:rgba(0,86,206,0.24);border-top-color:rgba(0,86,206,0.24);}.fusion-tabs.fusion-tabs-1 .tab-pane{background-color:rgba(0,86,206,0.24);}.fusion-tabs.fusion-tabs-1 .nav,.fusion-tabs.fusion-tabs-1 .nav-tabs,.fusion-tabs.fusion-tabs-1 .tab-content .tab-pane{border-color:#e2e2e2;}<\/style><div class=\"nav\"><ul class=\"nav-tabs\" role=\"tablist\"><li class=\"active\"><a class=\"tab-link\" data-toggle=\"tab\" role=\"tab\" aria-controls=\"tab-88fd6b18c2d9c27c176\" aria-selected=\"true\" id=\"fusion-tab-interregprogramslovenija-hrvatska(ip)\" href=\"#tab-88fd6b18c2d9c27c176\"><h4 class=\"fusion-tab-heading\"><i class=\"fontawesome-icon fa-file-alt fas\" aria-hidden=\"true\" style=\"font-size:19px;\"><\/i>Interreg Program Slovenija-Hrvatska (IP)<\/h4><\/a><\/li><li><a class=\"tab-link\" data-toggle=\"tab\" role=\"tab\" aria-controls=\"tab-b94d21e30d535a1cbb4\" aria-selected=\"false\" tabindex=\"-1\" id=\"\" href=\"#tab-b94d21e30d535a1cbb4\"><h4 class=\"fusion-tab-heading\"><i class=\"fontawesome-icon fa-file-alt fas\" aria-hidden=\"true\" style=\"font-size:19px;\"><\/i>Sa\u017eetak za gra\u0111anstvo<\/h4><\/a><\/li><li><a class=\"tab-link\" data-toggle=\"tab\" role=\"tab\" aria-controls=\"tab-0ee7bd95dfb5b946f7f\" aria-selected=\"false\" tabindex=\"-1\" id=\"\" href=\"#tab-0ee7bd95dfb5b946f7f\"><h4 class=\"fusion-tab-heading\"><i class=\"fontawesome-icon fa-file-alt fas\" aria-hidden=\"true\" style=\"font-size:19px;\"><\/i>Metodologija pra\u0107enja pokazatelja<\/h4><\/a><\/li><li><a class=\"tab-link\" data-toggle=\"tab\" role=\"tab\" aria-controls=\"tab-e26407c3ef301aa92e5\" aria-selected=\"false\" tabindex=\"-1\" id=\"\" href=\"#tab-e26407c3ef301aa92e5\"><h4 class=\"fusion-tab-heading\"><i class=\"fontawesome-icon fa-file-alt fas\" aria-hidden=\"true\" style=\"font-size:19px;\"><\/i>Strate\u0161ka procjena utjecaja na okoli\u0161 (SEA)<\/h4><\/a><\/li><li><a class=\"tab-link\" data-toggle=\"tab\" role=\"tab\" aria-controls=\"tab-1dbc3feeaa9c1353c5b\" aria-selected=\"false\" tabindex=\"-1\" id=\"\" href=\"#tab-1dbc3feeaa9c1353c5b\"><h4 class=\"fusion-tab-heading\"><i class=\"fontawesome-icon fa-file-alt fas\" aria-hidden=\"true\" style=\"font-size:19px;\"><\/i>Ocjena na\u010dela DNSH<\/h4><\/a><\/li><li><a class=\"tab-link\" data-toggle=\"tab\" role=\"tab\" aria-controls=\"tab-235300934b3acb2c903\" aria-selected=\"false\" tabindex=\"-1\" id=\"fusion-tab-planevaluacije\" href=\"#tab-235300934b3acb2c903\"><h4 class=\"fusion-tab-heading\"><i class=\"fontawesome-icon fa-file-alt fas\" aria-hidden=\"true\" style=\"font-size:19px;\"><\/i>Plan evaluacije<\/h4><\/a><\/li><\/ul><\/div><div class=\"tab-content\"><div class=\"nav fusion-mobile-tab-nav\"><ul class=\"nav-tabs\"><li class=\"active\"><a class=\"tab-link\" data-toggle=\"tab\" role=\"tab\" aria-controls=\"tab-88fd6b18c2d9c27c176\" aria-selected=\"true\" id=\"mobile-fusion-tab-interregprogramslovenija-hrvatska(ip)\" href=\"#tab-88fd6b18c2d9c27c176\"><h4 class=\"fusion-tab-heading\"><i class=\"fontawesome-icon fa-file-alt fas\" aria-hidden=\"true\" style=\"font-size:19px;\"><\/i>Interreg Program Slovenija-Hrvatska (IP)<\/h4><\/a><\/li><\/ul><\/div><div class=\"tab-pane fade fusion-clearfix in active\" role=\"tabpanel\" tabindex=\"0\" aria-labelledby=\"fusion-tab-interregprogramslovenija-hrvatska(ip)\" id=\"tab-88fd6b18c2d9c27c176\">\n<p><a href=\"http:\/\/www.si-hr.eu\/2127\/download\/IP-SI-HR-2021-2027_V4_HR.pdf\">Interreg Program Slovenija-Hrvatska (IP)<\/a><\/p>\n<p><a href=\"http:\/\/www.si-hr.eu\/2127\/download\/IP-SI-HR-2021-2027_V4_HR.pdf\"><img decoding=\"async\" class=\"aligncenter wp-image-2803 size-full\" src=\"http:\/\/www.si-hr.eu\/2127\/wp-content\/uploads\/sites\/103\/2023\/03\/IP_HR.png\" alt=\"\" width=\"539\" height=\"766\" srcset=\"http:\/\/www.si-hr.eu\/2127\/wp-content\/uploads\/sites\/103\/2023\/03\/IP_HR-200x284.png 200w, http:\/\/www.si-hr.eu\/2127\/wp-content\/uploads\/sites\/103\/2023\/03\/IP_HR-211x300.png 211w, http:\/\/www.si-hr.eu\/2127\/wp-content\/uploads\/sites\/103\/2023\/03\/IP_HR-400x568.png 400w, http:\/\/www.si-hr.eu\/2127\/wp-content\/uploads\/sites\/103\/2023\/03\/IP_HR.png 539w\" sizes=\"(max-width: 539px) 100vw, 539px\" \/><\/a><\/p>\n<p>Prethodna verzija dokumenta:<\/p>\n<p><a href=\"http:\/\/www.si-hr.eu\/2127\/download\/Interreg-Program-Slovenija-Hrvatska-2021-2027.pdf\">Interreg Program Slovenija-Hrvatska (IP)<\/a><\/p>\n<\/div><div class=\"nav fusion-mobile-tab-nav\"><ul class=\"nav-tabs\"><li><a class=\"tab-link\" data-toggle=\"tab\" role=\"tab\" aria-controls=\"tab-b94d21e30d535a1cbb4\" aria-selected=\"false\" tabindex=\"-1\" id=\"\" href=\"#tab-b94d21e30d535a1cbb4\"><h4 class=\"fusion-tab-heading\"><i class=\"fontawesome-icon fa-file-alt fas\" aria-hidden=\"true\" style=\"font-size:19px;\"><\/i>Sa\u017eetak za gra\u0111anstvo<\/h4><\/a><\/li><\/ul><\/div><div class=\"tab-pane fade fusion-clearfix\" role=\"tabpanel\" tabindex=\"0\" aria-labelledby=\"\" id=\"tab-b94d21e30d535a1cbb4\">\n<p>Sa\u017eetak za gra\u0111anstvo<\/p>\n<p><a href=\"http:\/\/www.si-hr.eu\/2127\/download\/Interreg_2022_Citizens-summary-SI-HR_hr-WEB.pdf\"><img decoding=\"async\" class=\"size-medium wp-image-2087 aligncenter\" src=\"http:\/\/www.si-hr.eu\/2127\/wp-content\/uploads\/sites\/103\/2023\/03\/CS_hr-211x300.png\" alt=\"\" width=\"211\" height=\"300\" srcset=\"http:\/\/www.si-hr.eu\/2127\/wp-content\/uploads\/sites\/103\/2023\/03\/CS_hr-200x285.png 200w, http:\/\/www.si-hr.eu\/2127\/wp-content\/uploads\/sites\/103\/2023\/03\/CS_hr-211x300.png 211w, http:\/\/www.si-hr.eu\/2127\/wp-content\/uploads\/sites\/103\/2023\/03\/CS_hr-400x569.png 400w, http:\/\/www.si-hr.eu\/2127\/wp-content\/uploads\/sites\/103\/2023\/03\/CS_hr-600x854.png 600w, http:\/\/www.si-hr.eu\/2127\/wp-content\/uploads\/sites\/103\/2023\/03\/CS_hr-720x1024.png 720w, http:\/\/www.si-hr.eu\/2127\/wp-content\/uploads\/sites\/103\/2023\/03\/CS_hr-768x1093.png 768w, http:\/\/www.si-hr.eu\/2127\/wp-content\/uploads\/sites\/103\/2023\/03\/CS_hr-800x1138.png 800w, http:\/\/www.si-hr.eu\/2127\/wp-content\/uploads\/sites\/103\/2023\/03\/CS_hr.png 923w\" sizes=\"(max-width: 211px) 100vw, 211px\" \/><\/a><\/p>\n<\/div><div class=\"nav fusion-mobile-tab-nav\"><ul class=\"nav-tabs\"><li><a class=\"tab-link\" data-toggle=\"tab\" role=\"tab\" aria-controls=\"tab-0ee7bd95dfb5b946f7f\" aria-selected=\"false\" tabindex=\"-1\" id=\"\" href=\"#tab-0ee7bd95dfb5b946f7f\"><h4 class=\"fusion-tab-heading\"><i class=\"fontawesome-icon fa-file-alt fas\" aria-hidden=\"true\" style=\"font-size:19px;\"><\/i>Metodologija pra\u0107enja pokazatelja<\/h4><\/a><\/li><\/ul><\/div><div class=\"tab-pane fade fusion-clearfix\" role=\"tabpanel\" tabindex=\"0\" aria-labelledby=\"\" id=\"tab-0ee7bd95dfb5b946f7f\">\n<p><a href=\"http:\/\/www.si-hr.eu\/2127\/download\/Metodologija-pracenja-pokazatelja_SI-HR-2021.-2027._V2.pdf\">Metodologija pra\u0107enja pokazatelja<\/a> <a href=\"http:\/\/www.si-hr.eu\/2127\/download\/Metodologija-pracenja-pokazatelja_SI-HR-2021.-2027._V2.pdf\"><img decoding=\"async\" class=\"size-medium wp-image-2813 aligncenter\" src=\"http:\/\/www.si-hr.eu\/2127\/wp-content\/uploads\/sites\/103\/2023\/03\/Metodologija-pracenja-pokazatelja-211x300.png\" alt=\"\" width=\"211\" height=\"300\" srcset=\"http:\/\/www.si-hr.eu\/2127\/wp-content\/uploads\/sites\/103\/2023\/03\/Metodologija-pracenja-pokazatelja-200x284.png 200w, http:\/\/www.si-hr.eu\/2127\/wp-content\/uploads\/sites\/103\/2023\/03\/Metodologija-pracenja-pokazatelja-211x300.png 211w, http:\/\/www.si-hr.eu\/2127\/wp-content\/uploads\/sites\/103\/2023\/03\/Metodologija-pracenja-pokazatelja-400x568.png 400w, http:\/\/www.si-hr.eu\/2127\/wp-content\/uploads\/sites\/103\/2023\/03\/Metodologija-pracenja-pokazatelja.png 539w\" sizes=\"(max-width: 211px) 100vw, 211px\" \/><\/a><\/p>\n<\/div><div class=\"nav fusion-mobile-tab-nav\"><ul class=\"nav-tabs\"><li><a class=\"tab-link\" data-toggle=\"tab\" role=\"tab\" aria-controls=\"tab-e26407c3ef301aa92e5\" aria-selected=\"false\" tabindex=\"-1\" id=\"\" href=\"#tab-e26407c3ef301aa92e5\"><h4 class=\"fusion-tab-heading\"><i class=\"fontawesome-icon fa-file-alt fas\" aria-hidden=\"true\" style=\"font-size:19px;\"><\/i>Strate\u0161ka procjena utjecaja na okoli\u0161 (SEA)<\/h4><\/a><\/li><\/ul><\/div><div class=\"tab-pane fade fusion-clearfix\" role=\"tabpanel\" tabindex=\"0\" aria-labelledby=\"\" id=\"tab-e26407c3ef301aa92e5\">\n<p><a href=\"http:\/\/www.si-hr.eu\/2127\/wp-content\/uploads\/sites\/103\/2023\/03\/SEA-Environmental-Report.pdf\">&#8211; SEA &#8211; Strate\u0161ka procjena utjecaja na okoli\u0161, izvje\u0161\u0107e<\/a><\/p>\n<p><a href=\"http:\/\/www.si-hr.eu\/2127\/wp-content\/uploads\/sites\/103\/2023\/03\/SEA-Appropriate-Assessment.pdf\">&#8211; SEA &#8211; Strate\u0161ka procjena utjecaja na okoli\u0161, dodatak<\/a><\/p>\n<p><a href=\"http:\/\/www.si-hr.eu\/2127\/wp-content\/uploads\/sites\/103\/2023\/03\/SEA-Environmental-Report.pdf\"><img decoding=\"async\" class=\"size-medium wp-image-2823 aligncenter\" src=\"http:\/\/www.si-hr.eu\/2127\/wp-content\/uploads\/sites\/103\/2023\/03\/SEA-213x300.png\" alt=\"\" width=\"213\" height=\"300\" srcset=\"http:\/\/www.si-hr.eu\/2127\/wp-content\/uploads\/sites\/103\/2023\/03\/SEA-200x282.png 200w, http:\/\/www.si-hr.eu\/2127\/wp-content\/uploads\/sites\/103\/2023\/03\/SEA-213x300.png 213w, http:\/\/www.si-hr.eu\/2127\/wp-content\/uploads\/sites\/103\/2023\/03\/SEA-400x564.png 400w, http:\/\/www.si-hr.eu\/2127\/wp-content\/uploads\/sites\/103\/2023\/03\/SEA.png 553w\" sizes=\"(max-width: 213px) 100vw, 213px\" \/><\/a><\/p>\n<\/div><div class=\"nav fusion-mobile-tab-nav\"><ul class=\"nav-tabs\"><li><a class=\"tab-link\" data-toggle=\"tab\" role=\"tab\" aria-controls=\"tab-1dbc3feeaa9c1353c5b\" aria-selected=\"false\" tabindex=\"-1\" id=\"\" href=\"#tab-1dbc3feeaa9c1353c5b\"><h4 class=\"fusion-tab-heading\"><i class=\"fontawesome-icon fa-file-alt fas\" aria-hidden=\"true\" style=\"font-size:19px;\"><\/i>Ocjena na\u010dela DNSH<\/h4><\/a><\/li><\/ul><\/div><div class=\"tab-pane fade fusion-clearfix\" role=\"tabpanel\" tabindex=\"0\" aria-labelledby=\"\" id=\"tab-1dbc3feeaa9c1353c5b\">\n<p><a href=\"http:\/\/www.si-hr.eu\/2127\/wp-content\/uploads\/sites\/103\/2023\/05\/SEA_Assessment-of-the-DNSH-principle.pdf\">Ocjena na\u010dela DNSH<\/a><\/p>\n<p><img decoding=\"async\" class=\"aligncenter wp-image-3235 size-medium\" src=\"http:\/\/www.si-hr.eu\/2127\/wp-content\/uploads\/sites\/103\/2023\/05\/dnsh-211x300.png\" alt=\"\" width=\"211\" height=\"300\" srcset=\"http:\/\/www.si-hr.eu\/2127\/wp-content\/uploads\/sites\/103\/2023\/05\/dnsh-200x284.png 200w, http:\/\/www.si-hr.eu\/2127\/wp-content\/uploads\/sites\/103\/2023\/05\/dnsh-211x300.png 211w, http:\/\/www.si-hr.eu\/2127\/wp-content\/uploads\/sites\/103\/2023\/05\/dnsh-400x569.png 400w, http:\/\/www.si-hr.eu\/2127\/wp-content\/uploads\/sites\/103\/2023\/05\/dnsh.png 541w\" sizes=\"(max-width: 211px) 100vw, 211px\" \/><\/p>\n<\/div><div class=\"nav fusion-mobile-tab-nav\"><ul class=\"nav-tabs\"><li><a class=\"tab-link\" data-toggle=\"tab\" role=\"tab\" aria-controls=\"tab-235300934b3acb2c903\" aria-selected=\"false\" tabindex=\"-1\" id=\"mobile-fusion-tab-planevaluacije\" href=\"#tab-235300934b3acb2c903\"><h4 class=\"fusion-tab-heading\"><i class=\"fontawesome-icon fa-file-alt fas\" aria-hidden=\"true\" style=\"font-size:19px;\"><\/i>Plan evaluacije<\/h4><\/a><\/li><\/ul><\/div><div class=\"tab-pane fade fusion-clearfix\" role=\"tabpanel\" tabindex=\"0\" aria-labelledby=\"fusion-tab-planevaluacije\" id=\"tab-235300934b3acb2c903\">\n<p><a href=\"http:\/\/www.si-hr.eu\/2127\/wp-content\/uploads\/sites\/103\/2023\/08\/Evaluation-Plan.pdf\">Plan evaluacije<\/a><\/p>\n<p><a href=\"http:\/\/www.si-hr.eu\/2127\/wp-content\/uploads\/sites\/103\/2023\/08\/Evaluation-Plan.pdf\"><img decoding=\"async\" class=\"size-medium wp-image-3371 aligncenter\" src=\"http:\/\/www.si-hr.eu\/2127\/wp-content\/uploads\/sites\/103\/2023\/08\/evaluation-plan-213x300.png\" alt=\"\" width=\"213\" height=\"300\" srcset=\"http:\/\/www.si-hr.eu\/2127\/wp-content\/uploads\/sites\/103\/2023\/08\/evaluation-plan-200x282.png 200w, http:\/\/www.si-hr.eu\/2127\/wp-content\/uploads\/sites\/103\/2023\/08\/evaluation-plan-213x300.png 213w, http:\/\/www.si-hr.eu\/2127\/wp-content\/uploads\/sites\/103\/2023\/08\/evaluation-plan-400x564.png 400w, http:\/\/www.si-hr.eu\/2127\/wp-content\/uploads\/sites\/103\/2023\/08\/evaluation-plan.png 544w\" sizes=\"(max-width: 213px) 100vw, 213px\" \/><\/a><\/p>\n<\/div><\/div><\/div><\/div><style type=\"text\/css\">.fusion-body .fusion-builder-column-1{width:100% !important;margin-top : 0px;margin-bottom : 20px;}.fusion-builder-column-1 > .fusion-column-wrapper {padding-top : 0px !important;padding-right : 0px !important;margin-right : 1.92%;padding-bottom : 0px !important;padding-left : 0px !important;margin-left : 1.92%;}@media only screen and (max-width:1024px) {.fusion-body .fusion-builder-column-1{width:100% !important;order : 0;}.fusion-builder-column-1 > .fusion-column-wrapper {margin-right : 1.92%;margin-left : 1.92%;}}@media only screen and (max-width:640px) {.fusion-body .fusion-builder-column-1{width:100% !important;order : 0;}.fusion-builder-column-1 > .fusion-column-wrapper {margin-right : 1.92%;margin-left : 1.92%;}}<\/style><\/div><\/div><style type=\"text\/css\">.fusion-body .fusion-flex-container.fusion-builder-row-1{ padding-top : 0px;margin-top : -40;padding-right : 0px;padding-bottom : 0px;margin-bottom : 0px;padding-left : 0px;}<\/style><\/div>\n","protected":false},"excerpt":{"rendered":"","protected":false},"author":10,"featured_media":0,"parent":0,"menu_order":0,"comment_status":"closed","ping_status":"closed","template":"","meta":{"ngg_post_thumbnail":0},"acf":[],"_links":{"self":[{"href":"http:\/\/www.si-hr.eu\/2127\/hr\/wp-json\/wp\/v2\/pages\/1360"}],"collection":[{"href":"http:\/\/www.si-hr.eu\/2127\/hr\/wp-json\/wp\/v2\/pages"}],"about":[{"href":"http:\/\/www.si-hr.eu\/2127\/hr\/wp-json\/wp\/v2\/types\/page"}],"author":[{"embeddable":true,"href":"http:\/\/www.si-hr.eu\/2127\/hr\/wp-json\/wp\/v2\/users\/10"}],"replies":[{"embeddable":true,"href":"http:\/\/www.si-hr.eu\/2127\/hr\/wp-json\/wp\/v2\/comments?post=1360"}],"version-history":[{"count":20,"href":"http:\/\/www.si-hr.eu\/2127\/hr\/wp-json\/wp\/v2\/pages\/1360\/revisions"}],"predecessor-version":[{"id":4323,"href":"http:\/\/www.si-hr.eu\/2127\/hr\/wp-json\/wp\/v2\/pages\/1360\/revisions\/4323"}],"wp:attachment":[{"href":"http:\/\/www.si-hr.eu\/2127\/hr\/wp-json\/wp\/v2\/media?parent=1360"}],"curies":[{"name":"wp","href":"https:\/\/api.w.org\/{rel}","templated":true}]}}