{"id":1395,"date":"2022-04-21T08:41:14","date_gmt":"2022-04-21T08:41:14","guid":{"rendered":"http:\/\/www.si-hr.eu\/2127\/monitoring-committee-meetings\/"},"modified":"2025-12-04T07:17:19","modified_gmt":"2025-12-04T07:17:19","slug":"monitoring-committee-meetings","status":"publish","type":"page","link":"http:\/\/www.si-hr.eu\/2127\/hr\/monitoring-committee-meetings\/","title":{"rendered":"Sastanci Odbora za pra\u0107enje"},"content":{"rendered":"<p><div id=\"aboutprogramme\"><div class=\"fusion-fullwidth fullwidth-box fusion-builder-row-1 fusion-flex-container nonhundred-percent-fullwidth non-hundred-percent-height-scrolling\" style=\"background-color: #ffffff;background-position: center center;background-repeat: no-repeat;border-width: 0px 0px 0px 0px;border-color:#eae9e9;border-style:solid;\" ><div class=\"fusion-builder-row fusion-row fusion-flex-align-items-flex-start fusion-flex-justify-content-space-around\" style=\"max-width:1248px;margin-left: calc(-4% \/ 2 );margin-right: calc(-4% \/ 2 );\"><div class=\"fusion-layout-column fusion_builder_column fusion-builder-column-0 fusion_builder_column_1_2 1_2 fusion-flex-column\"><div class=\"fusion-column-wrapper fusion-flex-justify-content-flex-start fusion-content-layout-column\" style=\"background-position:left top;background-repeat:no-repeat;-webkit-background-size:cover;-moz-background-size:cover;-o-background-size:cover;background-size:cover;padding: 0px 0px 0px 0px;\"><div class=\"fusion-text fusion-text-1\"><p><strong>Odbor za pra\u0107enje (OzP) Interreg Programa Slovenija-Hrvatska <\/strong>za razdoblje 2021.-2027. <strong>uspostavljen je 9. studenoga 2022.<\/strong> te se sastoji od <strong>predstavnika iz obje dr\u017eave \u010dlanice, Slovenije i Hrvatske<\/strong>. Sastav Odbora za pra\u0107enje sporazumno su dogovorili programski partneri koji predstavljaju dr\u017eave \u010dlanice.<\/p>\n<p>Odbor za pra\u0107enje <strong>usmjerava program, nadzire kvalitetu i u\u010dinkovitost njegove provedbe te odlu\u010duje o odobrenju ili odbijanju projekata za sufinanciranje<\/strong>. Osim toga, Odbor za pra\u0107enje preuzeo je zada\u0107e i odgovornosti za Program suradnje Interreg V-A Slovenija \u2013 Hrvatska za razdoblje 2014.-2020.<\/p>\n<p>Sastanci Odbora za pra\u0107enje odr\u017eavat \u0107e se naizmjenice u objema dr\u017eavama \u010dlanicama. Odbor za pra\u0107enje sastaje se najmanje jednom godi\u0161nje i preispituje provedbu Programa i napredak prema postizanju njegovih ciljeva. Detaljno ispituje sva pitanja koja utje\u010du na provedbu Programa i donosi odluku o svakoj izmjeni Programa koju predlo\u017ei Upravlja\u010dko tijelo ili na vlastiti prijedlog Odbora.<\/p>\n<\/div><\/div><style type=\"text\/css\">.fusion-body .fusion-builder-column-0{width:50% !important;margin-top : 0px;margin-bottom : 20px;}.fusion-builder-column-0 > .fusion-column-wrapper {padding-top : 0px !important;padding-right : 0px !important;margin-right : 3.84%;padding-bottom : 0px !important;padding-left : 0px !important;margin-left : 3.84%;}@media only screen and (max-width:1024px) {.fusion-body .fusion-builder-column-0{width:50% !important;order : 0;}.fusion-builder-column-0 > .fusion-column-wrapper {margin-right : 3.84%;margin-left : 3.84%;}}@media only screen and (max-width:640px) {.fusion-body .fusion-builder-column-0{width:100% !important;order : 0;}.fusion-builder-column-0 > .fusion-column-wrapper {margin-right : 1.92%;margin-left : 1.92%;}}<\/style><\/div><div class=\"fusion-layout-column fusion_builder_column fusion-builder-column-1 fusion_builder_column_1_3 1_3 fusion-flex-column\"><div class=\"fusion-column-wrapper fusion-flex-justify-content-flex-start fusion-content-layout-column\" style=\"background-position:left top;background-repeat:no-repeat;-webkit-background-size:cover;-moz-background-size:cover;-o-background-size:cover;background-size:cover;padding: 0px 0px 0px 0px;\"><div class=\"fusion-text fusion-text-2\"><h3><strong>\u010clanovi Odbora za pra\u0107enje<\/strong><\/h3>\n<\/div><ul class=\"fusion-checklist fusion-checklist-1\" style=\"font-size:16px;line-height:27.2px;\"><li class=\"fusion-li-item\"><span style=\"background-color:#003399;font-size:14.08px;height:27.2px;width:27.2px;margin-right:11.2px;\" class=\"icon-wrapper circle-yes\"><i class=\"fusion-li-icon fa-arrow-alt-circle-right fas\" style=\"color:#ffffff;\" aria-hidden=\"true\"><\/i><\/span><div class=\"fusion-li-item-content\" style=\"margin-left:38.4px;\">\n<div>\n<p><strong>Za popis \u010dlanova Odbora za pra\u0107enje molimo posjetite stranicu <\/strong><strong><u><a href=\"http:\/\/www.si-hr.eu\/2127\/hr\/monitoring-committee\/\">Odbor za pra\u0107enje<\/a><\/u>.<\/strong><\/p>\n<\/div>\n<div>\n<p><strong>&nbsp;<\/strong><\/p>\n<\/div>\n<\/div><\/li><\/ul><div class=\"fusion-separator fusion-full-width-sep\" style=\"align-self: center;margin-left: auto;margin-right: auto;width:100%;\"><div class=\"fusion-separator-border sep-double\" style=\"border-color:#e0dede;border-top-width:1px;border-bottom-width:1px;\"><\/div><\/div><div class=\"fusion-text fusion-text-3\"><h3><strong>Poslovnik<\/strong><b><\/b><\/h3>\n<\/div><ul class=\"fusion-checklist fusion-checklist-2\" style=\"font-size:16px;line-height:27.2px;\"><li class=\"fusion-li-item\"><span style=\"background-color:#003399;font-size:14.08px;height:27.2px;width:27.2px;margin-right:11.2px;\" class=\"icon-wrapper circle-yes\"><i class=\"fusion-li-icon fa-arrow-alt-circle-right fas\" style=\"color:#ffffff;\" aria-hidden=\"true\"><\/i><\/span><div class=\"fusion-li-item-content\" style=\"margin-left:38.4px;\">\n<p><strong>Molimo pogledajte Poslovnik Odbora za pra\u0107enje.<\/strong><\/p>\n<p><u><b><a href=\"http:\/\/www.si-hr.eu\/2127\/wp-content\/uploads\/sites\/103\/2023\/05\/Rules-of-Procedure-of-the-Monitoring-Committee.pdf\">Poslovnik<\/a> <\/b><\/u><\/p>\n<\/div><\/li><\/ul><\/div><style type=\"text\/css\">.fusion-body .fusion-builder-column-1{width:33.333333333333% !important;margin-top : 0px;margin-bottom : 20px;}.fusion-builder-column-1 > .fusion-column-wrapper {padding-top : 0px !important;padding-right : 0px !important;margin-right : 5.76%;padding-bottom : 0px !important;padding-left : 0px !important;margin-left : 5.76%;}@media only screen and (max-width:1024px) {.fusion-body .fusion-builder-column-1{width:33.333333333333% !important;order : 0;}.fusion-builder-column-1 > .fusion-column-wrapper {margin-right : 5.76%;margin-left : 5.76%;}}@media only screen and (max-width:640px) {.fusion-body .fusion-builder-column-1{width:100% !important;order : 0;}.fusion-builder-column-1 > .fusion-column-wrapper {margin-right : 1.92%;margin-left : 1.92%;}}<\/style><\/div><div class=\"fusion-layout-column fusion_builder_column fusion-builder-column-2 fusion_builder_column_1_1 1_1 fusion-flex-column\"><div class=\"fusion-column-wrapper fusion-flex-justify-content-flex-start fusion-content-layout-column\" style=\"background-position:left top;background-repeat:no-repeat;-webkit-background-size:cover;-moz-background-size:cover;-o-background-size:cover;background-size:cover;padding: 0px 0px 0px 0px;\"><div class=\"fusion-separator fusion-full-width-sep\" style=\"align-self: center;margin-left: auto;margin-right: auto;width:100%;\"><div class=\"fusion-separator-border sep-single sep-solid\" style=\"border-color:#e0dede;border-top-width:1px;\"><\/div><\/div><\/div><style type=\"text\/css\">.fusion-body .fusion-builder-column-2{width:100% !important;margin-top : 0px;margin-bottom : 20px;}.fusion-builder-column-2 > .fusion-column-wrapper {padding-top : 0px !important;padding-right : 0px !important;margin-right : 1.92%;padding-bottom : 0px !important;padding-left : 0px !important;margin-left : 1.92%;}@media only screen and (max-width:1024px) {.fusion-body .fusion-builder-column-2{width:100% !important;order : 0;}.fusion-builder-column-2 > .fusion-column-wrapper {margin-right : 1.92%;margin-left : 1.92%;}}@media only screen and (max-width:640px) {.fusion-body .fusion-builder-column-2{width:100% !important;order : 0;}.fusion-builder-column-2 > .fusion-column-wrapper {margin-right : 1.92%;margin-left : 1.92%;}}<\/style><\/div><\/div><style type=\"text\/css\">.fusion-body .fusion-flex-container.fusion-builder-row-1{ padding-top : 30px;margin-top : 0px;padding-right : 0px;padding-bottom : 0px;margin-bottom : 0px;padding-left : 0px;}<\/style><\/div><\/div><div class=\"fusion-fullwidth fullwidth-box fusion-builder-row-2 fusion-flex-container nonhundred-percent-fullwidth non-hundred-percent-height-scrolling\" style=\"background-color: #ffffff;background-position: center center;background-repeat: no-repeat;border-width: 0px 0px 0px 0px;border-color:#eae9e9;border-style:solid;\" ><div class=\"fusion-builder-row fusion-row fusion-flex-align-items-flex-start\" style=\"max-width:1248px;margin-left: calc(-4% \/ 2 );margin-right: calc(-4% \/ 2 );\"><div class=\"fusion-layout-column fusion_builder_column fusion-builder-column-3 fusion_builder_column_1_1 1_1 fusion-flex-column\"><div class=\"fusion-column-wrapper fusion-flex-justify-content-flex-start fusion-content-layout-column\" style=\"background-position:left top;background-repeat:no-repeat;-webkit-background-size:cover;-moz-background-size:cover;-o-background-size:cover;background-size:cover;padding: 0px 0px 0px 0px;\"><div class=\"fusion-text fusion-text-4\"><h3><strong>Odluke Odbora za pra\u0107enje<\/strong><\/h3>\n<\/div><style type=\"text\/css\">.fusion-accordian  #accordion-1395-1 .panel-title a .fa-fusion-box{ color: #ffffff;}.fusion-accordian  #accordion-1395-1 .panel-title a .fa-fusion-box:before{ font-size: 20px; width: 20px;}.fusion-accordian  #accordion-1395-1 .panel-title a{font-size:20px;}.fusion-accordian  #accordion-1395-1 .fa-fusion-box { background-color: #003299;border-color: #003299;}.fusion-accordian  #accordion-1395-1 .panel-title a:hover, #accordion-1395-1 .fusion-toggle-boxed-mode:hover .panel-title a { color: #003299;}.fusion-accordian  #accordion-1395-1 .panel-title .active .fa-fusion-box,.fusion-accordian  #accordion-1395-1 .panel-title a:hover .fa-fusion-box { background-color: #003299!important;border-color: #003299!important;}<\/style><div class=\"accordian fusion-accordian\"><div class=\"panel-group\" id=\"accordion-1395-1\"><div class=\"fusion-panel panel-default fusion-toggle-no-divider\"><div class=\"panel-heading\"><h4 class=\"panel-title toggle\"><a aria-expanded=\"false\" aria-controls=\"db1c0b5d47295f731\" role=\"button\" data-toggle=\"collapse\" data-parent=\"#accordion-1395-1\" data-target=\"#db1c0b5d47295f731\" href=\"#db1c0b5d47295f731\"><span class=\"fusion-toggle-icon-wrapper\" aria-hidden=\"true\"><i class=\"fa-fusion-box\" aria-hidden=\"true\"><\/i><\/span><span class=\"fusion-toggle-heading\">1. sastanak Odbora za pra\u0107enje, 9.11.2022.<\/span><\/a><\/h4><\/div><div id=\"db1c0b5d47295f731\" class=\"panel-collapse collapse \"><div class=\"panel-body toggle-content fusion-clearfix\"><a href=\"http:\/\/www.si-hr.eu\/2127\/download\/01-MC-Meeting_Minutes_4.pdf\"><strong>Odluke 1. sastanka OzP<\/strong><\/a><\/div><\/div><\/div><\/div><\/div><style type=\"text\/css\">.fusion-accordian  #accordion-1395-2 .panel-title a .fa-fusion-box{ color: #ffffff;}.fusion-accordian  #accordion-1395-2 .panel-title a .fa-fusion-box:before{ font-size: 20px; width: 20px;}.fusion-accordian  #accordion-1395-2 .panel-title a{font-size:20px;}.fusion-accordian  #accordion-1395-2 .fa-fusion-box { background-color: #003299;border-color: #003299;}.fusion-accordian  #accordion-1395-2 .panel-title a:hover, #accordion-1395-2 .fusion-toggle-boxed-mode:hover .panel-title a { color: #003299;}.fusion-accordian  #accordion-1395-2 .panel-title .active .fa-fusion-box,.fusion-accordian  #accordion-1395-2 .panel-title a:hover .fa-fusion-box { background-color: #003299!important;border-color: #003299!important;}<\/style><div class=\"accordian fusion-accordian\"><div class=\"panel-group\" id=\"accordion-1395-2\"><div class=\"fusion-panel panel-default fusion-toggle-no-divider\"><div class=\"panel-heading\"><h4 class=\"panel-title toggle\"><a aria-expanded=\"false\" aria-controls=\"a5d32687a6cd603ff\" role=\"button\" data-toggle=\"collapse\" data-parent=\"#accordion-1395-2\" data-target=\"#a5d32687a6cd603ff\" href=\"#a5d32687a6cd603ff\"><span class=\"fusion-toggle-icon-wrapper\" aria-hidden=\"true\"><i class=\"fa-fusion-box\" aria-hidden=\"true\"><\/i><\/span><span class=\"fusion-toggle-heading\">2. sastanak Odbora za pra\u0107enje, 21. i 22.2.2023.<\/span><\/a><\/h4><\/div><div id=\"a5d32687a6cd603ff\" class=\"panel-collapse collapse \"><div class=\"panel-body toggle-content fusion-clearfix\">\n<p><a href=\"http:\/\/www.si-hr.eu\/hr2\/download\/Odluke-2.-sastanka-OzP.pdf\"><strong>Odluke 2. sastanka OzP<\/strong><\/a><\/p>\n<\/div><\/div><\/div><\/div><\/div><style type=\"text\/css\">.fusion-accordian  #accordion-1395-3 .panel-title a .fa-fusion-box{ color: #ffffff;}.fusion-accordian  #accordion-1395-3 .panel-title a .fa-fusion-box:before{ font-size: 20px; width: 20px;}.fusion-accordian  #accordion-1395-3 .panel-title a{font-size:20px;}.fusion-accordian  #accordion-1395-3 .fa-fusion-box { background-color: #003299;border-color: #003299;}.fusion-accordian  #accordion-1395-3 .panel-title a:hover, #accordion-1395-3 .fusion-toggle-boxed-mode:hover .panel-title a { color: #003299;}.fusion-accordian  #accordion-1395-3 .panel-title .active .fa-fusion-box,.fusion-accordian  #accordion-1395-3 .panel-title a:hover .fa-fusion-box { background-color: #003299!important;border-color: #003299!important;}<\/style><div class=\"accordian fusion-accordian\"><div class=\"panel-group\" id=\"accordion-1395-3\"><div class=\"fusion-panel panel-default fusion-toggle-no-divider\"><div class=\"panel-heading\"><h4 class=\"panel-title toggle\"><a aria-expanded=\"false\" aria-controls=\"33a50ea97f8e1671f\" role=\"button\" data-toggle=\"collapse\" data-parent=\"#accordion-1395-3\" data-target=\"#33a50ea97f8e1671f\" href=\"#33a50ea97f8e1671f\"><span class=\"fusion-toggle-icon-wrapper\" aria-hidden=\"true\"><i class=\"fa-fusion-box\" aria-hidden=\"true\"><\/i><\/span><span class=\"fusion-toggle-heading\">3. sastanak Odbora za pra\u0107enje, 6. i 7.9.2023.<\/span><\/a><\/h4><\/div><div id=\"33a50ea97f8e1671f\" class=\"panel-collapse collapse \"><div class=\"panel-body toggle-content fusion-clearfix\">\n<p><a href=\"http:\/\/www.si-hr.eu\/2127\/download\/3.-MC-meeting_Decisions.pdf\"><strong>Odluke 3. sastanka OzP<\/strong><\/a><\/p>\n<\/div><\/div><\/div><\/div><\/div><style type=\"text\/css\">.fusion-accordian  #accordion-1395-4 .panel-title a .fa-fusion-box{ color: #ffffff;}.fusion-accordian  #accordion-1395-4 .panel-title a .fa-fusion-box:before{ font-size: 20px; width: 20px;}.fusion-accordian  #accordion-1395-4 .panel-title a{font-size:20px;}.fusion-accordian  #accordion-1395-4 .fa-fusion-box { background-color: #003299;border-color: #003299;}.fusion-accordian  #accordion-1395-4 .panel-title a:hover, #accordion-1395-4 .fusion-toggle-boxed-mode:hover .panel-title a { color: #003299;}.fusion-accordian  #accordion-1395-4 .panel-title .active .fa-fusion-box,.fusion-accordian  #accordion-1395-4 .panel-title a:hover .fa-fusion-box { background-color: #003299!important;border-color: #003299!important;}<\/style><div class=\"accordian fusion-accordian\"><div class=\"panel-group\" id=\"accordion-1395-4\"><div class=\"fusion-panel panel-default fusion-toggle-no-divider\"><div class=\"panel-heading\"><h4 class=\"panel-title toggle\"><a aria-expanded=\"false\" aria-controls=\"6fb510ca8dc67551f\" role=\"button\" data-toggle=\"collapse\" data-parent=\"#accordion-1395-4\" data-target=\"#6fb510ca8dc67551f\" href=\"#6fb510ca8dc67551f\"><span class=\"fusion-toggle-icon-wrapper\" aria-hidden=\"true\"><i class=\"fa-fusion-box\" aria-hidden=\"true\"><\/i><\/span><span class=\"fusion-toggle-heading\">4. sastanak Odbora za pra\u0107enje, 14.12.2023.<\/span><\/a><\/h4><\/div><div id=\"6fb510ca8dc67551f\" class=\"panel-collapse collapse \"><div class=\"panel-body toggle-content fusion-clearfix\">\n<p><a href=\"http:\/\/www.si-hr.eu\/2127\/download\/4.-MC-meeting_decision_final.pdf\"><strong>Odluke 4. sastanka OzP<\/strong><\/a><\/p>\n<\/div><\/div><\/div><\/div><\/div><style type=\"text\/css\">.fusion-accordian  #accordion-1395-5 .panel-title a .fa-fusion-box{ color: #ffffff;}.fusion-accordian  #accordion-1395-5 .panel-title a .fa-fusion-box:before{ font-size: 20px; width: 20px;}.fusion-accordian  #accordion-1395-5 .panel-title a{font-size:20px;}.fusion-accordian  #accordion-1395-5 .fa-fusion-box { background-color: #003299;border-color: #003299;}.fusion-accordian  #accordion-1395-5 .panel-title a:hover, #accordion-1395-5 .fusion-toggle-boxed-mode:hover .panel-title a { color: #003299;}.fusion-accordian  #accordion-1395-5 .panel-title .active .fa-fusion-box,.fusion-accordian  #accordion-1395-5 .panel-title a:hover .fa-fusion-box { background-color: #003299!important;border-color: #003299!important;}<\/style><div class=\"accordian fusion-accordian\"><div class=\"panel-group\" id=\"accordion-1395-5\"><div class=\"fusion-panel panel-default fusion-toggle-no-divider\"><div class=\"panel-heading\"><h4 class=\"panel-title toggle\"><a aria-expanded=\"false\" aria-controls=\"1a7371ab1869efc67\" role=\"button\" data-toggle=\"collapse\" data-parent=\"#accordion-1395-5\" data-target=\"#1a7371ab1869efc67\" href=\"#1a7371ab1869efc67\"><span class=\"fusion-toggle-icon-wrapper\" aria-hidden=\"true\"><i class=\"fa-fusion-box\" aria-hidden=\"true\"><\/i><\/span><span class=\"fusion-toggle-heading\">5. sastanak Odbora za pra\u0107enje, 21. i 22.5.2024.<\/span><\/a><\/h4><\/div><div id=\"1a7371ab1869efc67\" class=\"panel-collapse collapse \"><div class=\"panel-body toggle-content fusion-clearfix\">\n<p><a href=\"http:\/\/www.si-hr.eu\/2127\/download\/5MC_decisions.pdf\"><strong>Odluke 5. sastanka OzP<\/strong><\/a><\/p>\n<\/div><\/div><\/div><\/div><\/div><style type=\"text\/css\">.fusion-accordian  #accordion-1395-6 .panel-title a .fa-fusion-box{ color: #ffffff;}.fusion-accordian  #accordion-1395-6 .panel-title a .fa-fusion-box:before{ font-size: 20px; width: 20px;}.fusion-accordian  #accordion-1395-6 .panel-title a{font-size:20px;}.fusion-accordian  #accordion-1395-6 .fa-fusion-box { background-color: #003299;border-color: #003299;}.fusion-accordian  #accordion-1395-6 .panel-title a:hover, #accordion-1395-6 .fusion-toggle-boxed-mode:hover .panel-title a { color: #003299;}.fusion-accordian  #accordion-1395-6 .panel-title .active .fa-fusion-box,.fusion-accordian  #accordion-1395-6 .panel-title a:hover .fa-fusion-box { background-color: #003299!important;border-color: #003299!important;}<\/style><div class=\"accordian fusion-accordian\"><div class=\"panel-group\" id=\"accordion-1395-6\"><div class=\"fusion-panel panel-default fusion-toggle-no-divider\"><div class=\"panel-heading\"><h4 class=\"panel-title toggle\"><a aria-expanded=\"false\" aria-controls=\"cb8a0a9a17e81e52f\" role=\"button\" data-toggle=\"collapse\" data-parent=\"#accordion-1395-6\" data-target=\"#cb8a0a9a17e81e52f\" href=\"#cb8a0a9a17e81e52f\"><span class=\"fusion-toggle-icon-wrapper\" aria-hidden=\"true\"><i class=\"fa-fusion-box\" aria-hidden=\"true\"><\/i><\/span><span class=\"fusion-toggle-heading\">6. sastanak Odbora za pra\u0107enje, 28. i 29.01.2025.<\/span><\/a><\/h4><\/div><div id=\"cb8a0a9a17e81e52f\" class=\"panel-collapse collapse \"><div class=\"panel-body toggle-content fusion-clearfix\">\n<p><a href=\"http:\/\/www.si-hr.eu\/2127\/download\/06-MC-meeting_draft-conclusions.pdf\"><strong>Odluke 6. sastanka OzP<\/strong><\/a><\/p>\n<\/div><\/div><\/div><\/div><\/div><style type=\"text\/css\">.fusion-accordian  #accordion-1395-7 .panel-title a .fa-fusion-box{ color: #ffffff;}.fusion-accordian  #accordion-1395-7 .panel-title a .fa-fusion-box:before{ font-size: 20px; width: 20px;}.fusion-accordian  #accordion-1395-7 .panel-title a{font-size:20px;}.fusion-accordian  #accordion-1395-7 .fa-fusion-box { background-color: #003299;border-color: #003299;}.fusion-accordian  #accordion-1395-7 .panel-title a:hover, #accordion-1395-7 .fusion-toggle-boxed-mode:hover .panel-title a { color: #003299;}.fusion-accordian  #accordion-1395-7 .panel-title .active .fa-fusion-box,.fusion-accordian  #accordion-1395-7 .panel-title a:hover .fa-fusion-box { background-color: #003299!important;border-color: #003299!important;}<\/style><div class=\"accordian fusion-accordian\"><div class=\"panel-group\" id=\"accordion-1395-7\"><div class=\"fusion-panel panel-default fusion-toggle-no-divider\"><div class=\"panel-heading\"><h4 class=\"panel-title toggle\"><a aria-expanded=\"false\" aria-controls=\"21d1a0cbda96c410f\" role=\"button\" data-toggle=\"collapse\" data-parent=\"#accordion-1395-7\" data-target=\"#21d1a0cbda96c410f\" href=\"#21d1a0cbda96c410f\"><span class=\"fusion-toggle-icon-wrapper\" aria-hidden=\"true\"><i class=\"fa-fusion-box\" aria-hidden=\"true\"><\/i><\/span><span class=\"fusion-toggle-heading\">7. sastanak Odbora za pra\u0107enje, 2. i 3.12.2025.<\/span><\/a><\/h4><\/div><div id=\"21d1a0cbda96c410f\" class=\"panel-collapse collapse \"><div class=\"panel-body toggle-content fusion-clearfix\">\n<p><a href=\"http:\/\/www.si-hr.eu\/2127\/download\/07-MC-meeting_conclusions.pdf\"><strong>Odluke 7. sastanka OzP<\/strong><\/a><\/p>\n<\/div><\/div><\/div><\/div><\/div><div class=\"fusion-separator fusion-full-width-sep\" style=\"align-self: center;margin-left: auto;margin-right: auto;margin-top:15px;margin-bottom:25px;width:100%;\"><div class=\"fusion-separator-border sep-single sep-solid\" style=\"border-color:#e0dede;border-top-width:1px;\"><\/div><\/div><\/div><style type=\"text\/css\">.fusion-body .fusion-builder-column-3{width:100% !important;margin-top : 20px;margin-bottom : 20px;}.fusion-builder-column-3 > .fusion-column-wrapper {padding-top : 0px !important;padding-right : 0px !important;margin-right : 1.92%;padding-bottom : 0px !important;padding-left : 0px !important;margin-left : 1.92%;}@media only screen and (max-width:1024px) {.fusion-body .fusion-builder-column-3{width:100% !important;order : 0;}.fusion-builder-column-3 > .fusion-column-wrapper {margin-right : 1.92%;margin-left : 1.92%;}}@media only screen and (max-width:640px) {.fusion-body .fusion-builder-column-3{width:100% !important;order : 0;}.fusion-builder-column-3 > .fusion-column-wrapper {margin-right : 1.92%;margin-left : 1.92%;}}<\/style><\/div><\/div><style type=\"text\/css\">.fusion-body .fusion-flex-container.fusion-builder-row-2{ padding-top : 0px;margin-top : -40;padding-right : 0px;padding-bottom : 0px;margin-bottom : 0px;padding-left : 0px;}<\/style><\/div><\/p>\n","protected":false},"excerpt":{"rendered":"","protected":false},"author":10,"featured_media":0,"parent":0,"menu_order":0,"comment_status":"closed","ping_status":"closed","template":"","meta":{"ngg_post_thumbnail":0},"acf":[],"_links":{"self":[{"href":"http:\/\/www.si-hr.eu\/2127\/hr\/wp-json\/wp\/v2\/pages\/1395"}],"collection":[{"href":"http:\/\/www.si-hr.eu\/2127\/hr\/wp-json\/wp\/v2\/pages"}],"about":[{"href":"http:\/\/www.si-hr.eu\/2127\/hr\/wp-json\/wp\/v2\/types\/page"}],"author":[{"embeddable":true,"href":"http:\/\/www.si-hr.eu\/2127\/hr\/wp-json\/wp\/v2\/users\/10"}],"replies":[{"embeddable":true,"href":"http:\/\/www.si-hr.eu\/2127\/hr\/wp-json\/wp\/v2\/comments?post=1395"}],"version-history":[{"count":20,"href":"http:\/\/www.si-hr.eu\/2127\/hr\/wp-json\/wp\/v2\/pages\/1395\/revisions"}],"predecessor-version":[{"id":16040,"href":"http:\/\/www.si-hr.eu\/2127\/hr\/wp-json\/wp\/v2\/pages\/1395\/revisions\/16040"}],"wp:attachment":[{"href":"http:\/\/www.si-hr.eu\/2127\/hr\/wp-json\/wp\/v2\/media?parent=1395"}],"curies":[{"name":"wp","href":"https:\/\/api.w.org\/{rel}","templated":true}]}}