{"id":1361,"date":"2022-05-18T05:55:39","date_gmt":"2022-05-18T05:55:39","guid":{"rendered":"http:\/\/www.si-hr.eu\/2127\/o-programu\/programme-documents\/"},"modified":"2024-08-21T13:02:10","modified_gmt":"2024-08-21T13:02:10","slug":"programme-documents","status":"publish","type":"page","link":"http:\/\/www.si-hr.eu\/2127\/sl\/about-programme\/programme-documents\/","title":{"rendered":"Programski dokumenti"},"content":{"rendered":"<div class=\"fusion-fullwidth fullwidth-box fusion-builder-row-1 fusion-flex-container nonhundred-percent-fullwidth non-hundred-percent-height-scrolling\" style=\"background-color: #ffffff;background-position: center center;background-repeat: no-repeat;border-width: 0px 0px 0px 0px;border-color:#eae9e9;border-style:solid;\" ><div class=\"fusion-builder-row fusion-row fusion-flex-align-items-flex-start\" style=\"max-width:1248px;margin-left: calc(-4% \/ 2 );margin-right: calc(-4% \/ 2 );\"><div class=\"fusion-layout-column fusion_builder_column fusion-builder-column-0 fusion_builder_column_1_1 1_1 fusion-flex-column\"><div class=\"fusion-column-wrapper fusion-flex-justify-content-flex-start fusion-content-layout-column\" style=\"background-position:left top;background-repeat:no-repeat;-webkit-background-size:cover;-moz-background-size:cover;-o-background-size:cover;background-size:cover;padding: 0px 0px 0px 0px;\"><div class=\"fusion-text fusion-text-1\"><p style=\"text-align: center;\">\n<\/div><div class=\"fusion-separator fusion-full-width-sep\" style=\"align-self: center;margin-left: auto;margin-right: auto;margin-top:15px;margin-bottom:25px;width:100%;\"><div class=\"fusion-separator-border sep-single sep-solid\" style=\"border-color:#e0dede;border-top-width:1px;\"><\/div><\/div><\/div><style type=\"text\/css\">.fusion-body .fusion-builder-column-0{width:100% !important;margin-top : 20px;margin-bottom : 20px;}.fusion-builder-column-0 > .fusion-column-wrapper {padding-top : 0px !important;padding-right : 0px !important;margin-right : 1.92%;padding-bottom : 0px !important;padding-left : 0px !important;margin-left : 1.92%;}@media only screen and (max-width:1024px) {.fusion-body .fusion-builder-column-0{width:100% !important;order : 0;}.fusion-builder-column-0 > .fusion-column-wrapper {margin-right : 1.92%;margin-left : 1.92%;}}@media only screen and (max-width:640px) {.fusion-body .fusion-builder-column-0{width:100% !important;order : 0;}.fusion-builder-column-0 > .fusion-column-wrapper {margin-right : 1.92%;margin-left : 1.92%;}}<\/style><\/div><div class=\"fusion-layout-column fusion_builder_column fusion-builder-column-1 fusion_builder_column_1_1 1_1 fusion-flex-column\"><div class=\"fusion-column-wrapper fusion-flex-justify-content-flex-start fusion-content-layout-column\" style=\"background-position:left top;background-repeat:no-repeat;-webkit-background-size:cover;-moz-background-size:cover;-o-background-size:cover;background-size:cover;padding: 0px 0px 0px 0px;\"><div class=\"fusion-tabs fusion-tabs-1 clean vertical-tabs icon-position-left\"><style type=\"text\/css\">#wrapper .fusion-tabs.fusion-tabs-1.clean .nav-tabs li a.tab-link{border-color:#e2e2e2;}.fusion-tabs.fusion-tabs-1 .nav-tabs li a.tab-link{background-color:#f1f2f2;}.fusion-tabs.fusion-tabs-1 .nav-tabs li.active a.tab-link,.fusion-tabs.fusion-tabs-1 .nav-tabs li.active a.tab-link:hover,.fusion-tabs.fusion-tabs-1 .nav-tabs li.active a.tab-link:focus{background-color:rgba(0,86,206,0.24);}.fusion-tabs.fusion-tabs-1 .nav-tabs li a:hover{background-color:rgba(0,86,206,0.24);border-top-color:rgba(0,86,206,0.24);}.fusion-tabs.fusion-tabs-1 .tab-pane{background-color:rgba(0,86,206,0.24);}.fusion-tabs.fusion-tabs-1 .nav,.fusion-tabs.fusion-tabs-1 .nav-tabs,.fusion-tabs.fusion-tabs-1 .tab-content .tab-pane{border-color:#e2e2e2;}<\/style><div class=\"nav\"><ul class=\"nav-tabs\" role=\"tablist\"><li class=\"active\"><a class=\"tab-link\" data-toggle=\"tab\" role=\"tab\" aria-controls=\"tab-4da6cda78213d439989\" aria-selected=\"true\" id=\"\" href=\"#tab-4da6cda78213d439989\"><h4 class=\"fusion-tab-heading\"><i class=\"fontawesome-icon fa-file-alt fas\" aria-hidden=\"true\" style=\"font-size:19px;\"><\/i>Interreg Program Slovenija-Hrva\u0161ka (IP)<\/h4><\/a><\/li><li><a class=\"tab-link\" data-toggle=\"tab\" role=\"tab\" aria-controls=\"tab-acea54980dca4db60e3\" aria-selected=\"false\" tabindex=\"-1\" id=\"\" href=\"#tab-acea54980dca4db60e3\"><h4 class=\"fusion-tab-heading\"><i class=\"fontawesome-icon fa-file-alt fas\" aria-hidden=\"true\" style=\"font-size:19px;\"><\/i>Povzetek za dr\u017eavljane<\/h4><\/a><\/li><li><a class=\"tab-link\" data-toggle=\"tab\" role=\"tab\" aria-controls=\"tab-19a63f1e225a4550c29\" aria-selected=\"false\" tabindex=\"-1\" id=\"fusion-tab-metodologijaspremljanjakazalnikov\" href=\"#tab-19a63f1e225a4550c29\"><h4 class=\"fusion-tab-heading\"><i class=\"fontawesome-icon fa-file-alt fas\" aria-hidden=\"true\" style=\"font-size:19px;\"><\/i>Metodologija spremljanja kazalnikov<\/h4><\/a><\/li><li><a class=\"tab-link\" data-toggle=\"tab\" role=\"tab\" aria-controls=\"tab-a372c8cccce24a4c96c\" aria-selected=\"false\" tabindex=\"-1\" id=\"\" href=\"#tab-a372c8cccce24a4c96c\"><h4 class=\"fusion-tab-heading\"><i class=\"fontawesome-icon fa-file-alt fas\" aria-hidden=\"true\" style=\"font-size:19px;\"><\/i>Poro\u010dilo o celoviti presoji vplivov na okolje (SEA)<\/h4><\/a><\/li><li><a class=\"tab-link\" data-toggle=\"tab\" role=\"tab\" aria-controls=\"tab-400966e43af54127ffc\" aria-selected=\"false\" tabindex=\"-1\" id=\"\" href=\"#tab-400966e43af54127ffc\"><h4 class=\"fusion-tab-heading\"><i class=\"fontawesome-icon fa-file-alt fas\" aria-hidden=\"true\" style=\"font-size:19px;\"><\/i>Ocena na\u010dela DNSH<\/h4><\/a><\/li><li><a class=\"tab-link\" data-toggle=\"tab\" role=\"tab\" aria-controls=\"tab-2e8784e18b6edafcb79\" aria-selected=\"false\" tabindex=\"-1\" id=\"\" href=\"#tab-2e8784e18b6edafcb79\"><h4 class=\"fusion-tab-heading\"><i class=\"fontawesome-icon fa-file-alt fas\" aria-hidden=\"true\" style=\"font-size:19px;\"><\/i>Na\u010drt vrednotenja<\/h4><\/a><\/li><li><a class=\"tab-link\" data-toggle=\"tab\" role=\"tab\" aria-controls=\"tab-9f2ee59e33e6f8442c1\" aria-selected=\"false\" tabindex=\"-1\" id=\"\" href=\"#tab-9f2ee59e33e6f8442c1\"><h4 class=\"fusion-tab-heading\"><i class=\"fontawesome-icon fa-file-alt fas\" aria-hidden=\"true\" style=\"font-size:19px;\"><\/i>Dodeljevanje dr\u017eavnih pomo\u010di in pravilo \u00bbde minimis\u00ab<\/h4><\/a><\/li><\/ul><\/div><div class=\"tab-content\"><div class=\"nav fusion-mobile-tab-nav\"><ul class=\"nav-tabs\"><li class=\"active\"><a class=\"tab-link\" data-toggle=\"tab\" role=\"tab\" aria-controls=\"tab-4da6cda78213d439989\" aria-selected=\"true\" id=\"\" href=\"#tab-4da6cda78213d439989\"><h4 class=\"fusion-tab-heading\"><i class=\"fontawesome-icon fa-file-alt fas\" aria-hidden=\"true\" style=\"font-size:19px;\"><\/i>Interreg Program Slovenija-Hrva\u0161ka (IP)<\/h4><\/a><\/li><\/ul><\/div><div class=\"tab-pane fade fusion-clearfix in active\" role=\"tabpanel\" tabindex=\"0\" aria-labelledby=\"\" id=\"tab-4da6cda78213d439989\">\n<a href=\"http:\/\/www.si-hr.eu\/2127\/download\/IP_SI-HR-2021-2027_V4_SI.pdf\">Interreg Program Slovenija-Hrva\u0161ka (IP)<\/a> <a href=\"http:\/\/www.si-hr.eu\/2127\/download\/IP_SI-HR-2021-2027_V4_SI.pdf\"><img decoding=\"async\" class=\"size-fusion-600 wp-image-2786 aligncenter\" src=\"http:\/\/www.si-hr.eu\/2127\/wp-content\/uploads\/sites\/103\/2023\/03\/IP.png\" alt=\"\" width=\"540\" height=\"765\" srcset=\"http:\/\/www.si-hr.eu\/2127\/wp-content\/uploads\/sites\/103\/2023\/03\/IP-200x283.png 200w, http:\/\/www.si-hr.eu\/2127\/wp-content\/uploads\/sites\/103\/2023\/03\/IP-212x300.png 212w, http:\/\/www.si-hr.eu\/2127\/wp-content\/uploads\/sites\/103\/2023\/03\/IP-400x567.png 400w, http:\/\/www.si-hr.eu\/2127\/wp-content\/uploads\/sites\/103\/2023\/03\/IP.png 540w\" sizes=\"(max-width: 540px) 100vw, 540px\" \/><\/a><\/p>\n<p>Predhodna verzija dokumenta:<\/p>\n<p><a href=\"http:\/\/www.si-hr.eu\/2127\/download\/Interreg-Program-Slovenija-Hrvaska-2021-2027.pdf\">Interreg Program Slovenija-Hrva\u0161ka (IP)<\/a><\/p>\n<\/div><div class=\"nav fusion-mobile-tab-nav\"><ul class=\"nav-tabs\"><li><a class=\"tab-link\" data-toggle=\"tab\" role=\"tab\" aria-controls=\"tab-acea54980dca4db60e3\" aria-selected=\"false\" tabindex=\"-1\" id=\"\" href=\"#tab-acea54980dca4db60e3\"><h4 class=\"fusion-tab-heading\"><i class=\"fontawesome-icon fa-file-alt fas\" aria-hidden=\"true\" style=\"font-size:19px;\"><\/i>Povzetek za dr\u017eavljane<\/h4><\/a><\/li><\/ul><\/div><div class=\"tab-pane fade fusion-clearfix\" role=\"tabpanel\" tabindex=\"0\" aria-labelledby=\"\" id=\"tab-acea54980dca4db60e3\">\n<p>Povzetek za dr\u017eavljane<\/p>\n<p><a href=\"http:\/\/www.si-hr.eu\/2127\/download\/Interreg_2022_Citizens-summary-SI-HR_slo_WEB.pdf\"><strong><img decoding=\"async\" class=\"size-medium wp-image-2136 aligncenter\" src=\"http:\/\/www.si-hr.eu\/2127\/wp-content\/uploads\/sites\/103\/2023\/03\/CS_si-212x300.png\" alt=\"\" width=\"212\" height=\"300\" srcset=\"http:\/\/www.si-hr.eu\/2127\/wp-content\/uploads\/sites\/103\/2023\/03\/CS_si-200x283.png 200w, http:\/\/www.si-hr.eu\/2127\/wp-content\/uploads\/sites\/103\/2023\/03\/CS_si-212x300.png 212w, http:\/\/www.si-hr.eu\/2127\/wp-content\/uploads\/sites\/103\/2023\/03\/CS_si-400x567.png 400w, http:\/\/www.si-hr.eu\/2127\/wp-content\/uploads\/sites\/103\/2023\/03\/CS_si-600x850.png 600w, http:\/\/www.si-hr.eu\/2127\/wp-content\/uploads\/sites\/103\/2023\/03\/CS_si-723x1024.png 723w, http:\/\/www.si-hr.eu\/2127\/wp-content\/uploads\/sites\/103\/2023\/03\/CS_si-768x1088.png 768w, http:\/\/www.si-hr.eu\/2127\/wp-content\/uploads\/sites\/103\/2023\/03\/CS_si-800x1133.png 800w, http:\/\/www.si-hr.eu\/2127\/wp-content\/uploads\/sites\/103\/2023\/03\/CS_si.png 926w\" sizes=\"(max-width: 212px) 100vw, 212px\" \/><\/strong><\/a><\/p>\n<\/div><div class=\"nav fusion-mobile-tab-nav\"><ul class=\"nav-tabs\"><li><a class=\"tab-link\" data-toggle=\"tab\" role=\"tab\" aria-controls=\"tab-19a63f1e225a4550c29\" aria-selected=\"false\" tabindex=\"-1\" id=\"mobile-fusion-tab-metodologijaspremljanjakazalnikov\" href=\"#tab-19a63f1e225a4550c29\"><h4 class=\"fusion-tab-heading\"><i class=\"fontawesome-icon fa-file-alt fas\" aria-hidden=\"true\" style=\"font-size:19px;\"><\/i>Metodologija spremljanja kazalnikov<\/h4><\/a><\/li><\/ul><\/div><div class=\"tab-pane fade fusion-clearfix\" role=\"tabpanel\" tabindex=\"0\" aria-labelledby=\"fusion-tab-metodologijaspremljanjakazalnikov\" id=\"tab-19a63f1e225a4550c29\">\n<p class=\"av-special-heading-tag\"><a href=\"http:\/\/www.si-hr.eu\/2127\/download\/Methodologija-spremljanja-kazalnikov_SI-HR-2021-2027_V2.pdf\">Metodologija spremljanja kazalnikov<\/a><\/p>\n<p class=\"av-special-heading-tag\"><a href=\"http:\/\/www.si-hr.eu\/2127\/download\/Methodologija-spremljanja-kazalnikov_SI-HR-2021-2027_V2.pdf\"><strong> <img decoding=\"async\" class=\"wp-image-2794 size-medium aligncenter\" src=\"http:\/\/www.si-hr.eu\/2127\/wp-content\/uploads\/sites\/103\/2023\/03\/Metodologija-spremljanja-kazalnikov-211x300.png\" alt=\"\" width=\"211\" height=\"300\" srcset=\"http:\/\/www.si-hr.eu\/2127\/wp-content\/uploads\/sites\/103\/2023\/03\/Metodologija-spremljanja-kazalnikov-200x284.png 200w, http:\/\/www.si-hr.eu\/2127\/wp-content\/uploads\/sites\/103\/2023\/03\/Metodologija-spremljanja-kazalnikov-211x300.png 211w, http:\/\/www.si-hr.eu\/2127\/wp-content\/uploads\/sites\/103\/2023\/03\/Metodologija-spremljanja-kazalnikov-400x568.png 400w, http:\/\/www.si-hr.eu\/2127\/wp-content\/uploads\/sites\/103\/2023\/03\/Metodologija-spremljanja-kazalnikov.png 539w\" sizes=\"(max-width: 211px) 100vw, 211px\" \/><\/strong><\/a><\/p>\n<\/div><div class=\"nav fusion-mobile-tab-nav\"><ul class=\"nav-tabs\"><li><a class=\"tab-link\" data-toggle=\"tab\" role=\"tab\" aria-controls=\"tab-a372c8cccce24a4c96c\" aria-selected=\"false\" tabindex=\"-1\" id=\"\" href=\"#tab-a372c8cccce24a4c96c\"><h4 class=\"fusion-tab-heading\"><i class=\"fontawesome-icon fa-file-alt fas\" aria-hidden=\"true\" style=\"font-size:19px;\"><\/i>Poro\u010dilo o celoviti presoji vplivov na okolje (SEA)<\/h4><\/a><\/li><\/ul><\/div><div class=\"tab-pane fade fusion-clearfix\" role=\"tabpanel\" tabindex=\"0\" aria-labelledby=\"\" id=\"tab-a372c8cccce24a4c96c\">\n<p><a href=\"http:\/\/www.si-hr.eu\/2127\/wp-content\/uploads\/sites\/103\/2023\/03\/SEA-Environmental-Report.pdf\">&#8211; SEA &#8211; Strate\u0161ka presoja vplivov na okolje, poro\u010dilo<\/a><\/p>\n<p><a href=\"http:\/\/www.si-hr.eu\/2127\/wp-content\/uploads\/sites\/103\/2023\/03\/SEA-Appropriate-Assessment.pdf\">&#8211; SEA &#8211; Strate\u0161ka presoja vplivov na okolje, dodatek<\/a><\/p>\n<p><a href=\"http:\/\/www.si-hr.eu\/2127\/wp-content\/uploads\/sites\/103\/2023\/03\/SEA-Environmental-Report.pdf\"><img decoding=\"async\" class=\"aligncenter wp-image-2823 size-medium\" src=\"http:\/\/www.si-hr.eu\/2127\/wp-content\/uploads\/sites\/103\/2023\/03\/SEA-213x300.png\" alt=\"\" width=\"213\" height=\"300\" srcset=\"http:\/\/www.si-hr.eu\/2127\/wp-content\/uploads\/sites\/103\/2023\/03\/SEA-200x282.png 200w, http:\/\/www.si-hr.eu\/2127\/wp-content\/uploads\/sites\/103\/2023\/03\/SEA-213x300.png 213w, http:\/\/www.si-hr.eu\/2127\/wp-content\/uploads\/sites\/103\/2023\/03\/SEA-400x564.png 400w, http:\/\/www.si-hr.eu\/2127\/wp-content\/uploads\/sites\/103\/2023\/03\/SEA.png 553w\" sizes=\"(max-width: 213px) 100vw, 213px\" \/><\/a><\/p>\n<\/div><div class=\"nav fusion-mobile-tab-nav\"><ul class=\"nav-tabs\"><li><a class=\"tab-link\" data-toggle=\"tab\" role=\"tab\" aria-controls=\"tab-400966e43af54127ffc\" aria-selected=\"false\" tabindex=\"-1\" id=\"\" href=\"#tab-400966e43af54127ffc\"><h4 class=\"fusion-tab-heading\"><i class=\"fontawesome-icon fa-file-alt fas\" aria-hidden=\"true\" style=\"font-size:19px;\"><\/i>Ocena na\u010dela DNSH<\/h4><\/a><\/li><\/ul><\/div><div class=\"tab-pane fade fusion-clearfix\" role=\"tabpanel\" tabindex=\"0\" aria-labelledby=\"\" id=\"tab-400966e43af54127ffc\">\n<p><a href=\"http:\/\/www.si-hr.eu\/2127\/wp-content\/uploads\/sites\/103\/2023\/05\/SEA_Assessment-of-the-DNSH-principle.pdf\">Ocena na\u010dela DNSH<\/a><\/p>\n<p><img decoding=\"async\" class=\"wp-image-3235 size-medium aligncenter\" src=\"http:\/\/www.si-hr.eu\/2127\/wp-content\/uploads\/sites\/103\/2023\/05\/dnsh-211x300.png\" alt=\"\" width=\"211\" height=\"300\" srcset=\"http:\/\/www.si-hr.eu\/2127\/wp-content\/uploads\/sites\/103\/2023\/05\/dnsh-200x284.png 200w, http:\/\/www.si-hr.eu\/2127\/wp-content\/uploads\/sites\/103\/2023\/05\/dnsh-211x300.png 211w, http:\/\/www.si-hr.eu\/2127\/wp-content\/uploads\/sites\/103\/2023\/05\/dnsh-400x569.png 400w, http:\/\/www.si-hr.eu\/2127\/wp-content\/uploads\/sites\/103\/2023\/05\/dnsh.png 541w\" sizes=\"(max-width: 211px) 100vw, 211px\" \/><\/p>\n<\/div><div class=\"nav fusion-mobile-tab-nav\"><ul class=\"nav-tabs\"><li><a class=\"tab-link\" data-toggle=\"tab\" role=\"tab\" aria-controls=\"tab-2e8784e18b6edafcb79\" aria-selected=\"false\" tabindex=\"-1\" id=\"\" href=\"#tab-2e8784e18b6edafcb79\"><h4 class=\"fusion-tab-heading\"><i class=\"fontawesome-icon fa-file-alt fas\" aria-hidden=\"true\" style=\"font-size:19px;\"><\/i>Na\u010drt vrednotenja<\/h4><\/a><\/li><\/ul><\/div><div class=\"tab-pane fade fusion-clearfix\" role=\"tabpanel\" tabindex=\"0\" aria-labelledby=\"\" id=\"tab-2e8784e18b6edafcb79\">\n<p><a href=\"http:\/\/www.si-hr.eu\/2127\/wp-content\/uploads\/sites\/103\/2023\/08\/Evaluation-Plan.pdf\">Na\u010drt vrednotenja<\/a><\/p>\n<p style=\"text-align: center;\"><a href=\"http:\/\/www.si-hr.eu\/2127\/wp-content\/uploads\/sites\/103\/2023\/08\/Evaluation-Plan.pdf\"><img decoding=\"async\" class=\"aligncenter wp-image-3371 size-fusion-200\" src=\"http:\/\/www.si-hr.eu\/2127\/wp-content\/uploads\/sites\/103\/2023\/08\/evaluation-plan-200x282.png\" alt=\"\" width=\"200\" height=\"282\" srcset=\"http:\/\/www.si-hr.eu\/2127\/wp-content\/uploads\/sites\/103\/2023\/08\/evaluation-plan-200x282.png 200w, http:\/\/www.si-hr.eu\/2127\/wp-content\/uploads\/sites\/103\/2023\/08\/evaluation-plan-213x300.png 213w, http:\/\/www.si-hr.eu\/2127\/wp-content\/uploads\/sites\/103\/2023\/08\/evaluation-plan-400x564.png 400w, http:\/\/www.si-hr.eu\/2127\/wp-content\/uploads\/sites\/103\/2023\/08\/evaluation-plan.png 544w\" sizes=\"(max-width: 200px) 100vw, 200px\" \/><\/a><\/p>\n<\/div><div class=\"nav fusion-mobile-tab-nav\"><ul class=\"nav-tabs\"><li><a class=\"tab-link\" data-toggle=\"tab\" role=\"tab\" aria-controls=\"tab-9f2ee59e33e6f8442c1\" aria-selected=\"false\" tabindex=\"-1\" id=\"\" href=\"#tab-9f2ee59e33e6f8442c1\"><h4 class=\"fusion-tab-heading\"><i class=\"fontawesome-icon fa-file-alt fas\" aria-hidden=\"true\" style=\"font-size:19px;\"><\/i>Dodeljevanje dr\u017eavnih pomo\u010di in pravilo \u00bbde minimis\u00ab<\/h4><\/a><\/li><\/ul><\/div><div class=\"tab-pane fade fusion-clearfix\" role=\"tabpanel\" tabindex=\"0\" aria-labelledby=\"\" id=\"tab-9f2ee59e33e6f8442c1\">\n<div class=\"content-container\">\n<p>Navodila o dodeljevanju dr\u017eavnih pomo\u010di in pomo\u010di po pravilu \u00bbde minimis\u00ab za \u010dezmejne Interreg programe sodelovanja 2021-2027 (v nadaljevanju: Navodila) so namenjene slovenskim in tujim upravi\u010dencem, ki sodelujejo v \u010dezmejnih Interreg projektih evropskega teritorialnega sodelovanja v obdobju 2021-2027 in so v pristojnosti Ministrstva za kohezijo in regionalni razvoj.<\/p>\n<p><a href=\"http:\/\/www.si-hr.eu\/2127\/download\/Navodila_o_dodeljevanju_drzavnih_pomoci-de_minimis_V1_08-2024.pdf\" target=\"_blank\" rel=\"noopener\"><strong>Navodila o dodeljevanju dr\u017eavnih pomo\u010di in pomo\u010di po pravilu \u00bbde minimis\u00ab<\/strong><\/a><\/p>\n<\/div>\n<p style=\"text-align: center;\"><img decoding=\"async\" class=\"alignnone size-medium wp-image-6338\" src=\"http:\/\/www.si-hr.eu\/2127\/wp-content\/uploads\/sites\/103\/2024\/08\/drzavne-pomoci-211x300.png\" alt=\"\" width=\"211\" height=\"300\" srcset=\"http:\/\/www.si-hr.eu\/2127\/wp-content\/uploads\/sites\/103\/2024\/08\/drzavne-pomoci-200x285.png 200w, http:\/\/www.si-hr.eu\/2127\/wp-content\/uploads\/sites\/103\/2024\/08\/drzavne-pomoci-211x300.png 211w, http:\/\/www.si-hr.eu\/2127\/wp-content\/uploads\/sites\/103\/2024\/08\/drzavne-pomoci-400x569.png 400w, http:\/\/www.si-hr.eu\/2127\/wp-content\/uploads\/sites\/103\/2024\/08\/drzavne-pomoci.png 542w\" sizes=\"(max-width: 211px) 100vw, 211px\" \/><\/p>\n<\/div><\/div><\/div><\/div><style type=\"text\/css\">.fusion-body .fusion-builder-column-1{width:100% !important;margin-top : 0px;margin-bottom : 20px;}.fusion-builder-column-1 > .fusion-column-wrapper {padding-top : 0px !important;padding-right : 0px !important;margin-right : 1.92%;padding-bottom : 0px !important;padding-left : 0px !important;margin-left : 1.92%;}@media only screen and (max-width:1024px) {.fusion-body .fusion-builder-column-1{width:100% !important;order : 0;}.fusion-builder-column-1 > .fusion-column-wrapper {margin-right : 1.92%;margin-left : 1.92%;}}@media only screen and (max-width:640px) {.fusion-body .fusion-builder-column-1{width:100% !important;order : 0;}.fusion-builder-column-1 > .fusion-column-wrapper {margin-right : 1.92%;margin-left : 1.92%;}}<\/style><\/div><\/div><style type=\"text\/css\">.fusion-body .fusion-flex-container.fusion-builder-row-1{ padding-top : 0px;margin-top : -40;padding-right : 0px;padding-bottom : 0px;margin-bottom : 0px;padding-left : 0px;}<\/style><\/div>\n","protected":false},"excerpt":{"rendered":"","protected":false},"author":10,"featured_media":0,"parent":1328,"menu_order":0,"comment_status":"closed","ping_status":"closed","template":"","meta":{"ngg_post_thumbnail":0},"acf":[],"_links":{"self":[{"href":"http:\/\/www.si-hr.eu\/2127\/sl\/wp-json\/wp\/v2\/pages\/1361"}],"collection":[{"href":"http:\/\/www.si-hr.eu\/2127\/sl\/wp-json\/wp\/v2\/pages"}],"about":[{"href":"http:\/\/www.si-hr.eu\/2127\/sl\/wp-json\/wp\/v2\/types\/page"}],"author":[{"embeddable":true,"href":"http:\/\/www.si-hr.eu\/2127\/sl\/wp-json\/wp\/v2\/users\/10"}],"replies":[{"embeddable":true,"href":"http:\/\/www.si-hr.eu\/2127\/sl\/wp-json\/wp\/v2\/comments?post=1361"}],"version-history":[{"count":21,"href":"http:\/\/www.si-hr.eu\/2127\/sl\/wp-json\/wp\/v2\/pages\/1361\/revisions"}],"predecessor-version":[{"id":6342,"href":"http:\/\/www.si-hr.eu\/2127\/sl\/wp-json\/wp\/v2\/pages\/1361\/revisions\/6342"}],"up":[{"embeddable":true,"href":"http:\/\/www.si-hr.eu\/2127\/sl\/wp-json\/wp\/v2\/pages\/1328"}],"wp:attachment":[{"href":"http:\/\/www.si-hr.eu\/2127\/sl\/wp-json\/wp\/v2\/media?parent=1361"}],"curies":[{"name":"wp","href":"https:\/\/api.w.org\/{rel}","templated":true}]}}