{"id":1394,"date":"2022-04-21T08:41:14","date_gmt":"2022-04-21T08:41:14","guid":{"rendered":"http:\/\/www.si-hr.eu\/2127\/o-programu\/monitoring-committee-meetings\/"},"modified":"2025-12-04T07:14:40","modified_gmt":"2025-12-04T07:14:40","slug":"monitoring-committee-meetings","status":"publish","type":"page","link":"http:\/\/www.si-hr.eu\/2127\/sl\/about-programme\/monitoring-committee-meetings\/","title":{"rendered":"Zasedanja Odbora za spremljanje"},"content":{"rendered":"<p><div id=\"aboutprogramme\"><div class=\"fusion-fullwidth fullwidth-box fusion-builder-row-1 fusion-flex-container nonhundred-percent-fullwidth non-hundred-percent-height-scrolling\" style=\"background-color: #ffffff;background-position: center center;background-repeat: no-repeat;border-width: 0px 0px 0px 0px;border-color:#eae9e9;border-style:solid;\" ><div class=\"fusion-builder-row fusion-row fusion-flex-align-items-flex-start fusion-flex-justify-content-space-around\" style=\"max-width:1248px;margin-left: calc(-4% \/ 2 );margin-right: calc(-4% \/ 2 );\"><div class=\"fusion-layout-column fusion_builder_column fusion-builder-column-0 fusion_builder_column_1_2 1_2 fusion-flex-column\"><div class=\"fusion-column-wrapper fusion-flex-justify-content-flex-start fusion-content-layout-column\" style=\"background-position:left top;background-repeat:no-repeat;-webkit-background-size:cover;-moz-background-size:cover;-o-background-size:cover;background-size:cover;padding: 0px 0px 0px 0px;\"><div class=\"fusion-text fusion-text-1\"><p><strong>Odbor za spremljanje (OzS) Interreg Programa Slovenija-Hrva\u0161ka<\/strong> v obdobju 2021-2027 <strong>je bil ustanovljen 9. novembra 2022<\/strong> in je sestavljen iz <strong>predstavnikov obeh dr\u017eav \u010dlanic, Slovenije in Hrva\u0161ke<\/strong>. Sestava Odbora za spremljanje je bila dolo\u010dena na osnovi medsebojnega sporazuma programskih partnerjev, ki zastopajo dr\u017eavi \u010dlanici.<\/p>\n<p>Odbor za spremljanje <strong>usmerja program, zagotovi kakovost in u\u010dinkovitost njegovega izvajanja in odlo\u010da o odobritvi oziroma zavrnitvi projektov za sofinanciranje<\/strong>. Hkrati je prevzel naloge in obveznosti za Program sodelovanja Interreg V-A Slovenija-Hrva\u0161ka za obdobje 2014-2020.&nbsp;<\/p>\n<p>Zasedanja OzS bodo potekala izmeni\u010dno v obeh dr\u017eavah \u010dlanicah. OzS zaseda vsaj enkrat letno in pregleda izvajanje programa in napredek pri doseganju&nbsp;njegovih ciljev. Podrobno&nbsp;preu\u010di vsa vpra\u0161anja, ki vplivajo na izvajanje programa in sprejme odlo\u010ditve o kakr\u0161nih koli spremembah programa, ki jih predlaga Organ upravljanja ali OzS s svojim predlogom.<\/p>\n<\/div><\/div><style type=\"text\/css\">.fusion-body .fusion-builder-column-0{width:50% !important;margin-top : 0px;margin-bottom : 20px;}.fusion-builder-column-0 > .fusion-column-wrapper {padding-top : 0px !important;padding-right : 0px !important;margin-right : 3.84%;padding-bottom : 0px !important;padding-left : 0px !important;margin-left : 3.84%;}@media only screen and (max-width:1024px) {.fusion-body .fusion-builder-column-0{width:50% !important;order : 0;}.fusion-builder-column-0 > .fusion-column-wrapper {margin-right : 3.84%;margin-left : 3.84%;}}@media only screen and (max-width:640px) {.fusion-body .fusion-builder-column-0{width:100% !important;order : 0;}.fusion-builder-column-0 > .fusion-column-wrapper {margin-right : 1.92%;margin-left : 1.92%;}}<\/style><\/div><div class=\"fusion-layout-column fusion_builder_column fusion-builder-column-1 fusion_builder_column_1_3 1_3 fusion-flex-column\"><div class=\"fusion-column-wrapper fusion-flex-justify-content-flex-start fusion-content-layout-column\" style=\"background-position:left top;background-repeat:no-repeat;-webkit-background-size:cover;-moz-background-size:cover;-o-background-size:cover;background-size:cover;padding: 0px 0px 0px 0px;\"><div class=\"fusion-text fusion-text-2\"><h3><strong>\u010clani Odbora za spremljanje<br \/>\n<\/strong><\/h3>\n<\/div><ul class=\"fusion-checklist fusion-checklist-1\" style=\"font-size:16px;line-height:27.2px;\"><li class=\"fusion-li-item\"><span style=\"background-color:#003399;font-size:14.08px;height:27.2px;width:27.2px;margin-right:11.2px;\" class=\"icon-wrapper circle-yes\"><i class=\"fusion-li-icon fa-arrow-alt-circle-right fas\" style=\"color:#ffffff;\" aria-hidden=\"true\"><\/i><\/span><div class=\"fusion-li-item-content\" style=\"margin-left:38.4px;\">\n<div><strong>Za seznam \u010dlanov Odbora za spremljanje, prosim obi\u0161\u010dite <a href=\"http:\/\/www.si-hr.eu\/2127\/sl\/monitoring-committee\/?fb-edit=1\"><u>Odbor za spremljanje<\/u><\/a>.<\/strong><\/div>\n<div>\n<p><strong>&nbsp;<\/strong><\/p>\n<\/div>\n<\/div><\/li><\/ul><div class=\"fusion-separator fusion-full-width-sep\" style=\"align-self: center;margin-left: auto;margin-right: auto;width:100%;\"><div class=\"fusion-separator-border sep-double\" style=\"border-color:#e0dede;border-top-width:1px;border-bottom-width:1px;\"><\/div><\/div><div class=\"fusion-text fusion-text-3\"><h3 class=\"\" data-fontsize=\"32\" data-lineheight=\"41.6px\"><strong>Poslovnik Odbora za spremljanje<\/strong><\/h3>\n<\/div><ul class=\"fusion-checklist fusion-checklist-2\" style=\"font-size:16px;line-height:27.2px;\"><li class=\"fusion-li-item\"><span style=\"background-color:#003399;font-size:14.08px;height:27.2px;width:27.2px;margin-right:11.2px;\" class=\"icon-wrapper circle-yes\"><i class=\"fusion-li-icon fa-arrow-alt-circle-right fas\" style=\"color:#ffffff;\" aria-hidden=\"true\"><\/i><\/span><div class=\"fusion-li-item-content\" style=\"margin-left:38.4px;\">\n<p>Prosim oglejte si Poslovnik Odbora za spremljanje.<\/p>\n<p><strong><a href=\"http:\/\/www.si-hr.eu\/2127\/wp-content\/uploads\/sites\/103\/2023\/05\/Rules-of-Procedure-of-the-Monitoring-Committee.pdf\">Poslovnik Odbora za spremljanje<\/a><\/strong><\/p>\n<\/div><\/li><\/ul><\/div><style type=\"text\/css\">.fusion-body .fusion-builder-column-1{width:33.333333333333% !important;margin-top : 0px;margin-bottom : 20px;}.fusion-builder-column-1 > .fusion-column-wrapper {padding-top : 0px !important;padding-right : 0px !important;margin-right : 5.76%;padding-bottom : 0px !important;padding-left : 0px !important;margin-left : 5.76%;}@media only screen and (max-width:1024px) {.fusion-body .fusion-builder-column-1{width:33.333333333333% !important;order : 0;}.fusion-builder-column-1 > .fusion-column-wrapper {margin-right : 5.76%;margin-left : 5.76%;}}@media only screen and (max-width:640px) {.fusion-body .fusion-builder-column-1{width:100% !important;order : 0;}.fusion-builder-column-1 > .fusion-column-wrapper {margin-right : 1.92%;margin-left : 1.92%;}}<\/style><\/div><div class=\"fusion-layout-column fusion_builder_column fusion-builder-column-2 fusion_builder_column_1_1 1_1 fusion-flex-column\"><div class=\"fusion-column-wrapper fusion-flex-justify-content-flex-start fusion-content-layout-column\" style=\"background-position:left top;background-repeat:no-repeat;-webkit-background-size:cover;-moz-background-size:cover;-o-background-size:cover;background-size:cover;padding: 0px 0px 0px 0px;\"><div class=\"fusion-separator fusion-full-width-sep\" style=\"align-self: center;margin-left: auto;margin-right: auto;width:100%;\"><div class=\"fusion-separator-border sep-single sep-solid\" style=\"border-color:#e0dede;border-top-width:1px;\"><\/div><\/div><\/div><style type=\"text\/css\">.fusion-body .fusion-builder-column-2{width:100% !important;margin-top : 0px;margin-bottom : 20px;}.fusion-builder-column-2 > .fusion-column-wrapper {padding-top : 0px !important;padding-right : 0px !important;margin-right : 1.92%;padding-bottom : 0px !important;padding-left : 0px !important;margin-left : 1.92%;}@media only screen and (max-width:1024px) {.fusion-body .fusion-builder-column-2{width:100% !important;order : 0;}.fusion-builder-column-2 > .fusion-column-wrapper {margin-right : 1.92%;margin-left : 1.92%;}}@media only screen and (max-width:640px) {.fusion-body .fusion-builder-column-2{width:100% !important;order : 0;}.fusion-builder-column-2 > .fusion-column-wrapper {margin-right : 1.92%;margin-left : 1.92%;}}<\/style><\/div><\/div><style type=\"text\/css\">.fusion-body .fusion-flex-container.fusion-builder-row-1{ padding-top : 30px;margin-top : 0px;padding-right : 0px;padding-bottom : 0px;margin-bottom : 0px;padding-left : 0px;}<\/style><\/div><\/div><div class=\"fusion-fullwidth fullwidth-box fusion-builder-row-2 fusion-flex-container nonhundred-percent-fullwidth non-hundred-percent-height-scrolling\" style=\"background-color: #ffffff;background-position: center center;background-repeat: no-repeat;border-width: 0px 0px 0px 0px;border-color:#eae9e9;border-style:solid;\" ><div class=\"fusion-builder-row fusion-row fusion-flex-align-items-flex-start\" style=\"max-width:1248px;margin-left: calc(-4% \/ 2 );margin-right: calc(-4% \/ 2 );\"><div class=\"fusion-layout-column fusion_builder_column fusion-builder-column-3 fusion_builder_column_1_1 1_1 fusion-flex-column\"><div class=\"fusion-column-wrapper fusion-flex-justify-content-flex-start fusion-content-layout-column\" style=\"background-position:left top;background-repeat:no-repeat;-webkit-background-size:cover;-moz-background-size:cover;-o-background-size:cover;background-size:cover;padding: 0px 0px 0px 0px;\"><div class=\"fusion-text fusion-text-4\"><h3 class=\"fusion-responsive-typography-calculated\" style=\"--fontsize: 32; line-height: 1.3;\" data-fontsize=\"32\" data-lineheight=\"41.6px\"><b>Sklepi Odbora za spremljanje<br \/>\n<\/b><\/h3>\n<\/div><style type=\"text\/css\">.fusion-accordian  #accordion-1394-1 .panel-title a .fa-fusion-box{ color: #ffffff;}.fusion-accordian  #accordion-1394-1 .panel-title a .fa-fusion-box:before{ font-size: 20px; width: 20px;}.fusion-accordian  #accordion-1394-1 .panel-title a{font-size:20px;}.fusion-accordian  #accordion-1394-1 .fa-fusion-box { background-color: #003299;border-color: #003299;}.fusion-accordian  #accordion-1394-1 .panel-title a:hover, #accordion-1394-1 .fusion-toggle-boxed-mode:hover .panel-title a { color: #003299;}.fusion-accordian  #accordion-1394-1 .panel-title .active .fa-fusion-box,.fusion-accordian  #accordion-1394-1 .panel-title a:hover .fa-fusion-box { background-color: #003299!important;border-color: #003299!important;}<\/style><div class=\"accordian fusion-accordian\"><div class=\"panel-group\" id=\"accordion-1394-1\"><div class=\"fusion-panel panel-default fusion-toggle-no-divider\"><div class=\"panel-heading\"><h4 class=\"panel-title toggle\"><a aria-expanded=\"false\" aria-controls=\"b7548073463acba94\" role=\"button\" data-toggle=\"collapse\" data-parent=\"#accordion-1394-1\" data-target=\"#b7548073463acba94\" href=\"#b7548073463acba94\"><span class=\"fusion-toggle-icon-wrapper\" aria-hidden=\"true\"><i class=\"fa-fusion-box\" aria-hidden=\"true\"><\/i><\/span><span class=\"fusion-toggle-heading\">1. zasedanje Odbora za spremljanje, 9. 11. 2022<\/span><\/a><\/h4><\/div><div id=\"b7548073463acba94\" class=\"panel-collapse collapse \"><div class=\"panel-body toggle-content fusion-clearfix\">\n<p><a href=\"http:\/\/www.si-hr.eu\/2127\/download\/01-MC-Meeting_Minutes_4.pdf\"><strong>Sklepi 1. zasedanja OzS<\/strong><\/a><\/p>\n<\/div><\/div><\/div><\/div><\/div><style type=\"text\/css\">.fusion-accordian  #accordion-1394-2 .panel-title a .fa-fusion-box{ color: #ffffff;}.fusion-accordian  #accordion-1394-2 .panel-title a .fa-fusion-box:before{ font-size: 20px; width: 20px;}.fusion-accordian  #accordion-1394-2 .panel-title a{font-size:20px;}.fusion-accordian  #accordion-1394-2 .fa-fusion-box { background-color: #003299;border-color: #003299;}.fusion-accordian  #accordion-1394-2 .panel-title a:hover, #accordion-1394-2 .fusion-toggle-boxed-mode:hover .panel-title a { color: #003299;}.fusion-accordian  #accordion-1394-2 .panel-title .active .fa-fusion-box,.fusion-accordian  #accordion-1394-2 .panel-title a:hover .fa-fusion-box { background-color: #003299!important;border-color: #003299!important;}<\/style><div class=\"accordian fusion-accordian\"><div class=\"panel-group\" id=\"accordion-1394-2\"><div class=\"fusion-panel panel-default fusion-toggle-no-divider\"><div class=\"panel-heading\"><h4 class=\"panel-title toggle\"><a aria-expanded=\"false\" aria-controls=\"dee8cbe9dc4eee182\" role=\"button\" data-toggle=\"collapse\" data-parent=\"#accordion-1394-2\" data-target=\"#dee8cbe9dc4eee182\" href=\"#dee8cbe9dc4eee182\"><span class=\"fusion-toggle-icon-wrapper\" aria-hidden=\"true\"><i class=\"fa-fusion-box\" aria-hidden=\"true\"><\/i><\/span><span class=\"fusion-toggle-heading\">2. zasedanje Odbora za spremljanje, 21. in 22. 2. 2023<\/span><\/a><\/h4><\/div><div id=\"dee8cbe9dc4eee182\" class=\"panel-collapse collapse \"><div class=\"panel-body toggle-content fusion-clearfix\">\n<p><a href=\"http:\/\/www.si-hr.eu\/si2\/download\/Sklepi-2.-seje-Odbora-za-spremljanje.pdf\"><strong>Sklepi 2. zasedanja OzS<\/strong><\/a><\/p>\n<\/div><\/div><\/div><\/div><\/div><style type=\"text\/css\">.fusion-accordian  #accordion-1394-3 .panel-title a .fa-fusion-box{ color: #ffffff;}.fusion-accordian  #accordion-1394-3 .panel-title a .fa-fusion-box:before{ font-size: 20px; width: 20px;}.fusion-accordian  #accordion-1394-3 .panel-title a{font-size:20px;}.fusion-accordian  #accordion-1394-3 .fa-fusion-box { background-color: #003299;border-color: #003299;}.fusion-accordian  #accordion-1394-3 .panel-title a:hover, #accordion-1394-3 .fusion-toggle-boxed-mode:hover .panel-title a { color: #003299;}.fusion-accordian  #accordion-1394-3 .panel-title .active .fa-fusion-box,.fusion-accordian  #accordion-1394-3 .panel-title a:hover .fa-fusion-box { background-color: #003299!important;border-color: #003299!important;}<\/style><div class=\"accordian fusion-accordian\"><div class=\"panel-group\" id=\"accordion-1394-3\"><div class=\"fusion-panel panel-default fusion-toggle-no-divider\"><div class=\"panel-heading\"><h4 class=\"panel-title toggle\"><a aria-expanded=\"false\" aria-controls=\"29dfffa43d27e6d0a\" role=\"button\" data-toggle=\"collapse\" data-parent=\"#accordion-1394-3\" data-target=\"#29dfffa43d27e6d0a\" href=\"#29dfffa43d27e6d0a\"><span class=\"fusion-toggle-icon-wrapper\" aria-hidden=\"true\"><i class=\"fa-fusion-box\" aria-hidden=\"true\"><\/i><\/span><span class=\"fusion-toggle-heading\">3. zasedanje Odbora za spremljanje, 6. in 7. 9. 2023<\/span><\/a><\/h4><\/div><div id=\"29dfffa43d27e6d0a\" class=\"panel-collapse collapse \"><div class=\"panel-body toggle-content fusion-clearfix\">\n<p><a href=\"http:\/\/www.si-hr.eu\/2127\/download\/3.-MC-meeting_Decisions.pdf\"><strong>Sklepi 3. zasedanja OzS<\/strong><\/a><\/p>\n<\/div><\/div><\/div><\/div><\/div><style type=\"text\/css\">.fusion-accordian  #accordion-1394-4 .panel-title a .fa-fusion-box{ color: #ffffff;}.fusion-accordian  #accordion-1394-4 .panel-title a .fa-fusion-box:before{ font-size: 20px; width: 20px;}.fusion-accordian  #accordion-1394-4 .panel-title a{font-size:20px;}.fusion-accordian  #accordion-1394-4 .fa-fusion-box { background-color: #003299;border-color: #003299;}.fusion-accordian  #accordion-1394-4 .panel-title a:hover, #accordion-1394-4 .fusion-toggle-boxed-mode:hover .panel-title a { color: #003299;}.fusion-accordian  #accordion-1394-4 .panel-title .active .fa-fusion-box,.fusion-accordian  #accordion-1394-4 .panel-title a:hover .fa-fusion-box { background-color: #003299!important;border-color: #003299!important;}<\/style><div class=\"accordian fusion-accordian\"><div class=\"panel-group\" id=\"accordion-1394-4\"><div class=\"fusion-panel panel-default fusion-toggle-no-divider\"><div class=\"panel-heading\"><h4 class=\"panel-title toggle\"><a aria-expanded=\"false\" aria-controls=\"d2e1d8bdf29b517e0\" role=\"button\" data-toggle=\"collapse\" data-parent=\"#accordion-1394-4\" data-target=\"#d2e1d8bdf29b517e0\" href=\"#d2e1d8bdf29b517e0\"><span class=\"fusion-toggle-icon-wrapper\" aria-hidden=\"true\"><i class=\"fa-fusion-box\" aria-hidden=\"true\"><\/i><\/span><span class=\"fusion-toggle-heading\">4. zasedanje Odbora za spremljanje, 14. 12. 2023<\/span><\/a><\/h4><\/div><div id=\"d2e1d8bdf29b517e0\" class=\"panel-collapse collapse \"><div class=\"panel-body toggle-content fusion-clearfix\">\n<p><a href=\"http:\/\/www.si-hr.eu\/2127\/download\/4.-MC-meeting_decision_final.pdf\"><strong>Sklepi 4. zasedanja OzS<\/strong><\/a><\/p>\n<\/div><\/div><\/div><\/div><\/div><style type=\"text\/css\">.fusion-accordian  #accordion-1394-5 .panel-title a .fa-fusion-box{ color: #ffffff;}.fusion-accordian  #accordion-1394-5 .panel-title a .fa-fusion-box:before{ font-size: 20px; width: 20px;}.fusion-accordian  #accordion-1394-5 .panel-title a{font-size:20px;}.fusion-accordian  #accordion-1394-5 .fa-fusion-box { background-color: #003299;border-color: #003299;}.fusion-accordian  #accordion-1394-5 .panel-title a:hover, #accordion-1394-5 .fusion-toggle-boxed-mode:hover .panel-title a { color: #003299;}.fusion-accordian  #accordion-1394-5 .panel-title .active .fa-fusion-box,.fusion-accordian  #accordion-1394-5 .panel-title a:hover .fa-fusion-box { background-color: #003299!important;border-color: #003299!important;}<\/style><div class=\"accordian fusion-accordian\"><div class=\"panel-group\" id=\"accordion-1394-5\"><div class=\"fusion-panel panel-default fusion-toggle-no-divider\"><div class=\"panel-heading\"><h4 class=\"panel-title toggle\"><a aria-expanded=\"false\" aria-controls=\"b355784861f74e32a\" role=\"button\" data-toggle=\"collapse\" data-parent=\"#accordion-1394-5\" data-target=\"#b355784861f74e32a\" href=\"#b355784861f74e32a\"><span class=\"fusion-toggle-icon-wrapper\" aria-hidden=\"true\"><i class=\"fa-fusion-box\" aria-hidden=\"true\"><\/i><\/span><span class=\"fusion-toggle-heading\">5. zasedanje Odbora za spremljanje, 21. in 22. 5. 2024<\/span><\/a><\/h4><\/div><div id=\"b355784861f74e32a\" class=\"panel-collapse collapse \"><div class=\"panel-body toggle-content fusion-clearfix\">\n<p><a href=\"http:\/\/www.si-hr.eu\/2127\/download\/5MC_decisions.pdf\"><strong>Sklepi 5. zasedanja OzS<\/strong><\/a><\/p>\n<\/div><\/div><\/div><\/div><\/div><style type=\"text\/css\">.fusion-accordian  #accordion-1394-6 .panel-title a .fa-fusion-box{ color: #ffffff;}.fusion-accordian  #accordion-1394-6 .panel-title a .fa-fusion-box:before{ font-size: 20px; width: 20px;}.fusion-accordian  #accordion-1394-6 .panel-title a{font-size:20px;}.fusion-accordian  #accordion-1394-6 .fa-fusion-box { background-color: #003299;border-color: #003299;}.fusion-accordian  #accordion-1394-6 .panel-title a:hover, #accordion-1394-6 .fusion-toggle-boxed-mode:hover .panel-title a { color: #003299;}.fusion-accordian  #accordion-1394-6 .panel-title .active .fa-fusion-box,.fusion-accordian  #accordion-1394-6 .panel-title a:hover .fa-fusion-box { background-color: #003299!important;border-color: #003299!important;}<\/style><div class=\"accordian fusion-accordian\"><div class=\"panel-group\" id=\"accordion-1394-6\"><div class=\"fusion-panel panel-default fusion-toggle-no-divider\"><div class=\"panel-heading\"><h4 class=\"panel-title toggle\"><a aria-expanded=\"false\" aria-controls=\"ba9b28a3a447f6242\" role=\"button\" data-toggle=\"collapse\" data-parent=\"#accordion-1394-6\" data-target=\"#ba9b28a3a447f6242\" href=\"#ba9b28a3a447f6242\"><span class=\"fusion-toggle-icon-wrapper\" aria-hidden=\"true\"><i class=\"fa-fusion-box\" aria-hidden=\"true\"><\/i><\/span><span class=\"fusion-toggle-heading\">6. zasedanje Odbora za spremljanje, 28. in 29. 1. 2025<\/span><\/a><\/h4><\/div><div id=\"ba9b28a3a447f6242\" class=\"panel-collapse collapse \"><div class=\"panel-body toggle-content fusion-clearfix\">\n<p><a href=\"http:\/\/www.si-hr.eu\/2127\/download\/06-MC-meeting_draft-conclusions.pdf\"><strong>Sklepi 6. zasedanja OzS<\/strong><\/a><\/p>\n<\/div><\/div><\/div><\/div><\/div><style type=\"text\/css\">.fusion-accordian  #accordion-1394-7 .panel-title a .fa-fusion-box{ color: #ffffff;}.fusion-accordian  #accordion-1394-7 .panel-title a .fa-fusion-box:before{ font-size: 20px; width: 20px;}.fusion-accordian  #accordion-1394-7 .panel-title a{font-size:20px;}.fusion-accordian  #accordion-1394-7 .fa-fusion-box { background-color: #003299;border-color: #003299;}.fusion-accordian  #accordion-1394-7 .panel-title a:hover, #accordion-1394-7 .fusion-toggle-boxed-mode:hover .panel-title a { color: #003299;}.fusion-accordian  #accordion-1394-7 .panel-title .active .fa-fusion-box,.fusion-accordian  #accordion-1394-7 .panel-title a:hover .fa-fusion-box { background-color: #003299!important;border-color: #003299!important;}<\/style><div class=\"accordian fusion-accordian\"><div class=\"panel-group\" id=\"accordion-1394-7\"><div class=\"fusion-panel panel-default fusion-toggle-no-divider\"><div class=\"panel-heading\"><h4 class=\"panel-title toggle\"><a aria-expanded=\"false\" aria-controls=\"f420d60a15243ee6d\" role=\"button\" data-toggle=\"collapse\" data-parent=\"#accordion-1394-7\" data-target=\"#f420d60a15243ee6d\" href=\"#f420d60a15243ee6d\"><span class=\"fusion-toggle-icon-wrapper\" aria-hidden=\"true\"><i class=\"fa-fusion-box\" aria-hidden=\"true\"><\/i><\/span><span class=\"fusion-toggle-heading\">7. zasedanje Odbora za spremljanje, 2. in 3. 12. 2025<\/span><\/a><\/h4><\/div><div id=\"f420d60a15243ee6d\" class=\"panel-collapse collapse \"><div class=\"panel-body toggle-content fusion-clearfix\">\n<p><a href=\"http:\/\/www.si-hr.eu\/2127\/download\/07-MC-meeting_conclusions.pdf\"><strong>Sklepi 7. zasedanja OzS<\/strong><\/a><\/p>\n<\/div><\/div><\/div><\/div><\/div><div class=\"fusion-separator fusion-full-width-sep\" style=\"align-self: center;margin-left: auto;margin-right: auto;margin-top:15px;margin-bottom:25px;width:100%;\"><div class=\"fusion-separator-border sep-single sep-solid\" style=\"border-color:#e0dede;border-top-width:1px;\"><\/div><\/div><\/div><style type=\"text\/css\">.fusion-body .fusion-builder-column-3{width:100% !important;margin-top : 20px;margin-bottom : 20px;}.fusion-builder-column-3 > .fusion-column-wrapper {padding-top : 0px !important;padding-right : 0px !important;margin-right : 1.92%;padding-bottom : 0px !important;padding-left : 0px !important;margin-left : 1.92%;}@media only screen and (max-width:1024px) {.fusion-body .fusion-builder-column-3{width:100% !important;order : 0;}.fusion-builder-column-3 > .fusion-column-wrapper {margin-right : 1.92%;margin-left : 1.92%;}}@media only screen and (max-width:640px) {.fusion-body .fusion-builder-column-3{width:100% !important;order : 0;}.fusion-builder-column-3 > .fusion-column-wrapper {margin-right : 1.92%;margin-left : 1.92%;}}<\/style><\/div><\/div><style type=\"text\/css\">.fusion-body .fusion-flex-container.fusion-builder-row-2{ padding-top : 0px;margin-top : -40;padding-right : 0px;padding-bottom : 0px;margin-bottom : 0px;padding-left : 0px;}<\/style><\/div><\/p>\n","protected":false},"excerpt":{"rendered":"","protected":false},"author":10,"featured_media":0,"parent":1328,"menu_order":0,"comment_status":"closed","ping_status":"closed","template":"","meta":{"ngg_post_thumbnail":0},"acf":[],"_links":{"self":[{"href":"http:\/\/www.si-hr.eu\/2127\/sl\/wp-json\/wp\/v2\/pages\/1394"}],"collection":[{"href":"http:\/\/www.si-hr.eu\/2127\/sl\/wp-json\/wp\/v2\/pages"}],"about":[{"href":"http:\/\/www.si-hr.eu\/2127\/sl\/wp-json\/wp\/v2\/types\/page"}],"author":[{"embeddable":true,"href":"http:\/\/www.si-hr.eu\/2127\/sl\/wp-json\/wp\/v2\/users\/10"}],"replies":[{"embeddable":true,"href":"http:\/\/www.si-hr.eu\/2127\/sl\/wp-json\/wp\/v2\/comments?post=1394"}],"version-history":[{"count":20,"href":"http:\/\/www.si-hr.eu\/2127\/sl\/wp-json\/wp\/v2\/pages\/1394\/revisions"}],"predecessor-version":[{"id":16039,"href":"http:\/\/www.si-hr.eu\/2127\/sl\/wp-json\/wp\/v2\/pages\/1394\/revisions\/16039"}],"up":[{"embeddable":true,"href":"http:\/\/www.si-hr.eu\/2127\/sl\/wp-json\/wp\/v2\/pages\/1328"}],"wp:attachment":[{"href":"http:\/\/www.si-hr.eu\/2127\/sl\/wp-json\/wp\/v2\/media?parent=1394"}],"curies":[{"name":"wp","href":"https:\/\/api.w.org\/{rel}","templated":true}]}}