{"id":1397,"date":"2022-04-21T08:40:28","date_gmt":"2022-04-21T08:40:28","guid":{"rendered":"http:\/\/www.si-hr.eu\/2127\/o-programu\/eu-legislation\/"},"modified":"2023-02-10T10:31:15","modified_gmt":"2023-02-10T10:31:15","slug":"eu-legislation","status":"publish","type":"page","link":"http:\/\/www.si-hr.eu\/2127\/sl\/about-programme\/eu-legislation\/","title":{"rendered":"EU zakonodaja"},"content":{"rendered":"<div id=\"priorityaxis\"><div class=\"fusion-fullwidth fullwidth-box fusion-builder-row-1 fusion-flex-container nonhundred-percent-fullwidth non-hundred-percent-height-scrolling\" style=\"background-color: rgba(104,124,126,0.58);background-position: center center;background-repeat: no-repeat;border-width: 0px 0px 0px 0px;border-color:#eae9e9;border-style:solid;\" ><div class=\"fusion-builder-row fusion-row fusion-flex-align-items-stretch\" style=\"max-width:1248px;margin-left: calc(-4% \/ 2 );margin-right: calc(-4% \/ 2 );\"><div class=\"fusion-layout-column fusion_builder_column fusion-builder-column-0 fusion_builder_column_1_2 1_2 fusion-flex-column\"><div class=\"fusion-column-wrapper fusion-flex-justify-content-flex-start fusion-content-layout-column\" style=\"background-position:left top;background-repeat:no-repeat;-webkit-background-size:cover;-moz-background-size:cover;-o-background-size:cover;background-size:cover;border-radius:10px 10px 10px 10px;background-color:#ffffff;border-radius:10px 10px 10px 10px;overflow:hidden;padding: 0px 20px 20px 20px;\"><style type=\"text\/css\">@media only screen and (max-width:1024px) {.fusion-title.fusion-title-1{margin-top:10px!important; margin-right:0px!important;margin-bottom:15px!important;margin-left:0px!important;}}@media only screen and (max-width:640px) {.fusion-title.fusion-title-1{margin-top:10px!important; margin-right:0px!important;margin-bottom:10px!important; margin-left:0px!important;}}<\/style><div class=\"fusion-title title fusion-title-1 fusion-sep-none fusion-title-center fusion-title-text fusion-title-size-two\" style=\"margin-top:10px;margin-right:0px;margin-bottom:15px;margin-left:0px;\"><h2 class=\"title-heading-center\" style=\"margin:0;\"><h3 class=\"content-box-heading fusion-responsive-typography-calculated\" data-fontsize=\"24\" data-lineheight=\"29.0333px\"><strong>Uredbe (Junij 2021):<\/strong><\/h3><\/h2><\/div><div class=\"fusion-separator fusion-full-width-sep\" style=\"align-self: center;margin-left: auto;margin-right: auto;margin-top:-20px;margin-bottom:10px;width:100%;\"><div class=\"fusion-separator-border sep-single sep-solid\" style=\"border-color:#e0dede;border-top-width:1px;\"><\/div><\/div><ul class=\"fusion-checklist fusion-checklist-1\" style=\"font-size:16px;line-height:27.2px;\"><li class=\"fusion-li-item\"><span style=\"background-color:#003399;font-size:14.08px;height:27.2px;width:27.2px;margin-right:11.2px;\" class=\"icon-wrapper circle-yes\"><i class=\"fusion-li-icon fa-check fas\" style=\"color:#ffffff;\" aria-hidden=\"true\"><\/i><\/span><div class=\"fusion-li-item-content\" style=\"margin-left:38.4px;\">\n<p><a href=\"https:\/\/eur-lex.europa.eu\/legal-content\/SL\/TXT\/PDF\/?uri=CELEX:32021R1056&amp;from=SL\">Reg 2021\/1056 &#8211; Uredba Evropskega parlamenta in Sveta z\u00a0dne 24.\u00a0junija 2021 o\u00a0vzpostavitvi Sklada za pravi\u010dni prehod<\/a><\/p>\n<\/div><\/li><li class=\"fusion-li-item\"><span style=\"background-color:#003399;font-size:14.08px;height:27.2px;width:27.2px;margin-right:11.2px;\" class=\"icon-wrapper circle-yes\"><i class=\"fusion-li-icon fa-check fas\" style=\"color:#ffffff;\" aria-hidden=\"true\"><\/i><\/span><div class=\"fusion-li-item-content\" style=\"margin-left:38.4px;\">\n<p><a href=\"https:\/\/eur-lex.europa.eu\/legal-content\/SL\/TXT\/PDF\/?uri=CELEX:32021R1057&amp;from=SL\">Reg 2021\/1057 &#8211; Uredba Evropskega parlamenta in Sveta z dne 24. junija 2021 o vzpostavitvi Evropskega socialnega sklada plus (ESS+) in razveljavitvi Uredbe (EU) \u0161t. 1296\/2013<\/a><\/p>\n<\/div><\/li><li class=\"fusion-li-item\"><span style=\"background-color:#003399;font-size:14.08px;height:27.2px;width:27.2px;margin-right:11.2px;\" class=\"icon-wrapper circle-yes\"><i class=\"fusion-li-icon fa-check fas\" style=\"color:#ffffff;\" aria-hidden=\"true\"><\/i><\/span><div class=\"fusion-li-item-content\" style=\"margin-left:38.4px;\">\n<p><a href=\"https:\/\/eur-lex.europa.eu\/legal-content\/SL\/TXT\/PDF\/?uri=CELEX:32021R1058&amp;from=SL\">Reg 2021\/1058 &#8211; Uredba Evropskega parlamenta in Sveta z dne 24. junija 2021 o Evropskem skladu za regionalni razvoj in Kohezijskem skladu<\/a><\/p>\n<\/div><\/li><li class=\"fusion-li-item\"><span style=\"background-color:#003399;font-size:14.08px;height:27.2px;width:27.2px;margin-right:11.2px;\" class=\"icon-wrapper circle-yes\"><i class=\"fusion-li-icon fa-check fas\" style=\"color:#ffffff;\" aria-hidden=\"true\"><\/i><\/span><div class=\"fusion-li-item-content\" style=\"margin-left:38.4px;\">\n<p><a href=\"https:\/\/eur-lex.europa.eu\/legal-content\/SL\/TXT\/PDF\/?uri=CELEX:32021R1059&amp;from=SL\">Reg 2021\/1059 &#8211; Uredba Evropskega parlamenta in Sveta z dne 24. junija 2021 o posebnih dolo\u010dbah za cilj \u201eevropsko teritorialno sodelovanje\u201c (Interreg), ki ga podpirajo Evropski sklad za regionalni razvoj in instrumenti za zunanje financiranje<\/a><\/p>\n<\/div><\/li><li class=\"fusion-li-item\"><span style=\"background-color:#003399;font-size:14.08px;height:27.2px;width:27.2px;margin-right:11.2px;\" class=\"icon-wrapper circle-yes\"><i class=\"fusion-li-icon fa-check fas\" style=\"color:#ffffff;\" aria-hidden=\"true\"><\/i><\/span><div class=\"fusion-li-item-content\" style=\"margin-left:38.4px;\">\n<p><a href=\"https:\/\/eur-lex.europa.eu\/legal-content\/SL\/TXT\/PDF\/?uri=CELEX:32021R1060&amp;from=SL\">Reg 2021\/1060 &#8211; Uredba Evropskega parlamenta in Sveta z dne 24. junija 2021 o dolo\u010ditvi skupnih dolo\u010db o Evropskem skladu za regionalni razvoj, Evropskem socialnem skladu plus, Kohezijskem skladu, Skladu za pravi\u010dni prehod in Evropskem skladu za pomorstvo, ribi\u0161tvo in akvakulturo ter finan\u010dnih pravil zanje in za Sklad za azil, migracije in vklju\u010devanje, Sklad za notranjo varnost in Instrument za finan\u010dno podporo za upravljanje meja in vizumsko politiko<\/a><\/p>\n<\/div><\/li><\/ul><\/div><style type=\"text\/css\">.fusion-body .fusion-builder-column-0{width:50% !important;margin-top : 50px;margin-bottom : 40px;}.fusion-builder-column-0 > .fusion-column-wrapper {padding-top : 0px !important;padding-right : 20px !important;margin-right : 10px;padding-bottom : 20px !important;padding-left : 20px !important;margin-left : 3.84%;}@media only screen and (max-width:1024px) {.fusion-body .fusion-builder-column-0{width:50% !important;order : 0;}.fusion-builder-column-0 > .fusion-column-wrapper {margin-right : 10px;margin-left : 3.84%;}}@media only screen and (max-width:640px) {.fusion-body .fusion-builder-column-0{width:100% !important;order : 0;}.fusion-builder-column-0 > .fusion-column-wrapper {margin-right : 1.92%;margin-left : 1.92%;}}<\/style><\/div><div class=\"fusion-layout-column fusion_builder_column fusion-builder-column-1 fusion_builder_column_1_2 1_2 fusion-flex-column\"><div class=\"fusion-column-wrapper fusion-flex-justify-content-flex-start fusion-content-layout-column\" style=\"background-position:left top;background-repeat:no-repeat;-webkit-background-size:cover;-moz-background-size:cover;-o-background-size:cover;background-size:cover;border-radius:10px 10px 10px 10px;background-color:#ffffff;border-radius:10px 10px 10px 10px;overflow:hidden;padding: 0px 20px 19px 20px;\"><style type=\"text\/css\">@media only screen and (max-width:1024px) {.fusion-title.fusion-title-2{margin-top:10px!important; margin-right:0px!important;margin-bottom:15px!important;margin-left:0px!important;}}@media only screen and (max-width:640px) {.fusion-title.fusion-title-2{margin-top:10px!important; margin-right:0px!important;margin-bottom:10px!important; margin-left:0px!important;}}<\/style><div class=\"fusion-title title fusion-title-2 fusion-sep-none fusion-title-center fusion-title-text fusion-title-size-two\" style=\"margin-top:10px;margin-right:0px;margin-bottom:15px;margin-left:0px;\"><h2 class=\"title-heading-center\" style=\"margin:0;\"><p>\u00a0<\/p>\n<p>\u00a0<\/p><\/h2><\/div><div class=\"fusion-separator fusion-full-width-sep\" style=\"align-self: center;margin-left: auto;margin-right: auto;margin-top:-20px;margin-bottom:10px;width:100%;\"><div class=\"fusion-separator-border sep-single sep-solid\" style=\"border-color:#e0dede;border-top-width:1px;\"><\/div><\/div><ul class=\"fusion-checklist fusion-checklist-2\" style=\"font-size:16px;line-height:27.2px;\"><li class=\"fusion-li-item\"><span style=\"background-color:#003399;font-size:14.08px;height:27.2px;width:27.2px;margin-right:11.2px;\" class=\"icon-wrapper circle-yes\"><i class=\"fusion-li-icon fa-check fas\" style=\"color:#ffffff;\" aria-hidden=\"true\"><\/i><\/span><div class=\"fusion-li-item-content\" style=\"margin-left:38.4px;\">\n<p><a href=\"https:\/\/eur-lex.europa.eu\/legal-content\/SL\/TXT\/PDF\/?uri=CELEX:52017DC0534&amp;from=SL\">COM(2017) 543 &#8211; Sporo\u010dilo Komisije svetu in Evropskemu parlamentu &#8211; Spodbujanje rasti in kohezije v obmejnih regijah EU<\/a><\/p>\n<\/div><\/li><\/ul><style type=\"text\/css\">@media only screen and (max-width:1024px) {.fusion-title.fusion-title-3{margin-top:40px!important; margin-right:0px!important;margin-bottom:15px!important;margin-left:0px!important;}}@media only screen and (max-width:640px) {.fusion-title.fusion-title-3{margin-top:10px!important; margin-right:0px!important;margin-bottom:10px!important; margin-left:0px!important;}}<\/style><div class=\"fusion-title title fusion-title-3 fusion-sep-none fusion-title-center fusion-title-text fusion-title-size-two\" style=\"margin-top:40px;margin-right:0px;margin-bottom:15px;margin-left:0px;\"><h2 class=\"title-heading-center\" style=\"margin:0;\"><h3 class=\"content-box-heading fusion-responsive-typography-calculated\" data-fontsize=\"24\" data-lineheight=\"29.0333px\"><strong>Izvedbeni sklepi Komisije (januar 2022):<\/strong><\/h3><\/h2><\/div><div class=\"fusion-separator fusion-full-width-sep\" style=\"align-self: center;margin-left: auto;margin-right: auto;margin-top:-20px;margin-bottom:10px;width:100%;\"><div class=\"fusion-separator-border sep-single sep-solid\" style=\"border-color:#e0dede;border-top-width:1px;\"><\/div><\/div><ul class=\"fusion-checklist fusion-checklist-3\" style=\"font-size:16px;line-height:27.2px;\"><li class=\"fusion-li-item\"><span style=\"background-color:#003399;font-size:14.08px;height:27.2px;width:27.2px;margin-right:11.2px;\" class=\"icon-wrapper circle-yes\"><i class=\"fusion-li-icon fa-check fas\" style=\"color:#ffffff;\" aria-hidden=\"true\"><\/i><\/span><div class=\"fusion-li-item-content\" style=\"margin-left:38.4px;\">\n<p><a href=\"https:\/\/eur-lex.europa.eu\/legal-content\/SL\/TXT\/PDF\/?uri=CELEX:32022D0074R(01)&amp;from=EN\">IZVEDBENI SKLEP KOMISIJE (EU) 2022\/74 z dne 17. januarja 2022 o dolo\u010ditvi seznama programov Interreg in skupnega zneska skupne podpore iz Evropskega sklada za regionalni razvoj in vsakega od instrumentov Unije za zunanje financiranje za vsak program ter dolo\u010ditvi seznama zneskov, ki se prenesejo med sklopi v okviru cilja \u201eevropsko teritorialno sodelovanje\u201c za obdobje 2021\u20132027<\/a><\/p>\n<\/div><\/li><li class=\"fusion-li-item\"><span style=\"background-color:#003399;font-size:14.08px;height:27.2px;width:27.2px;margin-right:11.2px;\" class=\"icon-wrapper circle-yes\"><i class=\"fusion-li-icon fa-check fas\" style=\"color:#ffffff;\" aria-hidden=\"true\"><\/i><\/span><div class=\"fusion-li-item-content\" style=\"margin-left:38.4px;\">\n<p><a href=\"https:\/\/eur-lex.europa.eu\/legal-content\/SL\/TXT\/PDF\/?uri=CELEX:32022D0075&amp;from=EN\">IZVEDBENI SKLEP KOMISIJE (EU) 2022\/75 z dne 17. januarja 2022 o dolo\u010ditvi seznama programskih obmo\u010dij Interreg, ki bodo prejela podporo iz Evropskega sklada za regionalni razvoj in instrumentov Unije za zunanje financiranje, raz\u010dlenjenega po sklopih in programih Interreg v okviru cilja \u201eevropsko teritorialno sodelovanje\u201c<\/a><\/p>\n<\/div><\/li><\/ul><\/div><style type=\"text\/css\">.fusion-body .fusion-builder-column-1{width:50% !important;margin-top : 50px;margin-bottom : 40px;}.fusion-builder-column-1 > .fusion-column-wrapper {padding-top : 0px !important;padding-right : 20px !important;margin-right : 10px;padding-bottom : 19px !important;padding-left : 20px !important;margin-left : 3.84%;}@media only screen and (max-width:1024px) {.fusion-body .fusion-builder-column-1{width:50% !important;order : 0;}.fusion-builder-column-1 > .fusion-column-wrapper {margin-right : 10px;margin-left : 3.84%;}}@media only screen and (max-width:640px) {.fusion-body .fusion-builder-column-1{width:100% !important;order : 0;}.fusion-builder-column-1 > .fusion-column-wrapper {margin-right : 1.92%;margin-left : 1.92%;}}<\/style><\/div><\/div><style type=\"text\/css\">.fusion-body .fusion-flex-container.fusion-builder-row-1{ padding-top : 0px;margin-top : 0px;padding-right : 0px;padding-bottom : 6px;margin-bottom : 0px;padding-left : 0px;}<\/style><\/div><\/div>\n","protected":false},"excerpt":{"rendered":"","protected":false},"author":10,"featured_media":0,"parent":1328,"menu_order":0,"comment_status":"closed","ping_status":"closed","template":"100-width.php","meta":{"ngg_post_thumbnail":0},"acf":[],"_links":{"self":[{"href":"http:\/\/www.si-hr.eu\/2127\/sl\/wp-json\/wp\/v2\/pages\/1397"}],"collection":[{"href":"http:\/\/www.si-hr.eu\/2127\/sl\/wp-json\/wp\/v2\/pages"}],"about":[{"href":"http:\/\/www.si-hr.eu\/2127\/sl\/wp-json\/wp\/v2\/types\/page"}],"author":[{"embeddable":true,"href":"http:\/\/www.si-hr.eu\/2127\/sl\/wp-json\/wp\/v2\/users\/10"}],"replies":[{"embeddable":true,"href":"http:\/\/www.si-hr.eu\/2127\/sl\/wp-json\/wp\/v2\/comments?post=1397"}],"version-history":[{"count":11,"href":"http:\/\/www.si-hr.eu\/2127\/sl\/wp-json\/wp\/v2\/pages\/1397\/revisions"}],"predecessor-version":[{"id":1556,"href":"http:\/\/www.si-hr.eu\/2127\/sl\/wp-json\/wp\/v2\/pages\/1397\/revisions\/1556"}],"up":[{"embeddable":true,"href":"http:\/\/www.si-hr.eu\/2127\/sl\/wp-json\/wp\/v2\/pages\/1328"}],"wp:attachment":[{"href":"http:\/\/www.si-hr.eu\/2127\/sl\/wp-json\/wp\/v2\/media?parent=1397"}],"curies":[{"name":"wp","href":"https:\/\/api.w.org\/{rel}","templated":true}]}}