{"id":6283,"date":"2024-08-09T10:11:26","date_gmt":"2024-08-09T10:11:26","guid":{"rendered":"http:\/\/www.si-hr.eu\/2127\/?page_id=6283"},"modified":"2025-06-13T10:18:56","modified_gmt":"2025-06-13T10:18:56","slug":"prihodnost-interreg-a-po-letu-2027","status":"publish","type":"page","link":"http:\/\/www.si-hr.eu\/2127\/sl\/prihodnost-interreg-a-po-letu-2027\/","title":{"rendered":"Prihodnost Interreg-a po letu 2027"},"content":{"rendered":"<p><div class=\"fusion-fullwidth fullwidth-box fusion-builder-row-1 fusion-flex-container nonhundred-percent-fullwidth non-hundred-percent-height-scrolling\" style=\"background-color: #ffffff;background-position: center center;background-repeat: no-repeat;border-width: 0px 0px 0px 0px;border-color:#eae9e9;border-style:solid;\" ><div class=\"fusion-builder-row fusion-row fusion-flex-align-items-flex-start\" style=\"max-width:1248px;margin-left: calc(-4% \/ 2 );margin-right: calc(-4% \/ 2 );\"><div class=\"fusion-layout-column fusion_builder_column fusion-builder-column-0 fusion_builder_column_1_1 1_1 fusion-flex-column\"><div class=\"fusion-column-wrapper fusion-flex-justify-content-flex-start fusion-content-layout-column\" style=\"background-position:left top;background-repeat:no-repeat;-webkit-background-size:cover;-moz-background-size:cover;-o-background-size:cover;background-size:cover;background-color:#ffffff;padding: 0px 0px 0px 0px;\"><div class=\"fusion-text fusion-text-1\"><\/div><div class=\"fusion-builder-row fusion-builder-row-inner fusion-row fusion-flex-align-items-flex-start\" style=\"width:104% !important;max-width:104% !important;margin-left: calc(-4% \/ 2 );margin-right: calc(-4% \/ 2 );\"><div class=\"fusion-layout-column fusion_builder_column_inner fusion-builder-nested-column-0 fusion_builder_column_inner_1_2 1_2 fusion-flex-column\"><div class=\"fusion-column-wrapper fusion-flex-justify-content-flex-start fusion-content-layout-column\" style=\"background-position:left top;background-repeat:no-repeat;-webkit-background-size:cover;-moz-background-size:cover;-o-background-size:cover;background-size:cover;padding: 0px 0px 0px 0px;\"><div class=\"fusion-text fusion-text-2\"><h2 style=\"text-align: center;\"><a class=\"fusion-one-page-text-link\" href=\"#aboutprogramme\">Prihodnost Interreg-a po letu 2027<\/a><\/h2>\n<\/div><\/div><style type=\"text\/css\">.fusion-body .fusion-builder-nested-column-0{width:50% !important;margin-top : 0px;margin-bottom : 20px;}.fusion-builder-nested-column-0 > .fusion-column-wrapper {padding-top : 0px !important;padding-right : 0px !important;margin-right : 3.84%;padding-bottom : 0px !important;padding-left : 0px !important;margin-left : 3.84%;}@media only screen and (max-width:1024px) {.fusion-body .fusion-builder-nested-column-0{width:50% !important;order : 0;}.fusion-builder-nested-column-0 > .fusion-column-wrapper {margin-right : 3.84%;margin-left : 3.84%;}}@media only screen and (max-width:640px) {.fusion-body .fusion-builder-nested-column-0{width:100% !important;order : 0;}.fusion-builder-nested-column-0 > .fusion-column-wrapper {margin-right : 1.92%;margin-left : 1.92%;}}<\/style><\/div><div class=\"fusion-layout-column fusion_builder_column_inner fusion-builder-nested-column-1 fusion_builder_column_inner_1_2 1_2 fusion-flex-column\"><div class=\"fusion-column-wrapper fusion-flex-justify-content-flex-start fusion-content-layout-column\" style=\"background-position:left top;background-repeat:no-repeat;-webkit-background-size:cover;-moz-background-size:cover;-o-background-size:cover;background-size:cover;padding: 0px 0px 0px 0px;\"><div class=\"fusion-text fusion-text-3\"><h2 style=\"text-align: center;\"><a class=\"fusion-one-page-text-link\" href=\"#programmearea\">Kako lahko vi prispevate?<\/a><\/h2>\n<\/div><\/div><style type=\"text\/css\">.fusion-body .fusion-builder-nested-column-1{width:50% !important;margin-top : 0px;margin-bottom : 20px;}.fusion-builder-nested-column-1 > .fusion-column-wrapper {padding-top : 0px !important;padding-right : 0px !important;margin-right : 3.84%;padding-bottom : 0px !important;padding-left : 0px !important;margin-left : 3.84%;}@media only screen and (max-width:1024px) {.fusion-body .fusion-builder-nested-column-1{width:50% !important;order : 0;}.fusion-builder-nested-column-1 > .fusion-column-wrapper {margin-right : 3.84%;margin-left : 3.84%;}}@media only screen and (max-width:640px) {.fusion-body .fusion-builder-nested-column-1{width:100% !important;order : 0;}.fusion-builder-nested-column-1 > .fusion-column-wrapper {margin-right : 1.92%;margin-left : 1.92%;}}<\/style><\/div><\/div><div class=\"fusion-separator fusion-full-width-sep\" style=\"align-self: center;margin-left: auto;margin-right: auto;margin-top:15px;margin-bottom:25px;width:100%;\"><div class=\"fusion-separator-border sep-single sep-solid\" style=\"border-color:#e0dede;border-top-width:1px;\"><\/div><\/div><\/div><style type=\"text\/css\">.fusion-body .fusion-builder-column-0{width:100% !important;margin-top : -40px;margin-bottom : 0px;}.fusion-builder-column-0 > .fusion-column-wrapper {padding-top : 0px !important;padding-right : 0px !important;margin-right : 1.92%;padding-bottom : 0px !important;padding-left : 0px !important;margin-left : 1.92%;}@media only screen and (max-width:1024px) {.fusion-body .fusion-builder-column-0{width:100% !important;order : 0;}.fusion-builder-column-0 > .fusion-column-wrapper {margin-right : 1.92%;margin-left : 1.92%;}}@media only screen and (max-width:640px) {.fusion-body .fusion-builder-column-0{width:100% !important;order : 0;}.fusion-builder-column-0 > .fusion-column-wrapper {margin-right : 1.92%;margin-left : 1.92%;}}<\/style><\/div><\/div><style type=\"text\/css\">.fusion-body .fusion-flex-container.fusion-builder-row-1{ padding-top : 0px;margin-top : -40;padding-right : 0px;padding-bottom : 0px;margin-bottom : 0px;padding-left : 0px;}<\/style><\/div><div id=\"aboutprogramme\"><div class=\"fusion-fullwidth fullwidth-box fusion-builder-row-2 fusion-flex-container nonhundred-percent-fullwidth non-hundred-percent-height-scrolling\" style=\"background-color: #ffffff;background-position: center center;background-repeat: no-repeat;border-width: 0px 0px 0px 0px;border-color:#eae9e9;border-style:solid;\" ><div class=\"fusion-builder-row fusion-row fusion-flex-align-items-flex-start\" style=\"max-width:1248px;margin-left: calc(-4% \/ 2 );margin-right: calc(-4% \/ 2 );\"><div class=\"fusion-layout-column fusion_builder_column fusion-builder-column-1 fusion_builder_column_1_3 1_3 fusion-flex-column\"><div class=\"fusion-column-wrapper fusion-flex-justify-content-flex-start fusion-content-layout-column\" style=\"background-position:left top;background-repeat:no-repeat;-webkit-background-size:cover;-moz-background-size:cover;-o-background-size:cover;background-size:cover;padding: 0px 0px 0px 0px;\"><div ><span class=\" fusion-imageframe imageframe-none imageframe-1 hover-type-none\"><\/span><\/div><div ><span class=\" fusion-imageframe imageframe-none imageframe-2 hover-type-none\"><\/span><\/div><div class=\"fusion-text fusion-text-4\"><\/div><div class=\"fusion-text fusion-text-5\"><\/div><div ><span class=\" fusion-imageframe imageframe-none imageframe-3 hover-type-none\"><img decoding=\"async\" width=\"600\" height=\"400\" title=\"student-849822_1280\" src=\"http:\/\/www.si-hr.eu\/2127\/wp-content\/uploads\/sites\/103\/2024\/08\/student-849822_1280-1-600x400.jpg\" class=\"img-responsive wp-image-6266\" srcset=\"http:\/\/www.si-hr.eu\/2127\/wp-content\/uploads\/sites\/103\/2024\/08\/student-849822_1280-1-200x133.jpg 200w, http:\/\/www.si-hr.eu\/2127\/wp-content\/uploads\/sites\/103\/2024\/08\/student-849822_1280-1-400x267.jpg 400w, http:\/\/www.si-hr.eu\/2127\/wp-content\/uploads\/sites\/103\/2024\/08\/student-849822_1280-1-600x400.jpg 600w, http:\/\/www.si-hr.eu\/2127\/wp-content\/uploads\/sites\/103\/2024\/08\/student-849822_1280-1-800x533.jpg 800w, http:\/\/www.si-hr.eu\/2127\/wp-content\/uploads\/sites\/103\/2024\/08\/student-849822_1280-1-1200x800.jpg 1200w, http:\/\/www.si-hr.eu\/2127\/wp-content\/uploads\/sites\/103\/2024\/08\/student-849822_1280-1.jpg 1280w\" sizes=\"(max-width: 640px) 100vw, 400px\" \/><\/span><\/div><div ><span class=\" fusion-imageframe imageframe-none imageframe-4 hover-type-none\"><\/span><\/div><ul class=\"fusion-checklist fusion-checklist-1\" style=\"font-size:16px;line-height:27.2px;\"><li class=\"fusion-li-item\"><span style=\"background-color:#003399;font-size:14.08px;height:27.2px;width:27.2px;margin-right:11.2px;\" class=\"icon-wrapper circle-yes\"><i class=\"fusion-li-icon fa-arrow-circle-right fas\" style=\"color:#ffffff;\" aria-hidden=\"true\"><\/i><\/span><div class=\"fusion-li-item-content\" style=\"margin-left:38.4px;\">\n<p><a href=\"https:\/\/ec.europa.eu\/regional_policy\/policy\/how\/future-cohesion-policy_en?etrans=sl\"><strong>Prihodnost kohezijske politike<\/strong><\/a><\/p>\n<\/div><\/li><li class=\"fusion-li-item\"><span style=\"background-color:#003399;font-size:14.08px;height:27.2px;width:27.2px;margin-right:11.2px;\" class=\"icon-wrapper circle-yes\"><i class=\"fusion-li-icon fa-arrow-circle-right fas\" style=\"color:#ffffff;\" aria-hidden=\"true\"><\/i><\/span><div class=\"fusion-li-item-content\" style=\"margin-left:38.4px;\">\n<div class=\"fusion-li-item-content\">\n<p><a href=\"https:\/\/ec.europa.eu\/regional_policy\/sources\/reports\/2025\/Post2027_Interreg_Harvesting_report.pdf\"><strong>Poro\u010dilo o rezultatih posvetovanj o Interregu po letu 2027:&nbsp;<\/strong><strong>Mnenja in prispevki dele\u017enikov, dr\u017eavljanov in programov<\/strong><\/a><\/p>\n<\/div>\n<\/div><\/li><\/ul><\/div><style type=\"text\/css\">.fusion-body .fusion-builder-column-1{width:33.333333333333% !important;margin-top : 0px;margin-bottom : 20px;}.fusion-builder-column-1 > .fusion-column-wrapper {padding-top : 0px !important;padding-right : 0px !important;margin-right : 5.76%;padding-bottom : 0px !important;padding-left : 0px !important;margin-left : 5.76%;}@media only screen and (max-width:1024px) {.fusion-body .fusion-builder-column-1{width:33.333333333333% !important;order : 0;}.fusion-builder-column-1 > .fusion-column-wrapper {margin-right : 5.76%;margin-left : 5.76%;}}@media only screen and (max-width:640px) {.fusion-body .fusion-builder-column-1{width:100% !important;order : 0;}.fusion-builder-column-1 > .fusion-column-wrapper {margin-right : 1.92%;margin-left : 1.92%;}}<\/style><\/div><div class=\"fusion-layout-column fusion_builder_column fusion-builder-column-2 fusion_builder_column_2_3 2_3 fusion-flex-column\"><div class=\"fusion-column-wrapper fusion-flex-justify-content-flex-start fusion-content-layout-column\" style=\"background-position:left top;background-repeat:no-repeat;-webkit-background-size:cover;-moz-background-size:cover;-o-background-size:cover;background-size:cover;padding: 0px 0px 0px 0px;\"><div class=\"fusion-text fusion-text-6\"><p>V prostoru Evropske unije&nbsp;<strong>poteka javno posvetovanje o prihodnji kohezijski politiki.<\/strong>&nbsp;Interreg je pomemben in edinstven del kohezijske politike, za katerega so zna\u010dilna \u010dezmejna partnerstva, ki podpirajo projekte sodelovanja in krepijo zaupanje.<\/p>\n<p>&nbsp;<\/p>\n<p>Programi Interreg smo bili pozvani, da se v letu 2024 posvetujemo s svojimi dele\u017eniki, upravi\u010denci in dr\u017eavljani o prihodnosti Interreg-a.&nbsp;<strong>Cilj posvetovanja<\/strong> je ugotoviti, katere so glavne ovire za sodelovanje, pri katerih temah je sodelovanje bolj potrebno in kak\u0161ne novosti bi si \u017eeleli v prihodnosti. <strong>Smo del tega procesa<\/strong>&nbsp;in aktivnosti za obdobje po 2027 \u017ee potekajo. Da bi zbrali mnenja, predloge in razmi\u0161ljanja, bomo izvedli dvojni posvetovalni postopek, ki bo vklju\u010deval:<\/p>\n<ul>\n<li><strong>zainteresirane dele\u017enike:&nbsp;<\/strong>vklju\u010dno z lokalnimi skupnostmi, programskimi strukturami, upravi\u010denci (nekdanjimi in sedanjimi) in potencialnimi upravi\u010denci, pri \u010demer bomo uporabili njihovo strokovno znanje in pretekle izku\u0161nje,<\/li>\n<li><strong>dr\u017eavljane<\/strong>, ki \u017eivijo na programskem obmo\u010dju.<\/li>\n<\/ul>\n<p>&nbsp;<\/p>\n<p>Po zaklju\u010denem zbiranju povratnih informacij bo DG REGIO pripravil predloge za Interreg uredbe in programe za obdobje po letu 2027.<\/p>\n<p>Va\u0161e sodelovanje je izredno pomembno pri oblikovanju prihodnosti Interreg programov po letu 2027. Prihodnji&nbsp;<strong>prora\u010dun EU za obdobje 2028-2034<\/strong>&nbsp;se bo predvidoma soo\u010dal z velikimi izzivi, zato je va\u0161 prispevek nujno potreben za zagotovitev nadaljevanja obstoja in u\u010dinkovitosti Interreg programov.<\/p>\n<\/div><\/div><style type=\"text\/css\">.fusion-body .fusion-builder-column-2{width:66.666666666667% !important;margin-top : 0px;margin-bottom : 20px;}.fusion-builder-column-2 > .fusion-column-wrapper {padding-top : 0px !important;padding-right : 0px !important;margin-right : 2.88%;padding-bottom : 0px !important;padding-left : 0px !important;margin-left : 2.88%;}@media only screen and (max-width:1024px) {.fusion-body .fusion-builder-column-2{width:66.666666666667% !important;order : 0;}.fusion-builder-column-2 > .fusion-column-wrapper {margin-right : 2.88%;margin-left : 2.88%;}}@media only screen and (max-width:640px) {.fusion-body .fusion-builder-column-2{width:100% !important;order : 0;}.fusion-builder-column-2 > .fusion-column-wrapper {margin-right : 1.92%;margin-left : 1.92%;}}<\/style><\/div><div class=\"fusion-layout-column fusion_builder_column fusion-builder-column-3 fusion_builder_column_1_1 1_1 fusion-flex-column\"><div class=\"fusion-column-wrapper fusion-flex-justify-content-flex-start fusion-content-layout-column\" style=\"background-position:left top;background-repeat:no-repeat;-webkit-background-size:cover;-moz-background-size:cover;-o-background-size:cover;background-size:cover;padding: 0px 0px 0px 0px;\"><div class=\"fusion-separator fusion-full-width-sep\" style=\"align-self: center;margin-left: auto;margin-right: auto;width:100%;\"><div class=\"fusion-separator-border sep-single sep-solid\" style=\"border-color:#e0dede;border-top-width:1px;\"><\/div><\/div><\/div><style type=\"text\/css\">.fusion-body .fusion-builder-column-3{width:100% !important;margin-top : 0px;margin-bottom : 20px;}.fusion-builder-column-3 > .fusion-column-wrapper {padding-top : 0px !important;padding-right : 0px !important;margin-right : 1.92%;padding-bottom : 0px !important;padding-left : 0px !important;margin-left : 1.92%;}@media only screen and (max-width:1024px) {.fusion-body .fusion-builder-column-3{width:100% !important;order : 0;}.fusion-builder-column-3 > .fusion-column-wrapper {margin-right : 1.92%;margin-left : 1.92%;}}@media only screen and (max-width:640px) {.fusion-body .fusion-builder-column-3{width:100% !important;order : 0;}.fusion-builder-column-3 > .fusion-column-wrapper {margin-right : 1.92%;margin-left : 1.92%;}}<\/style><\/div><\/div><style type=\"text\/css\">.fusion-body .fusion-flex-container.fusion-builder-row-2{ padding-top : 30px;margin-top : 0px;padding-right : 0px;padding-bottom : 0px;margin-bottom : 0px;padding-left : 0px;}<\/style><\/div><\/div><div id=\"programmearea\"><div class=\"fusion-fullwidth fullwidth-box fusion-builder-row-3 fusion-flex-container nonhundred-percent-fullwidth non-hundred-percent-height-scrolling\" style=\"background-color: #ffffff;background-position: center center;background-repeat: no-repeat;border-width: 0px 0px 0px 0px;border-color:#eae9e9;border-style:solid;\" ><div class=\"fusion-builder-row fusion-row fusion-flex-align-items-flex-start\" style=\"max-width:1248px;margin-left: calc(-4% \/ 2 );margin-right: calc(-4% \/ 2 );\"><div class=\"fusion-layout-column fusion_builder_column fusion-builder-column-4 fusion_builder_column_1_2 1_2 fusion-flex-column\"><div class=\"fusion-column-wrapper fusion-flex-justify-content-flex-start fusion-content-layout-column\" style=\"background-position:left top;background-repeat:no-repeat;-webkit-background-size:cover;-moz-background-size:cover;-o-background-size:cover;background-size:cover;padding: 0px 0px 0px 0px;\"><style type=\"text\/css\">@media only screen and (max-width:1024px) {.fusion-title.fusion-title-1{margin-top:10px!important; margin-right:0px!important;margin-bottom:15px!important;margin-left:0px!important;}}@media only screen and (max-width:640px) {.fusion-title.fusion-title-1{margin-top:10px!important; margin-right:0px!important;margin-bottom:10px!important; margin-left:0px!important;}}<\/style><div class=\"fusion-title title fusion-title-1 fusion-sep-none fusion-title-text fusion-title-size-one\" style=\"margin-top:10px;margin-right:0px;margin-bottom:15px;margin-left:0px;\"><h1 class=\"title-heading-left\" style=\"margin:0;\"><strong>Kako lahko vi prispevate?<\/strong><\/h1><\/div><div class=\"fusion-text fusion-text-7\"><p><strong>Va\u0161e mnenje \u0161teje! Pridru\u017eite se javnemu posvetovanju o prihodnosti ve\u010dletnega finan\u010dnega okvira EU<\/strong><\/p>\n<p>&nbsp;<\/p>\n<p>Evropska komisija je spro\u017eila vrsto javnih posvetovanj o prihodnosti ve\u010dletnega finan\u010dnega okvira (MFF). \u010ceprav je skupnost Interreg v zadnjem letu \u017ee intenzivno vklju\u010devala vse dele\u017enike v razpravo o prihodnosti programa Interreg, je klju\u010dno, da se Interreg programi in akterji odzovemo tudi na to uradno javno posvetovanje.<\/p>\n<p>&nbsp;<\/p>\n<p><strong>Posvetovanje je odprto do 6. maja 2025.<\/strong> Povezava do javnega posvetovanja: <a href=\"https:\/\/commission.europa.eu\/news\/you-can-now-take-part-shaping-next-eu-long-term-budget-2025-02-12_en\">https:\/\/commission.europa.eu\/news\/you-can-now-take-part-shaping-next-eu-long-term-budget-2025-02-12_en<\/a><\/p>\n<p>&nbsp;<\/p>\n<p>Lahko pa uporabite tudi neposredno povezavo do dela posvetovanja, ki obravnava deljeno upravljanje in kohezijsko politiko: <a href=\"https:\/\/ec.europa.eu\/info\/law\/better-regulation\/have-your-say\/initiatives\/14520-EU-s-next-long-term-budget-MFF-implementing-EU-funding-with-Member-States-and-regions\/public-consultation_en\">https:\/\/ec.europa.eu\/info\/law\/better-regulation\/have-your-say\/initiatives\/14520-EU-s-next-long-term-budget-MFF-implementing-EU-funding-with-Member-States-and-regions\/public-consultation_en<\/a><\/p>\n<p>&nbsp;<\/p>\n<p><strong>Vabljeni k sodelovanju in soustvarjanju prihodnosti evropskega financiranja!<\/strong><\/p>\n<\/div><div class=\"fusion-text fusion-text-8\"><p>-----------------------------------------------------------------------------------------------------------------------------------------------------------------------------------------------<\/p>\n<\/div><div class=\"fusion-text fusion-text-9\"><p>&nbsp;<\/p>\n<p>Program je pripravil dva vpra\u0161alnika:<\/p>\n<ul>\n<li><a href=\"https:\/\/ec.europa.eu\/eusurvey\/runner\/Survey_stakeholders_consultations_IP_SI-HR_post_2027\"><strong>Vpra\u0161alnik za zainteresirane dele\u017enike<\/strong><\/a><\/li>\n<li><a href=\"https:\/\/ec.europa.eu\/eusurvey\/runner\/Survey_general_public_consultations_Interreg_Programme_SI-HR_post_2027\"><strong>Vpra\u0161alnik za dr\u017eavljane<\/strong><\/a><\/li>\n<\/ul>\n<p>&nbsp;<\/p>\n<p>Oba vpra\u0161alnika sta bila anonimna, gostovala sta v orodju EUSurvey Evropske komisije in sta bila v celoti skladna z uredbo o varovanju osebnih podatkov (GDPR). Za la\u017eje sodelovanje sta bila na voljo v slovenskem in hrva\u0161kem jeziku.<\/p>\n<p><strong>Javno posvetovanje je potekalo od 8. avgusta do 30. septembra 2024.<\/strong><\/p>\n<p>Na osnovi va\u0161ega mnenja smo do 31. decembra 2024 na Evropsko komisijo posredovali poro\u010dilo, s \u010dimer smo zagotovili, da bo va\u0161 glas prispeval k oblikovanju prihodnosti programov Interreg.<\/p>\n<p>&nbsp;<\/p>\n<p><strong>Poro\u010dilo si lahko ogledate <a href=\"http:\/\/www.si-hr.eu\/2127\/download\/Report-on-public-consultations_SI-HR_19-12-2024_final.pdf\">TUKAJ<\/a>.<\/strong><\/p>\n<p><a href=\"http:\/\/www.si-hr.eu\/2127\/download\/Report-on-public-consultations_SI-HR_19-12-2024_final.pdf\"><img decoding=\"async\" class=\"size-medium wp-image-9217 aligncenter\" src=\"http:\/\/www.si-hr.eu\/2127\/wp-content\/uploads\/sites\/103\/2025\/01\/summary-214x300.png\" alt=\"\" width=\"214\" height=\"300\" srcset=\"http:\/\/www.si-hr.eu\/2127\/wp-content\/uploads\/sites\/103\/2025\/01\/summary-200x281.png 200w, http:\/\/www.si-hr.eu\/2127\/wp-content\/uploads\/sites\/103\/2025\/01\/summary-214x300.png 214w, http:\/\/www.si-hr.eu\/2127\/wp-content\/uploads\/sites\/103\/2025\/01\/summary-400x561.png 400w, http:\/\/www.si-hr.eu\/2127\/wp-content\/uploads\/sites\/103\/2025\/01\/summary.png 449w\" sizes=\"(max-width: 214px) 100vw, 214px\" \/><\/a><\/p>\n<p>&nbsp;<\/p>\n<p><strong>Ve\u010d o Oblikujmo kohezijsko politiko 2027+ s strani Ministrstva za kohezijo in regionalni razvoj si lahko ogledate <\/strong><a href=\"https:\/\/evropskasredstva.si\/evropska-sredstva-po-letu-2027\/\"><strong>TUKAJ<\/strong><\/a><\/p>\n<p><a href=\"https:\/\/evropskasredstva.si\/evropska-sredstva-po-letu-2027\/\"><img decoding=\"async\" class=\"size-medium wp-image-9213 aligncenter\" src=\"http:\/\/www.si-hr.eu\/2127\/wp-content\/uploads\/sites\/103\/2025\/01\/cover_2027-300x112.png\" alt=\"\" width=\"300\" height=\"112\" srcset=\"http:\/\/www.si-hr.eu\/2127\/wp-content\/uploads\/sites\/103\/2025\/01\/cover_2027-200x74.png 200w, http:\/\/www.si-hr.eu\/2127\/wp-content\/uploads\/sites\/103\/2025\/01\/cover_2027-300x112.png 300w, http:\/\/www.si-hr.eu\/2127\/wp-content\/uploads\/sites\/103\/2025\/01\/cover_2027-400x149.png 400w, http:\/\/www.si-hr.eu\/2127\/wp-content\/uploads\/sites\/103\/2025\/01\/cover_2027-600x223.png 600w, http:\/\/www.si-hr.eu\/2127\/wp-content\/uploads\/sites\/103\/2025\/01\/cover_2027-768x286.png 768w, http:\/\/www.si-hr.eu\/2127\/wp-content\/uploads\/sites\/103\/2025\/01\/cover_2027-800x298.png 800w, http:\/\/www.si-hr.eu\/2127\/wp-content\/uploads\/sites\/103\/2025\/01\/cover_2027-1024x381.png 1024w, http:\/\/www.si-hr.eu\/2127\/wp-content\/uploads\/sites\/103\/2025\/01\/cover_2027-1200x447.png 1200w, http:\/\/www.si-hr.eu\/2127\/wp-content\/uploads\/sites\/103\/2025\/01\/cover_2027.png 1451w\" sizes=\"(max-width: 300px) 100vw, 300px\" \/><\/a><\/p>\n<p>&nbsp;<\/p>\n<\/div><\/div><style type=\"text\/css\">.fusion-body .fusion-builder-column-4{width:50% !important;margin-top : 0px;margin-bottom : 20px;}.fusion-builder-column-4 > .fusion-column-wrapper {padding-top : 0px !important;padding-right : 0px !important;margin-right : 3.84%;padding-bottom : 0px !important;padding-left : 0px !important;margin-left : 3.84%;}@media only screen and (max-width:1024px) {.fusion-body .fusion-builder-column-4{width:50% !important;order : 0;}.fusion-builder-column-4 > .fusion-column-wrapper {margin-right : 3.84%;margin-left : 3.84%;}}@media only screen and (max-width:640px) {.fusion-body .fusion-builder-column-4{width:100% !important;order : 0;}.fusion-builder-column-4 > .fusion-column-wrapper {margin-right : 1.92%;margin-left : 1.92%;}}<\/style><\/div><div class=\"fusion-layout-column fusion_builder_column fusion-builder-column-5 fusion_builder_column_1_2 1_2 fusion-flex-column\"><div class=\"fusion-column-wrapper fusion-flex-justify-content-flex-start fusion-content-layout-column\" style=\"background-position:left top;background-repeat:no-repeat;-webkit-background-size:cover;-moz-background-size:cover;-o-background-size:cover;background-size:cover;padding: 0px 0px 0px 0px;\"><div ><span class=\" fusion-imageframe imageframe-none imageframe-5 hover-type-none\"><img decoding=\"async\" width=\"600\" height=\"600\" title=\"checklist-1622517_1280\" src=\"http:\/\/www.si-hr.eu\/2127\/wp-content\/uploads\/sites\/103\/2024\/08\/checklist-1622517_1280-1-600x600.png\" class=\"img-responsive wp-image-6269\" srcset=\"http:\/\/www.si-hr.eu\/2127\/wp-content\/uploads\/sites\/103\/2024\/08\/checklist-1622517_1280-1-200x200.png 200w, http:\/\/www.si-hr.eu\/2127\/wp-content\/uploads\/sites\/103\/2024\/08\/checklist-1622517_1280-1-400x400.png 400w, http:\/\/www.si-hr.eu\/2127\/wp-content\/uploads\/sites\/103\/2024\/08\/checklist-1622517_1280-1-600x600.png 600w, http:\/\/www.si-hr.eu\/2127\/wp-content\/uploads\/sites\/103\/2024\/08\/checklist-1622517_1280-1-800x800.png 800w, http:\/\/www.si-hr.eu\/2127\/wp-content\/uploads\/sites\/103\/2024\/08\/checklist-1622517_1280-1-1200x1200.png 1200w, http:\/\/www.si-hr.eu\/2127\/wp-content\/uploads\/sites\/103\/2024\/08\/checklist-1622517_1280-1.png 1280w\" sizes=\"(max-width: 640px) 100vw, 600px\" \/><\/span><\/div><\/div><style type=\"text\/css\">.fusion-body .fusion-builder-column-5{width:50% !important;margin-top : 0px;margin-bottom : 20px;}.fusion-builder-column-5 > .fusion-column-wrapper {padding-top : 0px !important;padding-right : 0px !important;margin-right : 3.84%;padding-bottom : 0px !important;padding-left : 0px !important;margin-left : 3.84%;}@media only screen and (max-width:1024px) {.fusion-body .fusion-builder-column-5{width:50% !important;order : 0;}.fusion-builder-column-5 > .fusion-column-wrapper {margin-right : 3.84%;margin-left : 3.84%;}}@media only screen and (max-width:640px) {.fusion-body .fusion-builder-column-5{width:100% !important;order : 0;}.fusion-builder-column-5 > .fusion-column-wrapper {margin-right : 1.92%;margin-left : 1.92%;}}<\/style><\/div><\/div><style type=\"text\/css\">.fusion-body .fusion-flex-container.fusion-builder-row-3{ padding-top : 30px;margin-top : 0px;padding-right : 0px;padding-bottom : 30px;margin-bottom : 0px;padding-left : 0px;}<\/style><\/div><\/div><\/p>\n","protected":false},"excerpt":{"rendered":"","protected":false},"author":18,"featured_media":0,"parent":0,"menu_order":0,"comment_status":"closed","ping_status":"closed","template":"100-width.php","meta":{"ngg_post_thumbnail":0},"acf":[],"_links":{"self":[{"href":"http:\/\/www.si-hr.eu\/2127\/sl\/wp-json\/wp\/v2\/pages\/6283"}],"collection":[{"href":"http:\/\/www.si-hr.eu\/2127\/sl\/wp-json\/wp\/v2\/pages"}],"about":[{"href":"http:\/\/www.si-hr.eu\/2127\/sl\/wp-json\/wp\/v2\/types\/page"}],"author":[{"embeddable":true,"href":"http:\/\/www.si-hr.eu\/2127\/sl\/wp-json\/wp\/v2\/users\/18"}],"replies":[{"embeddable":true,"href":"http:\/\/www.si-hr.eu\/2127\/sl\/wp-json\/wp\/v2\/comments?post=6283"}],"version-history":[{"count":12,"href":"http:\/\/www.si-hr.eu\/2127\/sl\/wp-json\/wp\/v2\/pages\/6283\/revisions"}],"predecessor-version":[{"id":12771,"href":"http:\/\/www.si-hr.eu\/2127\/sl\/wp-json\/wp\/v2\/pages\/6283\/revisions\/12771"}],"wp:attachment":[{"href":"http:\/\/www.si-hr.eu\/2127\/sl\/wp-json\/wp\/v2\/media?parent=6283"}],"curies":[{"name":"wp","href":"https:\/\/api.w.org\/{rel}","templated":true}]}}