{"id":110,"date":"2015-09-18T21:01:20","date_gmt":"2015-09-18T20:01:20","guid":{"rendered":"http:\/\/84.39.218.255\/wp-content\/uploads\/2015\/09\/en\/?page_id=110"},"modified":"2015-09-18T21:01:20","modified_gmt":"2015-09-18T20:01:20","slug":"info-events","status":"publish","type":"page","link":"http:\/\/www.si-hr.eu\/en\/open-calls\/2nd-call-for-proposals\/info-events\/","title":{"rendered":"Info &#8211; Events"},"content":{"rendered":"<p>Here you can find all information related to info \u2013 Events and workshops, which are related to the 2nd Call for Proposals OP IPA SI-HR 2007-2013.<\/p>\n<p>For detailed information regarding info \u2013 Events and workshops click on the following headlines:<\/p>\n<p>INDIVIDUAL CONSULTATIONS FOR PREPARING THE PROJECT PROPOSALS<\/p>\n<p>INFORMATIVE WORKSHOPS FOR APPLICANTS IN THE FRAME OF 2ND CALL FOR PROPOSALS. For further information regarding these workshops click on the following:<br \/>\n&#8211; Presentations and photographs of workshops in Dobrna and Postojna<br \/>\n&#8211; Presentations and photographs of workshops in Vara\u017edin and Rijeka<\/p>\n<p>MINISTERS GJERKE\u0160 AND PANKRETI\u0106 MET IN POD\u010cETRTEK (SLOVENIA), 19 APRIL 2010<\/p>\n<p>2nd CALL FOR PROPOSALS PUBLISHED ON 16 APRIL 2010<\/p>\n<p>ANNOUNCEMENT OF THE 2nd CALL FOR PROPOSALS &#8211; OP IPA SLOVENIA- CROATIA 2007-2013<\/p>\n","protected":false},"excerpt":{"rendered":"<p>Here you can find all information related to info \u2013 Events and workshops, which are related to the 2nd Call for Proposals OP IPA SI-HR 2007-2013. For detailed information regarding &hellip; <a href=\"http:\/\/www.si-hr.eu\/en\/open-calls\/2nd-call-for-proposals\/info-events\/\" class=\"more-link\">Preberi ve\u010d <span class=\"screen-reader-text\">Info &#8211; Events<\/span> <span class=\"meta-nav\">&rarr;<\/span><\/a><\/p>\n","protected":false},"author":1,"featured_media":0,"parent":108,"menu_order":0,"comment_status":"closed","ping_status":"closed","template":"","meta":{"ngg_post_thumbnail":0},"acf":[],"_links":{"self":[{"href":"http:\/\/www.si-hr.eu\/en\/wp-json\/wp\/v2\/pages\/110"}],"collection":[{"href":"http:\/\/www.si-hr.eu\/en\/wp-json\/wp\/v2\/pages"}],"about":[{"href":"http:\/\/www.si-hr.eu\/en\/wp-json\/wp\/v2\/types\/page"}],"author":[{"embeddable":true,"href":"http:\/\/www.si-hr.eu\/en\/wp-json\/wp\/v2\/users\/1"}],"replies":[{"embeddable":true,"href":"http:\/\/www.si-hr.eu\/en\/wp-json\/wp\/v2\/comments?post=110"}],"version-history":[{"count":1,"href":"http:\/\/www.si-hr.eu\/en\/wp-json\/wp\/v2\/pages\/110\/revisions"}],"predecessor-version":[{"id":111,"href":"http:\/\/www.si-hr.eu\/en\/wp-json\/wp\/v2\/pages\/110\/revisions\/111"}],"up":[{"embeddable":true,"href":"http:\/\/www.si-hr.eu\/en\/wp-json\/wp\/v2\/pages\/108"}],"wp:attachment":[{"href":"http:\/\/www.si-hr.eu\/en\/wp-json\/wp\/v2\/media?parent=110"}],"curies":[{"name":"wp","href":"https:\/\/api.w.org\/{rel}","templated":true}]}}