{"id":229,"date":"2015-09-24T09:21:12","date_gmt":"2015-09-24T08:21:12","guid":{"rendered":"http:\/\/84.39.218.255\/en\/?page_id=229"},"modified":"2015-09-24T09:21:12","modified_gmt":"2015-09-24T08:21:12","slug":"reporting-workshops","status":"publish","type":"page","link":"http:\/\/www.si-hr.eu\/en\/gallery\/reporting-workshops\/","title":{"rendered":"Reporting Workshops"},"content":{"rendered":"<p>Here you can find pictures from the Reporting Workshops in Ptuj (2.6.2011) and Mo\u0161\u0107eni\u010dka Draga<br \/>\n(31.5.2011).<\/p>\n","protected":false},"excerpt":{"rendered":"<p>Here you can find pictures from the Reporting Workshops in Ptuj (2.6.2011) and Mo\u0161\u0107eni\u010dka Draga (31.5.2011).<\/p>\n","protected":false},"author":1,"featured_media":0,"parent":221,"menu_order":0,"comment_status":"closed","ping_status":"closed","template":"","meta":{"ngg_post_thumbnail":0},"acf":[],"_links":{"self":[{"href":"http:\/\/www.si-hr.eu\/en\/wp-json\/wp\/v2\/pages\/229"}],"collection":[{"href":"http:\/\/www.si-hr.eu\/en\/wp-json\/wp\/v2\/pages"}],"about":[{"href":"http:\/\/www.si-hr.eu\/en\/wp-json\/wp\/v2\/types\/page"}],"author":[{"embeddable":true,"href":"http:\/\/www.si-hr.eu\/en\/wp-json\/wp\/v2\/users\/1"}],"replies":[{"embeddable":true,"href":"http:\/\/www.si-hr.eu\/en\/wp-json\/wp\/v2\/comments?post=229"}],"version-history":[{"count":1,"href":"http:\/\/www.si-hr.eu\/en\/wp-json\/wp\/v2\/pages\/229\/revisions"}],"predecessor-version":[{"id":230,"href":"http:\/\/www.si-hr.eu\/en\/wp-json\/wp\/v2\/pages\/229\/revisions\/230"}],"up":[{"embeddable":true,"href":"http:\/\/www.si-hr.eu\/en\/wp-json\/wp\/v2\/pages\/221"}],"wp:attachment":[{"href":"http:\/\/www.si-hr.eu\/en\/wp-json\/wp\/v2\/media?parent=229"}],"curies":[{"name":"wp","href":"https:\/\/api.w.org\/{rel}","templated":true}]}}