{"id":33,"date":"2015-09-18T20:28:36","date_gmt":"2015-09-18T19:28:36","guid":{"rendered":"http:\/\/84.39.218.255\/wp-content\/uploads\/2015\/09\/en\/?page_id=33"},"modified":"2016-07-11T08:47:34","modified_gmt":"2016-07-11T07:47:34","slug":"nacional-control-first-level-control","status":"publish","type":"page","link":"http:\/\/www.si-hr.eu\/en\/about-us\/contact\/nacional-control-first-level-control\/","title":{"rendered":"Nacional Control (First Level Control)"},"content":{"rendered":"<p><b><em>National Controlers in Croatia:<\/em><br \/>\nMinistry of Regional Development and EU Funds<\/b><br \/>\nRa\u010dkoga 6, 10000 Zagreb<\/p>\n<p><b>Perica Gabri\u0107<br \/>\n<\/b>E-mail: <b><span id=\"eeEncEmail_DdHDAP63rv\"><a href=\"mailto:perica.gabric@mrrfeu.hr\">perica.gabric@mrrfeu.hr<\/a><\/span><\/b><br \/>\nTel.: +385 (0)1 6391 984<br \/>\n<b><span id=\"eeEncEmail_DdHDAP63rv\"><\/span><\/b><\/p>\n<p><b>Ines Spudi\u0107<br \/>\n<\/b>E-mail: <strong><span id=\"eeEncEmail_VE7IBwDtt2\"><a href=\"mailto:ines.spudic@arr.hr\">ines.spudic@arr.hr<\/a><\/span><\/strong><br \/>\nTel.: +385 (0)1 6391 903<br \/>\n<span id=\"eeEncEmail_VE7IBwDtt2\"><\/span><\/p>\n<p><b>Neven Vajnaht<br \/>\n<\/b>E-mail: <strong><span id=\"eeEncEmail_VE7IBwDtt2\"><a href=\"mailto:ines.spudic@arr.hr\">neven.vajnaht@arr.hr<\/a><\/span><\/strong><br \/>\nTel.: +385 (0)1 4812\u00a0408<\/p>\n<p><b>Natalija Pej\u010dinovi\u0107<br \/>\n<\/b>E-mail: <strong><span id=\"eeEncEmail_VE7IBwDtt2\"><a href=\"mailto:ines.spudic@arr.hr\">natalija.pejcinovic@arr.hr<\/a><\/span><\/strong><br \/>\nTel.: +385 (0)1 4812\u00a0413<br \/>\n<span id=\"eeEncEmail_VE7IBwDtt2\"><\/span><\/p>\n<p><b>Sandro Snovak<br \/>\n<\/b>E-mail: <strong><span id=\"eeEncEmail_VE7IBwDtt2\"><a href=\"mailto:ines.spudic@arr.hr\">sandro.snovak@arr.hr<\/a><\/span><\/strong><br \/>\nTel.: +385 (0)1 6391 473<\/p>\n<p><b><em>National Controlers in Slovenia:<\/em><br \/>\nRepublic of Slovenia<br \/>\nGovernment office for Development and European Cohesion policy<\/b><br \/>\nSektor za kontrolo &#8211; programi ETS, IPA in MFM<br \/>\nKotnikova 5, 1000 Ljubljana<\/p>\n<p><b>Anton Pavlin<\/b><br \/>\nTel.: +386 (0)1 400 3421<br \/>\nE-mail:<b> <span id=\"eeEncEmail_wT5fYLyPaF\"><a href=\"mailto:anton.pavlin@gov.si\">anton.pavlin@gov.si<\/a><\/span><br \/>\n<\/b><a href=\"https:\/\/www.svrk.gov.si\/\">https:\/\/www.svrk.gov.si<\/a><\/p>\n<p>Jadranka Daneva<br \/>\nTel.: +386 (0)1 400 3644<br \/>\nE-mail:<b> <span id=\"eeEncEmail_BC80Uf6FqO\"><a href=\"mailto:jadranka.daneva@gov.si\">jadranka.daneva@gov.si<\/a><\/span><br \/>\n<\/b><a href=\"https:\/\/www.svrk.gov.si\/\">https:\/\/www.svrk.gov.si<\/a><\/p>\n","protected":false},"excerpt":{"rendered":"<p>National Controlers in Croatia: Ministry of Regional Development and EU Funds Ra\u010dkoga 6, 10000 Zagreb Perica Gabri\u0107 E-mail: perica.gabric@mrrfeu.hr Tel.: +385 (0)1 6391 984 Ines Spudi\u0107 E-mail: ines.spudic@arr.hr Tel.: +385 &hellip; <a href=\"http:\/\/www.si-hr.eu\/en\/about-us\/contact\/nacional-control-first-level-control\/\" class=\"more-link\">Preberi ve\u010d <span class=\"screen-reader-text\">Nacional Control (First Level Control)<\/span> <span class=\"meta-nav\">&rarr;<\/span><\/a><\/p>\n","protected":false},"author":1,"featured_media":0,"parent":27,"menu_order":0,"comment_status":"closed","ping_status":"closed","template":"","meta":{"ngg_post_thumbnail":0},"acf":[],"_links":{"self":[{"href":"http:\/\/www.si-hr.eu\/en\/wp-json\/wp\/v2\/pages\/33"}],"collection":[{"href":"http:\/\/www.si-hr.eu\/en\/wp-json\/wp\/v2\/pages"}],"about":[{"href":"http:\/\/www.si-hr.eu\/en\/wp-json\/wp\/v2\/types\/page"}],"author":[{"embeddable":true,"href":"http:\/\/www.si-hr.eu\/en\/wp-json\/wp\/v2\/users\/1"}],"replies":[{"embeddable":true,"href":"http:\/\/www.si-hr.eu\/en\/wp-json\/wp\/v2\/comments?post=33"}],"version-history":[{"count":2,"href":"http:\/\/www.si-hr.eu\/en\/wp-json\/wp\/v2\/pages\/33\/revisions"}],"predecessor-version":[{"id":563,"href":"http:\/\/www.si-hr.eu\/en\/wp-json\/wp\/v2\/pages\/33\/revisions\/563"}],"up":[{"embeddable":true,"href":"http:\/\/www.si-hr.eu\/en\/wp-json\/wp\/v2\/pages\/27"}],"wp:attachment":[{"href":"http:\/\/www.si-hr.eu\/en\/wp-json\/wp\/v2\/media?parent=33"}],"curies":[{"name":"wp","href":"https:\/\/api.w.org\/{rel}","templated":true}]}}