{"id":125,"date":"2015-10-03T14:51:31","date_gmt":"2015-10-03T13:51:31","guid":{"rendered":"http:\/\/84.39.218.252\/en2\/?page_id=125"},"modified":"2022-11-29T09:10:09","modified_gmt":"2022-11-29T08:10:09","slug":"monitoring-committee","status":"publish","type":"page","link":"http:\/\/www.si-hr.eu\/en2\/about-us\/monitoring-committee\/","title":{"rendered":"Monitoring Committee"},"content":{"rendered":"<div id='layer_slider_1'  class='avia-layerslider main_color avia-shadow  avia-builder-el-0  el_before_av_one_full  avia-builder-el-first  container_wrap sidebar_right'  style='height: 251px;'  ><\/div><div id='after_layer_slider_1'  class='main_color av_default_container_wrap container_wrap sidebar_right'  ><div class='container av-section-cont-open' ><div class='template-page content  av-content-small alpha units'><div class='post-entry post-entry-type-page post-entry-125'><div class='entry-content-wrapper clearfix'>\n\n<style type=\"text\/css\" data-created_by=\"avia_inline_auto\" id=\"style-css-av-pp771-4680c291fded637f982cc17cd344f5da\">\n.flex_column.av-pp771-4680c291fded637f982cc17cd344f5da{\nborder-radius:0px 0px 0px 0px;\n-webkit-border-radius:0px 0px 0px 0px;\n-moz-border-radius:0px 0px 0px 0px;\n}\n<\/style>\n<div class='flex_column av-pp771-4680c291fded637f982cc17cd344f5da av_one_full  avia-builder-el-1  el_after_av_layerslider  el_before_av_four_fifth  avia-builder-el-first  first flex_column_div av-zero-column-padding '   ><style type=\"text\/css\" data-created_by=\"avia_inline_auto\" id=\"style-css-av-l4het-f2bab3f45f7d118776d1ff60cc8d221f\">\n#top .av-special-heading.av-l4het-f2bab3f45f7d118776d1ff60cc8d221f{\npadding-bottom:30px;\n}\nbody .av-special-heading.av-l4het-f2bab3f45f7d118776d1ff60cc8d221f .av-special-heading-tag .heading-char{\nfont-size:25px;\n}\n.av-special-heading.av-l4het-f2bab3f45f7d118776d1ff60cc8d221f .av-subheading{\nfont-size:15px;\n}\n<\/style>\n<div  class='av-special-heading av-l4het-f2bab3f45f7d118776d1ff60cc8d221f av-special-heading-h3  avia-builder-el-2  avia-builder-el-no-sibling '><h3 class='av-special-heading-tag'  itemprop=\"headline\"  >Monitoring Committee members for Cooperation Programme INTERREG V-A Slovenia &#8211; Croatia<\/h3><div class=\"special-heading-border\"><div class=\"special-heading-inner-border\"><\/div><\/div><\/div><\/div>\n\n<style type=\"text\/css\" data-created_by=\"avia_inline_auto\" id=\"style-css-av-hddzh-0743dd789766a8d00b2c05309298f5c3\">\n.flex_column.av-hddzh-0743dd789766a8d00b2c05309298f5c3{\nborder-radius:0px 0px 0px 0px;\n-webkit-border-radius:0px 0px 0px 0px;\n-moz-border-radius:0px 0px 0px 0px;\n}\n<\/style>\n<div class='flex_column av-hddzh-0743dd789766a8d00b2c05309298f5c3 av_four_fifth  avia-builder-el-3  el_after_av_one_full  avia-builder-el-last  first flex_column_div av-zero-column-padding column-top-margin'   ><section  class='av_textblock_section av-bcrdh-eb6ccf15a40e6772fa953c48cf560d02'  itemscope=\"itemscope\" itemtype=\"https:\/\/schema.org\/CreativeWork\" ><div class='avia_textblock'  itemprop=\"text\" ><table width=\"972\">\n<tbody>\n<tr>\n<td width=\"129\"><span style=\"color: #000000;\">SURNAME<\/span><\/td>\n<td width=\"186\"><span style=\"color: #000000;\">NAME<\/span><\/td>\n<td width=\"300\"><span style=\"color: #000000;\">ORGANIZATION<\/span><\/td>\n<td colspan=\"2\" width=\"357\"><span style=\"color: #000000;\">FUNCTION<\/span><\/td>\n<\/tr>\n<tr>\n<td><span style=\"color: #000080;\">Sili\u010d<\/span><\/td>\n<td><span style=\"color: #000080;\">Vesna<\/span><\/td>\n<td width=\"300\"><span style=\"color: #000080;\">Slu\u017eba Vlade RS za razvoj in evropsko kohezijsko politiko<\/span><\/td>\n<td colspan=\"2\"><span style=\"color: #000080;\">member with voting right<\/span><\/td>\n<\/tr>\n<tr>\n<td><span style=\"color: #000000;\">Krisch<\/span><\/td>\n<td><span style=\"color: #000000;\">Mojca<\/span><\/td>\n<td width=\"300\"><span style=\"color: #000000;\">Slu\u017eba Vlade RS za razvoj in evropsko kohezijsko politiko<\/span><\/td>\n<td colspan=\"2\"><span style=\"color: #000000;\">deputy member with voting right<\/span><\/td>\n<\/tr>\n<tr>\n<td><span style=\"color: #000080;\">Rener<\/span><\/td>\n<td><span style=\"color: #000080;\">Tatjana<\/span><\/td>\n<td width=\"300\"><span style=\"color: #000080;\">Slu\u017eba Vlade RS za razvoj in evropsko kohezijsko politiko<\/span><\/td>\n<td colspan=\"2\"><span style=\"color: #000080;\">member with voting right<\/span><\/td>\n<\/tr>\n<tr>\n<td><span style=\"color: #000000;\">Kuzmi\u0107<\/span><\/td>\n<td><span style=\"color: #000000;\">Dimitrij<\/span><\/td>\n<td width=\"300\"><span style=\"color: #000000;\">Slu\u017eba Vlade RS za razvoj in evropsko kohezijsko politiko<\/span><\/td>\n<td colspan=\"2\"><span style=\"color: #000000;\">deputy member with voting right<\/span><\/td>\n<\/tr>\n<tr>\n<td><span style=\"color: #000080;\">Sajko<\/span><\/td>\n<td><span style=\"color: #000080;\">Darko<\/span><\/td>\n<td width=\"300\"><span style=\"color: #000080;\">Ministrstvo za gospodarski razvoj in tehnologijo<\/span><\/td>\n<td colspan=\"2\"><span style=\"color: #000080;\">member with voting right<\/span><\/td>\n<\/tr>\n<tr>\n<td><span style=\"color: #000000;\">\u010canak<\/span><\/td>\n<td><span style=\"color: #000000;\">Sne\u017eana<\/span><\/td>\n<td width=\"300\"><span style=\"color: #000000;\">Ministrstvo za gospodarski razvoj in tehnologijo<\/span><\/td>\n<td colspan=\"2\"><span style=\"color: #000000;\">deputy member with voting right<\/span><\/td>\n<\/tr>\n<tr>\n<td><span style=\"color: #000080;\">Mar\u0161<\/span><\/td>\n<td><span style=\"color: #000080;\">Irena<\/span><\/td>\n<td width=\"300\"><span style=\"color: #000080;\">Ministrstvo za kulturo<\/span><\/td>\n<td colspan=\"2\"><span style=\"color: #000080;\">member with voting right<\/span><\/td>\n<\/tr>\n<tr>\n<td><span style=\"color: #000000;\">Bo\u0161njak<\/span><\/td>\n<td><span style=\"color: #000000;\">Mateja<\/span><\/td>\n<td width=\"300\"><span style=\"color: #000000;\">Ministrstvo za kulturo<\/span><\/td>\n<td colspan=\"2\"><span style=\"color: #000000;\">deputy member with voting right<\/span><\/td>\n<\/tr>\n<tr>\n<td><span style=\"color: #000080;\">Medved<\/span><\/td>\n<td><span style=\"color: #000080;\">Peter<\/span><\/td>\n<td width=\"300\"><span style=\"color: #000080;\">Ministrstvo za delo, dru\u017eino, socialne zadeve in enake mo\u017enosti<\/span><\/td>\n<td colspan=\"2\"><span style=\"color: #000080;\">member with voting right<\/span><\/td>\n<\/tr>\n<tr>\n<td>&nbsp;<\/td>\n<td>&nbsp;<\/td>\n<td width=\"300\"><span style=\"color: #000000;\">Ministrstvo za delo, dru\u017eino, socialne zadeve in enake mo\u017enosti<\/span><\/td>\n<td colspan=\"2\"><span style=\"color: #000000;\">deputy member with voting right<\/span><\/td>\n<\/tr>\n<tr>\n<td><span style=\"color: #000080;\">Merljak<\/span><\/td>\n<td><span style=\"color: #000080;\">Rudi<\/span><\/td>\n<td width=\"300\"><span style=\"color: #000080;\">Urad Vlade RS za Slovence v zamejstvu in po svetu<\/span><\/td>\n<td colspan=\"2\"><span style=\"color: #000080;\">member with voting right<\/span><\/td>\n<\/tr>\n<tr>\n<td>&nbsp;<\/td>\n<td>&nbsp;<\/td>\n<td width=\"300\"><span style=\"color: #000000;\">Urad Vlade RS za Slovence v zamejstvu in po svetu<\/span><\/td>\n<td colspan=\"2\"><span style=\"color: #000000;\">deputy member with voting right<\/span><\/td>\n<\/tr>\n<tr>\n<td>&nbsp;<\/td>\n<td>&nbsp;<\/td>\n<td width=\"300\"><span style=\"color: #000080;\">Ministrstvo za zunanje zadeve<\/span><\/td>\n<td colspan=\"2\"><span style=\"color: #000080;\">member in advisory capacity without voting right<\/span><\/td>\n<\/tr>\n<tr>\n<td><span style=\"color: #000000;\">Kliner<\/span><\/td>\n<td><span style=\"color: #000000;\">Kristina<\/span><\/td>\n<td width=\"300\"><span style=\"color: #000000;\">Ministrstvo za zunanje zadeve<\/span><\/td>\n<td colspan=\"2\"><span style=\"color: #000000;\">deputy member in advisory capacity without voting right<\/span><\/td>\n<\/tr>\n<tr>\n<td><span style=\"color: #000080;\">Neubauer<\/span><\/td>\n<td><span style=\"color: #000080;\">Tit<\/span><\/td>\n<td width=\"300\"><span style=\"color: #000080;\">Ministrstvo za izobra\u017eevanje, znanost in \u0161port<\/span><\/td>\n<td colspan=\"2\"><span style=\"color: #000080;\">member in advisory capacity without voting right<\/span><\/td>\n<\/tr>\n<tr>\n<td><span style=\"color: #000000;\">Pezdir<\/span><\/td>\n<td><span style=\"color: #000000;\">Tatjana<\/span><\/td>\n<td width=\"300\"><span style=\"color: #000000;\">Ministrstvo za izobra\u017eevanje, znanost in \u0161port<\/span><\/td>\n<td colspan=\"2\"><span style=\"color: #000000;\">deputy member in advisory capacity without voting right<\/span><\/td>\n<\/tr>\n<tr>\n<td><span style=\"color: #000080;\">Bibi\u010d<\/span><\/td>\n<td><span style=\"color: #000080;\">Andrej<\/span><\/td>\n<td width=\"300\"><span style=\"color: #000080;\">Ministrstvo za okolje in prostor<\/span><\/td>\n<td colspan=\"2\"><span style=\"color: #000080;\">member in advisory capacity without voting right<\/span><\/td>\n<\/tr>\n<tr>\n<td><span style=\"color: #000080;\">Baluh<\/span><\/td>\n<td><span style=\"color: #000080;\">Stanko<\/span><\/td>\n<td width=\"300\"><span style=\"color: #000080;\">Urad Vlade za narodnosti<\/span><\/td>\n<td colspan=\"2\"><span style=\"color: #000080;\">member in advisory capacity without voting right<\/span><\/td>\n<\/tr>\n<tr>\n<td><span style=\"color: #000000;\">Mamli\u0107<\/span><\/td>\n<td><span style=\"color: #000000;\">Maja<\/span><\/td>\n<td width=\"300\"><span style=\"color: #000000;\">Urad Vlade za narodnosti<\/span><\/td>\n<td colspan=\"2\"><span style=\"color: #000000;\">deputy member in advisory capacity without voting right<\/span><\/td>\n<\/tr>\n<tr>\n<td><span style=\"color: #000080;\">Hribar Mili\u010d<\/span><\/td>\n<td><span style=\"color: #000080;\">Samo<\/span><\/td>\n<td width=\"300\"><span style=\"color: #000080;\">Gospodarska zbornica Slovenije<\/span><\/td>\n<td colspan=\"2\"><span style=\"color: #000080;\">member in advisory capacity without voting right<\/span><\/td>\n<\/tr>\n<tr>\n<td><span style=\"color: #000000;\">Ackermann<\/span><\/td>\n<td><span style=\"color: #000000;\">Grit<\/span><\/td>\n<td width=\"300\"><span style=\"color: #000000;\">Gospodarska zbornica Slovenije<\/span><\/td>\n<td colspan=\"2\"><span style=\"color: #000000;\">deputy member in advisory capacity without voting right<\/span><\/td>\n<\/tr>\n<tr>\n<td><span style=\"color: #000080;\">Bratkovi\u010d<\/span><\/td>\n<td><span style=\"color: #000080;\">Franci<\/span><\/td>\n<td width=\"300\"><span style=\"color: #000080;\">Razvojni center Novo mesto, Vzhodna kohezijska regija<\/span><\/td>\n<td colspan=\"2\"><span style=\"color: #000080;\">member in advisory capacity without voting right<\/span><\/td>\n<\/tr>\n<tr>\n<td><span style=\"color: #000000;\">\u0160terban Bezjak<\/span><\/td>\n<td><span style=\"color: #000000;\">Nata\u0161a<\/span><\/td>\n<td width=\"300\"><span style=\"color: #000000;\">RRA Posavje, Vzhodna kohezijska regija<\/span><\/td>\n<td colspan=\"2\"><span style=\"color: #000000;\">deputy member in advisory capacity without voting right<\/span><\/td>\n<\/tr>\n<tr>\n<td><span style=\"color: #000080;\">Dreven\u0161ek<\/span><\/td>\n<td><span style=\"color: #000080;\">Liljana<\/span><\/td>\n<td width=\"300\"><span style=\"color: #000080;\">RRA LUR, Zahodna kohezijska regija<\/span><\/td>\n<td colspan=\"2\"><span style=\"color: #000080;\">member in advisory capacity without voting right<\/span><\/td>\n<\/tr>\n<tr>\n<td><span style=\"color: #000000;\">Nemarnik<\/span><\/td>\n<td><span style=\"color: #000000;\">Guiliano<\/span><\/td>\n<td width=\"300\"><span style=\"color: #000000;\">RRC Koper, Zahodna kohezijska regija<\/span><\/td>\n<td colspan=\"2\"><span style=\"color: #000000;\">deputy member in advisory capacity without voting right<\/span><\/td>\n<\/tr>\n<tr>\n<td><span style=\"color: #000080;\">Jerman<\/span><\/td>\n<td><span style=\"color: #000080;\">Borut<\/span><\/td>\n<td width=\"300\"><span style=\"color: #000080;\">Kulturno izobra\u017eevalno dru\u0161tvo PiNA, CNVSO<\/span><\/td>\n<td colspan=\"2\"><span style=\"color: #000080;\">member in advisory capacity without voting right<\/span><\/td>\n<\/tr>\n<tr>\n<td><span style=\"color: #000000;\">\u0160krlj<\/span><\/td>\n<td><span style=\"color: #000000;\">Matilda<\/span><\/td>\n<td width=\"300\"><span style=\"color: #000000;\">Alpe Adria Green, Mednarodno dru\u0161tvo za varstvo okolja in narave, CNVSO<\/span><\/td>\n<td colspan=\"2\"><span style=\"color: #000000;\">deputy member in advisory capacity without voting right<\/span><\/td>\n<\/tr>\n<tr>\n<td><span style=\"color: #000080;\">Gabri\u0107<\/span><\/td>\n<td><span style=\"color: #000080;\">Perica<\/span><\/td>\n<td width=\"300\"><span style=\"color: #000080;\">Ministry of Regional Development and EU funds<\/span><\/td>\n<td colspan=\"2\"><span style=\"color: #000080;\">member with voting right<\/span><\/td>\n<\/tr>\n<tr>\n<td><span style=\"color: #000000;\">Kova\u010d<\/span><\/td>\n<td><span style=\"color: #000000;\">Mislav<\/span><\/td>\n<td width=\"300\"><span style=\"color: #000000;\">Ministry of Regional Development and EU funds<\/span><\/td>\n<td colspan=\"2\"><span style=\"color: #000000;\">deputy member with voting right<\/span><\/td>\n<\/tr>\n<tr>\n<td><span style=\"color: #000080;\">Malnar<\/span><\/td>\n<td><span style=\"color: #000080;\">Alen<\/span><\/td>\n<td width=\"300\"><span style=\"color: #000080;\">Ministry of Regional Development and EU funds<\/span><\/td>\n<td colspan=\"2\"><span style=\"color: #000080;\">member with voting right<\/span><\/td>\n<\/tr>\n<tr>\n<td><span style=\"color: #000000;\">Arneri<\/span><\/td>\n<td><span style=\"color: #000000;\">Stella<\/span><\/td>\n<td width=\"300\"><span style=\"color: #000000;\">Ministry of Regional Development and EU funds<\/span><\/td>\n<td colspan=\"2\"><span style=\"color: #000000;\">deputy member with voting right<\/span><\/td>\n<\/tr>\n<tr>\n<td><span style=\"color: #000080;\">Ha\u0111im<\/span><\/td>\n<td><span style=\"color: #000080;\">Davor<\/span><\/td>\n<td width=\"300\"><span style=\"color: #000080;\">Ministry of Economy and Sustainable Development<br \/>\n<\/span><\/td>\n<td colspan=\"2\"><span style=\"color: #000080;\">member with voting right<\/span><\/td>\n<\/tr>\n<tr>\n<td><span style=\"color: #000000;\">Kova\u010devi\u0107 Gr\u010di\u0107<\/span><\/td>\n<td><span style=\"color: #000000;\">Helia<\/span><\/td>\n<td width=\"300\">Ministry of Economy and Sustainable Development<\/td>\n<td colspan=\"2\"><span style=\"color: #000000;\">deputy member with voting right<\/span><\/td>\n<\/tr>\n<tr>\n<td><span style=\"color: #000080;\">Preradovi\u0107<\/span><\/td>\n<td><span style=\"color: #000080;\">Mila<\/span><\/td>\n<td width=\"300\"><span style=\"color: #000080;\">Ministry of Economy and Sustainable Development<\/span><\/td>\n<td colspan=\"2\"><span style=\"color: #000080;\">member with voting right<\/span><\/td>\n<\/tr>\n<tr>\n<td><span style=\"color: #000000;\">Zovko<\/span><\/td>\n<td><span style=\"color: #000000;\">Sandra<\/span><\/td>\n<td width=\"300\"><span style=\"color: #000000;\">Ministry of the Interior<\/span><\/td>\n<td colspan=\"2\"><span style=\"color: #000000;\">deputy member with voting right<\/span><\/td>\n<\/tr>\n<tr>\n<td><span style=\"color: #000080;\">Slivar<\/span><\/td>\n<td><span style=\"color: #000080;\">Ksenija<\/span><\/td>\n<td width=\"300\"><span style=\"color: #000080;\">Ministry of Tourism and Sports<\/span><\/td>\n<td colspan=\"2\"><span style=\"color: #000080;\">member with voting right<\/span><\/td>\n<\/tr>\n<tr>\n<td><span style=\"color: #000000;\">Deranja Crnoki\u0107<\/span><\/td>\n<td><span style=\"color: #000000;\">Anu\u0161ka<\/span><\/td>\n<td width=\"300\"><span style=\"color: #000000;\">Ministry of Culture and Media<\/span><\/td>\n<td colspan=\"2\"><span style=\"color: #000000;\">deputy member with voting right<\/span><\/td>\n<\/tr>\n<tr>\n<td><span style=\"color: #000080;\">Nordio<\/span><\/td>\n<td><span style=\"color: #000080;\">Danijela<\/span><\/td>\n<td width=\"300\"><span style=\"color: #000080;\">Ministry of Health<\/span><\/td>\n<td colspan=\"2\"><span style=\"color: #000080;\">member with voting right<\/span><\/td>\n<\/tr>\n<tr>\n<td><span style=\"color: #000000;\">Ivandi\u0107 Bla\u017eina<\/span><\/td>\n<td><span style=\"color: #000000;\">\u017deljka<\/span><\/td>\n<td width=\"300\">Ministry of Labour, Pension System, Family and Social Policy<\/td>\n<td colspan=\"2\"><span style=\"color: #000000;\">deputy member with voting right<\/span><\/td>\n<\/tr>\n<tr>\n<td><span style=\"color: #000080;\">Szabo<\/span><\/td>\n<td><span style=\"color: #000080;\">Ingrid<\/span><\/td>\n<td width=\"300\"><span style=\"color: #000080;\">Ministry of Foreign and European Affairs<\/span><\/td>\n<td colspan=\"2\"><span style=\"color: #000080;\">member in advisory capacity without voting right<\/span><\/td>\n<\/tr>\n<tr>\n<td><span style=\"color: #000000;\">Sladovi\u0107<\/span><\/td>\n<td><span style=\"color: #000000;\">Biserka<\/span><\/td>\n<td width=\"300\"><span style=\"color: #000000;\">Croatian Employers&#8217; Association<\/span><\/td>\n<td colspan=\"2\"><span style=\"color: #000000;\">deputy member in advisory capacity without voting right<\/span><\/td>\n<\/tr>\n<tr>\n<td><span style=\"color: #000080;\">Barilar<\/span><\/td>\n<td><span style=\"color: #000080;\">Karolina<\/span><\/td>\n<td width=\"300\"><span style=\"color: #000080;\">Krapinsko-Zagorska County (Zagorje Development Agency)<\/span><\/td>\n<td colspan=\"2\"><span style=\"color: #000080;\">member in advisory capacity without voting right<\/span><\/td>\n<\/tr>\n<tr>\n<td><span style=\"color: #000000;\">Bosich<\/span><\/td>\n<td><span style=\"color: #000000;\">Patrizia<\/span><\/td>\n<td width=\"300\"><span style=\"color: #000000;\">Istarska County<\/span><\/td>\n<td colspan=\"2\"><span style=\"color: #000000;\">deputy member in advisory capacity without voting right<\/span><\/td>\n<\/tr>\n<tr>\n<td><span style=\"color: #000080;\">Ra\u0161i\u0107<\/span><\/td>\n<td><span style=\"color: #000080;\">Iva<\/span><\/td>\n<td width=\"300\"><span style=\"color: #000080;\">Government of the Republic of Croatia, Office for Cooperation with NGOs<\/span><\/td>\n<td colspan=\"2\"><span style=\"color: #000080;\">member in advisory capacity without voting right<\/span><\/td>\n<\/tr>\n<tr>\n<td><span style=\"color: #000000;\">Bumber<\/span><\/td>\n<td><span style=\"color: #000000;\">Zvonko<\/span><\/td>\n<td width=\"300\"><span style=\"color: #000000;\">Association for Natural Science Research<\/span><\/td>\n<td colspan=\"2\"><span style=\"color: #000000;\">deputy member in advisory capacity without voting right<\/span><\/td>\n<\/tr>\n<tr>\n<td><span style=\"color: #000080;\">Brumnjak Ili\u010di\u0107<\/span><\/td>\n<td><span style=\"color: #000080;\">Ana<\/span><\/td>\n<td width=\"300\"><span style=\"color: #000080;\">Association of Cities of the Republic of Croatia<\/span><\/td>\n<td colspan=\"2\"><span style=\"color: #000080;\">member in advisory capacity without voting right<\/span><\/td>\n<\/tr>\n<tr>\n<td><span style=\"color: #000000;\">Paliska<\/span><\/td>\n<td><span style=\"color: #000000;\">Glorija<\/span><\/td>\n<td width=\"300\"><span style=\"color: #000000;\">Association of Municipalities of the Republic of Croatia, Municipality Ra\u0161a<\/span><\/td>\n<td colspan=\"2\"><span style=\"color: #000000;\">deputy member in advisory capacity without voting right<\/span><\/td>\n<\/tr>\n<\/tbody>\n<\/table>\n<\/div><\/section><\/div>\n","protected":false},"excerpt":{"rendered":"","protected":false},"author":3,"featured_media":0,"parent":103,"menu_order":0,"comment_status":"closed","ping_status":"closed","template":"","meta":{"ngg_post_thumbnail":0},"acf":[],"_links":{"self":[{"href":"http:\/\/www.si-hr.eu\/en2\/wp-json\/wp\/v2\/pages\/125"}],"collection":[{"href":"http:\/\/www.si-hr.eu\/en2\/wp-json\/wp\/v2\/pages"}],"about":[{"href":"http:\/\/www.si-hr.eu\/en2\/wp-json\/wp\/v2\/types\/page"}],"author":[{"embeddable":true,"href":"http:\/\/www.si-hr.eu\/en2\/wp-json\/wp\/v2\/users\/3"}],"replies":[{"embeddable":true,"href":"http:\/\/www.si-hr.eu\/en2\/wp-json\/wp\/v2\/comments?post=125"}],"version-history":[{"count":34,"href":"http:\/\/www.si-hr.eu\/en2\/wp-json\/wp\/v2\/pages\/125\/revisions"}],"predecessor-version":[{"id":4233,"href":"http:\/\/www.si-hr.eu\/en2\/wp-json\/wp\/v2\/pages\/125\/revisions\/4233"}],"up":[{"embeddable":true,"href":"http:\/\/www.si-hr.eu\/en2\/wp-json\/wp\/v2\/pages\/103"}],"wp:attachment":[{"href":"http:\/\/www.si-hr.eu\/en2\/wp-json\/wp\/v2\/media?parent=125"}],"curies":[{"name":"wp","href":"https:\/\/api.w.org\/{rel}","templated":true}]}}