{"id":1381,"date":"2016-10-28T14:17:54","date_gmt":"2016-10-28T13:17:54","guid":{"rendered":"http:\/\/84.39.218.255\/en2\/?page_id=1381"},"modified":"2016-10-28T14:35:01","modified_gmt":"2016-10-28T13:35:01","slug":"skocjan-risnjak","status":"publish","type":"page","link":"http:\/\/www.si-hr.eu\/en2\/map\/skocjan-risnjak\/","title":{"rendered":"\u0160KOCJAN &#8211; RISNJAK"},"content":{"rendered":"\n<style type=\"text\/css\" data-created_by=\"avia_inline_auto\" id=\"style-css-av-av_one_half-352b07ef7d3bc99b2e9f92e7a9e06bdb\">\n.flex_column.av-av_one_half-352b07ef7d3bc99b2e9f92e7a9e06bdb{\nborder-radius:0px 0px 0px 0px;\n-webkit-border-radius:0px 0px 0px 0px;\n-moz-border-radius:0px 0px 0px 0px;\n}\n<\/style>\n<div class='flex_column av-av_one_half-352b07ef7d3bc99b2e9f92e7a9e06bdb av_one_half  avia-builder-el-0  el_before_av_one_half  avia-builder-el-first  first flex_column_div av-zero-column-padding '   ><p>\n<style type=\"text\/css\" data-created_by=\"avia_inline_auto\" id=\"style-css-av-av_image-28ad719dc751325142cc82fa45eab4d3\">\n.avia-image-container.av-av_image-28ad719dc751325142cc82fa45eab4d3 .av-image-caption-overlay-center{\ncolor:#ffffff;\n}\n<\/style>\n<div  class='avia-image-container av-av_image-28ad719dc751325142cc82fa45eab4d3 av-styling- avia-align-center  avia-builder-el-1  el_before_av_textblock  avia-builder-el-first '  itemprop=\"image\" itemscope=\"itemscope\" itemtype=\"https:\/\/schema.org\/ImageObject\" ><div class=\"avia-image-container-inner\"><div class=\"avia-image-overlay-wrap\"><img decoding=\"async\" class='wp-image-1382 avia-img-lazy-loading-not-1382 avia_image' src=\"http:\/\/www.si-hr.eu\/en2\/wp-content\/uploads\/sites\/12\/2016\/10\/SKOCJAN-RISNJAK.jpg\" alt='' title='SKOCJAN RISNJAK'  height=\"532\" width=\"800\"  itemprop=\"thumbnailUrl\" srcset=\"http:\/\/www.si-hr.eu\/en2\/wp-content\/uploads\/sites\/12\/2016\/10\/SKOCJAN-RISNJAK.jpg 800w, http:\/\/www.si-hr.eu\/en2\/wp-content\/uploads\/sites\/12\/2016\/10\/SKOCJAN-RISNJAK-300x200.jpg 300w, http:\/\/www.si-hr.eu\/en2\/wp-content\/uploads\/sites\/12\/2016\/10\/SKOCJAN-RISNJAK-600x399.jpg 600w, http:\/\/www.si-hr.eu\/en2\/wp-content\/uploads\/sites\/12\/2016\/10\/SKOCJAN-RISNJAK-705x469.jpg 705w, http:\/\/www.si-hr.eu\/en2\/wp-content\/uploads\/sites\/12\/2016\/10\/SKOCJAN-RISNJAK-450x299.jpg 450w\" sizes=\"(max-width: 800px) 100vw, 800px\" \/><\/div><\/div><\/div><br \/>\n<section  class='av_textblock_section av-av_textblock-0366cc7376be6c9e82a3e9cc8987b64f'  itemscope=\"itemscope\" itemtype=\"https:\/\/schema.org\/CreativeWork\" ><div class='avia_textblock'  itemprop=\"text\" ><p lang=\"sl-SI\" style=\"text-align: center;\" align=\"CENTER\"><b>\u0160KOCJAN &#8211; RISNJAK<\/b><\/p>\n<\/div><\/section><br \/>\n<section  class='av_textblock_section av-av_textblock-0366cc7376be6c9e82a3e9cc8987b64f'  itemscope=\"itemscope\" itemtype=\"https:\/\/schema.org\/CreativeWork\" ><div class='avia_textblock'  itemprop=\"text\" ><p><i><b>Project summary <\/b><\/i><\/p>\n<p align=\"JUSTIFY\">Specific cross-border objectives of the project were: to create a website for public information on the assessment of the effectiveness of water management (with links to the websites of target groups); to conduct further research and analysis of existing data to identify potential threats and water resources in the river basin hinterland of parks \u0160kocjanske jame and Risnjak; to investigate the transfer of good practice evaluation of sustainability of water resources (planned by the methodology of &#8220;Lemano&#8221; in the border area between France and Switzerland); to create an adjusted evaluation methodology; to conduct an evaluation of the sustainability of water resources management of caves in \u0160kocjanske jame and Risnjak, and educate the public about the results of the evaluation; to provide the ability to transfer and make free use of this method for other areas; to make a plan of priority actions for the sustainable management of water resources (NP Risnjak, \u0160kocjanske jame), and organize public lectures and tours for students from both sides of the border. National borders are not an obstacle for the underground flow of water in the unique karst aquifer of Sne\u017enik and Risnjak. The cross-border importance of the project was an opportunity for a coherent assessment of the potential threats and water resources on both sides of the border. When it comes to water resources of transboundary character, in the legal and strategic planning national documents, there is a particular emphasis on the need for cross-border cooperation. It is important to note, that the Regional operational plan of Primorsko-goranska \u017eupanija for the period of 2006-2013 also highlights the specificity of karst topography of the area, and that accordingly, its development is based on planning and integrated management of the wider area. With accompanying experiments they identified the characteristics of the cross-border flow of groundwater and assessment of possibilities of cross-border spread of contamination. Cross-border impact is manifested through joint public awareness, the use of common information technology, joint management of water resources and joint comparative analysis of parameters of water resources management. The project has helped to strengthen the cooperation between the operators of strategic water resources in the area of \u200b\u200bresearch. With joint excursions, educational programs and publications, within the project, a higher level of public awareness on both sides of the border was achieved.<\/p>\n<\/div><\/section><\/p><\/div>\n<style type=\"text\/css\" data-created_by=\"avia_inline_auto\" id=\"style-css-av-av_one_half-2a64de42b738552fe666ca889af77e28\">\n.flex_column.av-av_one_half-2a64de42b738552fe666ca889af77e28{\nborder-radius:0px 0px 0px 0px;\n-webkit-border-radius:0px 0px 0px 0px;\n-moz-border-radius:0px 0px 0px 0px;\n}\n<\/style>\n<div class='flex_column av-av_one_half-2a64de42b738552fe666ca889af77e28 av_one_half  avia-builder-el-4  el_after_av_one_half  avia-builder-el-last  flex_column_div av-zero-column-padding '   ><section  class='av_textblock_section av-av_textblock-0366cc7376be6c9e82a3e9cc8987b64f'  itemscope=\"itemscope\" itemtype=\"https:\/\/schema.org\/CreativeWork\" ><div class='avia_textblock'  itemprop=\"text\" ><table border=\"1\" width=\"637\" cellspacing=\"0\" cellpadding=\"7\">\n<colgroup>\n<col width=\"191\" \/>\n<col width=\"416\" \/> <\/colgroup>\n<tbody>\n<tr>\n<td bgcolor=\"#f2f2f2\" width=\"191\" height=\"8\"><b>Project title<\/b><\/td>\n<td width=\"416\">\n<p align=\"JUSTIFY\">Common system for the evaluation of the sustainability of water resources management in the natural parks \u0160kocjanske jame and Risnjak<\/p>\n<\/td>\n<\/tr>\n<tr>\n<td bgcolor=\"#f2f2f2\" width=\"191\" height=\"9\"><b>ERDF funds<\/b><\/td>\n<td width=\"416\"><span lang=\"sl-SI\">230,763.25 EUR<\/span><\/td>\n<\/tr>\n<tr>\n<td bgcolor=\"#f2f2f2\" width=\"191\" height=\"9\"><b>Project duration <\/b><\/p>\n<p><b>(month\/year \u2013 month\/year)<\/b><\/td>\n<td width=\"416\">1.1.2014 &#8211; 17.6.2015<\/td>\n<\/tr>\n<tr>\n<td bgcolor=\"#f2f2f2\" width=\"191\" height=\"9\"><b>Lead partner<\/b><\/td>\n<td width=\"416\">Javni zavod Park \u0160kocjanske jame<\/td>\n<\/tr>\n<tr>\n<td bgcolor=\"#f2f2f2\" width=\"191\" height=\"9\"><b>Partners<\/b><\/td>\n<td width=\"416\">In\u0161titut za raziskovanje krasa ZRC SAZU<\/p>\n<p>Geolo\u0161ki zavod Slovenije<\/p>\n<p>Nacionalni park Risnjak<\/p>\n<p>Geotehni\u010dki fakultet &#8211; Sveu\u010dili\u0161te Zagreb<\/p>\n<p>Grad Delnice<\/td>\n<\/tr>\n<tr>\n<td bgcolor=\"#f2f2f2\" width=\"191\" height=\"9\"><b>Regions involved<\/b><\/td>\n<td width=\"416\">SI: Primorsko-notranjska regija, Obalno-kra\u0161ka regija<\/p>\n<p>CRO: Primorsko-goranska \u017eupanija<\/td>\n<\/tr>\n<tr>\n<td bgcolor=\"#f2f2f2\" width=\"191\" height=\"8\"><b>Website<\/b><\/td>\n<td width=\"416\">\/<\/td>\n<\/tr>\n<\/tbody>\n<\/table>\n<\/div><\/section><br \/>\n<section  class='av_textblock_section av-av_textblock-0366cc7376be6c9e82a3e9cc8987b64f'  itemscope=\"itemscope\" itemtype=\"https:\/\/schema.org\/CreativeWork\" ><div class='avia_textblock'  itemprop=\"text\" ><p><i><b>Key results and performed activities <\/b><\/i><i>(quantitative results; max. 3 &#8211; 5)<\/i><\/p>\n<p align=\"JUSTIFY\">1 common cross-border comparative analysis of parameters of water management;<\/p>\n<p align=\"JUSTIFY\">1 implementation of the accompanying experiment and assessment of vulnerability of observed water resources in the border region;<\/p>\n<p align=\"JUSTIFY\">1 preliminary design of sewage for settlement Crni Lug;<\/p>\n<p align=\"JUSTIFY\">1 speleological mapping of source of Kupa river;<\/p>\n<p align=\"JUSTIFY\">1 field work for primary school pupils and students;<\/p>\n<p align=\"JUSTIFY\">1 educational and promotional film;<\/p>\n<p align=\"JUSTIFY\">300 participants in joint activities of education and training.<\/p>\n<\/div><\/section><\/p><\/div><\/p>\n","protected":false},"excerpt":{"rendered":"","protected":false},"author":3,"featured_media":0,"parent":1373,"menu_order":0,"comment_status":"closed","ping_status":"closed","template":"","meta":{"ngg_post_thumbnail":0},"acf":[],"_links":{"self":[{"href":"http:\/\/www.si-hr.eu\/en2\/wp-json\/wp\/v2\/pages\/1381"}],"collection":[{"href":"http:\/\/www.si-hr.eu\/en2\/wp-json\/wp\/v2\/pages"}],"about":[{"href":"http:\/\/www.si-hr.eu\/en2\/wp-json\/wp\/v2\/types\/page"}],"author":[{"embeddable":true,"href":"http:\/\/www.si-hr.eu\/en2\/wp-json\/wp\/v2\/users\/3"}],"replies":[{"embeddable":true,"href":"http:\/\/www.si-hr.eu\/en2\/wp-json\/wp\/v2\/comments?post=1381"}],"version-history":[{"count":1,"href":"http:\/\/www.si-hr.eu\/en2\/wp-json\/wp\/v2\/pages\/1381\/revisions"}],"predecessor-version":[{"id":1383,"href":"http:\/\/www.si-hr.eu\/en2\/wp-json\/wp\/v2\/pages\/1381\/revisions\/1383"}],"up":[{"embeddable":true,"href":"http:\/\/www.si-hr.eu\/en2\/wp-json\/wp\/v2\/pages\/1373"}],"wp:attachment":[{"href":"http:\/\/www.si-hr.eu\/en2\/wp-json\/wp\/v2\/media?parent=1381"}],"curies":[{"name":"wp","href":"https:\/\/api.w.org\/{rel}","templated":true}]}}