{"id":1392,"date":"2016-10-30T13:19:07","date_gmt":"2016-10-30T12:19:07","guid":{"rendered":"http:\/\/84.39.218.255\/en2\/?page_id=1392"},"modified":"2016-10-30T13:20:00","modified_gmt":"2016-10-30T12:20:00","slug":"slohra-globalnet","status":"publish","type":"page","link":"http:\/\/www.si-hr.eu\/en2\/map\/slohra-globalnet\/","title":{"rendered":"SLOHRA GLOBALNET"},"content":{"rendered":"\n<style type=\"text\/css\" data-created_by=\"avia_inline_auto\" id=\"style-css-av-av_one_half-352b07ef7d3bc99b2e9f92e7a9e06bdb\">\n.flex_column.av-av_one_half-352b07ef7d3bc99b2e9f92e7a9e06bdb{\nborder-radius:0px 0px 0px 0px;\n-webkit-border-radius:0px 0px 0px 0px;\n-moz-border-radius:0px 0px 0px 0px;\n}\n<\/style>\n<div class='flex_column av-av_one_half-352b07ef7d3bc99b2e9f92e7a9e06bdb av_one_half  avia-builder-el-0  el_before_av_one_half  avia-builder-el-first  first flex_column_div av-zero-column-padding '   ><p>\n<style type=\"text\/css\" data-created_by=\"avia_inline_auto\" id=\"style-css-av-av_image-e388034593bea53316cf755d26b576be\">\n.avia-image-container.av-av_image-e388034593bea53316cf755d26b576be .av-image-caption-overlay-center{\ncolor:#ffffff;\n}\n<\/style>\n<div  class='avia-image-container av-av_image-e388034593bea53316cf755d26b576be av-styling- avia-align-center  avia-builder-el-1  el_before_av_textblock  avia-builder-el-first '  itemprop=\"image\" itemscope=\"itemscope\" itemtype=\"https:\/\/schema.org\/ImageObject\" ><div class=\"avia-image-container-inner\"><div class=\"avia-image-overlay-wrap\"><img decoding=\"async\" class='wp-image-1393 avia-img-lazy-loading-not-1393 avia_image' src=\"http:\/\/www.si-hr.eu\/en2\/wp-content\/uploads\/sites\/12\/2016\/10\/SLOHRA-GLOBALNET-1030x769.jpg\" alt='' title='SLOHRA GLOBALNET'  height=\"769\" width=\"1030\"  itemprop=\"thumbnailUrl\" srcset=\"http:\/\/www.si-hr.eu\/en2\/wp-content\/uploads\/sites\/12\/2016\/10\/SLOHRA-GLOBALNET-1030x769.jpg 1030w, http:\/\/www.si-hr.eu\/en2\/wp-content\/uploads\/sites\/12\/2016\/10\/SLOHRA-GLOBALNET-300x224.jpg 300w, http:\/\/www.si-hr.eu\/en2\/wp-content\/uploads\/sites\/12\/2016\/10\/SLOHRA-GLOBALNET-600x448.jpg 600w, http:\/\/www.si-hr.eu\/en2\/wp-content\/uploads\/sites\/12\/2016\/10\/SLOHRA-GLOBALNET-705x526.jpg 705w, http:\/\/www.si-hr.eu\/en2\/wp-content\/uploads\/sites\/12\/2016\/10\/SLOHRA-GLOBALNET-450x336.jpg 450w, http:\/\/www.si-hr.eu\/en2\/wp-content\/uploads\/sites\/12\/2016\/10\/SLOHRA-GLOBALNET.jpg 1052w\" sizes=\"(max-width: 1030px) 100vw, 1030px\" \/><\/div><\/div><\/div><br \/>\n<section  class='av_textblock_section av-av_textblock-0366cc7376be6c9e82a3e9cc8987b64f'  itemscope=\"itemscope\" itemtype=\"https:\/\/schema.org\/CreativeWork\" ><div class='avia_textblock'  itemprop=\"text\" ><p style=\"text-align: center;\"><strong>SLOHRA GLOBALNET<\/strong><\/p>\n<\/div><\/section><br \/>\n<section  class='av_textblock_section av-av_textblock-0366cc7376be6c9e82a3e9cc8987b64f'  itemscope=\"itemscope\" itemtype=\"https:\/\/schema.org\/CreativeWork\" ><div class='avia_textblock'  itemprop=\"text\" ><p><i><b>Project summary <\/b><\/i><\/p>\n<p align=\"JUSTIFY\">The cross border objective was to create and implement a joint cross border system of management and resource sharing for entrepreneurs beginners in an unfavorable position in order to increase their global competitiveness on the Slovenian-Croatian and on other EU markets, which was accomplished by the following sub-targets: education and informing the target groups on how to increase their competitiveness with regard to the current scientific and technological trends; creating a joint strategy for products and services on the Slovenian-Croatian cross border market and on the EU markets; establishing of cross border export consortium, and promoting products and services of target groups as well as project results. Through the use of resources of Slovenian and Croatian partners and regions the project created the first international analysis of entrepreneurs\u2019 beginner\u2019s resources, their export strategy and the network of entrepreneurs with the aim to promote export (exportation consortium). The basic outputs of the project were: a report on the integrated analysis of developing resources of 100 entrepreneurs beginners in the cross border region; 100 shortened business plans; 7 seminars on exportation; 2 presentations of the best entrepreneurs export practices; a database of innovations and scientific researches, which are useful for the entrepreneurs beginners in the project; a catalogue of products\/services in edition of 700 samples; a strategy of exportation for entrepreneurs beginners; 2 economy forums; exportation consortium (EC); a work rulebook of EC and export plan for its members; joint participation of project partners on an international fair; an investment study for the establishment of an entrepreneurs incubator for women entrepreneurs in Novo Mesto; promotive flyers in edition of 700 samples; 2 media conferences and 21 notifications on partners\u2019 web pages.<\/p>\n<\/div><\/section><\/p><\/div>\n<style type=\"text\/css\" data-created_by=\"avia_inline_auto\" id=\"style-css-av-av_one_half-2a64de42b738552fe666ca889af77e28\">\n.flex_column.av-av_one_half-2a64de42b738552fe666ca889af77e28{\nborder-radius:0px 0px 0px 0px;\n-webkit-border-radius:0px 0px 0px 0px;\n-moz-border-radius:0px 0px 0px 0px;\n}\n<\/style>\n<div class='flex_column av-av_one_half-2a64de42b738552fe666ca889af77e28 av_one_half  avia-builder-el-4  el_after_av_one_half  el_before_av_one_full  flex_column_div av-zero-column-padding '   ><section  class='av_textblock_section av-av_textblock-0366cc7376be6c9e82a3e9cc8987b64f'  itemscope=\"itemscope\" itemtype=\"https:\/\/schema.org\/CreativeWork\" ><div class='avia_textblock'  itemprop=\"text\" ><table border=\"1\" width=\"637\" cellspacing=\"0\" cellpadding=\"7\">\n<colgroup>\n<col width=\"191\" \/>\n<col width=\"416\" \/> <\/colgroup>\n<tbody>\n<tr>\n<td bgcolor=\"#f2f2f2\" width=\"191\" height=\"8\"><b>Project title<\/b><\/td>\n<td width=\"416\">\n<p align=\"JUSTIFY\">Enhancing of entrepreneurs beginners global competitiveness<\/p>\n<\/td>\n<\/tr>\n<tr>\n<td bgcolor=\"#f2f2f2\" width=\"191\" height=\"9\"><b>ERDF funds<\/b><\/td>\n<td width=\"416\">\n<p align=\"JUSTIFY\">364.901,26 EUR<\/p>\n<\/td>\n<\/tr>\n<tr>\n<td bgcolor=\"#f2f2f2\" width=\"191\" height=\"9\"><b>Project duration <\/b><\/p>\n<p><b>(month\/year \u2013 month\/year)<\/b><\/td>\n<td width=\"416\">\n<p align=\"JUSTIFY\">01.04.2011 \u2013 30.09.2012<\/p>\n<\/td>\n<\/tr>\n<tr>\n<td bgcolor=\"#f2f2f2\" width=\"191\" height=\"9\"><b>Lead partner<\/b><\/td>\n<td width=\"416\">\n<p align=\"JUSTIFY\">Regionalna razvojna agencija \u201ePorin\u201c (Rije\u010dka razvojna agencija \u201ePorin\u201c)<\/p>\n<\/td>\n<\/tr>\n<tr>\n<td bgcolor=\"#f2f2f2\" width=\"191\" height=\"9\"><b>Partners<\/b><\/td>\n<td width=\"416\">\n<p align=\"JUSTIFY\">Istarska razvojna agencija<\/p>\n<p align=\"JUSTIFY\">Razvojna agencija Karlova\u010dke \u017eupanije<\/p>\n<p align=\"JUSTIFY\">RRA Notranjsko-kra\u0161ke (Primorsko-notranjske) regije<\/p>\n<p align=\"JUSTIFY\">Regionalni razvoji center Koper<\/p>\n<p align=\"JUSTIFY\">Razvojni center Novo mesto<\/p>\n<p align=\"JUSTIFY\">Regionalna razvojna agencija Posavje<\/p>\n<\/td>\n<\/tr>\n<tr>\n<td bgcolor=\"#f2f2f2\" width=\"191\" height=\"9\"><b>Regions involved<\/b><\/td>\n<td width=\"416\">\n<p align=\"JUSTIFY\">SI: Posavska regija, Jugovzhodna Slovenija, Primorsko-notranjska regija, Obalno-kra\u0161ka regija<\/p>\n<p align=\"JUSTIFY\">CRO: Primorsko-goranska \u017eupanija, Istarska \u017eupanija, Karlova\u010dka \u017eupanija<\/p>\n<\/td>\n<\/tr>\n<tr>\n<td bgcolor=\"#f2f2f2\" width=\"191\" height=\"8\"><b>Website<\/b><\/td>\n<td width=\"416\">\n<p align=\"JUSTIFY\">\/<\/p>\n<\/td>\n<\/tr>\n<\/tbody>\n<\/table>\n<\/div><\/section><br \/>\n<section  class='av_textblock_section av-av_textblock-0366cc7376be6c9e82a3e9cc8987b64f'  itemscope=\"itemscope\" itemtype=\"https:\/\/schema.org\/CreativeWork\" ><div class='avia_textblock'  itemprop=\"text\" ><p><i><b>Key results and performed activities <\/b><\/i><i>(quantitative results; max. 3 &#8211; 5)<\/i><\/p>\n<p align=\"JUSTIFY\">Educated and informed 101 entrepreneurs;<\/p>\n<p align=\"JUSTIFY\">102 business plans for entrepreneurs;<\/p>\n<p align=\"JUSTIFY\">Conducted analysis of development resources for 123 entrepreneurs;<\/p>\n<p align=\"JUSTIFY\">A base of 56 innovative projects of entrepreneurs;<\/p>\n<p align=\"JUSTIFY\">2 economic forums.<\/p>\n<\/div><\/section><\/p><\/div>\n<style type=\"text\/css\" data-created_by=\"avia_inline_auto\" id=\"style-css-av-av_one_full-352b07ef7d3bc99b2e9f92e7a9e06bdb\">\n.flex_column.av-av_one_full-352b07ef7d3bc99b2e9f92e7a9e06bdb{\nborder-radius:0px 0px 0px 0px;\n-webkit-border-radius:0px 0px 0px 0px;\n-moz-border-radius:0px 0px 0px 0px;\n}\n<\/style>\n<div class='flex_column av-av_one_full-352b07ef7d3bc99b2e9f92e7a9e06bdb av_one_full  avia-builder-el-7  el_after_av_one_half  avia-builder-el-last  first flex_column_div av-zero-column-padding column-top-margin'   ><style type=\"text\/css\" data-created_by=\"avia_inline_auto\" id=\"style-css-av-av_image-7c35149bc6c45984a9b84ae4821cd224\">\n.avia-image-container.av-av_image-7c35149bc6c45984a9b84ae4821cd224 .av-image-caption-overlay-center{\ncolor:#ffffff;\n}\n<\/style>\n<div  class='avia-image-container av-av_image-7c35149bc6c45984a9b84ae4821cd224 av-styling- avia-align-center  avia-builder-el-8  avia-builder-el-no-sibling '  itemprop=\"image\" itemscope=\"itemscope\" itemtype=\"https:\/\/schema.org\/ImageObject\" ><div class=\"avia-image-container-inner\"><div class=\"avia-image-overlay-wrap\"><img decoding=\"async\" class='wp-image-1394 avia-img-lazy-loading-not-1394 avia_image' src=\"http:\/\/www.si-hr.eu\/en2\/wp-content\/uploads\/sites\/12\/2016\/10\/SLOHRA-GLOBALNET-logo.png\" alt='' title='SLOHRA GLOBALNET logo'  height=\"200\" width=\"258\"  itemprop=\"thumbnailUrl\"  \/><\/div><\/div><\/div><\/div><\/p>\n","protected":false},"excerpt":{"rendered":"","protected":false},"author":3,"featured_media":0,"parent":1373,"menu_order":0,"comment_status":"closed","ping_status":"closed","template":"","meta":{"ngg_post_thumbnail":0},"acf":[],"_links":{"self":[{"href":"http:\/\/www.si-hr.eu\/en2\/wp-json\/wp\/v2\/pages\/1392"}],"collection":[{"href":"http:\/\/www.si-hr.eu\/en2\/wp-json\/wp\/v2\/pages"}],"about":[{"href":"http:\/\/www.si-hr.eu\/en2\/wp-json\/wp\/v2\/types\/page"}],"author":[{"embeddable":true,"href":"http:\/\/www.si-hr.eu\/en2\/wp-json\/wp\/v2\/users\/3"}],"replies":[{"embeddable":true,"href":"http:\/\/www.si-hr.eu\/en2\/wp-json\/wp\/v2\/comments?post=1392"}],"version-history":[{"count":2,"href":"http:\/\/www.si-hr.eu\/en2\/wp-json\/wp\/v2\/pages\/1392\/revisions"}],"predecessor-version":[{"id":1396,"href":"http:\/\/www.si-hr.eu\/en2\/wp-json\/wp\/v2\/pages\/1392\/revisions\/1396"}],"up":[{"embeddable":true,"href":"http:\/\/www.si-hr.eu\/en2\/wp-json\/wp\/v2\/pages\/1373"}],"wp:attachment":[{"href":"http:\/\/www.si-hr.eu\/en2\/wp-json\/wp\/v2\/media?parent=1392"}],"curies":[{"name":"wp","href":"https:\/\/api.w.org\/{rel}","templated":true}]}}