{"id":1415,"date":"2016-11-01T18:01:19","date_gmt":"2016-11-01T17:01:19","guid":{"rendered":"http:\/\/84.39.218.255\/en2\/?page_id=1415"},"modified":"2016-11-01T18:03:28","modified_gmt":"2016-11-01T17:03:28","slug":"awakened-cultural-heritage","status":"publish","type":"page","link":"http:\/\/www.si-hr.eu\/en2\/map\/awakened-cultural-heritage\/","title":{"rendered":"AWAKENED CULTURAL HERITAGE"},"content":{"rendered":"\n<style type=\"text\/css\" data-created_by=\"avia_inline_auto\" id=\"style-css-av-av_one_full-352b07ef7d3bc99b2e9f92e7a9e06bdb\">\n.flex_column.av-av_one_full-352b07ef7d3bc99b2e9f92e7a9e06bdb{\nborder-radius:0px 0px 0px 0px;\n-webkit-border-radius:0px 0px 0px 0px;\n-moz-border-radius:0px 0px 0px 0px;\n}\n<\/style>\n<div class='flex_column av-av_one_full-352b07ef7d3bc99b2e9f92e7a9e06bdb av_one_full  avia-builder-el-0  el_before_av_one_half  avia-builder-el-first  first flex_column_div av-zero-column-padding '   ><style type=\"text\/css\" data-created_by=\"avia_inline_auto\" id=\"style-css-av-av_heading-731f12d2f81f32f8934b05eaabec3ece\">\n#top .av-special-heading.av-av_heading-731f12d2f81f32f8934b05eaabec3ece{\npadding-bottom:10px;\n}\nbody .av-special-heading.av-av_heading-731f12d2f81f32f8934b05eaabec3ece .av-special-heading-tag .heading-char{\nfont-size:25px;\n}\n.av-special-heading.av-av_heading-731f12d2f81f32f8934b05eaabec3ece .av-subheading{\nfont-size:15px;\n}\n<\/style>\n<div  class='av-special-heading av-av_heading-731f12d2f81f32f8934b05eaabec3ece av-special-heading-h3 blockquote modern-quote modern-centered  avia-builder-el-1  avia-builder-el-no-sibling '><h3 class='av-special-heading-tag'  itemprop=\"headline\"  >SUSTAINABLE MANAGEMENT OF NATURAL RESOURCES PRESERVATION OF PROTECTED AREAS<\/h3><div class=\"special-heading-border\"><div class=\"special-heading-inner-border\"><\/div><\/div><\/div><\/div>\n<style type=\"text\/css\" data-created_by=\"avia_inline_auto\" id=\"style-css-av-av_one_half-352b07ef7d3bc99b2e9f92e7a9e06bdb\">\n.flex_column.av-av_one_half-352b07ef7d3bc99b2e9f92e7a9e06bdb{\nborder-radius:0px 0px 0px 0px;\n-webkit-border-radius:0px 0px 0px 0px;\n-moz-border-radius:0px 0px 0px 0px;\n}\n<\/style>\n<div class='flex_column av-av_one_half-352b07ef7d3bc99b2e9f92e7a9e06bdb av_one_half  avia-builder-el-2  el_after_av_one_full  el_before_av_one_half  first flex_column_div av-zero-column-padding column-top-margin'   ><p>\n<style type=\"text\/css\" data-created_by=\"avia_inline_auto\" id=\"style-css-av-av_image-d26ff16fb11ac7cdda7cba279a57225a\">\n.avia-image-container.av-av_image-d26ff16fb11ac7cdda7cba279a57225a .av-image-caption-overlay-center{\ncolor:#ffffff;\n}\n<\/style>\n<div  class='avia-image-container av-av_image-d26ff16fb11ac7cdda7cba279a57225a av-styling- avia-align-center  avia-builder-el-3  el_before_av_textblock  avia-builder-el-first '  itemprop=\"image\" itemscope=\"itemscope\" itemtype=\"https:\/\/schema.org\/ImageObject\" ><div class=\"avia-image-container-inner\"><div class=\"avia-image-overlay-wrap\"><img decoding=\"async\" class='wp-image-1417 avia-img-lazy-loading-not-1417 avia_image' src=\"http:\/\/www.si-hr.eu\/en2\/wp-content\/uploads\/sites\/12\/2016\/11\/PROBUJENA-KULTURNA-DEDISCINA.jpg\" alt='' title='PROBUJENA KULTURNA DEDISCINA'  height=\"533\" width=\"800\"  itemprop=\"thumbnailUrl\" srcset=\"http:\/\/www.si-hr.eu\/en2\/wp-content\/uploads\/sites\/12\/2016\/11\/PROBUJENA-KULTURNA-DEDISCINA.jpg 800w, http:\/\/www.si-hr.eu\/en2\/wp-content\/uploads\/sites\/12\/2016\/11\/PROBUJENA-KULTURNA-DEDISCINA-300x200.jpg 300w, http:\/\/www.si-hr.eu\/en2\/wp-content\/uploads\/sites\/12\/2016\/11\/PROBUJENA-KULTURNA-DEDISCINA-600x400.jpg 600w, http:\/\/www.si-hr.eu\/en2\/wp-content\/uploads\/sites\/12\/2016\/11\/PROBUJENA-KULTURNA-DEDISCINA-705x470.jpg 705w, http:\/\/www.si-hr.eu\/en2\/wp-content\/uploads\/sites\/12\/2016\/11\/PROBUJENA-KULTURNA-DEDISCINA-450x300.jpg 450w\" sizes=\"(max-width: 800px) 100vw, 800px\" \/><\/div><\/div><\/div><br \/>\n<section  class='av_textblock_section av-av_textblock-0366cc7376be6c9e82a3e9cc8987b64f'  itemscope=\"itemscope\" itemtype=\"https:\/\/schema.org\/CreativeWork\" ><div class='avia_textblock'  itemprop=\"text\" ><p style=\"text-align: center;\"><strong>AWAKENED CULTURAL HERITAGE<\/strong><\/p>\n<\/div><\/section><br \/>\n<section  class='av_textblock_section av-av_textblock-0366cc7376be6c9e82a3e9cc8987b64f'  itemscope=\"itemscope\" itemtype=\"https:\/\/schema.org\/CreativeWork\" ><div class='avia_textblock'  itemprop=\"text\" ><p align=\"JUSTIFY\"><i><b>Project summary <\/b><\/i><\/p>\n<p align=\"JUSTIFY\">Specific cross-borders objectives of the project were: a study of cross-border cultural and historical ties; revitalization of 5 buildings which are important for cultural history (\u017ditnica of Erd\u00f6dy castle, park Erd\u00f6dy, Metlika castle, \u010crnomelj castle, church of St. Vid); establishing the cross-border path between the revitalized cultural facilities and other significant cultural and historical sites in the project area; organizing the exhibition at 3 locations (\u017ditnica of Erd\u00f6dy castle, Metlika castle, \u010crnomelj castle) based on the results of cross-border cultural and historical ties study. The main added value of the project was the contribution to the broad public awareness of the cultural and historical heritage of the region and cross-border integration, which was achieved by disseminating the results of study through information and reporting activities; organization of exhibitions and the establishment of cross-border cultural path. The cultural path included revitalized cultural objects which were prevented from further degradation and had a functional role in the development of the area in the future. The implementation of the project had laid the foundations of a cross-border cooperation, focused on cultural, historical, real and unreal heritage, and contributed to economic and social development of region, and the overall quality of life in the project area. Outputs of the project were: a study of cross-border cultural and historical links in the area with focus on the 16 Century; conference \/ professional meeting; publication on the topic of the study and its results; digital architectural recording of Erd\u00f6dy castle in Jastrebarsko; archaeological investigations in the Erd\u00f6dy castle; restoration and conservation research in Erd\u00f6dy castle; conservatory study for the Erd\u00f6dy castle; feasibility study for the Erd\u00f6dy castle; revitalization of the \u017ditnica (Erd\u00f6dy castle) in Jastrebarsko; revitalization of the natural and cultural park &#8211; the Erd\u00f6dy park in Jastrebarsko; the repair of the roof and attic of the Metlika castle and its adaptation for museum purposes; the repairchurch of St. Vid; elaboration of documentation for the renewal of 1., 2. floor and attic of the \u010crnomelj castle; energy audit and energy-saving project for the design of the \u010crnomelj castle; elaboration of conceptual solutions and building project documentation for the renewal of the ground floor atrium and the entire basement and ground floor of the \u010crnomelj castle; glazing and arrangements in 1. floor atrium of the \u010crnomelj castle; exhibitions of cultural cross-border links in Jastrebarsko, Metlika and \u010crnomelj; a brochure; a website of the project; advertising in local media in the project area.<\/p>\n<\/div><\/section><\/p><\/div>\n<style type=\"text\/css\" data-created_by=\"avia_inline_auto\" id=\"style-css-av-av_one_half-2a64de42b738552fe666ca889af77e28\">\n.flex_column.av-av_one_half-2a64de42b738552fe666ca889af77e28{\nborder-radius:0px 0px 0px 0px;\n-webkit-border-radius:0px 0px 0px 0px;\n-moz-border-radius:0px 0px 0px 0px;\n}\n<\/style>\n<div class='flex_column av-av_one_half-2a64de42b738552fe666ca889af77e28 av_one_half  avia-builder-el-6  el_after_av_one_half  el_before_av_one_full  flex_column_div av-zero-column-padding column-top-margin'   ><section  class='av_textblock_section av-av_textblock-0366cc7376be6c9e82a3e9cc8987b64f'  itemscope=\"itemscope\" itemtype=\"https:\/\/schema.org\/CreativeWork\" ><div class='avia_textblock'  itemprop=\"text\" ><table border=\"1\" width=\"637\" cellspacing=\"0\" cellpadding=\"7\">\n<colgroup>\n<col width=\"191\" \/>\n<col width=\"416\" \/> <\/colgroup>\n<tbody>\n<tr>\n<td bgcolor=\"#f2f2f2\" width=\"191\" height=\"8\"><b>Project title<\/b><\/td>\n<td width=\"416\">Analysis of cross-cultural connections and revitalization of cultural heritage<\/td>\n<\/tr>\n<tr>\n<td bgcolor=\"#f2f2f2\" width=\"191\" height=\"9\"><b>ERDF funds<\/b><\/td>\n<td width=\"416\">1,249,843.92 EUR<\/td>\n<\/tr>\n<tr>\n<td bgcolor=\"#f2f2f2\" width=\"191\" height=\"9\"><b>Project duration <\/b><\/p>\n<p><b>(month\/year \u2013 month\/year)<\/b><\/td>\n<td width=\"416\">01.06.2011 \u2013 31.03.2013<\/td>\n<\/tr>\n<tr>\n<td bgcolor=\"#f2f2f2\" width=\"191\" height=\"9\"><b>Lead partner<\/b><\/td>\n<td width=\"416\">Grad Jastrebarsko<\/td>\n<\/tr>\n<tr>\n<td bgcolor=\"#f2f2f2\" width=\"191\" height=\"9\"><b>Partners<\/b><\/td>\n<td width=\"416\">Ob\u010dina Metlika<\/p>\n<p>Ob\u010dina \u010crnomelj<\/p>\n<p>Op\u0107ina Klin\u010da Sela<\/p>\n<p>Op\u0107ina Pisarovina<\/p>\n<p>\u017dupnija sv. Martina Biskupa Pisarovinska Jamnica<\/td>\n<\/tr>\n<tr>\n<td bgcolor=\"#f2f2f2\" width=\"191\" height=\"9\"><b>Regions involved<\/b><\/td>\n<td width=\"416\">SI: Jugovzhodna Slovenija<\/p>\n<p>CRO: Zagreba\u010dka \u017eupanija<\/td>\n<\/tr>\n<tr>\n<td bgcolor=\"#f2f2f2\" width=\"191\" height=\"8\"><b>Website<\/b><\/td>\n<td width=\"416\">SI: <span style=\"color: #0000ff;\"><u><a href=\"http:\/\/www.ipa-erdody.com\/default.asp\">http:\/\/www.ipa-erdody.com\/default.asp<\/a><\/u><\/span><\/p>\n<p>CRO: <span style=\"color: #0000ff;\"><u><a href=\"http:\/\/www.ipa-erdody.com\/default_hr.asp\">http:\/\/www.ipa-erdody.com\/default_hr.asp<\/a><\/u><\/span><\/p>\n<p>EN: <span style=\"color: #0000ff;\"><u><a href=\"http:\/\/www.ipa-erdody.com\/default_en.asp\">http:\/\/www.ipa-erdody.com\/default_en.asp<\/a><\/u><\/span><\/td>\n<\/tr>\n<\/tbody>\n<\/table>\n<\/div><\/section><br \/>\n<section  class='av_textblock_section av-av_textblock-0366cc7376be6c9e82a3e9cc8987b64f'  itemscope=\"itemscope\" itemtype=\"https:\/\/schema.org\/CreativeWork\" ><div class='avia_textblock'  itemprop=\"text\" ><p><i><b>Key results and performed activities <\/b><\/i><i>(quantitative results; max. 3 &#8211; 5)<\/i><\/p>\n<p align=\"JUSTIFY\">1 elaborate study of cross-border cultural and historic ties and documentation for reconstruction, and revitalization of 8 cultural and historical buildings in the project area;<\/p>\n<p align=\"JUSTIFY\">5 renewed and revitalized cultural and historical objects in the project area;<\/p>\n<p align=\"JUSTIFY\">Arranged 1 cross-border cultural and historical path among the renewed and revitalized objects in the project area;<\/p>\n<p align=\"JUSTIFY\">3 art exhibitions about the results of the study of cross-border cultural and historical connections.<\/p>\n<\/div><\/section><\/p><\/div>\n<style type=\"text\/css\" data-created_by=\"avia_inline_auto\" id=\"style-css-av-av_one_full-352b07ef7d3bc99b2e9f92e7a9e06bdb\">\n.flex_column.av-av_one_full-352b07ef7d3bc99b2e9f92e7a9e06bdb{\nborder-radius:0px 0px 0px 0px;\n-webkit-border-radius:0px 0px 0px 0px;\n-moz-border-radius:0px 0px 0px 0px;\n}\n<\/style>\n<div class='flex_column av-av_one_full-352b07ef7d3bc99b2e9f92e7a9e06bdb av_one_full  avia-builder-el-9  el_after_av_one_half  avia-builder-el-last  first flex_column_div av-zero-column-padding column-top-margin'   ><style type=\"text\/css\" data-created_by=\"avia_inline_auto\" id=\"style-css-av-av_image-27f02551aa499df4d0dc1eba87129293\">\n.avia-image-container.av-av_image-27f02551aa499df4d0dc1eba87129293 .av-image-caption-overlay-center{\ncolor:#ffffff;\n}\n<\/style>\n<div  class='avia-image-container av-av_image-27f02551aa499df4d0dc1eba87129293 av-styling- avia-align-center  avia-builder-el-10  avia-builder-el-no-sibling '  itemprop=\"image\" itemscope=\"itemscope\" itemtype=\"https:\/\/schema.org\/ImageObject\" ><div class=\"avia-image-container-inner\"><div class=\"avia-image-overlay-wrap\"><img decoding=\"async\" class='wp-image-1416 avia-img-lazy-loading-not-1416 avia_image' src=\"http:\/\/www.si-hr.eu\/en2\/wp-content\/uploads\/sites\/12\/2016\/11\/PROBUJENA-KULTURNA-DEDISCINA-logo-300x187.jpg\" alt='' title='PROBUJENA KULTURNA DEDISCINA logo'  height=\"187\" width=\"300\"  itemprop=\"thumbnailUrl\" srcset=\"http:\/\/www.si-hr.eu\/en2\/wp-content\/uploads\/sites\/12\/2016\/11\/PROBUJENA-KULTURNA-DEDISCINA-logo-300x187.jpg 300w, http:\/\/www.si-hr.eu\/en2\/wp-content\/uploads\/sites\/12\/2016\/11\/PROBUJENA-KULTURNA-DEDISCINA-logo-600x373.jpg 600w, http:\/\/www.si-hr.eu\/en2\/wp-content\/uploads\/sites\/12\/2016\/11\/PROBUJENA-KULTURNA-DEDISCINA-logo-705x438.jpg 705w, http:\/\/www.si-hr.eu\/en2\/wp-content\/uploads\/sites\/12\/2016\/11\/PROBUJENA-KULTURNA-DEDISCINA-logo-450x280.jpg 450w, http:\/\/www.si-hr.eu\/en2\/wp-content\/uploads\/sites\/12\/2016\/11\/PROBUJENA-KULTURNA-DEDISCINA-logo.jpg 941w\" sizes=\"(max-width: 300px) 100vw, 300px\" \/><\/div><\/div><\/div><\/div><\/p>\n","protected":false},"excerpt":{"rendered":"","protected":false},"author":3,"featured_media":0,"parent":1373,"menu_order":0,"comment_status":"closed","ping_status":"closed","template":"","meta":{"ngg_post_thumbnail":0},"acf":[],"_links":{"self":[{"href":"http:\/\/www.si-hr.eu\/en2\/wp-json\/wp\/v2\/pages\/1415"}],"collection":[{"href":"http:\/\/www.si-hr.eu\/en2\/wp-json\/wp\/v2\/pages"}],"about":[{"href":"http:\/\/www.si-hr.eu\/en2\/wp-json\/wp\/v2\/types\/page"}],"author":[{"embeddable":true,"href":"http:\/\/www.si-hr.eu\/en2\/wp-json\/wp\/v2\/users\/3"}],"replies":[{"embeddable":true,"href":"http:\/\/www.si-hr.eu\/en2\/wp-json\/wp\/v2\/comments?post=1415"}],"version-history":[{"count":1,"href":"http:\/\/www.si-hr.eu\/en2\/wp-json\/wp\/v2\/pages\/1415\/revisions"}],"predecessor-version":[{"id":1418,"href":"http:\/\/www.si-hr.eu\/en2\/wp-json\/wp\/v2\/pages\/1415\/revisions\/1418"}],"up":[{"embeddable":true,"href":"http:\/\/www.si-hr.eu\/en2\/wp-json\/wp\/v2\/pages\/1373"}],"wp:attachment":[{"href":"http:\/\/www.si-hr.eu\/en2\/wp-json\/wp\/v2\/media?parent=1415"}],"curies":[{"name":"wp","href":"https:\/\/api.w.org\/{rel}","templated":true}]}}