{"id":1419,"date":"2016-11-01T18:26:39","date_gmt":"2016-11-01T17:26:39","guid":{"rendered":"http:\/\/84.39.218.255\/en2\/?page_id=1419"},"modified":"2016-11-01T18:28:56","modified_gmt":"2016-11-01T17:28:56","slug":"pom","status":"publish","type":"page","link":"http:\/\/www.si-hr.eu\/en2\/map\/pom\/","title":{"rendered":"POM"},"content":{"rendered":"\n<style type=\"text\/css\" data-created_by=\"avia_inline_auto\" id=\"style-css-av-av_one_full-352b07ef7d3bc99b2e9f92e7a9e06bdb\">\n.flex_column.av-av_one_full-352b07ef7d3bc99b2e9f92e7a9e06bdb{\nborder-radius:0px 0px 0px 0px;\n-webkit-border-radius:0px 0px 0px 0px;\n-moz-border-radius:0px 0px 0px 0px;\n}\n<\/style>\n<div class='flex_column av-av_one_full-352b07ef7d3bc99b2e9f92e7a9e06bdb av_one_full  avia-builder-el-0  el_before_av_one_half  avia-builder-el-first  first flex_column_div av-zero-column-padding '   ><style type=\"text\/css\" data-created_by=\"avia_inline_auto\" id=\"style-css-av-av_heading-6270d89dc18efe808324dc27839f1ab2\">\n#top .av-special-heading.av-av_heading-6270d89dc18efe808324dc27839f1ab2{\npadding-bottom:10px;\n}\nbody .av-special-heading.av-av_heading-6270d89dc18efe808324dc27839f1ab2 .av-special-heading-tag .heading-char{\nfont-size:25px;\n}\n.av-special-heading.av-av_heading-6270d89dc18efe808324dc27839f1ab2 .av-subheading{\nfont-size:15px;\n}\n<\/style>\n<div  class='av-special-heading av-av_heading-6270d89dc18efe808324dc27839f1ab2 av-special-heading-h3 blockquote modern-quote modern-centered  avia-builder-el-1  avia-builder-el-no-sibling '><h3 class='av-special-heading-tag'  itemprop=\"headline\"  >ECONOMIC AND SOCIAL DEVELOPMENT<br \/>\nDEVELOPMENT OF ENTREPRENEURSHIP<\/h3><div class=\"special-heading-border\"><div class=\"special-heading-inner-border\"><\/div><\/div><\/div><\/div>\n<style type=\"text\/css\" data-created_by=\"avia_inline_auto\" id=\"style-css-av-av_one_half-352b07ef7d3bc99b2e9f92e7a9e06bdb\">\n.flex_column.av-av_one_half-352b07ef7d3bc99b2e9f92e7a9e06bdb{\nborder-radius:0px 0px 0px 0px;\n-webkit-border-radius:0px 0px 0px 0px;\n-moz-border-radius:0px 0px 0px 0px;\n}\n<\/style>\n<div class='flex_column av-av_one_half-352b07ef7d3bc99b2e9f92e7a9e06bdb av_one_half  avia-builder-el-2  el_after_av_one_full  el_before_av_one_half  first flex_column_div av-zero-column-padding column-top-margin'   ><p>\n<style type=\"text\/css\" data-created_by=\"avia_inline_auto\" id=\"style-css-av-av_image-44cdec94d8347a92a949d0d76c555595\">\n.avia-image-container.av-av_image-44cdec94d8347a92a949d0d76c555595 .av-image-caption-overlay-center{\ncolor:#ffffff;\n}\n<\/style>\n<div  class='avia-image-container av-av_image-44cdec94d8347a92a949d0d76c555595 av-styling- avia-align-center  avia-builder-el-3  el_before_av_textblock  avia-builder-el-first '  itemprop=\"image\" itemscope=\"itemscope\" itemtype=\"https:\/\/schema.org\/ImageObject\" ><div class=\"avia-image-container-inner\"><div class=\"avia-image-overlay-wrap\"><img decoding=\"async\" class='wp-image-1420 avia-img-lazy-loading-not-1420 avia_image' src=\"http:\/\/www.si-hr.eu\/en2\/wp-content\/uploads\/sites\/12\/2016\/11\/POM-1030x773.jpg\" alt='' title='POM'  height=\"773\" width=\"1030\"  itemprop=\"thumbnailUrl\" srcset=\"http:\/\/www.si-hr.eu\/en2\/wp-content\/uploads\/sites\/12\/2016\/11\/POM-1030x773.jpg 1030w, http:\/\/www.si-hr.eu\/en2\/wp-content\/uploads\/sites\/12\/2016\/11\/POM-300x225.jpg 300w, http:\/\/www.si-hr.eu\/en2\/wp-content\/uploads\/sites\/12\/2016\/11\/POM-600x450.jpg 600w, http:\/\/www.si-hr.eu\/en2\/wp-content\/uploads\/sites\/12\/2016\/11\/POM-705x529.jpg 705w, http:\/\/www.si-hr.eu\/en2\/wp-content\/uploads\/sites\/12\/2016\/11\/POM-450x338.jpg 450w, http:\/\/www.si-hr.eu\/en2\/wp-content\/uploads\/sites\/12\/2016\/11\/POM.jpg 1437w\" sizes=\"(max-width: 1030px) 100vw, 1030px\" \/><\/div><\/div><\/div><br \/>\n<section  class='av_textblock_section av-av_textblock-0366cc7376be6c9e82a3e9cc8987b64f'  itemscope=\"itemscope\" itemtype=\"https:\/\/schema.org\/CreativeWork\" ><div class='avia_textblock'  itemprop=\"text\" ><p style=\"text-align: center;\"><strong>POM<\/strong><\/p>\n<\/div><\/section><br \/>\n<section  class='av_textblock_section av-av_textblock-0366cc7376be6c9e82a3e9cc8987b64f'  itemscope=\"itemscope\" itemtype=\"https:\/\/schema.org\/CreativeWork\" ><div class='avia_textblock'  itemprop=\"text\" ><p><i><b>Project summary <\/b><\/i><\/p>\n<p align=\"JUSTIFY\">Project activities were a number of set challenges, dealing with (self)employment, social integration into the labor market and teaching of young people, because the latter factors are too complex to be solved by one institution alone. Experience shows, that it is therefore necessary to approach the issues on multiple levels, in the form of national, local-regional and international partnerships. Innovation of the project is reflected in setting up a network of cross-border employment service and the desire for a common approach to solve the problem of unemployment. With the establishment of a virtual center, tools and programs were offered, for reducing the lack of education and informativity of young people in the field of entrepreneurship, and it contributed to raising the level of basic knowledge and skills, especially raising awareness of the importance and opportunities of entrepreneurship, and the exploitation of alternative sources of income. Support services are closer to the local surroundings (initiative point, or the user&#8217;s address), where the right information at the right time in the right place are the key to the success of an individual. The Internet, in a constant battle with time, has become an important source of information in all spheres of human life. Our virtual center provides 24-hour access to current information, content, tools and materials that enable learning literally from the chair, which is certainly an innovation, especially in rural areas. The developed model of network for the development initiative of young people, that the labor market operates within the Public employment services and partner organizations, provides young people comprehensive education in advanced training programs and provides an alternative and complementary solution to the existing system by encouraging (self)employment within the framework of the existing measures and mechanisms, within the public employment service in Slovenia and Croatia. With this systematic and comprehensive model of the labor market in Slovenia and Croatia, support was given to: the promotion of creating new enterprises established by young people, business expansion of these enterprises and the transfer of good practice, networking and cooperation.<\/p>\n<\/div><\/section><\/p><\/div>\n<style type=\"text\/css\" data-created_by=\"avia_inline_auto\" id=\"style-css-av-av_one_half-2a64de42b738552fe666ca889af77e28\">\n.flex_column.av-av_one_half-2a64de42b738552fe666ca889af77e28{\nborder-radius:0px 0px 0px 0px;\n-webkit-border-radius:0px 0px 0px 0px;\n-moz-border-radius:0px 0px 0px 0px;\n}\n<\/style>\n<div class='flex_column av-av_one_half-2a64de42b738552fe666ca889af77e28 av_one_half  avia-builder-el-6  el_after_av_one_half  el_before_av_one_full  flex_column_div av-zero-column-padding column-top-margin'   ><section  class='av_textblock_section av-av_textblock-0366cc7376be6c9e82a3e9cc8987b64f'  itemscope=\"itemscope\" itemtype=\"https:\/\/schema.org\/CreativeWork\" ><div class='avia_textblock'  itemprop=\"text\" ><table border=\"1\" width=\"637\" cellspacing=\"0\" cellpadding=\"7\">\n<colgroup>\n<col width=\"191\" \/>\n<col width=\"416\" \/> <\/colgroup>\n<tbody>\n<tr>\n<td bgcolor=\"#f2f2f2\" width=\"191\" height=\"8\"><b>Project title<\/b><\/td>\n<td width=\"416\">Network for development the entrepreneurship of young people<\/td>\n<\/tr>\n<tr>\n<td bgcolor=\"#f2f2f2\" width=\"191\" height=\"9\"><b>ERDF funds<\/b><\/td>\n<td width=\"416\">386.304,49 EUR<\/td>\n<\/tr>\n<tr>\n<td bgcolor=\"#f2f2f2\" width=\"191\" height=\"9\"><b>Project duration <\/b><\/p>\n<p><b>(month\/year \u2013 month\/year)<\/b><\/td>\n<td width=\"416\">01.01.2011 &#8211; 31.03.2013<\/td>\n<\/tr>\n<tr>\n<td bgcolor=\"#f2f2f2\" width=\"191\" height=\"9\"><b>Lead partner<\/b><\/td>\n<td width=\"416\">Regionalni sklad dela Podravje\/ Fundacija za izbolj\u0161anje Zaposlitvenih mo\u017enosti PRIZMA<\/td>\n<\/tr>\n<tr>\n<td bgcolor=\"#f2f2f2\" width=\"191\" height=\"9\"><b>Partners<\/b><\/td>\n<td width=\"416\">\n<p align=\"JUSTIFY\">Zavod RS za zaposlovanje (OE Maribor, OE Celje, OE Ptuj, OE Sevnica)<\/p>\n<p lang=\"fr-FR\" align=\"JUSTIFY\">Hrvatski zavod za zapo\u0161ljavanje (PU Krapina, PU \u010cakovec, PU Vara\u017edin)<\/p>\n<p align=\"JUSTIFY\">Zagorska razvojna agencija d.o.o.<\/p>\n<\/td>\n<\/tr>\n<tr>\n<td bgcolor=\"#f2f2f2\" width=\"191\" height=\"9\"><b>Regions involved<\/b><\/td>\n<td width=\"416\">SI: Podravska regija, Osrednjeslovenska regija<\/p>\n<p>CRO: Vara\u017edinska \u017eupanija, Krapinsko-zagorska \u017eupanija, Me\u0111imurska \u017eupanija<\/td>\n<\/tr>\n<tr>\n<td bgcolor=\"#f2f2f2\" width=\"191\" height=\"8\"><b>Website<\/b><\/td>\n<td width=\"416\"><span lang=\"fr-FR\">SI: <\/span><span style=\"color: #0000ff;\"><u><a href=\"http:\/\/www.ipa-pom.eu\/\"><span lang=\"fr-FR\">http:\/\/www.ipa-pom.eu\/<\/span><\/a><\/u><\/span><\/p>\n<p><span lang=\"fr-FR\">CRO : <\/span><span style=\"color: #0000ff;\"><u><a href=\"http:\/\/www.ipa-pom.eu\/hr\"><span lang=\"fr-FR\">http:\/\/www.ipa-pom.eu\/hr<\/span><\/a><\/u><\/span><\/td>\n<\/tr>\n<\/tbody>\n<\/table>\n<\/div><\/section><br \/>\n<section  class='av_textblock_section av-av_textblock-0366cc7376be6c9e82a3e9cc8987b64f'  itemscope=\"itemscope\" itemtype=\"https:\/\/schema.org\/CreativeWork\" ><div class='avia_textblock'  itemprop=\"text\" ><p><i><b>Key results and performed activities <\/b><\/i><i>(quantitative results; max. 3 &#8211; 5)<\/i><\/p>\n<p>1 virtual cross-border network center for the development of the entrepreneurship of young people;<\/p>\n<p>22 trained promoters for work in the entrepreneurship sector;<\/p>\n<p>27 young people trained for starting their own enterprise;<\/p>\n<p>23 young people trained for the increasing the number of employees and competitiveness in the labor market;<\/p>\n<p>20 new business plans for opening SMEs.<\/p>\n<\/div><\/section><\/p><\/div>\n<style type=\"text\/css\" data-created_by=\"avia_inline_auto\" id=\"style-css-av-av_one_full-352b07ef7d3bc99b2e9f92e7a9e06bdb\">\n.flex_column.av-av_one_full-352b07ef7d3bc99b2e9f92e7a9e06bdb{\nborder-radius:0px 0px 0px 0px;\n-webkit-border-radius:0px 0px 0px 0px;\n-moz-border-radius:0px 0px 0px 0px;\n}\n<\/style>\n<div class='flex_column av-av_one_full-352b07ef7d3bc99b2e9f92e7a9e06bdb av_one_full  avia-builder-el-9  el_after_av_one_half  avia-builder-el-last  first flex_column_div av-zero-column-padding column-top-margin'   ><style type=\"text\/css\" data-created_by=\"avia_inline_auto\" id=\"style-css-av-av_image-222c0de3873fe2af257e308a9a6e94c3\">\n.avia-image-container.av-av_image-222c0de3873fe2af257e308a9a6e94c3 .av-image-caption-overlay-center{\ncolor:#ffffff;\n}\n<\/style>\n<div  class='avia-image-container av-av_image-222c0de3873fe2af257e308a9a6e94c3 av-styling- avia-align-center  avia-builder-el-10  avia-builder-el-no-sibling '  itemprop=\"image\" itemscope=\"itemscope\" itemtype=\"https:\/\/schema.org\/ImageObject\" ><div class=\"avia-image-container-inner\"><div class=\"avia-image-overlay-wrap\"><img decoding=\"async\" class='wp-image-1421 avia-img-lazy-loading-not-1421 avia_image' src=\"http:\/\/www.si-hr.eu\/en2\/wp-content\/uploads\/sites\/12\/2016\/11\/POM-logo-300x178.png\" alt='' title='POM logo'  height=\"178\" width=\"300\"  itemprop=\"thumbnailUrl\" srcset=\"http:\/\/www.si-hr.eu\/en2\/wp-content\/uploads\/sites\/12\/2016\/11\/POM-logo-300x178.png 300w, http:\/\/www.si-hr.eu\/en2\/wp-content\/uploads\/sites\/12\/2016\/11\/POM-logo-600x356.png 600w, http:\/\/www.si-hr.eu\/en2\/wp-content\/uploads\/sites\/12\/2016\/11\/POM-logo-450x267.png 450w, http:\/\/www.si-hr.eu\/en2\/wp-content\/uploads\/sites\/12\/2016\/11\/POM-logo.png 640w\" sizes=\"(max-width: 300px) 100vw, 300px\" \/><\/div><\/div><\/div><\/div><\/p>\n","protected":false},"excerpt":{"rendered":"","protected":false},"author":3,"featured_media":0,"parent":1373,"menu_order":0,"comment_status":"closed","ping_status":"closed","template":"","meta":{"ngg_post_thumbnail":0},"acf":[],"_links":{"self":[{"href":"http:\/\/www.si-hr.eu\/en2\/wp-json\/wp\/v2\/pages\/1419"}],"collection":[{"href":"http:\/\/www.si-hr.eu\/en2\/wp-json\/wp\/v2\/pages"}],"about":[{"href":"http:\/\/www.si-hr.eu\/en2\/wp-json\/wp\/v2\/types\/page"}],"author":[{"embeddable":true,"href":"http:\/\/www.si-hr.eu\/en2\/wp-json\/wp\/v2\/users\/3"}],"replies":[{"embeddable":true,"href":"http:\/\/www.si-hr.eu\/en2\/wp-json\/wp\/v2\/comments?post=1419"}],"version-history":[{"count":1,"href":"http:\/\/www.si-hr.eu\/en2\/wp-json\/wp\/v2\/pages\/1419\/revisions"}],"predecessor-version":[{"id":1422,"href":"http:\/\/www.si-hr.eu\/en2\/wp-json\/wp\/v2\/pages\/1419\/revisions\/1422"}],"up":[{"embeddable":true,"href":"http:\/\/www.si-hr.eu\/en2\/wp-json\/wp\/v2\/pages\/1373"}],"wp:attachment":[{"href":"http:\/\/www.si-hr.eu\/en2\/wp-json\/wp\/v2\/media?parent=1419"}],"curies":[{"name":"wp","href":"https:\/\/api.w.org\/{rel}","templated":true}]}}