{"id":1423,"date":"2016-11-01T18:51:53","date_gmt":"2016-11-01T17:51:53","guid":{"rendered":"http:\/\/84.39.218.255\/en2\/?page_id=1423"},"modified":"2016-11-01T18:55:18","modified_gmt":"2016-11-01T17:55:18","slug":"we-are-drinking-the-same-water","status":"publish","type":"page","link":"http:\/\/www.si-hr.eu\/en2\/map\/we-are-drinking-the-same-water\/","title":{"rendered":"WE ARE DRINKING THE SAME WATER"},"content":{"rendered":"\n<style type=\"text\/css\" data-created_by=\"avia_inline_auto\" id=\"style-css-av-av_one_full-352b07ef7d3bc99b2e9f92e7a9e06bdb\">\n.flex_column.av-av_one_full-352b07ef7d3bc99b2e9f92e7a9e06bdb{\nborder-radius:0px 0px 0px 0px;\n-webkit-border-radius:0px 0px 0px 0px;\n-moz-border-radius:0px 0px 0px 0px;\n}\n<\/style>\n<div class='flex_column av-av_one_full-352b07ef7d3bc99b2e9f92e7a9e06bdb av_one_full  avia-builder-el-0  el_before_av_one_half  avia-builder-el-first  first flex_column_div av-zero-column-padding '   ><style type=\"text\/css\" data-created_by=\"avia_inline_auto\" id=\"style-css-av-av_heading-f31c06c8181d44c845466c7acf554d0e\">\n#top .av-special-heading.av-av_heading-f31c06c8181d44c845466c7acf554d0e{\npadding-bottom:10px;\n}\nbody .av-special-heading.av-av_heading-f31c06c8181d44c845466c7acf554d0e .av-special-heading-tag .heading-char{\nfont-size:25px;\n}\n.av-special-heading.av-av_heading-f31c06c8181d44c845466c7acf554d0e .av-subheading{\nfont-size:15px;\n}\n<\/style>\n<div  class='av-special-heading av-av_heading-f31c06c8181d44c845466c7acf554d0e av-special-heading-h3 blockquote modern-quote modern-centered  avia-builder-el-1  avia-builder-el-no-sibling '><h3 class='av-special-heading-tag'  itemprop=\"headline\"  >SUSTAINABLE MANAGEMENT OF NATURAL RESOURCES<br \/>\nENVIRONMENTAL PROTECTION<\/h3><div class=\"special-heading-border\"><div class=\"special-heading-inner-border\"><\/div><\/div><\/div><\/div>\n<style type=\"text\/css\" data-created_by=\"avia_inline_auto\" id=\"style-css-av-av_one_half-352b07ef7d3bc99b2e9f92e7a9e06bdb\">\n.flex_column.av-av_one_half-352b07ef7d3bc99b2e9f92e7a9e06bdb{\nborder-radius:0px 0px 0px 0px;\n-webkit-border-radius:0px 0px 0px 0px;\n-moz-border-radius:0px 0px 0px 0px;\n}\n<\/style>\n<div class='flex_column av-av_one_half-352b07ef7d3bc99b2e9f92e7a9e06bdb av_one_half  avia-builder-el-2  el_after_av_one_full  el_before_av_one_half  first flex_column_div av-zero-column-padding column-top-margin'   ><p>\n<style type=\"text\/css\" data-created_by=\"avia_inline_auto\" id=\"style-css-av-av_image-259564412fbf0cc9c8c2d56a6e352f39\">\n.avia-image-container.av-av_image-259564412fbf0cc9c8c2d56a6e352f39 .av-image-caption-overlay-center{\ncolor:#ffffff;\n}\n<\/style>\n<div  class='avia-image-container av-av_image-259564412fbf0cc9c8c2d56a6e352f39 av-styling- avia-align-center  avia-builder-el-3  el_before_av_textblock  avia-builder-el-first '  itemprop=\"image\" itemscope=\"itemscope\" itemtype=\"https:\/\/schema.org\/ImageObject\" ><div class=\"avia-image-container-inner\"><div class=\"avia-image-overlay-wrap\"><img decoding=\"async\" class='wp-image-1426 avia-img-lazy-loading-not-1426 avia_image' src=\"http:\/\/www.si-hr.eu\/en2\/wp-content\/uploads\/sites\/12\/2016\/11\/PIJEMO-ISTO-VODO.jpg\" alt='' title='PIJEMO ISTO VODO'  height=\"207\" width=\"237\"  itemprop=\"thumbnailUrl\"  \/><\/div><\/div><\/div><br \/>\n<section  class='av_textblock_section av-av_textblock-0366cc7376be6c9e82a3e9cc8987b64f'  itemscope=\"itemscope\" itemtype=\"https:\/\/schema.org\/CreativeWork\" ><div class='avia_textblock'  itemprop=\"text\" ><p align=\"CENTER\"><b>WE ARE DRINKING THE SAME WATER<\/b><\/p>\n<\/div><\/section><br \/>\n<section  class='av_textblock_section av-av_textblock-0366cc7376be6c9e82a3e9cc8987b64f'  itemscope=\"itemscope\" itemtype=\"https:\/\/schema.org\/CreativeWork\" ><div class='avia_textblock'  itemprop=\"text\" ><p><i><b>Project summary <\/b><\/i><\/p>\n<p align=\"JUSTIFY\">Specific cross-borders objectives of the operation were: drafting a long term water protection strategy; creating preconditions for the construction of (separate) sewage systems and waste water treatment plants; application of European standards, methods and technologies in sewage and waste water treatment; reducing environmental pollution, pollution of surface and ground waters; affect prevention, education and increase public awareness of local inhabitants, focusing especially on large pollutants explaining the necessity of water protection in whole cross-border area. Added value of the project was: establishment of cross border networks; involvement of local actors in improvement of water protection; joint management plans of water sources; protection of drinking water in sensitive cross border area; integrated policy in waste water management; sharing European standards, methods and technologies in sewage and waste water treatment; joint activities on public awareness of inhabitants and polluters, focusing on environmental protection and water protection; eco-sensibilization; joint development of human resources (education on environmental protection measures); strengthening of local capacity for innovative measures in waste water management, using information technologies; improving quality of life and fostering of natural physical and social environment; development of biodiversity; economic and tourism development; economic and social cohesion; sustainable development. Outputs of the project were the creation of the following documents: the agreement on fostering of water protection and waste water management; joint water protection strategy in cross border area; general project on sewage system and waste water treatment; geotechnical and geodetic elaborates; main and performance project for separate sewage systems and waste water treatment plant; lectures aimed at raising the awareness of inhabitants and polluters on environmental protection and innovative measures of water protection; joint press conferences about the project; joint radio shows; brochures; posters.<\/p>\n<\/div><\/section><\/p><\/div>\n<style type=\"text\/css\" data-created_by=\"avia_inline_auto\" id=\"style-css-av-av_one_half-2a64de42b738552fe666ca889af77e28\">\n.flex_column.av-av_one_half-2a64de42b738552fe666ca889af77e28{\nborder-radius:0px 0px 0px 0px;\n-webkit-border-radius:0px 0px 0px 0px;\n-moz-border-radius:0px 0px 0px 0px;\n}\n<\/style>\n<div class='flex_column av-av_one_half-2a64de42b738552fe666ca889af77e28 av_one_half  avia-builder-el-6  el_after_av_one_half  avia-builder-el-last  flex_column_div av-zero-column-padding column-top-margin'   ><section  class='av_textblock_section av-av_textblock-0366cc7376be6c9e82a3e9cc8987b64f'  itemscope=\"itemscope\" itemtype=\"https:\/\/schema.org\/CreativeWork\" ><div class='avia_textblock'  itemprop=\"text\" ><table border=\"1\" width=\"637\" cellspacing=\"0\" cellpadding=\"7\">\n<colgroup>\n<col width=\"191\" \/>\n<col width=\"416\" \/> <\/colgroup>\n<tbody>\n<tr>\n<td bgcolor=\"#f2f2f2\" width=\"191\" height=\"8\"><b>Project title<\/b><\/td>\n<td width=\"416\">\n<p align=\"JUSTIFY\">Drinking water protection in Op\u0107ina Nedeli\u0161\u0107e and Ob\u010dina Sredi\u0161\u0107e ob Dravi<\/p>\n<\/td>\n<\/tr>\n<tr>\n<td bgcolor=\"#f2f2f2\" width=\"191\" height=\"9\"><b>ERDF funds<\/b><\/td>\n<td width=\"416\">327.489,80 EUR<\/td>\n<\/tr>\n<tr>\n<td bgcolor=\"#f2f2f2\" width=\"191\" height=\"9\"><b>Project duration <\/b><\/p>\n<p><b>(month\/year \u2013 month\/year)<\/b><\/td>\n<td width=\"416\">01.05.2010. &#8211; 31.03.2012.<\/td>\n<\/tr>\n<tr>\n<td bgcolor=\"#f2f2f2\" width=\"191\" height=\"9\"><b>Lead partner<\/b><\/td>\n<td width=\"416\">Me\u0111imurske vode d.o.o.<\/td>\n<\/tr>\n<tr>\n<td bgcolor=\"#f2f2f2\" width=\"191\" height=\"9\"><b>Partners<\/b><\/td>\n<td width=\"416\">Ob\u010dina Sredi\u0161\u0107e ob Dravi<\/p>\n<p>Ekoremedijacijski tehnolo\u0161ki centar Celje<\/p>\n<p>Razvojna agencija Grada \u010cakovca<\/p>\n<p>Ljudska univerza Ormo\u017e<\/td>\n<\/tr>\n<tr>\n<td bgcolor=\"#f2f2f2\" width=\"191\" height=\"9\"><b>Regions involved<\/b><\/td>\n<td width=\"416\">SI: Podravska regija<\/p>\n<p>CRO: Me\u0111imurska \u017eupanija<\/td>\n<\/tr>\n<tr>\n<td bgcolor=\"#f2f2f2\" width=\"191\" height=\"8\"><b>Website<\/b><\/td>\n<td width=\"416\"><span lang=\"fr-FR\">CRO: <\/span><span style=\"color: #0000ff;\"><u><a href=\"http:\/\/medjimurske-vode.hr\/medunarodni-projekti\/pijemo_istu_vodu\/\"><span lang=\"fr-FR\">http:\/\/medjimurske-vode.hr\/medunarodni-projekti\/pijemo_istu_vodu\/<\/span><\/a><\/u><\/span><\/td>\n<\/tr>\n<\/tbody>\n<\/table>\n<\/div><\/section><br \/>\n<section  class='av_textblock_section av-av_textblock-0366cc7376be6c9e82a3e9cc8987b64f'  itemscope=\"itemscope\" itemtype=\"https:\/\/schema.org\/CreativeWork\" ><div class='avia_textblock'  itemprop=\"text\" ><p><i><b>Key results and performed activities <\/b><\/i><i>(quantitative results; max. 3 &#8211; 5)<\/i><\/p>\n<p align=\"JUSTIFY\">1 common strategy of water protection in the Ob\u010dina Sredi\u0161\u0107e ob Dravi and Op\u0107ina Nedeli\u0161\u0107e;<\/p>\n<p align=\"JUSTIFY\">1 set of technical documentation for construction of drainage system in the Op\u0107ina Nedeli\u0161\u0107e;<\/p>\n<p align=\"JUSTIFY\">1 set of technical documentation for construction of sewerage system in the Ob\u010dina Sredi\u0161\u0107e ob Dravi.<\/p>\n<\/div><\/section><\/p><\/div><\/p>\n","protected":false},"excerpt":{"rendered":"","protected":false},"author":3,"featured_media":0,"parent":1373,"menu_order":0,"comment_status":"closed","ping_status":"closed","template":"","meta":{"ngg_post_thumbnail":0},"acf":[],"_links":{"self":[{"href":"http:\/\/www.si-hr.eu\/en2\/wp-json\/wp\/v2\/pages\/1423"}],"collection":[{"href":"http:\/\/www.si-hr.eu\/en2\/wp-json\/wp\/v2\/pages"}],"about":[{"href":"http:\/\/www.si-hr.eu\/en2\/wp-json\/wp\/v2\/types\/page"}],"author":[{"embeddable":true,"href":"http:\/\/www.si-hr.eu\/en2\/wp-json\/wp\/v2\/users\/3"}],"replies":[{"embeddable":true,"href":"http:\/\/www.si-hr.eu\/en2\/wp-json\/wp\/v2\/comments?post=1423"}],"version-history":[{"count":3,"href":"http:\/\/www.si-hr.eu\/en2\/wp-json\/wp\/v2\/pages\/1423\/revisions"}],"predecessor-version":[{"id":1427,"href":"http:\/\/www.si-hr.eu\/en2\/wp-json\/wp\/v2\/pages\/1423\/revisions\/1427"}],"up":[{"embeddable":true,"href":"http:\/\/www.si-hr.eu\/en2\/wp-json\/wp\/v2\/pages\/1373"}],"wp:attachment":[{"href":"http:\/\/www.si-hr.eu\/en2\/wp-json\/wp\/v2\/media?parent=1423"}],"curies":[{"name":"wp","href":"https:\/\/api.w.org\/{rel}","templated":true}]}}