{"id":1485,"date":"2016-11-16T11:26:52","date_gmt":"2016-11-16T10:26:52","guid":{"rendered":"http:\/\/www.si-hr.eu\/en2\/?page_id=1485"},"modified":"2016-11-16T11:33:29","modified_gmt":"2016-11-16T10:33:29","slug":"new-media-cross-border","status":"publish","type":"page","link":"http:\/\/www.si-hr.eu\/en2\/map\/new-media-cross-border\/","title":{"rendered":"NEW MEDIA CROSS-BORDER"},"content":{"rendered":"\n<style type=\"text\/css\" data-created_by=\"avia_inline_auto\" id=\"style-css-av-av_one_full-352b07ef7d3bc99b2e9f92e7a9e06bdb\">\n.flex_column.av-av_one_full-352b07ef7d3bc99b2e9f92e7a9e06bdb{\nborder-radius:0px 0px 0px 0px;\n-webkit-border-radius:0px 0px 0px 0px;\n-moz-border-radius:0px 0px 0px 0px;\n}\n<\/style>\n<div class='flex_column av-av_one_full-352b07ef7d3bc99b2e9f92e7a9e06bdb av_one_full  avia-builder-el-0  el_before_av_one_half  avia-builder-el-first  first flex_column_div av-zero-column-padding '   ><style type=\"text\/css\" data-created_by=\"avia_inline_auto\" id=\"style-css-av-av_heading-23070121f0f19c9da47af143f751807a\">\n#top .av-special-heading.av-av_heading-23070121f0f19c9da47af143f751807a{\npadding-bottom:10px;\n}\nbody .av-special-heading.av-av_heading-23070121f0f19c9da47af143f751807a .av-special-heading-tag .heading-char{\nfont-size:25px;\n}\n.av-special-heading.av-av_heading-23070121f0f19c9da47af143f751807a .av-subheading{\nfont-size:15px;\n}\n<\/style>\n<div  class='av-special-heading av-av_heading-23070121f0f19c9da47af143f751807a av-special-heading-h3 blockquote modern-quote modern-centered  avia-builder-el-1  avia-builder-el-no-sibling '><h3 class='av-special-heading-tag'  itemprop=\"headline\"  >ECONOMIC AND SOCIAL DEVELOPMENT SOCIAL INTEGRATION<\/h3><div class=\"special-heading-border\"><div class=\"special-heading-inner-border\"><\/div><\/div><\/div><\/div>\n<style type=\"text\/css\" data-created_by=\"avia_inline_auto\" id=\"style-css-av-av_one_half-352b07ef7d3bc99b2e9f92e7a9e06bdb\">\n.flex_column.av-av_one_half-352b07ef7d3bc99b2e9f92e7a9e06bdb{\nborder-radius:0px 0px 0px 0px;\n-webkit-border-radius:0px 0px 0px 0px;\n-moz-border-radius:0px 0px 0px 0px;\n}\n<\/style>\n<div class='flex_column av-av_one_half-352b07ef7d3bc99b2e9f92e7a9e06bdb av_one_half  avia-builder-el-2  el_after_av_one_full  el_before_av_one_half  first flex_column_div av-zero-column-padding column-top-margin'   ><p>\n<style type=\"text\/css\" data-created_by=\"avia_inline_auto\" id=\"style-css-av-av_image-a640477e368bd85d5e83f48c7f5d7b78\">\n.avia-image-container.av-av_image-a640477e368bd85d5e83f48c7f5d7b78 .av-image-caption-overlay-center{\ncolor:#ffffff;\n}\n<\/style>\n<div  class='avia-image-container av-av_image-a640477e368bd85d5e83f48c7f5d7b78 av-styling- avia-align-center  avia-builder-el-3  el_before_av_textblock  avia-builder-el-first '  itemprop=\"image\" itemscope=\"itemscope\" itemtype=\"https:\/\/schema.org\/ImageObject\" ><div class=\"avia-image-container-inner\"><div class=\"avia-image-overlay-wrap\"><img decoding=\"async\" class='wp-image-1486 avia-img-lazy-loading-not-1486 avia_image' src=\"http:\/\/www.si-hr.eu\/en2\/wp-content\/uploads\/sites\/12\/2016\/11\/NEW-MEDIA-CROSS-BORDER.jpg\" alt='' title='NEW MEDIA CROSS-BORDER'  height=\"587\" width=\"889\"  itemprop=\"thumbnailUrl\" srcset=\"http:\/\/www.si-hr.eu\/en2\/wp-content\/uploads\/sites\/12\/2016\/11\/NEW-MEDIA-CROSS-BORDER.jpg 889w, http:\/\/www.si-hr.eu\/en2\/wp-content\/uploads\/sites\/12\/2016\/11\/NEW-MEDIA-CROSS-BORDER-300x198.jpg 300w, http:\/\/www.si-hr.eu\/en2\/wp-content\/uploads\/sites\/12\/2016\/11\/NEW-MEDIA-CROSS-BORDER-600x396.jpg 600w, http:\/\/www.si-hr.eu\/en2\/wp-content\/uploads\/sites\/12\/2016\/11\/NEW-MEDIA-CROSS-BORDER-705x466.jpg 705w, http:\/\/www.si-hr.eu\/en2\/wp-content\/uploads\/sites\/12\/2016\/11\/NEW-MEDIA-CROSS-BORDER-450x297.jpg 450w\" sizes=\"(max-width: 889px) 100vw, 889px\" \/><\/div><\/div><\/div><br \/>\n<section  class='av_textblock_section av-av_textblock-0366cc7376be6c9e82a3e9cc8987b64f'  itemscope=\"itemscope\" itemtype=\"https:\/\/schema.org\/CreativeWork\" ><div class='avia_textblock'  itemprop=\"text\" ><p align=\"CENTER\"><b>NEW MEDIA CROSS-BORDER<\/b><\/p>\n<\/div><\/section><br \/>\n<section  class='av_textblock_section av-av_textblock-0366cc7376be6c9e82a3e9cc8987b64f'  itemscope=\"itemscope\" itemtype=\"https:\/\/schema.org\/CreativeWork\" ><div class='avia_textblock'  itemprop=\"text\" ><p><i><b>Project summary <\/b><\/i><\/p>\n<p align=\"JUSTIFY\">Specific cross-borders objectives of the operation were: to strengthen the capacity of organizations working in the field of New Media Culture, which will be involved in cross-border cooperation and development in the future; increase the number of collaborative projects, cross-border events and mobility of artists and cultural exchanges in the field of new media culture; create the conditions and accelerate the development of cross-border cooperation by establishing an operating joint Agency for transdisciplinary and new media culture that will work on education, counseling, information and programs exchange. The Cross-border Agency for transdisciplinary and new media culture strengthened cross-border cooperation areas and it was the engine of development for the new media culture trough lobbying institutions, promotion, counseling, informing, networking and development of new projects. Slovenian and Croatian artists were working together during the residential programs. Outputs of the project were: a database of organizations and individuals active in the new media culture; 5 study visits to learn from examples of good practice in the EU; 5 three-day capacity building workshops; cross-border operation for a period of 7 days for all students of education; 10 festivals; establishment of the Agency for transdisciplinary and new media culture; a book on the history of new media culture in the northern border area with 4 book presentations; 4 transdisciplinary cross-border art residency programs for a period of three weeks each; 8 meetings with the institutions active in the culture field; 10 cooperative ad-hoc art interventions; web page in Croatian and Slovenian language; 28 press releases; an opening and a closing conference in Maribor, Slovenia and \u010cakovec, Croatia; a documentary about the project; and 200 DVDs.<\/p>\n<\/div><\/section><\/p><\/div>\n<style type=\"text\/css\" data-created_by=\"avia_inline_auto\" id=\"style-css-av-av_one_half-2a64de42b738552fe666ca889af77e28\">\n.flex_column.av-av_one_half-2a64de42b738552fe666ca889af77e28{\nborder-radius:0px 0px 0px 0px;\n-webkit-border-radius:0px 0px 0px 0px;\n-moz-border-radius:0px 0px 0px 0px;\n}\n<\/style>\n<div class='flex_column av-av_one_half-2a64de42b738552fe666ca889af77e28 av_one_half  avia-builder-el-6  el_after_av_one_half  el_before_av_image  flex_column_div av-zero-column-padding column-top-margin'   ><section  class='av_textblock_section av-av_textblock-0366cc7376be6c9e82a3e9cc8987b64f'  itemscope=\"itemscope\" itemtype=\"https:\/\/schema.org\/CreativeWork\" ><div class='avia_textblock'  itemprop=\"text\" ><table border=\"1\" width=\"637\" cellspacing=\"0\" cellpadding=\"7\">\n<colgroup>\n<col width=\"191\" \/>\n<col width=\"416\" \/> <\/colgroup>\n<tbody>\n<tr>\n<td bgcolor=\"#f2f2f2\" width=\"191\" height=\"8\"><b>Project title<\/b><\/td>\n<td width=\"416\">\n<p align=\"JUSTIFY\">Transdisciplinarity and new media culture in cross-border area development<\/p>\n<\/td>\n<\/tr>\n<tr>\n<td bgcolor=\"#f2f2f2\" width=\"191\" height=\"9\"><b>ERDF funds<\/b><\/td>\n<td width=\"416\">\n<p align=\"JUSTIFY\">257.508,03 EUR<\/p>\n<\/td>\n<\/tr>\n<tr>\n<td bgcolor=\"#f2f2f2\" width=\"191\" height=\"9\"><b>Project duration <\/b><\/p>\n<p><b>(month\/year \u2013 month\/year)<\/b><\/td>\n<td width=\"416\">\n<p align=\"JUSTIFY\">01.04.2011 &#8211; 31.03.2013<\/p>\n<\/td>\n<\/tr>\n<tr>\n<td bgcolor=\"#f2f2f2\" width=\"191\" height=\"9\"><b>Lead partner<\/b><\/td>\n<td width=\"416\">\n<p align=\"JUSTIFY\">Autonomni centar &#8211; ACT<\/p>\n<\/td>\n<\/tr>\n<tr>\n<td bgcolor=\"#f2f2f2\" width=\"191\" height=\"9\"><b>Partners<\/b><\/td>\n<td width=\"416\">\n<p align=\"JUSTIFY\">Kulturno izobra\u017eevalno dru\u0161tvo Kibla<\/p>\n<p align=\"JUSTIFY\">ONEJ &#8211; dru\u0161tvo prekmurske pobude<\/p>\n<p align=\"JUSTIFY\">Udruga mladih Vara\u017edinski underground klub<\/p>\n<\/td>\n<\/tr>\n<tr>\n<td bgcolor=\"#f2f2f2\" width=\"191\" height=\"9\"><b>Regions involved<\/b><\/td>\n<td width=\"416\">\n<p align=\"JUSTIFY\">SI: Pomurska regija, Podravska regija<\/p>\n<p align=\"JUSTIFY\">CRO: Me\u0111imurska \u017eupanija, Vara\u017edinska \u017eupanija<\/p>\n<\/td>\n<\/tr>\n<tr>\n<td bgcolor=\"#f2f2f2\" width=\"191\" height=\"8\"><b>Website<\/b><\/td>\n<td width=\"416\">\n<p align=\"JUSTIFY\"><span lang=\"fr-FR\">SI: <\/span><span style=\"color: #0000ff;\"><u><a href=\"http:\/\/noborderculture.eu\/si\/\"><span lang=\"fr-FR\">http:\/\/noborderculture.eu\/si\/<\/span><\/a><\/u><\/span><\/p>\n<p align=\"JUSTIFY\"><span lang=\"fr-FR\">CRO: <\/span><span style=\"color: #0000ff;\"><u><a href=\"http:\/\/noborderculture.eu\/\"><span lang=\"fr-FR\">http:\/\/noborderculture.eu\/<\/span><\/a><\/u><\/span><\/p>\n<p align=\"JUSTIFY\"><span lang=\"fr-FR\">EN: <\/span><span style=\"color: #0000ff;\"><u><a href=\"http:\/\/noborderculture.eu\/en\/\"><span lang=\"fr-FR\">http:\/\/noborderculture.eu\/en\/<\/span><\/a><\/u><\/span><\/p>\n<\/td>\n<\/tr>\n<\/tbody>\n<\/table>\n<\/div><\/section><br \/>\n<section  class='av_textblock_section av-av_textblock-0366cc7376be6c9e82a3e9cc8987b64f'  itemscope=\"itemscope\" itemtype=\"https:\/\/schema.org\/CreativeWork\" ><div class='avia_textblock'  itemprop=\"text\" ><p><i><b>Key results and performed activities <\/b><\/i><i>(quantitative results; max. 3 &#8211; 5)<\/i><\/p>\n<p>12 participants trained to work in local development;<\/p>\n<p>Enriched cultural and educational offer through 32 events;<\/p>\n<p>Strengthened capacities of all 4 partners.<\/p>\n<\/div><\/section><\/p><\/div>\n<style type=\"text\/css\" data-created_by=\"avia_inline_auto\" id=\"style-css-av-av_image-028da269767a46d1c5fc12421831fff6\">\n.avia-image-container.av-av_image-028da269767a46d1c5fc12421831fff6 .av-image-caption-overlay-center{\ncolor:#ffffff;\n}\n<\/style>\n<div  class='avia-image-container av-av_image-028da269767a46d1c5fc12421831fff6 av-styling- avia-align-center  avia-builder-el-9  el_after_av_one_half  avia-builder-el-last '  itemprop=\"image\" itemscope=\"itemscope\" itemtype=\"https:\/\/schema.org\/ImageObject\" ><div class=\"avia-image-container-inner\"><div class=\"avia-image-overlay-wrap\"><img decoding=\"async\" class='wp-image-1487 avia-img-lazy-loading-not-1487 avia_image' src=\"http:\/\/www.si-hr.eu\/en2\/wp-content\/uploads\/sites\/12\/2016\/11\/NEW-MEDIA-CROSS-BORDER-logo.jpg\" alt='' title='NEW MEDIA CROSS-BORDER-logo'  height=\"128\" width=\"440\"  itemprop=\"thumbnailUrl\" srcset=\"http:\/\/www.si-hr.eu\/en2\/wp-content\/uploads\/sites\/12\/2016\/11\/NEW-MEDIA-CROSS-BORDER-logo.jpg 440w, http:\/\/www.si-hr.eu\/en2\/wp-content\/uploads\/sites\/12\/2016\/11\/NEW-MEDIA-CROSS-BORDER-logo-300x87.jpg 300w\" sizes=\"(max-width: 440px) 100vw, 440px\" \/><\/div><\/div><\/div><\/p>\n","protected":false},"excerpt":{"rendered":"","protected":false},"author":3,"featured_media":0,"parent":1373,"menu_order":0,"comment_status":"closed","ping_status":"closed","template":"","meta":{"ngg_post_thumbnail":0},"acf":[],"_links":{"self":[{"href":"http:\/\/www.si-hr.eu\/en2\/wp-json\/wp\/v2\/pages\/1485"}],"collection":[{"href":"http:\/\/www.si-hr.eu\/en2\/wp-json\/wp\/v2\/pages"}],"about":[{"href":"http:\/\/www.si-hr.eu\/en2\/wp-json\/wp\/v2\/types\/page"}],"author":[{"embeddable":true,"href":"http:\/\/www.si-hr.eu\/en2\/wp-json\/wp\/v2\/users\/3"}],"replies":[{"embeddable":true,"href":"http:\/\/www.si-hr.eu\/en2\/wp-json\/wp\/v2\/comments?post=1485"}],"version-history":[{"count":1,"href":"http:\/\/www.si-hr.eu\/en2\/wp-json\/wp\/v2\/pages\/1485\/revisions"}],"predecessor-version":[{"id":1488,"href":"http:\/\/www.si-hr.eu\/en2\/wp-json\/wp\/v2\/pages\/1485\/revisions\/1488"}],"up":[{"embeddable":true,"href":"http:\/\/www.si-hr.eu\/en2\/wp-json\/wp\/v2\/pages\/1373"}],"wp:attachment":[{"href":"http:\/\/www.si-hr.eu\/en2\/wp-json\/wp\/v2\/media?parent=1485"}],"curies":[{"name":"wp","href":"https:\/\/api.w.org\/{rel}","templated":true}]}}