{"id":1489,"date":"2016-11-16T12:22:56","date_gmt":"2016-11-16T11:22:56","guid":{"rendered":"http:\/\/www.si-hr.eu\/en2\/?page_id=1489"},"modified":"2016-11-16T12:22:56","modified_gmt":"2016-11-16T11:22:56","slug":"napredak","status":"publish","type":"page","link":"http:\/\/www.si-hr.eu\/en2\/map\/napredak\/","title":{"rendered":"NAPREDAK"},"content":{"rendered":"\n<style type=\"text\/css\" data-created_by=\"avia_inline_auto\" id=\"style-css-av-av_one_full-352b07ef7d3bc99b2e9f92e7a9e06bdb\">\n.flex_column.av-av_one_full-352b07ef7d3bc99b2e9f92e7a9e06bdb{\nborder-radius:0px 0px 0px 0px;\n-webkit-border-radius:0px 0px 0px 0px;\n-moz-border-radius:0px 0px 0px 0px;\n}\n<\/style>\n<div class='flex_column av-av_one_full-352b07ef7d3bc99b2e9f92e7a9e06bdb av_one_full  avia-builder-el-0  el_before_av_one_half  avia-builder-el-first  first flex_column_div av-zero-column-padding '   ><style type=\"text\/css\" data-created_by=\"avia_inline_auto\" id=\"style-css-av-av_heading-743902cfef9bd01ae9bf14f5d3270178\">\n#top .av-special-heading.av-av_heading-743902cfef9bd01ae9bf14f5d3270178{\npadding-bottom:10px;\n}\nbody .av-special-heading.av-av_heading-743902cfef9bd01ae9bf14f5d3270178 .av-special-heading-tag .heading-char{\nfont-size:25px;\n}\n.av-special-heading.av-av_heading-743902cfef9bd01ae9bf14f5d3270178 .av-subheading{\nfont-size:15px;\n}\n<\/style>\n<div  class='av-special-heading av-av_heading-743902cfef9bd01ae9bf14f5d3270178 av-special-heading-h3 blockquote modern-quote modern-centered  avia-builder-el-1  avia-builder-el-no-sibling '><h3 class='av-special-heading-tag'  itemprop=\"headline\"  >ECONOMIC AND SOCIAL DEVELOPMENT DEVELOPMENT OF ENTERPRENEURSHIP<\/h3><div class=\"special-heading-border\"><div class=\"special-heading-inner-border\"><\/div><\/div><\/div><\/div>\n<style type=\"text\/css\" data-created_by=\"avia_inline_auto\" id=\"style-css-av-av_one_half-352b07ef7d3bc99b2e9f92e7a9e06bdb\">\n.flex_column.av-av_one_half-352b07ef7d3bc99b2e9f92e7a9e06bdb{\nborder-radius:0px 0px 0px 0px;\n-webkit-border-radius:0px 0px 0px 0px;\n-moz-border-radius:0px 0px 0px 0px;\n}\n<\/style>\n<div class='flex_column av-av_one_half-352b07ef7d3bc99b2e9f92e7a9e06bdb av_one_half  avia-builder-el-2  el_after_av_one_full  el_before_av_one_half  first flex_column_div av-zero-column-padding column-top-margin'   ><p>\n<style type=\"text\/css\" data-created_by=\"avia_inline_auto\" id=\"style-css-av-av_image-5dee73b395a70e1413a66e1a19568bc0\">\n.avia-image-container.av-av_image-5dee73b395a70e1413a66e1a19568bc0 .av-image-caption-overlay-center{\ncolor:#ffffff;\n}\n<\/style>\n<div  class='avia-image-container av-av_image-5dee73b395a70e1413a66e1a19568bc0 av-styling- avia-align-center  avia-builder-el-3  el_before_av_textblock  avia-builder-el-first '  itemprop=\"image\" itemscope=\"itemscope\" itemtype=\"https:\/\/schema.org\/ImageObject\" ><div class=\"avia-image-container-inner\"><div class=\"avia-image-overlay-wrap\"><img decoding=\"async\" class='wp-image-1490 avia-img-lazy-loading-not-1490 avia_image' src=\"http:\/\/www.si-hr.eu\/en2\/wp-content\/uploads\/sites\/12\/2016\/11\/Napredak-1030x578.jpg\" alt='' title='Napredak'  height=\"578\" width=\"1030\"  itemprop=\"thumbnailUrl\" srcset=\"http:\/\/www.si-hr.eu\/en2\/wp-content\/uploads\/sites\/12\/2016\/11\/Napredak-1030x578.jpg 1030w, http:\/\/www.si-hr.eu\/en2\/wp-content\/uploads\/sites\/12\/2016\/11\/Napredak-300x168.jpg 300w, http:\/\/www.si-hr.eu\/en2\/wp-content\/uploads\/sites\/12\/2016\/11\/Napredak-600x337.jpg 600w, http:\/\/www.si-hr.eu\/en2\/wp-content\/uploads\/sites\/12\/2016\/11\/Napredak-705x396.jpg 705w, http:\/\/www.si-hr.eu\/en2\/wp-content\/uploads\/sites\/12\/2016\/11\/Napredak-450x253.jpg 450w, http:\/\/www.si-hr.eu\/en2\/wp-content\/uploads\/sites\/12\/2016\/11\/Napredak.jpg 1384w\" sizes=\"(max-width: 1030px) 100vw, 1030px\" \/><\/div><\/div><\/div><br \/>\n<section  class='av_textblock_section av-av_textblock-0366cc7376be6c9e82a3e9cc8987b64f'  itemscope=\"itemscope\" itemtype=\"https:\/\/schema.org\/CreativeWork\" ><div class='avia_textblock'  itemprop=\"text\" ><p align=\"CENTER\"><b>NAPREDAK<\/b><\/p>\n<\/div><\/section><br \/>\n<section  class='av_textblock_section av-av_textblock-0366cc7376be6c9e82a3e9cc8987b64f'  itemscope=\"itemscope\" itemtype=\"https:\/\/schema.org\/CreativeWork\" ><div class='avia_textblock'  itemprop=\"text\" ><p style=\"text-align: justify;\"><i><b>Project summary <\/b><\/i><\/p>\n<p style=\"text-align: justify;\" align=\"JUSTIFY\">Specific objective of the project was research the current production, quality and quantity of cheese, increasing the level of technological and entrepreneurial knowledge in current production, and increasing the future production and export. Furthermore, one of the objectives was establishment Centres of excellence in Karlovac County (KAC) and Southeast Slovenia (SESLO), networking and development of \u201eRoad of cheese\u201c that offer cheese as part of the content of the rural tourism offer. Throughout the project the current cheese producers were promoting their products, a trained group for sensory evaluation of cheese quality in both regions was created and consumers were educated on significance of cheese in nutrition as well as the culture of cheese intake was developed. Through establishing Centres of Excellence, defining and promoting Road of cheese, training in the area of entrepreneurship and technology, the cross-border area was revitalized and networking, it increased mobility and export, competitiveness and the exchange of know-how. Through education of cheese makers and dissemination activities, the level of self-employment was increased as well as the long term cooperation of private and business entities (small cheese dairies \u2013 Centres of excellence within higher education institutions). Outputs of the project were: conducted research, conducted analyses of cheese, written bilingual curricula for education in entrepreneurship, conducted enterpreneurship training of technologists, workshops held on enterpreneurship in cheese manufacture, motivational seminars held for cheese manufacturers, business plans made, lectures on cheese held, founded Centre of excellence, study visit of project partners, conducted training of trainers, web page designed, manual on cheese manufacture made, promotional film, identified route of potential Cheese road, press conference, scientific-professional papers published.<\/p>\n<\/div><\/section><\/p><\/div>\n<style type=\"text\/css\" data-created_by=\"avia_inline_auto\" id=\"style-css-av-av_one_half-2a64de42b738552fe666ca889af77e28\">\n.flex_column.av-av_one_half-2a64de42b738552fe666ca889af77e28{\nborder-radius:0px 0px 0px 0px;\n-webkit-border-radius:0px 0px 0px 0px;\n-moz-border-radius:0px 0px 0px 0px;\n}\n<\/style>\n<div class='flex_column av-av_one_half-2a64de42b738552fe666ca889af77e28 av_one_half  avia-builder-el-6  el_after_av_one_half  el_before_av_image  flex_column_div av-zero-column-padding column-top-margin'   ><section  class='av_textblock_section av-av_textblock-0366cc7376be6c9e82a3e9cc8987b64f'  itemscope=\"itemscope\" itemtype=\"https:\/\/schema.org\/CreativeWork\" ><div class='avia_textblock'  itemprop=\"text\" ><table border=\"1\" width=\"637\" cellspacing=\"0\" cellpadding=\"7\">\n<colgroup>\n<col width=\"191\" \/>\n<col width=\"416\" \/> <\/colgroup>\n<tbody>\n<tr>\n<td bgcolor=\"#f2f2f2\" width=\"191\" height=\"8\"><b>Project title<\/b><\/td>\n<td width=\"416\">Regional cheese production \u2013 entrepreneurial value for rural development<\/td>\n<\/tr>\n<tr>\n<td bgcolor=\"#f2f2f2\" width=\"191\" height=\"9\"><b>ERDF funds<\/b><\/td>\n<td width=\"416\">173.415,72 EUR<\/td>\n<\/tr>\n<tr>\n<td bgcolor=\"#f2f2f2\" width=\"191\" height=\"9\"><b>Project duration <\/b><\/p>\n<p><b>(month\/year \u2013 month\/year)<\/b><\/td>\n<td width=\"416\">01.03.2014 \u2013 17.03.2015<\/td>\n<\/tr>\n<tr>\n<td bgcolor=\"#f2f2f2\" width=\"191\" height=\"9\"><b>Lead partner<\/b><\/td>\n<td width=\"416\">\n<p lang=\"sl-SI\">Veleu\u010dili\u0161te u Karlovcu<\/p>\n<\/td>\n<\/tr>\n<tr>\n<td bgcolor=\"#f2f2f2\" width=\"191\" height=\"118\"><b>Partners<\/b><\/td>\n<td width=\"416\">\n<p align=\"JUSTIFY\"><span lang=\"sl-SI\">Grm Novo Mesto \u2013 Center biotehnike in turizma<\/span><\/p>\n<p lang=\"sl-SI\" align=\"JUSTIFY\">Razvojni center Novo Mesto, svetovanje in razvoj d.o.o.<\/p>\n<p lang=\"sl-SI\" align=\"JUSTIFY\">Visoka \u0161kola za ekonomiju, poduzetni\u0161tvo i upravljanje &#8220;Nikola \u0160ubi\u0107 Zrinski&#8221;, Zagreb<\/p>\n<p><span lang=\"sl-SI\">Udruga malih sirara Karlova\u010dke \u017eupanije &#8220;KORNI&#8221;<\/span><\/td>\n<\/tr>\n<tr>\n<td bgcolor=\"#f2f2f2\" width=\"191\" height=\"32\"><b>Regions involved<\/b><\/td>\n<td width=\"416\">\n<p align=\"JUSTIFY\"><span lang=\"sl-SI\">CRO: Karlova\u010dka \u017eupanija<\/span><\/p>\n<p lang=\"sl-SI\">SI: Jugovzhodna Slovenija<\/p>\n<\/td>\n<\/tr>\n<tr>\n<td bgcolor=\"#f2f2f2\" width=\"191\" height=\"31\"><b>Website<\/b><\/td>\n<td width=\"416\">\n<p align=\"JUSTIFY\"><span lang=\"sl-SI\">SI: <\/span><span style=\"color: #0000ff;\"><u><a href=\"http:\/\/napredak.vuka.hr\/index.php?id=2&amp;L=1\"><span lang=\"sl-SI\">http:\/\/napredak.vuka.hr\/index.php?id=2&amp;L=1<\/span><\/a><\/u><\/span><\/p>\n<p><span lang=\"sl-SI\">CRO: <\/span><span style=\"color: #0000ff;\"><u><a href=\"http:\/\/napredak.vuka.hr\/index.php?id=2\"><span lang=\"sl-SI\">http:\/\/napredak.vuka.hr\/index.php?id=2<\/span><\/a><\/u><\/span><\/td>\n<\/tr>\n<\/tbody>\n<\/table>\n<\/div><\/section><br \/>\n<section  class='av_textblock_section av-av_textblock-0366cc7376be6c9e82a3e9cc8987b64f'  itemscope=\"itemscope\" itemtype=\"https:\/\/schema.org\/CreativeWork\" ><div class='avia_textblock'  itemprop=\"text\" ><p><i><b>Key results and performed activities <\/b><\/i><i>(quantitative results; max. 3 &#8211; 5)<\/i><\/p>\n<p>17 seminars about cheese;<\/p>\n<p>1 manual about cheese;<\/p>\n<p>1 film about cheese.<\/p>\n<\/div><\/section><\/p><\/div>\n<style type=\"text\/css\" data-created_by=\"avia_inline_auto\" id=\"style-css-av-av_image-fdfaeb11227beb6bf6e376a45ab6d540\">\n.avia-image-container.av-av_image-fdfaeb11227beb6bf6e376a45ab6d540 .av-image-caption-overlay-center{\ncolor:#ffffff;\n}\n<\/style>\n<div  class='avia-image-container av-av_image-fdfaeb11227beb6bf6e376a45ab6d540 av-styling- avia-align-center  avia-builder-el-9  el_after_av_one_half  avia-builder-el-last '  itemprop=\"image\" itemscope=\"itemscope\" itemtype=\"https:\/\/schema.org\/ImageObject\" ><div class=\"avia-image-container-inner\"><div class=\"avia-image-overlay-wrap\"><img decoding=\"async\" class='wp-image-1491 avia-img-lazy-loading-not-1491 avia_image' src=\"http:\/\/www.si-hr.eu\/en2\/wp-content\/uploads\/sites\/12\/2016\/11\/Napredak-logo-300x231.jpg\" alt='' title='Napredak-logo'  height=\"231\" width=\"300\"  itemprop=\"thumbnailUrl\" srcset=\"http:\/\/www.si-hr.eu\/en2\/wp-content\/uploads\/sites\/12\/2016\/11\/Napredak-logo-300x231.jpg 300w, http:\/\/www.si-hr.eu\/en2\/wp-content\/uploads\/sites\/12\/2016\/11\/Napredak-logo-600x462.jpg 600w, http:\/\/www.si-hr.eu\/en2\/wp-content\/uploads\/sites\/12\/2016\/11\/Napredak-logo-705x542.jpg 705w, http:\/\/www.si-hr.eu\/en2\/wp-content\/uploads\/sites\/12\/2016\/11\/Napredak-logo-450x346.jpg 450w, http:\/\/www.si-hr.eu\/en2\/wp-content\/uploads\/sites\/12\/2016\/11\/Napredak-logo.jpg 837w\" sizes=\"(max-width: 300px) 100vw, 300px\" \/><\/div><\/div><\/div><\/p>\n","protected":false},"excerpt":{"rendered":"","protected":false},"author":3,"featured_media":0,"parent":1373,"menu_order":0,"comment_status":"closed","ping_status":"closed","template":"","meta":{"ngg_post_thumbnail":0},"acf":[],"_links":{"self":[{"href":"http:\/\/www.si-hr.eu\/en2\/wp-json\/wp\/v2\/pages\/1489"}],"collection":[{"href":"http:\/\/www.si-hr.eu\/en2\/wp-json\/wp\/v2\/pages"}],"about":[{"href":"http:\/\/www.si-hr.eu\/en2\/wp-json\/wp\/v2\/types\/page"}],"author":[{"embeddable":true,"href":"http:\/\/www.si-hr.eu\/en2\/wp-json\/wp\/v2\/users\/3"}],"replies":[{"embeddable":true,"href":"http:\/\/www.si-hr.eu\/en2\/wp-json\/wp\/v2\/comments?post=1489"}],"version-history":[{"count":1,"href":"http:\/\/www.si-hr.eu\/en2\/wp-json\/wp\/v2\/pages\/1489\/revisions"}],"predecessor-version":[{"id":1492,"href":"http:\/\/www.si-hr.eu\/en2\/wp-json\/wp\/v2\/pages\/1489\/revisions\/1492"}],"up":[{"embeddable":true,"href":"http:\/\/www.si-hr.eu\/en2\/wp-json\/wp\/v2\/pages\/1373"}],"wp:attachment":[{"href":"http:\/\/www.si-hr.eu\/en2\/wp-json\/wp\/v2\/media?parent=1489"}],"curies":[{"name":"wp","href":"https:\/\/api.w.org\/{rel}","templated":true}]}}