{"id":1493,"date":"2016-11-16T12:40:05","date_gmt":"2016-11-16T11:40:05","guid":{"rendered":"http:\/\/www.si-hr.eu\/en2\/?page_id=1493"},"modified":"2016-11-16T12:40:05","modified_gmt":"2016-11-16T11:40:05","slug":"maraton","status":"publish","type":"page","link":"http:\/\/www.si-hr.eu\/en2\/map\/maraton\/","title":{"rendered":"MARATON"},"content":{"rendered":"\n<style type=\"text\/css\" data-created_by=\"avia_inline_auto\" id=\"style-css-av-av_one_full-352b07ef7d3bc99b2e9f92e7a9e06bdb\">\n.flex_column.av-av_one_full-352b07ef7d3bc99b2e9f92e7a9e06bdb{\nborder-radius:0px 0px 0px 0px;\n-webkit-border-radius:0px 0px 0px 0px;\n-moz-border-radius:0px 0px 0px 0px;\n}\n<\/style>\n<div class='flex_column av-av_one_full-352b07ef7d3bc99b2e9f92e7a9e06bdb av_one_full  avia-builder-el-0  el_before_av_one_half  avia-builder-el-first  first flex_column_div av-zero-column-padding '   ><style type=\"text\/css\" data-created_by=\"avia_inline_auto\" id=\"style-css-av-av_heading-0c24be3c83de02e0ded0bff57cd7d689\">\n#top .av-special-heading.av-av_heading-0c24be3c83de02e0ded0bff57cd7d689{\npadding-bottom:10px;\n}\nbody .av-special-heading.av-av_heading-0c24be3c83de02e0ded0bff57cd7d689 .av-special-heading-tag .heading-char{\nfont-size:25px;\n}\n.av-special-heading.av-av_heading-0c24be3c83de02e0ded0bff57cd7d689 .av-subheading{\nfont-size:15px;\n}\n<\/style>\n<div  class='av-special-heading av-av_heading-0c24be3c83de02e0ded0bff57cd7d689 av-special-heading-h3 blockquote modern-quote modern-centered  avia-builder-el-1  avia-builder-el-no-sibling '><h3 class='av-special-heading-tag'  itemprop=\"headline\"  >ECONOMIC AND SOCIAL DEVELOPMENT DEVELOPMENT OF ENTREPRENEURSHIP<\/h3><div class=\"special-heading-border\"><div class=\"special-heading-inner-border\"><\/div><\/div><\/div><\/div>\n<style type=\"text\/css\" data-created_by=\"avia_inline_auto\" id=\"style-css-av-av_one_half-352b07ef7d3bc99b2e9f92e7a9e06bdb\">\n.flex_column.av-av_one_half-352b07ef7d3bc99b2e9f92e7a9e06bdb{\nborder-radius:0px 0px 0px 0px;\n-webkit-border-radius:0px 0px 0px 0px;\n-moz-border-radius:0px 0px 0px 0px;\n}\n<\/style>\n<div class='flex_column av-av_one_half-352b07ef7d3bc99b2e9f92e7a9e06bdb av_one_half  avia-builder-el-2  el_after_av_one_full  el_before_av_one_half  first flex_column_div av-zero-column-padding column-top-margin'   ><p>\n<style type=\"text\/css\" data-created_by=\"avia_inline_auto\" id=\"style-css-av-av_image-3356fd719723a642482328212d319d1a\">\n.avia-image-container.av-av_image-3356fd719723a642482328212d319d1a .av-image-caption-overlay-center{\ncolor:#ffffff;\n}\n<\/style>\n<div  class='avia-image-container av-av_image-3356fd719723a642482328212d319d1a av-styling- avia-align-center  avia-builder-el-3  el_before_av_textblock  avia-builder-el-first '  itemprop=\"image\" itemscope=\"itemscope\" itemtype=\"https:\/\/schema.org\/ImageObject\" ><div class=\"avia-image-container-inner\"><div class=\"avia-image-overlay-wrap\"><img decoding=\"async\" class='wp-image-1494 avia-img-lazy-loading-not-1494 avia_image' src=\"http:\/\/www.si-hr.eu\/en2\/wp-content\/uploads\/sites\/12\/2016\/11\/MARATON-1030x772.jpg\" alt='' title='MARATON'  height=\"772\" width=\"1030\"  itemprop=\"thumbnailUrl\" srcset=\"http:\/\/www.si-hr.eu\/en2\/wp-content\/uploads\/sites\/12\/2016\/11\/MARATON-1030x772.jpg 1030w, http:\/\/www.si-hr.eu\/en2\/wp-content\/uploads\/sites\/12\/2016\/11\/MARATON-300x225.jpg 300w, http:\/\/www.si-hr.eu\/en2\/wp-content\/uploads\/sites\/12\/2016\/11\/MARATON-600x450.jpg 600w, http:\/\/www.si-hr.eu\/en2\/wp-content\/uploads\/sites\/12\/2016\/11\/MARATON-705x528.jpg 705w, http:\/\/www.si-hr.eu\/en2\/wp-content\/uploads\/sites\/12\/2016\/11\/MARATON-450x337.jpg 450w, http:\/\/www.si-hr.eu\/en2\/wp-content\/uploads\/sites\/12\/2016\/11\/MARATON.jpg 1437w\" sizes=\"(max-width: 1030px) 100vw, 1030px\" \/><\/div><\/div><\/div><br \/>\n<section  class='av_textblock_section av-av_textblock-0366cc7376be6c9e82a3e9cc8987b64f'  itemscope=\"itemscope\" itemtype=\"https:\/\/schema.org\/CreativeWork\" ><div class='avia_textblock'  itemprop=\"text\" ><p>Click here to add your own text<\/p>\n<\/div><\/section><br \/>\n<section  class='av_textblock_section av-av_textblock-0366cc7376be6c9e82a3e9cc8987b64f'  itemscope=\"itemscope\" itemtype=\"https:\/\/schema.org\/CreativeWork\" ><div class='avia_textblock'  itemprop=\"text\" ><p style=\"text-align: justify;\"><i><b>Project summary <\/b><\/i><\/p>\n<p style=\"text-align: justify;\" align=\"JUSTIFY\">General cross-border objectives of the project MARATON were: the establishment and promotion of support services &#8211; a meeting place for companies, researchers and students in the form of on-line stock market of research students&#8217; assignments; fostering economic growth and competitiveness of the economy; connecting enterprises, students and researchers from higher education sector to work on joint research projects; create bilingual tools to support enterprises (especially SMEs) in order to increase the competitive advantage and promote the development of innovative products, services and technologies; strengthening cooperation between enterprises and educational, research and development organizations, for the improvement of the business innovativeness and technology. Cross-border impact is reflected in the economic growth and social development of the border area, with the focus on SMEs, which provide additional jobs and reduce the &#8220;brain drain&#8221;. Cross-border cooperation is important for the project, because it leads to added value for enterprises and students through enhanced cross-border cooperation, and thereby reduces the isolation of peripheral regions. The project has also led to new ICT infrastructure, which serves as a source of information and as a communication channel \/ channel of exchange of ideas and human resources that are capable of innovation. The project offered a common training, because it established a unique methodology and bilingual stock market, which until then did not exist. Specific cross-border objectives of the project were: establishment of joint, bilingual web and mobile applications; online market for student research papers for companies; filling the database with the research tasks; promotional campaign to raise public awareness; transmission of results and experiences from the project out of the area and onto future target groups.<\/p>\n<\/div><\/section><\/p><\/div>\n<style type=\"text\/css\" data-created_by=\"avia_inline_auto\" id=\"style-css-av-av_one_half-2a64de42b738552fe666ca889af77e28\">\n.flex_column.av-av_one_half-2a64de42b738552fe666ca889af77e28{\nborder-radius:0px 0px 0px 0px;\n-webkit-border-radius:0px 0px 0px 0px;\n-moz-border-radius:0px 0px 0px 0px;\n}\n<\/style>\n<div class='flex_column av-av_one_half-2a64de42b738552fe666ca889af77e28 av_one_half  avia-builder-el-6  el_after_av_one_half  avia-builder-el-last  flex_column_div av-zero-column-padding column-top-margin'   ><section  class='av_textblock_section av-av_textblock-0366cc7376be6c9e82a3e9cc8987b64f'  itemscope=\"itemscope\" itemtype=\"https:\/\/schema.org\/CreativeWork\" ><div class='avia_textblock'  itemprop=\"text\" ><table border=\"1\" width=\"637\" cellspacing=\"0\" cellpadding=\"7\">\n<colgroup>\n<col width=\"191\" \/>\n<col width=\"416\" \/> <\/colgroup>\n<tbody>\n<tr>\n<td bgcolor=\"#f2f2f2\" width=\"191\" height=\"8\"><b>Project title<\/b><\/td>\n<td width=\"416\">\n<p align=\"JUSTIFY\">Empowering young researchers for industrial research and development by launching business support services resulting in the online exchange of student\u2019s industrial research projects<\/p>\n<\/td>\n<\/tr>\n<tr>\n<td bgcolor=\"#f2f2f2\" width=\"191\" height=\"9\"><b>ERDF funds<\/b><\/td>\n<td width=\"416\">303,624.91 EUR<\/td>\n<\/tr>\n<tr>\n<td bgcolor=\"#f2f2f2\" width=\"191\" height=\"9\"><b>Project duration <\/b><\/p>\n<p><b>(month\/year \u2013 month\/year)<\/b><\/td>\n<td width=\"416\">18.12.2013 \u2013 17.6.2015<\/td>\n<\/tr>\n<tr>\n<td bgcolor=\"#f2f2f2\" width=\"191\" height=\"9\"><b>Lead partner<\/b><\/td>\n<td width=\"416\">Znanstveno-raziskovalno sredi\u0161\u010de Bistra Ptuj<\/td>\n<\/tr>\n<tr>\n<td bgcolor=\"#f2f2f2\" width=\"191\" height=\"9\"><b>Partners<\/b><\/td>\n<td width=\"416\">Tehnolo\u0161ko inovacijski centar Me\u0111imurje d.o.o.<\/p>\n<p>Zagorska razvojna agencija d.o.o.<\/p>\n<p>TECES, Tehnolo\u0161ki center za elektri\u010dne stroje<\/p>\n<p>Agencija za razvoj Vara\u017edinske \u017eupanije \u2013 AZRA d.o.o.<\/p>\n<p><span lang=\"fr-FR\">Razvojni center Murska Sobota<\/span><\/p>\n<p lang=\"fr-FR\">TehnoCenter UM d.o.o.<\/p>\n<p lang=\"fr-FR\">Sveu\u010dili\u0161te u Zagrebu, Centar za istra\u017eivanje, razvoj i transfer tehnologije<\/p>\n<\/td>\n<\/tr>\n<tr>\n<td bgcolor=\"#f2f2f2\" width=\"191\" height=\"9\"><b>Regions <\/b><b>involved<\/b><\/td>\n<td width=\"416\">SI: Podravska regija, Pomurska regija<\/p>\n<p>CRO: Me\u0111imurska \u017eupanija, Vara\u017edinska \u017eupanija, Grad Zagreb<\/td>\n<\/tr>\n<tr>\n<td bgcolor=\"#f2f2f2\" width=\"191\" height=\"8\"><b>Website<\/b><\/td>\n<td width=\"416\">\/<\/td>\n<\/tr>\n<\/tbody>\n<\/table>\n<\/div><\/section><br \/>\n<section  class='av_textblock_section av-av_textblock-0366cc7376be6c9e82a3e9cc8987b64f'  itemscope=\"itemscope\" itemtype=\"https:\/\/schema.org\/CreativeWork\" ><div class='avia_textblock'  itemprop=\"text\" ><p><i><b>Key results and performed activities <\/b><\/i><i>(quantitative results; max. 3 &#8211; 5)<\/i><\/p>\n<p>1 online stock market of research tasks;<\/p>\n<p>1 document for the transfer of knowledge &#8211; the way to the online stock market;<\/p>\n<p>3.000 informed enterprises about the existence of online stock market;<\/p>\n<p>100.000 students informed about the existence of online stock market;<\/p>\n<p>5.071 researchers informed about the existence of online stock market.<\/p>\n<\/div><\/section><\/p><\/div><\/p>\n","protected":false},"excerpt":{"rendered":"","protected":false},"author":3,"featured_media":0,"parent":1373,"menu_order":0,"comment_status":"closed","ping_status":"closed","template":"","meta":{"ngg_post_thumbnail":0},"acf":[],"_links":{"self":[{"href":"http:\/\/www.si-hr.eu\/en2\/wp-json\/wp\/v2\/pages\/1493"}],"collection":[{"href":"http:\/\/www.si-hr.eu\/en2\/wp-json\/wp\/v2\/pages"}],"about":[{"href":"http:\/\/www.si-hr.eu\/en2\/wp-json\/wp\/v2\/types\/page"}],"author":[{"embeddable":true,"href":"http:\/\/www.si-hr.eu\/en2\/wp-json\/wp\/v2\/users\/3"}],"replies":[{"embeddable":true,"href":"http:\/\/www.si-hr.eu\/en2\/wp-json\/wp\/v2\/comments?post=1493"}],"version-history":[{"count":1,"href":"http:\/\/www.si-hr.eu\/en2\/wp-json\/wp\/v2\/pages\/1493\/revisions"}],"predecessor-version":[{"id":1495,"href":"http:\/\/www.si-hr.eu\/en2\/wp-json\/wp\/v2\/pages\/1493\/revisions\/1495"}],"up":[{"embeddable":true,"href":"http:\/\/www.si-hr.eu\/en2\/wp-json\/wp\/v2\/pages\/1373"}],"wp:attachment":[{"href":"http:\/\/www.si-hr.eu\/en2\/wp-json\/wp\/v2\/media?parent=1493"}],"curies":[{"name":"wp","href":"https:\/\/api.w.org\/{rel}","templated":true}]}}