{"id":1522,"date":"2016-11-16T15:25:25","date_gmt":"2016-11-16T14:25:25","guid":{"rendered":"http:\/\/www.si-hr.eu\/en2\/?page_id=1522"},"modified":"2016-11-16T15:31:34","modified_gmt":"2016-11-16T14:31:34","slug":"ee-culture","status":"publish","type":"page","link":"http:\/\/www.si-hr.eu\/en2\/map\/ee-culture\/","title":{"rendered":"EE CULTURE"},"content":{"rendered":"\n<style type=\"text\/css\" data-created_by=\"avia_inline_auto\" id=\"style-css-av-av_one_full-352b07ef7d3bc99b2e9f92e7a9e06bdb\">\n.flex_column.av-av_one_full-352b07ef7d3bc99b2e9f92e7a9e06bdb{\nborder-radius:0px 0px 0px 0px;\n-webkit-border-radius:0px 0px 0px 0px;\n-moz-border-radius:0px 0px 0px 0px;\n}\n<\/style>\n<div class='flex_column av-av_one_full-352b07ef7d3bc99b2e9f92e7a9e06bdb av_one_full  avia-builder-el-0  el_before_av_one_half  avia-builder-el-first  first flex_column_div av-zero-column-padding '   ><style type=\"text\/css\" data-created_by=\"avia_inline_auto\" id=\"style-css-av-av_heading-8e8ad4a038e34f7308db1b367099989a\">\n#top .av-special-heading.av-av_heading-8e8ad4a038e34f7308db1b367099989a{\npadding-bottom:10px;\n}\nbody .av-special-heading.av-av_heading-8e8ad4a038e34f7308db1b367099989a .av-special-heading-tag .heading-char{\nfont-size:25px;\n}\n.av-special-heading.av-av_heading-8e8ad4a038e34f7308db1b367099989a .av-subheading{\nfont-size:15px;\n}\n<\/style>\n<div  class='av-special-heading av-av_heading-8e8ad4a038e34f7308db1b367099989a av-special-heading-h3 blockquote modern-quote modern-centered  avia-builder-el-1  avia-builder-el-no-sibling '><h3 class='av-special-heading-tag'  itemprop=\"headline\"  >SUSTAINABLE MANAGEMENT OF NATURAL RESOURCES<br \/>\nPRESERVATION OF PROTECTED AREAS<\/h3><div class=\"special-heading-border\"><div class=\"special-heading-inner-border\"><\/div><\/div><\/div><\/div>\n<style type=\"text\/css\" data-created_by=\"avia_inline_auto\" id=\"style-css-av-av_one_half-352b07ef7d3bc99b2e9f92e7a9e06bdb\">\n.flex_column.av-av_one_half-352b07ef7d3bc99b2e9f92e7a9e06bdb{\nborder-radius:0px 0px 0px 0px;\n-webkit-border-radius:0px 0px 0px 0px;\n-moz-border-radius:0px 0px 0px 0px;\n}\n<\/style>\n<div class='flex_column av-av_one_half-352b07ef7d3bc99b2e9f92e7a9e06bdb av_one_half  avia-builder-el-2  el_after_av_one_full  el_before_av_one_half  first flex_column_div av-zero-column-padding column-top-margin'   ><p>\n<style type=\"text\/css\" data-created_by=\"avia_inline_auto\" id=\"style-css-av-av_image-ce4bc10054e54463e3c84389b20ea79d\">\n.avia-image-container.av-av_image-ce4bc10054e54463e3c84389b20ea79d .av-image-caption-overlay-center{\ncolor:#ffffff;\n}\n<\/style>\n<div  class='avia-image-container av-av_image-ce4bc10054e54463e3c84389b20ea79d av-styling- avia-align-center  avia-builder-el-3  el_before_av_textblock  avia-builder-el-first '  itemprop=\"image\" itemscope=\"itemscope\" itemtype=\"https:\/\/schema.org\/ImageObject\" ><div class=\"avia-image-container-inner\"><div class=\"avia-image-overlay-wrap\"><img decoding=\"async\" class='wp-image-1524 avia-img-lazy-loading-not-1524 avia_image' src=\"http:\/\/www.si-hr.eu\/en2\/wp-content\/uploads\/sites\/12\/2016\/11\/EE-CULTURE-228x300.jpg\" alt='' title='EE CULTURE'  height=\"300\" width=\"228\"  itemprop=\"thumbnailUrl\" srcset=\"http:\/\/www.si-hr.eu\/en2\/wp-content\/uploads\/sites\/12\/2016\/11\/EE-CULTURE-228x300.jpg 228w, http:\/\/www.si-hr.eu\/en2\/wp-content\/uploads\/sites\/12\/2016\/11\/EE-CULTURE-784x1030.jpg 784w, http:\/\/www.si-hr.eu\/en2\/wp-content\/uploads\/sites\/12\/2016\/11\/EE-CULTURE-600x788.jpg 600w, http:\/\/www.si-hr.eu\/en2\/wp-content\/uploads\/sites\/12\/2016\/11\/EE-CULTURE-1142x1500.jpg 1142w, http:\/\/www.si-hr.eu\/en2\/wp-content\/uploads\/sites\/12\/2016\/11\/EE-CULTURE-537x705.jpg 537w, http:\/\/www.si-hr.eu\/en2\/wp-content\/uploads\/sites\/12\/2016\/11\/EE-CULTURE-450x591.jpg 450w\" sizes=\"(max-width: 228px) 100vw, 228px\" \/><\/div><\/div><\/div><br \/>\n<section  class='av_textblock_section av-av_textblock-0366cc7376be6c9e82a3e9cc8987b64f'  itemscope=\"itemscope\" itemtype=\"https:\/\/schema.org\/CreativeWork\" ><div class='avia_textblock'  itemprop=\"text\" ><p align=\"CENTER\"><b>EE CULTURE<\/b><\/p>\n<\/div><\/section><br \/>\n<section  class='av_textblock_section av-av_textblock-0366cc7376be6c9e82a3e9cc8987b64f'  itemscope=\"itemscope\" itemtype=\"https:\/\/schema.org\/CreativeWork\" ><div class='avia_textblock'  itemprop=\"text\" ><p><i><b>Project summary <\/b><\/i><\/p>\n<p align=\"JUSTIFY\">The project contributed to the preservation of the cultural heritage of cross-border areas, reducing energy consumption in buildings of cultural heritage of cross-border areas, raising the level of knowledge and awareness of energy-efficient maintenance of protected objects. The project has created added value through the reduction of energy dependence of cross-border areas, improvement of the general and professional knowledge of the public about energy efficiency, the establishment of joint actions to reduce climate changes, and the promotion of cultural heritage protection and energy efficiency, as a resource for economic development. Outputs of the project were the following reports: report on the existing regulations for the introduction of energy efficiency measures in objects of cultural heritage; 20 reports on the energy performance of the identified objects of cultural heritage in the partnership area; 2 reports on energy audits and thermographic recording after the restoration of cultural heritage. Along with the listed reports, the immediate effects were: an action plan for the introduction of energy efficiency measures for the regional school Vinagora in Croatia, and Celje hall in Slovenia; 2 energy certificates about the restoration of objects of cultural heritage; bilingual project website with multimedia content; joint bilingual guide on the introduction of energy efficiency measures in the objects of cultural heritage; 4 thematic workshops for the target groups in accordance with the program, for the education of expert public; bilingual application for on-line display of monthly energy consumption, in objects of cultural heritage, before and after reconstruction; reconstruction of 2 objects of cultural heritage in accordance with the low-energy principles.<\/p>\n<\/div><\/section><\/p><\/div>\n<style type=\"text\/css\" data-created_by=\"avia_inline_auto\" id=\"style-css-av-av_one_half-2a64de42b738552fe666ca889af77e28\">\n.flex_column.av-av_one_half-2a64de42b738552fe666ca889af77e28{\nborder-radius:0px 0px 0px 0px;\n-webkit-border-radius:0px 0px 0px 0px;\n-moz-border-radius:0px 0px 0px 0px;\n}\n<\/style>\n<div class='flex_column av-av_one_half-2a64de42b738552fe666ca889af77e28 av_one_half  avia-builder-el-6  el_after_av_one_half  el_before_av_image  flex_column_div av-zero-column-padding column-top-margin'   ><section  class='av_textblock_section av-av_textblock-0366cc7376be6c9e82a3e9cc8987b64f'  itemscope=\"itemscope\" itemtype=\"https:\/\/schema.org\/CreativeWork\" ><div class='avia_textblock'  itemprop=\"text\" ><table border=\"1\" width=\"637\" cellspacing=\"0\" cellpadding=\"7\">\n<colgroup>\n<col width=\"191\" \/>\n<col width=\"416\" \/> <\/colgroup>\n<tbody>\n<tr>\n<td bgcolor=\"#f2f2f2\" width=\"191\" height=\"8\"><b>Project title<\/b><\/td>\n<td width=\"416\">Energy efficiency cultural heritage objects<\/td>\n<\/tr>\n<tr>\n<td bgcolor=\"#f2f2f2\" width=\"191\" height=\"9\"><b>ERDF funds<\/b><\/td>\n<td width=\"416\">\n<p lang=\"hr-HR\">679.791,79 EUR<\/p>\n<\/td>\n<\/tr>\n<tr>\n<td bgcolor=\"#f2f2f2\" width=\"191\" height=\"9\"><b>Project duration <\/b><\/p>\n<p><b>(month\/year \u2013 month\/year)<\/b><\/td>\n<td width=\"416\"><span lang=\"hr-HR\">17.09.2014. &#8211; 04.11.2015.<\/span><\/td>\n<\/tr>\n<tr>\n<td bgcolor=\"#f2f2f2\" width=\"191\" height=\"9\"><b>Lead partner<\/b><\/td>\n<td width=\"416\">\n<p lang=\"en-GB\">Regionalna energetska agencija sjeverozapadne Hrvatske<\/p>\n<\/td>\n<\/tr>\n<tr>\n<td bgcolor=\"#f2f2f2\" width=\"191\" height=\"24\"><b>Partners<\/b><\/td>\n<td width=\"416\">\n<p lang=\"hr-HR\">Krapinsko-zagorska \u017eupanija<\/p>\n<p lang=\"hr-HR\">Zavod energetska agencija za Savinjsko, \u0160ale\u0161ko in Koro\u0161ko regijo<\/p>\n<p lang=\"hr-HR\">Mestna ob\u010dina Velenje<\/p>\n<p lang=\"hr-HR\">Mestna ob\u010dina Celje<\/p>\n<\/td>\n<\/tr>\n<tr>\n<td bgcolor=\"#f2f2f2\" width=\"191\" height=\"24\"><b>Regions involved<\/b><\/td>\n<td width=\"416\"><span lang=\"hr-HR\">SI: Savinjska regija<\/span><\/p>\n<p><span lang=\"hr-HR\">CRO: Grad Zagreb, Krapinsko-zagorska \u017eupanija<\/span><\/td>\n<\/tr>\n<tr>\n<td bgcolor=\"#f2f2f2\" width=\"191\" height=\"31\"><b>Website<\/b><\/td>\n<td width=\"416\"><span lang=\"hr-HR\">SI: <\/span><span style=\"color: #0000ff;\"><u><a href=\"http:\/\/www.regea.org\/eeculture\/si\/index-ee-si.html\"><span lang=\"hr-HR\">http:\/\/www.regea.org\/eeculture\/si\/index-ee-si.html<\/span><\/a><\/u><\/span><\/p>\n<p><span lang=\"hr-HR\">CRO: <\/span><span style=\"color: #0000ff;\"><u><a href=\"http:\/\/www.regea.org\/eeculture\/index.html\"><span lang=\"hr-HR\">http:\/\/www.regea.org\/eeculture\/index.html<\/span><\/a><\/u><\/span><\/td>\n<\/tr>\n<\/tbody>\n<\/table>\n<\/div><\/section><br \/>\n<section  class='av_textblock_section av-av_textblock-0366cc7376be6c9e82a3e9cc8987b64f'  itemscope=\"itemscope\" itemtype=\"https:\/\/schema.org\/CreativeWork\" ><div class='avia_textblock'  itemprop=\"text\" ><p><i><b>Key results and performed activities <\/b><\/i><i>(quantitative results; max. 3 &#8211; 5)<\/i><\/p>\n<p align=\"JUSTIFY\">2 restored objects of cultural heritage;<\/p>\n<p align=\"JUSTIFY\">2 completed project and technical documentations for energy renewal;<\/p>\n<p align=\"JUSTIFY\">1 manual on the introduction of energy efficiency measures in the objects of cultural heritage.<\/p>\n<\/div><\/section><\/p><\/div>\n<style type=\"text\/css\" data-created_by=\"avia_inline_auto\" id=\"style-css-av-av_image-fc6daea7506f0092201f62c714dfcdc2\">\n.avia-image-container.av-av_image-fc6daea7506f0092201f62c714dfcdc2 .av-image-caption-overlay-center{\ncolor:#ffffff;\n}\n<\/style>\n<div  class='avia-image-container av-av_image-fc6daea7506f0092201f62c714dfcdc2 av-styling- avia-align-center  avia-builder-el-9  el_after_av_one_half  avia-builder-el-last '  itemprop=\"image\" itemscope=\"itemscope\" itemtype=\"https:\/\/schema.org\/ImageObject\" ><div class=\"avia-image-container-inner\"><div class=\"avia-image-overlay-wrap\"><img decoding=\"async\" class='wp-image-1523 avia-img-lazy-loading-not-1523 avia_image' src=\"http:\/\/www.si-hr.eu\/en2\/wp-content\/uploads\/sites\/12\/2016\/11\/EE-CULTURE-logo-300x82.jpg\" alt='' title='EE CULTURE logo'  height=\"82\" width=\"300\"  itemprop=\"thumbnailUrl\" srcset=\"http:\/\/www.si-hr.eu\/en2\/wp-content\/uploads\/sites\/12\/2016\/11\/EE-CULTURE-logo-300x82.jpg 300w, http:\/\/www.si-hr.eu\/en2\/wp-content\/uploads\/sites\/12\/2016\/11\/EE-CULTURE-logo-1030x281.jpg 1030w, http:\/\/www.si-hr.eu\/en2\/wp-content\/uploads\/sites\/12\/2016\/11\/EE-CULTURE-logo-600x164.jpg 600w, http:\/\/www.si-hr.eu\/en2\/wp-content\/uploads\/sites\/12\/2016\/11\/EE-CULTURE-logo-705x192.jpg 705w, http:\/\/www.si-hr.eu\/en2\/wp-content\/uploads\/sites\/12\/2016\/11\/EE-CULTURE-logo-450x123.jpg 450w, http:\/\/www.si-hr.eu\/en2\/wp-content\/uploads\/sites\/12\/2016\/11\/EE-CULTURE-logo.jpg 1466w\" sizes=\"(max-width: 300px) 100vw, 300px\" \/><\/div><\/div><\/div><\/p>\n","protected":false},"excerpt":{"rendered":"","protected":false},"author":3,"featured_media":0,"parent":1373,"menu_order":0,"comment_status":"closed","ping_status":"closed","template":"","meta":{"ngg_post_thumbnail":0},"acf":[],"_links":{"self":[{"href":"http:\/\/www.si-hr.eu\/en2\/wp-json\/wp\/v2\/pages\/1522"}],"collection":[{"href":"http:\/\/www.si-hr.eu\/en2\/wp-json\/wp\/v2\/pages"}],"about":[{"href":"http:\/\/www.si-hr.eu\/en2\/wp-json\/wp\/v2\/types\/page"}],"author":[{"embeddable":true,"href":"http:\/\/www.si-hr.eu\/en2\/wp-json\/wp\/v2\/users\/3"}],"replies":[{"embeddable":true,"href":"http:\/\/www.si-hr.eu\/en2\/wp-json\/wp\/v2\/comments?post=1522"}],"version-history":[{"count":1,"href":"http:\/\/www.si-hr.eu\/en2\/wp-json\/wp\/v2\/pages\/1522\/revisions"}],"predecessor-version":[{"id":1525,"href":"http:\/\/www.si-hr.eu\/en2\/wp-json\/wp\/v2\/pages\/1522\/revisions\/1525"}],"up":[{"embeddable":true,"href":"http:\/\/www.si-hr.eu\/en2\/wp-json\/wp\/v2\/pages\/1373"}],"wp:attachment":[{"href":"http:\/\/www.si-hr.eu\/en2\/wp-json\/wp\/v2\/media?parent=1522"}],"curies":[{"name":"wp","href":"https:\/\/api.w.org\/{rel}","templated":true}]}}