{"id":1530,"date":"2016-11-17T14:03:19","date_gmt":"2016-11-17T13:03:19","guid":{"rendered":"http:\/\/www.si-hr.eu\/en2\/?page_id=1530"},"modified":"2016-11-17T14:03:19","modified_gmt":"2016-11-17T13:03:19","slug":"good-water-for-everybody","status":"publish","type":"page","link":"http:\/\/www.si-hr.eu\/en2\/map\/good-water-for-everybody\/","title":{"rendered":"GOOD WATER FOR EVERYBODY"},"content":{"rendered":"\n<style type=\"text\/css\" data-created_by=\"avia_inline_auto\" id=\"style-css-av-av_one_full-352b07ef7d3bc99b2e9f92e7a9e06bdb\">\n.flex_column.av-av_one_full-352b07ef7d3bc99b2e9f92e7a9e06bdb{\nborder-radius:0px 0px 0px 0px;\n-webkit-border-radius:0px 0px 0px 0px;\n-moz-border-radius:0px 0px 0px 0px;\n}\n<\/style>\n<div class='flex_column av-av_one_full-352b07ef7d3bc99b2e9f92e7a9e06bdb av_one_full  avia-builder-el-0  el_before_av_one_half  avia-builder-el-first  first flex_column_div av-zero-column-padding '   ><style type=\"text\/css\" data-created_by=\"avia_inline_auto\" id=\"style-css-av-av_heading-c3c5a09bd151739e43e5618810df0e6d\">\n#top .av-special-heading.av-av_heading-c3c5a09bd151739e43e5618810df0e6d{\npadding-bottom:10px;\n}\nbody .av-special-heading.av-av_heading-c3c5a09bd151739e43e5618810df0e6d .av-special-heading-tag .heading-char{\nfont-size:25px;\n}\n.av-special-heading.av-av_heading-c3c5a09bd151739e43e5618810df0e6d .av-subheading{\nfont-size:15px;\n}\n<\/style>\n<div  class='av-special-heading av-av_heading-c3c5a09bd151739e43e5618810df0e6d av-special-heading-h3  avia-builder-el-1  avia-builder-el-no-sibling '><h3 class='av-special-heading-tag'  itemprop=\"headline\"  >Hello<\/h3><div class=\"special-heading-border\"><div class=\"special-heading-inner-border\"><\/div><\/div><\/div><\/div>\n<style type=\"text\/css\" data-created_by=\"avia_inline_auto\" id=\"style-css-av-av_one_half-352b07ef7d3bc99b2e9f92e7a9e06bdb\">\n.flex_column.av-av_one_half-352b07ef7d3bc99b2e9f92e7a9e06bdb{\nborder-radius:0px 0px 0px 0px;\n-webkit-border-radius:0px 0px 0px 0px;\n-moz-border-radius:0px 0px 0px 0px;\n}\n<\/style>\n<div class='flex_column av-av_one_half-352b07ef7d3bc99b2e9f92e7a9e06bdb av_one_half  avia-builder-el-2  el_after_av_one_full  el_before_av_one_half  first flex_column_div av-zero-column-padding column-top-margin'   ><p>\n<style type=\"text\/css\" data-created_by=\"avia_inline_auto\" id=\"style-css-av-av_image-f2a52f5549aeebae823df36ccb9b8c05\">\n.avia-image-container.av-av_image-f2a52f5549aeebae823df36ccb9b8c05 .av-image-caption-overlay-center{\ncolor:#ffffff;\n}\n<\/style>\n<div  class='avia-image-container av-av_image-f2a52f5549aeebae823df36ccb9b8c05 av-styling- avia-align-center  avia-builder-el-3  el_before_av_textblock  avia-builder-el-first '  itemprop=\"image\" itemscope=\"itemscope\" itemtype=\"https:\/\/schema.org\/ImageObject\" ><div class=\"avia-image-container-inner\"><div class=\"avia-image-overlay-wrap\"><img decoding=\"async\" class='wp-image-1532 avia-img-lazy-loading-not-1532 avia_image' src=\"http:\/\/www.si-hr.eu\/en2\/wp-content\/uploads\/sites\/12\/2016\/11\/DOBRA-VODA-ZA-VSE-1030x773.jpg\" alt='' title='DOBRA VODA ZA VSE'  height=\"773\" width=\"1030\"  itemprop=\"thumbnailUrl\" srcset=\"http:\/\/www.si-hr.eu\/en2\/wp-content\/uploads\/sites\/12\/2016\/11\/DOBRA-VODA-ZA-VSE-1030x773.jpg 1030w, http:\/\/www.si-hr.eu\/en2\/wp-content\/uploads\/sites\/12\/2016\/11\/DOBRA-VODA-ZA-VSE-300x225.jpg 300w, http:\/\/www.si-hr.eu\/en2\/wp-content\/uploads\/sites\/12\/2016\/11\/DOBRA-VODA-ZA-VSE-600x450.jpg 600w, http:\/\/www.si-hr.eu\/en2\/wp-content\/uploads\/sites\/12\/2016\/11\/DOBRA-VODA-ZA-VSE-705x529.jpg 705w, http:\/\/www.si-hr.eu\/en2\/wp-content\/uploads\/sites\/12\/2016\/11\/DOBRA-VODA-ZA-VSE-450x338.jpg 450w, http:\/\/www.si-hr.eu\/en2\/wp-content\/uploads\/sites\/12\/2016\/11\/DOBRA-VODA-ZA-VSE.jpg 1386w\" sizes=\"(max-width: 1030px) 100vw, 1030px\" \/><\/div><\/div><\/div><br \/>\n<section  class='av_textblock_section av-av_textblock-0366cc7376be6c9e82a3e9cc8987b64f'  itemscope=\"itemscope\" itemtype=\"https:\/\/schema.org\/CreativeWork\" ><div class='avia_textblock'  itemprop=\"text\" ><p align=\"CENTER\"><b>GOOD WATER FOR EVERYBODY<\/b><\/p>\n<\/div><\/section><br \/>\n<section  class='av_textblock_section av-av_textblock-0366cc7376be6c9e82a3e9cc8987b64f'  itemscope=\"itemscope\" itemtype=\"https:\/\/schema.org\/CreativeWork\" ><div class='avia_textblock'  itemprop=\"text\" ><p><i><b>Project summary <\/b><\/i><\/p>\n<p align=\"JUSTIFY\">Specific cross-borders objectives of the operation were: the improvement of environmental awareness on the cross-border area; reduction of environmental risks and environmental pollution, and also joint planning and monitoring of natural resources \u2013 water across the border. Added value of the project was: a common approach to the solving of cross-border problems of water management; innovative approach in sewage and wastewater treatments in scattered settlements of rural area; networking and cross-border participation of the local and regional participants and co-principal, and the exchange of experience; positive impact on the sustainable development of the area, tourism development and economic and social cohesion; improvement of living conditions of population with the preservation of natural habitats and biodiversity. The outputs of the project were: the strategies of protection for water resources in cross border area; elaboration of project documentation and supporting projects and studies for improvement of drainage systems; cross-border networks of information centers; monitoring of waters; purchase of a boat; promotional material; visits to the examples of good practice; publication of scientific articles; workshops; press and professional conferences.<\/p>\n<\/div><\/section><br \/>\n<section  class='av_textblock_section av-av_textblock-0366cc7376be6c9e82a3e9cc8987b64f'  itemscope=\"itemscope\" itemtype=\"https:\/\/schema.org\/CreativeWork\" ><div class='avia_textblock'  itemprop=\"text\" ><p><i><b>Key results and performed activities <\/b><\/i><i>(quantitative results; max. 3 &#8211; 5)<\/i><\/p>\n<p align=\"JUSTIFY\">1 common strategy for dispersed settlements of hillside part;<\/p>\n<p align=\"JUSTIFY\">1 common operational program for dispersed settlements of hillside part;<\/p>\n<p align=\"JUSTIFY\">Elaborated project and technical documentation for 11 settlements for the conventional collection system;<\/p>\n<p align=\"JUSTIFY\">2 project documentations for the revitalization of the surface water;<\/p>\n<p align=\"JUSTIFY\">20 educational workshops.<\/p>\n<\/div><\/section><\/p><\/div>\n<style type=\"text\/css\" data-created_by=\"avia_inline_auto\" id=\"style-css-av-av_one_half-2a64de42b738552fe666ca889af77e28\">\n.flex_column.av-av_one_half-2a64de42b738552fe666ca889af77e28{\nborder-radius:0px 0px 0px 0px;\n-webkit-border-radius:0px 0px 0px 0px;\n-moz-border-radius:0px 0px 0px 0px;\n}\n<\/style>\n<div class='flex_column av-av_one_half-2a64de42b738552fe666ca889af77e28 av_one_half  avia-builder-el-7  el_after_av_one_half  el_before_av_image  flex_column_div av-zero-column-padding column-top-margin'   ><section  class='av_textblock_section av-av_textblock-0366cc7376be6c9e82a3e9cc8987b64f'  itemscope=\"itemscope\" itemtype=\"https:\/\/schema.org\/CreativeWork\" ><div class='avia_textblock'  itemprop=\"text\" ><table border=\"1\" width=\"637\" cellspacing=\"0\" cellpadding=\"7\">\n<colgroup>\n<col width=\"191\" \/>\n<col width=\"416\" \/> <\/colgroup>\n<tbody>\n<tr>\n<td bgcolor=\"#f2f2f2\" width=\"191\" height=\"8\"><b>Project title<\/b><\/td>\n<td width=\"416\">Sustainable management of water resources between Mura and Drava river<\/td>\n<\/tr>\n<tr>\n<td bgcolor=\"#f2f2f2\" width=\"191\" height=\"9\"><b>ERDF funds<\/b><\/td>\n<td width=\"416\">704,320.65 EUR<\/td>\n<\/tr>\n<tr>\n<td bgcolor=\"#f2f2f2\" width=\"191\" height=\"9\"><b>Project duration <\/b><\/p>\n<p><b>(month\/year \u2013 month\/year)<\/b><\/td>\n<td width=\"416\">01.01.2014 \u2013 17.06.2015<\/td>\n<\/tr>\n<tr>\n<td bgcolor=\"#f2f2f2\" width=\"191\" height=\"9\"><b>Lead partner<\/b><\/td>\n<td width=\"416\">Me\u0111imurske vode d.o.o.<\/td>\n<\/tr>\n<tr>\n<td bgcolor=\"#f2f2f2\" width=\"191\" height=\"9\"><b>Partners<\/b><\/td>\n<td width=\"416\">Hrvatske vode &#8211; VGO Vara\u017edin<\/p>\n<p>Me\u0111imurska priroda<\/p>\n<p>Univerza v Mariboru &#8211; ERM centar<\/p>\n<p>Ekoremediacijski tehnolo\u0161ki center &#8211; ERTC<\/p>\n<p>Center za zdravje in razvoj Murska Sobota<\/p>\n<p>Ob\u010dina Kri\u017eevci<\/p>\n<p>Ob\u010dina Ljutomer<\/p>\n<p>Ob\u010dina Razkri\u017eje<\/p>\n<p>Ob\u010dina Sredi\u0161\u010de ob Dravi<\/td>\n<\/tr>\n<tr>\n<td bgcolor=\"#f2f2f2\" width=\"191\" height=\"9\"><b>Regions involved<\/b><\/td>\n<td width=\"416\">SI: Pomurska regija, Podravska regija<\/p>\n<p>CRO: Me\u0111imurska \u017eupanija<\/td>\n<\/tr>\n<tr>\n<td bgcolor=\"#f2f2f2\" width=\"191\" height=\"8\"><b>Website<\/b><\/td>\n<td width=\"416\">SI: <span style=\"color: #0000ff;\"><u><a href=\"http:\/\/www.dobravodazavse.com\/slo\">http:\/\/www.dobravodazavse.com\/slo<\/a><\/u><\/span><\/p>\n<p>CRO: <span style=\"color: #0000ff;\"><u><a href=\"http:\/\/www.dobravodazavse.com\/hr\">http:\/\/www.dobravodazavse.com\/hr<\/a><\/u><\/span><\/td>\n<\/tr>\n<\/tbody>\n<\/table>\n<\/div><\/section><\/div>\n<style type=\"text\/css\" data-created_by=\"avia_inline_auto\" id=\"style-css-av-av_image-46c226975c2c285b05a64156c321f758\">\n.avia-image-container.av-av_image-46c226975c2c285b05a64156c321f758 .av-image-caption-overlay-center{\ncolor:#ffffff;\n}\n<\/style>\n<div  class='avia-image-container av-av_image-46c226975c2c285b05a64156c321f758 av-styling- avia-align-center  avia-builder-el-9  el_after_av_one_half  avia-builder-el-last '  itemprop=\"image\" itemscope=\"itemscope\" itemtype=\"https:\/\/schema.org\/ImageObject\" ><div class=\"avia-image-container-inner\"><div class=\"avia-image-overlay-wrap\"><img decoding=\"async\" class='wp-image-1531 avia-img-lazy-loading-not-1531 avia_image' src=\"http:\/\/www.si-hr.eu\/en2\/wp-content\/uploads\/sites\/12\/2016\/11\/DOBRA-VODA-ZA-VSE-logo-300x139.jpg\" alt='' title='DOBRA VODA ZA VSE logo'  height=\"139\" width=\"300\"  itemprop=\"thumbnailUrl\" srcset=\"http:\/\/www.si-hr.eu\/en2\/wp-content\/uploads\/sites\/12\/2016\/11\/DOBRA-VODA-ZA-VSE-logo-300x139.jpg 300w, http:\/\/www.si-hr.eu\/en2\/wp-content\/uploads\/sites\/12\/2016\/11\/DOBRA-VODA-ZA-VSE-logo-1030x477.jpg 1030w, http:\/\/www.si-hr.eu\/en2\/wp-content\/uploads\/sites\/12\/2016\/11\/DOBRA-VODA-ZA-VSE-logo-600x278.jpg 600w, http:\/\/www.si-hr.eu\/en2\/wp-content\/uploads\/sites\/12\/2016\/11\/DOBRA-VODA-ZA-VSE-logo-705x326.jpg 705w, http:\/\/www.si-hr.eu\/en2\/wp-content\/uploads\/sites\/12\/2016\/11\/DOBRA-VODA-ZA-VSE-logo-450x208.jpg 450w, http:\/\/www.si-hr.eu\/en2\/wp-content\/uploads\/sites\/12\/2016\/11\/DOBRA-VODA-ZA-VSE-logo.jpg 1387w\" sizes=\"(max-width: 300px) 100vw, 300px\" \/><\/div><\/div><\/div><\/p>\n","protected":false},"excerpt":{"rendered":"","protected":false},"author":3,"featured_media":0,"parent":1373,"menu_order":0,"comment_status":"closed","ping_status":"closed","template":"","meta":{"ngg_post_thumbnail":0},"acf":[],"_links":{"self":[{"href":"http:\/\/www.si-hr.eu\/en2\/wp-json\/wp\/v2\/pages\/1530"}],"collection":[{"href":"http:\/\/www.si-hr.eu\/en2\/wp-json\/wp\/v2\/pages"}],"about":[{"href":"http:\/\/www.si-hr.eu\/en2\/wp-json\/wp\/v2\/types\/page"}],"author":[{"embeddable":true,"href":"http:\/\/www.si-hr.eu\/en2\/wp-json\/wp\/v2\/users\/3"}],"replies":[{"embeddable":true,"href":"http:\/\/www.si-hr.eu\/en2\/wp-json\/wp\/v2\/comments?post=1530"}],"version-history":[{"count":1,"href":"http:\/\/www.si-hr.eu\/en2\/wp-json\/wp\/v2\/pages\/1530\/revisions"}],"predecessor-version":[{"id":1533,"href":"http:\/\/www.si-hr.eu\/en2\/wp-json\/wp\/v2\/pages\/1530\/revisions\/1533"}],"up":[{"embeddable":true,"href":"http:\/\/www.si-hr.eu\/en2\/wp-json\/wp\/v2\/pages\/1373"}],"wp:attachment":[{"href":"http:\/\/www.si-hr.eu\/en2\/wp-json\/wp\/v2\/media?parent=1530"}],"curies":[{"name":"wp","href":"https:\/\/api.w.org\/{rel}","templated":true}]}}