{"id":1557,"date":"2016-11-20T14:25:54","date_gmt":"2016-11-20T13:25:54","guid":{"rendered":"http:\/\/www.si-hr.eu\/en2\/?page_id=1557"},"modified":"2016-11-20T14:25:54","modified_gmt":"2016-11-20T13:25:54","slug":"bioregio","status":"publish","type":"page","link":"http:\/\/www.si-hr.eu\/en2\/map\/bioregio\/","title":{"rendered":"BIOREGIO"},"content":{"rendered":"\n<style type=\"text\/css\" data-created_by=\"avia_inline_auto\" id=\"style-css-av-av_one_full-352b07ef7d3bc99b2e9f92e7a9e06bdb\">\n.flex_column.av-av_one_full-352b07ef7d3bc99b2e9f92e7a9e06bdb{\nborder-radius:0px 0px 0px 0px;\n-webkit-border-radius:0px 0px 0px 0px;\n-moz-border-radius:0px 0px 0px 0px;\n}\n<\/style>\n<div class='flex_column av-av_one_full-352b07ef7d3bc99b2e9f92e7a9e06bdb av_one_full  avia-builder-el-0  el_before_av_one_half  avia-builder-el-first  first flex_column_div av-zero-column-padding '   ><style type=\"text\/css\" data-created_by=\"avia_inline_auto\" id=\"style-css-av-av_heading-f22722375a1c3af0b8cabf69f451c855\">\n#top .av-special-heading.av-av_heading-f22722375a1c3af0b8cabf69f451c855{\npadding-bottom:10px;\n}\nbody .av-special-heading.av-av_heading-f22722375a1c3af0b8cabf69f451c855 .av-special-heading-tag .heading-char{\nfont-size:25px;\n}\n.av-special-heading.av-av_heading-f22722375a1c3af0b8cabf69f451c855 .av-subheading{\nfont-size:15px;\n}\n<\/style>\n<div  class='av-special-heading av-av_heading-f22722375a1c3af0b8cabf69f451c855 av-special-heading-h3 blockquote modern-quote modern-centered  avia-builder-el-1  avia-builder-el-no-sibling '><h3 class='av-special-heading-tag'  itemprop=\"headline\"  >ECONOMIC AND SOCIAL DEVELOPMENT<br \/>\nDEVELOPMENT OF ENTERPRENEURSHIP<\/h3><div class=\"special-heading-border\"><div class=\"special-heading-inner-border\"><\/div><\/div><\/div><\/div>\n<style type=\"text\/css\" data-created_by=\"avia_inline_auto\" id=\"style-css-av-av_one_half-352b07ef7d3bc99b2e9f92e7a9e06bdb\">\n.flex_column.av-av_one_half-352b07ef7d3bc99b2e9f92e7a9e06bdb{\nborder-radius:0px 0px 0px 0px;\n-webkit-border-radius:0px 0px 0px 0px;\n-moz-border-radius:0px 0px 0px 0px;\n}\n<\/style>\n<div class='flex_column av-av_one_half-352b07ef7d3bc99b2e9f92e7a9e06bdb av_one_half  avia-builder-el-2  el_after_av_one_full  el_before_av_one_half  first flex_column_div av-zero-column-padding column-top-margin'   ><p>\n<style type=\"text\/css\" data-created_by=\"avia_inline_auto\" id=\"style-css-av-av_image-2a7a16f321225052b055e70a2c3153f0\">\n.avia-image-container.av-av_image-2a7a16f321225052b055e70a2c3153f0 .av-image-caption-overlay-center{\ncolor:#ffffff;\n}\n<\/style>\n<div  class='avia-image-container av-av_image-2a7a16f321225052b055e70a2c3153f0 av-styling- avia-align-center  avia-builder-el-3  el_before_av_textblock  avia-builder-el-first '  itemprop=\"image\" itemscope=\"itemscope\" itemtype=\"https:\/\/schema.org\/ImageObject\" ><div class=\"avia-image-container-inner\"><div class=\"avia-image-overlay-wrap\"><img decoding=\"async\" class='wp-image-1559 avia-img-lazy-loading-not-1559 avia_image' src=\"http:\/\/www.si-hr.eu\/en2\/wp-content\/uploads\/sites\/12\/2016\/11\/BIOREGIO.jpg\" alt='' title='BIOREGIO'  height=\"720\" width=\"960\"  itemprop=\"thumbnailUrl\" srcset=\"http:\/\/www.si-hr.eu\/en2\/wp-content\/uploads\/sites\/12\/2016\/11\/BIOREGIO.jpg 960w, http:\/\/www.si-hr.eu\/en2\/wp-content\/uploads\/sites\/12\/2016\/11\/BIOREGIO-300x225.jpg 300w, http:\/\/www.si-hr.eu\/en2\/wp-content\/uploads\/sites\/12\/2016\/11\/BIOREGIO-600x450.jpg 600w, http:\/\/www.si-hr.eu\/en2\/wp-content\/uploads\/sites\/12\/2016\/11\/BIOREGIO-705x529.jpg 705w, http:\/\/www.si-hr.eu\/en2\/wp-content\/uploads\/sites\/12\/2016\/11\/BIOREGIO-450x338.jpg 450w\" sizes=\"(max-width: 960px) 100vw, 960px\" \/><\/div><\/div><\/div><br \/>\n<section  class='av_textblock_section av-av_textblock-0366cc7376be6c9e82a3e9cc8987b64f'  itemscope=\"itemscope\" itemtype=\"https:\/\/schema.org\/CreativeWork\" ><div class='avia_textblock'  itemprop=\"text\" ><p style=\"text-align: center;\"><strong>BIOREGIO<\/strong><\/p>\n<\/div><\/section><br \/>\n<section  class='av_textblock_section av-av_textblock-0366cc7376be6c9e82a3e9cc8987b64f'  itemscope=\"itemscope\" itemtype=\"https:\/\/schema.org\/CreativeWork\" ><div class='avia_textblock'  itemprop=\"text\" ><p><i><b>Project summary <\/b><\/i><\/p>\n<p align=\"JUSTIFY\">The specific cross-border objective of the project were: to improve the business cooperation and trade between companies, especially MSP from the project area, which work in the field of technological development and products \/ services connected to renewable energy sources (OVE) and the effective use of energy (URE); to improve the cooperation between the companies and educational institutions, developing technological solutions for OVE (URE), especially the development and the advancement in supportive services and cooperation between the supportive institutions on the project are. The OVE and URE are both rapidly advancing in developed countries, thus creating thousands of workplaces. Slovenia and Croatia are below average in this area. Because of the established obligations of countries regarding the increase in consumption of renewable-source energy, this sector is especially relevant. The development of the supporting models, the assurance of balanced, standardized and quality offers of development services on both sides of the order brings together the entire area of promotion of MSP cooperation. This is possible by the participation of public funding. The EU funds have stimulated the personal investments in participating companies, the opening of new job positions and indirectly contributed to the increase in economic power and competitiveness of the areas participating in the project and also the improvement of utilization of OVE, and with that contributed to the achievement of the main goals of EU in the area of sustainable development of economy.<\/p>\n<\/div><\/section><\/p><\/div>\n<style type=\"text\/css\" data-created_by=\"avia_inline_auto\" id=\"style-css-av-av_one_half-2a64de42b738552fe666ca889af77e28\">\n.flex_column.av-av_one_half-2a64de42b738552fe666ca889af77e28{\nborder-radius:0px 0px 0px 0px;\n-webkit-border-radius:0px 0px 0px 0px;\n-moz-border-radius:0px 0px 0px 0px;\n}\n<\/style>\n<div class='flex_column av-av_one_half-2a64de42b738552fe666ca889af77e28 av_one_half  avia-builder-el-6  el_after_av_one_half  el_before_av_image  flex_column_div av-zero-column-padding column-top-margin'   ><section  class='av_textblock_section av-av_textblock-0366cc7376be6c9e82a3e9cc8987b64f'  itemscope=\"itemscope\" itemtype=\"https:\/\/schema.org\/CreativeWork\" ><div class='avia_textblock'  itemprop=\"text\" ><table border=\"1\" width=\"637\" cellspacing=\"0\" cellpadding=\"7\">\n<colgroup>\n<col width=\"200\" \/>\n<col width=\"407\" \/> <\/colgroup>\n<tbody>\n<tr>\n<td bgcolor=\"#f2f2f2\" width=\"200\" height=\"8\"><b>Project title<\/b><\/td>\n<td width=\"407\">Green cross-border region<\/td>\n<\/tr>\n<tr>\n<td bgcolor=\"#f2f2f2\" width=\"200\" height=\"9\"><b>ERDF funds<\/b><\/td>\n<td width=\"407\">186,075.91 EUR<\/td>\n<\/tr>\n<tr>\n<td bgcolor=\"#f2f2f2\" width=\"200\" height=\"9\"><b>Project duration <\/b><\/p>\n<p><b>(month\/year \u2013 month\/year)<\/b><\/td>\n<td width=\"407\">\n<p lang=\"fr-FR\"><span style=\"color: #000000;\">Ekonomski institut Maribor d.o.o.<\/span><\/p>\n<\/td>\n<\/tr>\n<tr>\n<td bgcolor=\"#f2f2f2\" width=\"200\" height=\"9\"><b>Lead partner<\/b><\/td>\n<td width=\"407\">\n<p lang=\"fr-FR\"><span style=\"color: #000000;\">Ekonomski institut Maribor d.o.o.<\/span><\/p>\n<\/td>\n<\/tr>\n<tr>\n<td bgcolor=\"#f2f2f2\" width=\"200\" height=\"9\"><b>P<\/b><b>artners<\/b><\/td>\n<td width=\"407\"><span style=\"color: #000000;\">Agencija za razvoj Vara\u017edinske \u017eupanije &#8211; AZRA<br \/>\nMe\u0111imurska Energetska Agencija d.o.o. &#8211; MENEA d.o.o.<br \/>\nTECHPO &#8211; Tehnolo\u0161ki center Posavja raziskovanje in informiranje d.o.o.<br \/>\nEnergetska agencija za Podravje &#8211; EnergaP<\/span><\/td>\n<\/tr>\n<tr>\n<td bgcolor=\"#f2f2f2\" width=\"200\" height=\"9\"><b>Regions involved<\/b><\/td>\n<td width=\"407\">\n<p align=\"JUSTIFY\">SI: Podravska regija, Spodnjeposavska regija<\/p>\n<p>HR: Me\u0111imurska \u017eupanija, Vara\u017edinska \u017eupanija<\/td>\n<\/tr>\n<tr>\n<td bgcolor=\"#f2f2f2\" width=\"200\" height=\"21\"><b>Website<\/b><\/td>\n<td valign=\"BOTTOM\" width=\"407\">\n<p align=\"JUSTIFY\">SL: <span style=\"color: #0000ff;\"><u><a href=\"http:\/\/www.bioregio.link\/\">http:\/\/www.bioregio.link\/<\/a><\/u><\/span><\/p>\n<p>HR\u00a0: <span style=\"color: #0000ff;\"><u><a href=\"http:\/\/www.bioregio.link\/hr\/\">http:\/\/www.bioregio.link\/hr\/<\/a><\/u><\/span><\/td>\n<\/tr>\n<\/tbody>\n<\/table>\n<\/div><\/section><br \/>\n<section  class='av_textblock_section av-av_textblock-0366cc7376be6c9e82a3e9cc8987b64f'  itemscope=\"itemscope\" itemtype=\"https:\/\/schema.org\/CreativeWork\" ><div class='avia_textblock'  itemprop=\"text\" ><p><i><b>Key results and performed activities <\/b><\/i><i>(quantitative results; max. 3 &#8211; 5)<\/i><\/p>\n<p>1 web platform BIOREGIO;<\/p>\n<p>1 cross-border network of 14 partners;<\/p>\n<p>6 products for the activities of the cross-border network of supportive institutions.<\/p>\n<\/div><\/section><\/p><\/div>\n<style type=\"text\/css\" data-created_by=\"avia_inline_auto\" id=\"style-css-av-av_image-f0bc77ab8e6047069f13df9b8f13b676\">\n.avia-image-container.av-av_image-f0bc77ab8e6047069f13df9b8f13b676 .av-image-caption-overlay-center{\ncolor:#ffffff;\n}\n<\/style>\n<div  class='avia-image-container av-av_image-f0bc77ab8e6047069f13df9b8f13b676 av-styling- avia-align-center  avia-builder-el-9  el_after_av_one_half  avia-builder-el-last '  itemprop=\"image\" itemscope=\"itemscope\" itemtype=\"https:\/\/schema.org\/ImageObject\" ><div class=\"avia-image-container-inner\"><div class=\"avia-image-overlay-wrap\"><img decoding=\"async\" class='wp-image-1558 avia-img-lazy-loading-not-1558 avia_image' src=\"http:\/\/www.si-hr.eu\/en2\/wp-content\/uploads\/sites\/12\/2016\/11\/BIOREGIO-logo-300x233.jpg\" alt='' title='BIOREGIO logo'  height=\"233\" width=\"300\"  itemprop=\"thumbnailUrl\" srcset=\"http:\/\/www.si-hr.eu\/en2\/wp-content\/uploads\/sites\/12\/2016\/11\/BIOREGIO-logo-300x233.jpg 300w, http:\/\/www.si-hr.eu\/en2\/wp-content\/uploads\/sites\/12\/2016\/11\/BIOREGIO-logo-600x466.jpg 600w, http:\/\/www.si-hr.eu\/en2\/wp-content\/uploads\/sites\/12\/2016\/11\/BIOREGIO-logo-705x547.jpg 705w, http:\/\/www.si-hr.eu\/en2\/wp-content\/uploads\/sites\/12\/2016\/11\/BIOREGIO-logo-450x349.jpg 450w, http:\/\/www.si-hr.eu\/en2\/wp-content\/uploads\/sites\/12\/2016\/11\/BIOREGIO-logo.jpg 804w\" sizes=\"(max-width: 300px) 100vw, 300px\" \/><\/div><\/div><\/div><\/p>\n","protected":false},"excerpt":{"rendered":"","protected":false},"author":3,"featured_media":0,"parent":1373,"menu_order":0,"comment_status":"closed","ping_status":"closed","template":"","meta":{"ngg_post_thumbnail":0},"acf":[],"_links":{"self":[{"href":"http:\/\/www.si-hr.eu\/en2\/wp-json\/wp\/v2\/pages\/1557"}],"collection":[{"href":"http:\/\/www.si-hr.eu\/en2\/wp-json\/wp\/v2\/pages"}],"about":[{"href":"http:\/\/www.si-hr.eu\/en2\/wp-json\/wp\/v2\/types\/page"}],"author":[{"embeddable":true,"href":"http:\/\/www.si-hr.eu\/en2\/wp-json\/wp\/v2\/users\/3"}],"replies":[{"embeddable":true,"href":"http:\/\/www.si-hr.eu\/en2\/wp-json\/wp\/v2\/comments?post=1557"}],"version-history":[{"count":1,"href":"http:\/\/www.si-hr.eu\/en2\/wp-json\/wp\/v2\/pages\/1557\/revisions"}],"predecessor-version":[{"id":1560,"href":"http:\/\/www.si-hr.eu\/en2\/wp-json\/wp\/v2\/pages\/1557\/revisions\/1560"}],"up":[{"embeddable":true,"href":"http:\/\/www.si-hr.eu\/en2\/wp-json\/wp\/v2\/pages\/1373"}],"wp:attachment":[{"href":"http:\/\/www.si-hr.eu\/en2\/wp-json\/wp\/v2\/media?parent=1557"}],"curies":[{"name":"wp","href":"https:\/\/api.w.org\/{rel}","templated":true}]}}