{"id":1565,"date":"2016-11-20T15:09:33","date_gmt":"2016-11-20T14:09:33","guid":{"rendered":"http:\/\/www.si-hr.eu\/en2\/?page_id=1565"},"modified":"2016-11-20T15:11:58","modified_gmt":"2016-11-20T14:11:58","slug":"boatmen-of-ideas-along-mura","status":"publish","type":"page","link":"http:\/\/www.si-hr.eu\/en2\/map\/boatmen-of-ideas-along-mura\/","title":{"rendered":"BOATMEN OF IDEAS ALONG MURA"},"content":{"rendered":"\n<style type=\"text\/css\" data-created_by=\"avia_inline_auto\" id=\"style-css-av-av_one_full-352b07ef7d3bc99b2e9f92e7a9e06bdb\">\n.flex_column.av-av_one_full-352b07ef7d3bc99b2e9f92e7a9e06bdb{\nborder-radius:0px 0px 0px 0px;\n-webkit-border-radius:0px 0px 0px 0px;\n-moz-border-radius:0px 0px 0px 0px;\n}\n<\/style>\n<div class='flex_column av-av_one_full-352b07ef7d3bc99b2e9f92e7a9e06bdb av_one_full  avia-builder-el-0  el_before_av_one_half  avia-builder-el-first  first flex_column_div av-zero-column-padding '   ><style type=\"text\/css\" data-created_by=\"avia_inline_auto\" id=\"style-css-av-av_heading-fae21937274beb8f898977c0339d6876\">\n#top .av-special-heading.av-av_heading-fae21937274beb8f898977c0339d6876{\npadding-bottom:10px;\n}\nbody .av-special-heading.av-av_heading-fae21937274beb8f898977c0339d6876 .av-special-heading-tag .heading-char{\nfont-size:25px;\n}\n.av-special-heading.av-av_heading-fae21937274beb8f898977c0339d6876 .av-subheading{\nfont-size:15px;\n}\n<\/style>\n<div  class='av-special-heading av-av_heading-fae21937274beb8f898977c0339d6876 av-special-heading-h3 blockquote modern-quote modern-centered  avia-builder-el-1  avia-builder-el-no-sibling '><h3 class='av-special-heading-tag'  itemprop=\"headline\"  >ECONOMIC AND SOCIAL DEVELOPMENT<br \/>\nTOURISM AND COUNTRYSIDE DEVELOPMENT<\/h3><div class=\"special-heading-border\"><div class=\"special-heading-inner-border\"><\/div><\/div><\/div><\/div>\n\n<style type=\"text\/css\" data-created_by=\"avia_inline_auto\" id=\"style-css-av-av_one_half-352b07ef7d3bc99b2e9f92e7a9e06bdb\">\n.flex_column.av-av_one_half-352b07ef7d3bc99b2e9f92e7a9e06bdb{\nborder-radius:0px 0px 0px 0px;\n-webkit-border-radius:0px 0px 0px 0px;\n-moz-border-radius:0px 0px 0px 0px;\n}\n<\/style>\n<div class='flex_column av-av_one_half-352b07ef7d3bc99b2e9f92e7a9e06bdb av_one_half  avia-builder-el-2  el_after_av_one_full  el_before_av_one_half  first flex_column_div av-zero-column-padding column-top-margin'   ><p>\n<style type=\"text\/css\" data-created_by=\"avia_inline_auto\" id=\"style-css-av-av_image-cf4a1fe568a331db52ac831c82b02163\">\n.avia-image-container.av-av_image-cf4a1fe568a331db52ac831c82b02163 .av-image-caption-overlay-center{\ncolor:#ffffff;\n}\n<\/style>\n<div  class='avia-image-container av-av_image-cf4a1fe568a331db52ac831c82b02163 av-styling- avia-align-center  avia-builder-el-3  el_before_av_textblock  avia-builder-el-first '  itemprop=\"image\" itemscope=\"itemscope\" itemtype=\"https:\/\/schema.org\/ImageObject\" ><div class=\"avia-image-container-inner\"><div class=\"avia-image-overlay-wrap\"><img decoding=\"async\" class='wp-image-1567 avia-img-lazy-loading-not-1567 avia_image' src=\"http:\/\/www.si-hr.eu\/en2\/wp-content\/uploads\/sites\/12\/2016\/11\/BRODARJI-IDEJ-OB-MURI-1030x772.jpg\" alt='' title='BRODARJI IDEJ OB MURI'  height=\"772\" width=\"1030\"  itemprop=\"thumbnailUrl\" srcset=\"http:\/\/www.si-hr.eu\/en2\/wp-content\/uploads\/sites\/12\/2016\/11\/BRODARJI-IDEJ-OB-MURI-1030x772.jpg 1030w, http:\/\/www.si-hr.eu\/en2\/wp-content\/uploads\/sites\/12\/2016\/11\/BRODARJI-IDEJ-OB-MURI-300x225.jpg 300w, http:\/\/www.si-hr.eu\/en2\/wp-content\/uploads\/sites\/12\/2016\/11\/BRODARJI-IDEJ-OB-MURI-600x450.jpg 600w, http:\/\/www.si-hr.eu\/en2\/wp-content\/uploads\/sites\/12\/2016\/11\/BRODARJI-IDEJ-OB-MURI-705x529.jpg 705w, http:\/\/www.si-hr.eu\/en2\/wp-content\/uploads\/sites\/12\/2016\/11\/BRODARJI-IDEJ-OB-MURI-450x337.jpg 450w, http:\/\/www.si-hr.eu\/en2\/wp-content\/uploads\/sites\/12\/2016\/11\/BRODARJI-IDEJ-OB-MURI.jpg 1047w\" sizes=\"(max-width: 1030px) 100vw, 1030px\" \/><\/div><\/div><\/div><br \/>\n<section  class='av_textblock_section av-av_textblock-0366cc7376be6c9e82a3e9cc8987b64f'  itemscope=\"itemscope\" itemtype=\"https:\/\/schema.org\/CreativeWork\" ><div class='avia_textblock'  itemprop=\"text\" ><p align=\"CENTER\"><strong>BOATMEN OF IDEAS ALONG MURA<\/strong><\/p>\n<\/div><\/section><br \/>\n<section  class='av_textblock_section av-av_textblock-0366cc7376be6c9e82a3e9cc8987b64f'  itemscope=\"itemscope\" itemtype=\"https:\/\/schema.org\/CreativeWork\" ><div class='avia_textblock'  itemprop=\"text\" ><p align=\"JUSTIFY\"><i><b>Project summary <\/b><\/i><\/p>\n<p align=\"JUSTIFY\">During the performance of the project, we have analyzed the existing situation with the offer of handcraft and culinary products on the cross-border area. Based on the results of the analysis, we formed the content of the workshops, which helped to raise the level of knowledge and skill of the existing providers, and with the integration of any other interested participants, contributed to the development of the activity. We have developed 4 new products and 2 new services. We have organized 18 promotional workshops and 4 promotional tourist events, which contributed to the increased <span lang=\"en-GB\">recognisability<\/span> of the cross-border offer, and to the integration of the products into and services into the tourist offer. We have created a promotional film about the project, which serves as a tool for education and promotion. We have analyzed the situation of the formal and informal types of education, registration status formation, we have identified the educational needs, prepared the suggestions for handcraft products for cross-border area. The broader public was informed through the various media, about the execution of activities and project\u2019s results.<\/p>\n<\/div><\/section><\/p><\/div>\n<style type=\"text\/css\" data-created_by=\"avia_inline_auto\" id=\"style-css-av-av_one_half-2a64de42b738552fe666ca889af77e28\">\n.flex_column.av-av_one_half-2a64de42b738552fe666ca889af77e28{\nborder-radius:0px 0px 0px 0px;\n-webkit-border-radius:0px 0px 0px 0px;\n-moz-border-radius:0px 0px 0px 0px;\n}\n<\/style>\n<div class='flex_column av-av_one_half-2a64de42b738552fe666ca889af77e28 av_one_half  avia-builder-el-6  el_after_av_one_half  el_before_av_image  flex_column_div av-zero-column-padding column-top-margin'   ><section  class='av_textblock_section av-av_textblock-0366cc7376be6c9e82a3e9cc8987b64f'  itemscope=\"itemscope\" itemtype=\"https:\/\/schema.org\/CreativeWork\" ><div class='avia_textblock'  itemprop=\"text\" ><table border=\"1\" width=\"637\" cellspacing=\"0\" cellpadding=\"7\">\n<colgroup>\n<col width=\"191\" \/>\n<col width=\"416\" \/> <\/colgroup>\n<tbody>\n<tr>\n<td bgcolor=\"#f2f2f2\" width=\"191\" height=\"8\"><b>Project title<\/b><\/td>\n<td width=\"416\">innovation and creativity in development of traditional local products with higher added value<\/td>\n<\/tr>\n<tr>\n<td bgcolor=\"#f2f2f2\" width=\"191\" height=\"9\"><b>ERDF funds<\/b><\/td>\n<td width=\"416\"><span lang=\"sl-SI\">379,933.80 EUR<\/span><\/td>\n<\/tr>\n<tr>\n<td bgcolor=\"#f2f2f2\" width=\"191\" height=\"9\"><b>Project duration <\/b><\/p>\n<p><b>(month\/year \u2013 month\/year)<\/b><\/td>\n<td width=\"416\">\n<p lang=\"sl-SI\">1.4.2011-31.3.2013<\/p>\n<\/td>\n<\/tr>\n<tr>\n<td bgcolor=\"#f2f2f2\" width=\"191\" height=\"9\"><b>Lead partner<\/b><\/td>\n<td width=\"416\">\n<p lang=\"de-DE\" align=\"JUSTIFY\">Dru\u0161tvo za promocijo in za\u0161\u010dito prekmurskih dobrot<\/p>\n<\/td>\n<\/tr>\n<tr>\n<td bgcolor=\"#f2f2f2\" width=\"191\" height=\"9\"><b>Partners<\/b><\/td>\n<td width=\"416\"><span style=\"color: #000000;\"><span lang=\"sl-SI\">Pomelaj, zadruga za ruralni razvoj z.o.o. <\/span><\/span><\/p>\n<p lang=\"sl-SI\"><span style=\"color: #000000;\">Razvojna agencija Grada \u010cakovca<\/span><\/p>\n<p lang=\"sl-SI\"><span style=\"color: #000000;\">Turisti\u010dna zajednica grada \u010cakovca<\/span><\/p>\n<\/td>\n<\/tr>\n<tr>\n<td bgcolor=\"#f2f2f2\" width=\"191\" height=\"9\"><b>Regions involved<\/b><\/td>\n<td width=\"416\">\n<p lang=\"sl-SI\">SI: Pomurska regija<\/p>\n<p lang=\"sl-SI\" align=\"JUSTIFY\">HR: Me\u0111imurska \u017eupanija<\/p>\n<\/td>\n<\/tr>\n<tr>\n<td bgcolor=\"#f2f2f2\" width=\"191\" height=\"8\"><b>Website<\/b><\/td>\n<td width=\"416\"><span lang=\"sl-SI\">SI: <\/span><span style=\"color: #0000ff;\"><u><a href=\"http:\/\/www.pomurski-zakladi.si\/\"><span lang=\"sl-SI\">http:\/\/www.pomurski-zakladi.si\/<\/span><\/a><\/u><\/span><\/p>\n<p><span lang=\"sl-SI\">HR: <\/span><span style=\"color: #0000ff;\"><u><a href=\"http:\/\/www.pomurski-zakladi.si\/hr\/\"><span lang=\"sl-SI\">http:\/\/www.pomurski-zakladi.si\/hr\/<\/span><\/a><\/u><\/span><\/p>\n<p><span lang=\"sl-SI\">EN: <\/span><span style=\"color: #0000ff;\"><u><a href=\"http:\/\/www.pomurski-zakladi.si\/en\/\"><span lang=\"sl-SI\">http:\/\/www.pomurski-zakladi.si\/en\/<\/span><\/a><\/u><\/span><\/td>\n<\/tr>\n<\/tbody>\n<\/table>\n<\/div><\/section><br \/>\n<section  class='av_textblock_section av-av_textblock-0366cc7376be6c9e82a3e9cc8987b64f'  itemscope=\"itemscope\" itemtype=\"https:\/\/schema.org\/CreativeWork\" ><div class='avia_textblock'  itemprop=\"text\" ><p align=\"JUSTIFY\"><i><b>Key results and performed activities <\/b><\/i><i>(quantitative results; max. 3 &#8211; 5)<\/i><\/p>\n<p align=\"JUSTIFY\">1 promotional film;<\/p>\n<p align=\"JUSTIFY\">1 web page with introduced local providers;<\/p>\n<p align=\"JUSTIFY\">1 map of the local products.<\/p>\n<\/div><\/section><\/p><\/div><\/p>\n\n<style type=\"text\/css\" data-created_by=\"avia_inline_auto\" id=\"style-css-av-av_image-4ef8f16f735d98704d88ecfcb06d04e6\">\n.avia-image-container.av-av_image-4ef8f16f735d98704d88ecfcb06d04e6 .av-image-caption-overlay-center{\ncolor:#ffffff;\n}\n<\/style>\n<div  class='avia-image-container av-av_image-4ef8f16f735d98704d88ecfcb06d04e6 av-styling- avia-align-center  avia-builder-el-9  el_after_av_one_half  avia-builder-el-last '  itemprop=\"image\" itemscope=\"itemscope\" itemtype=\"https:\/\/schema.org\/ImageObject\" ><div class=\"avia-image-container-inner\"><div class=\"avia-image-overlay-wrap\"><img decoding=\"async\" class='wp-image-1566 avia-img-lazy-loading-not-1566 avia_image' src=\"http:\/\/www.si-hr.eu\/en2\/wp-content\/uploads\/sites\/12\/2016\/11\/BRODARJI-IDEJ-OB-MURI-LOGO-300x84.jpg\" alt='' title='BRODARJI IDEJ OB MURI LOGO'  height=\"84\" width=\"300\"  itemprop=\"thumbnailUrl\" srcset=\"http:\/\/www.si-hr.eu\/en2\/wp-content\/uploads\/sites\/12\/2016\/11\/BRODARJI-IDEJ-OB-MURI-LOGO-300x84.jpg 300w, http:\/\/www.si-hr.eu\/en2\/wp-content\/uploads\/sites\/12\/2016\/11\/BRODARJI-IDEJ-OB-MURI-LOGO-1030x287.jpg 1030w, http:\/\/www.si-hr.eu\/en2\/wp-content\/uploads\/sites\/12\/2016\/11\/BRODARJI-IDEJ-OB-MURI-LOGO-600x167.jpg 600w, http:\/\/www.si-hr.eu\/en2\/wp-content\/uploads\/sites\/12\/2016\/11\/BRODARJI-IDEJ-OB-MURI-LOGO-705x196.jpg 705w, http:\/\/www.si-hr.eu\/en2\/wp-content\/uploads\/sites\/12\/2016\/11\/BRODARJI-IDEJ-OB-MURI-LOGO-450x125.jpg 450w, http:\/\/www.si-hr.eu\/en2\/wp-content\/uploads\/sites\/12\/2016\/11\/BRODARJI-IDEJ-OB-MURI-LOGO.jpg 1185w\" sizes=\"(max-width: 300px) 100vw, 300px\" \/><\/div><\/div><\/div>\n","protected":false},"excerpt":{"rendered":"","protected":false},"author":3,"featured_media":0,"parent":1373,"menu_order":0,"comment_status":"closed","ping_status":"closed","template":"","meta":{"ngg_post_thumbnail":0},"acf":[],"_links":{"self":[{"href":"http:\/\/www.si-hr.eu\/en2\/wp-json\/wp\/v2\/pages\/1565"}],"collection":[{"href":"http:\/\/www.si-hr.eu\/en2\/wp-json\/wp\/v2\/pages"}],"about":[{"href":"http:\/\/www.si-hr.eu\/en2\/wp-json\/wp\/v2\/types\/page"}],"author":[{"embeddable":true,"href":"http:\/\/www.si-hr.eu\/en2\/wp-json\/wp\/v2\/users\/3"}],"replies":[{"embeddable":true,"href":"http:\/\/www.si-hr.eu\/en2\/wp-json\/wp\/v2\/comments?post=1565"}],"version-history":[{"count":3,"href":"http:\/\/www.si-hr.eu\/en2\/wp-json\/wp\/v2\/pages\/1565\/revisions"}],"predecessor-version":[{"id":1570,"href":"http:\/\/www.si-hr.eu\/en2\/wp-json\/wp\/v2\/pages\/1565\/revisions\/1570"}],"up":[{"embeddable":true,"href":"http:\/\/www.si-hr.eu\/en2\/wp-json\/wp\/v2\/pages\/1373"}],"wp:attachment":[{"href":"http:\/\/www.si-hr.eu\/en2\/wp-json\/wp\/v2\/media?parent=1565"}],"curies":[{"name":"wp","href":"https:\/\/api.w.org\/{rel}","templated":true}]}}