{"id":1571,"date":"2016-11-20T16:31:17","date_gmt":"2016-11-20T15:31:17","guid":{"rendered":"http:\/\/www.si-hr.eu\/en2\/?page_id=1571"},"modified":"2016-11-20T16:36:21","modified_gmt":"2016-11-20T15:36:21","slug":"city-volunteers","status":"publish","type":"page","link":"http:\/\/www.si-hr.eu\/en2\/map\/city-volunteers\/","title":{"rendered":"CITY VOLUNTEERS"},"content":{"rendered":"\n<style type=\"text\/css\" data-created_by=\"avia_inline_auto\" id=\"style-css-av-av_one_full-352b07ef7d3bc99b2e9f92e7a9e06bdb\">\n.flex_column.av-av_one_full-352b07ef7d3bc99b2e9f92e7a9e06bdb{\nborder-radius:0px 0px 0px 0px;\n-webkit-border-radius:0px 0px 0px 0px;\n-moz-border-radius:0px 0px 0px 0px;\n}\n<\/style>\n<div class='flex_column av-av_one_full-352b07ef7d3bc99b2e9f92e7a9e06bdb av_one_full  avia-builder-el-0  el_before_av_one_half  avia-builder-el-first  first flex_column_div av-zero-column-padding '   ><style type=\"text\/css\" data-created_by=\"avia_inline_auto\" id=\"style-css-av-av_heading-55efc4e27ee7b60e5266afaff2a8e839\">\n#top .av-special-heading.av-av_heading-55efc4e27ee7b60e5266afaff2a8e839{\npadding-bottom:10px;\n}\nbody .av-special-heading.av-av_heading-55efc4e27ee7b60e5266afaff2a8e839 .av-special-heading-tag .heading-char{\nfont-size:25px;\n}\n.av-special-heading.av-av_heading-55efc4e27ee7b60e5266afaff2a8e839 .av-subheading{\nfont-size:15px;\n}\n<\/style>\n<div  class='av-special-heading av-av_heading-55efc4e27ee7b60e5266afaff2a8e839 av-special-heading-h3 blockquote modern-quote modern-centered  avia-builder-el-1  avia-builder-el-no-sibling '><h3 class='av-special-heading-tag'  itemprop=\"headline\"  >ECONOMIC AND SOCIAL DEVELOPMENT<br \/>\nSOCIAL INTEGRATION<\/h3><div class=\"special-heading-border\"><div class=\"special-heading-inner-border\"><\/div><\/div><\/div><\/div>\n<style type=\"text\/css\" data-created_by=\"avia_inline_auto\" id=\"style-css-av-av_one_half-352b07ef7d3bc99b2e9f92e7a9e06bdb\">\n.flex_column.av-av_one_half-352b07ef7d3bc99b2e9f92e7a9e06bdb{\nborder-radius:0px 0px 0px 0px;\n-webkit-border-radius:0px 0px 0px 0px;\n-moz-border-radius:0px 0px 0px 0px;\n}\n<\/style>\n<div class='flex_column av-av_one_half-352b07ef7d3bc99b2e9f92e7a9e06bdb av_one_half  avia-builder-el-2  el_after_av_one_full  el_before_av_one_half  first flex_column_div av-zero-column-padding column-top-margin'   ><p>\n<style type=\"text\/css\" data-created_by=\"avia_inline_auto\" id=\"style-css-av-av_image-dc6a160913bd6049e75c46ab0d13d290\">\n.avia-image-container.av-av_image-dc6a160913bd6049e75c46ab0d13d290 .av-image-caption-overlay-center{\ncolor:#ffffff;\n}\n<\/style>\n<div  class='avia-image-container av-av_image-dc6a160913bd6049e75c46ab0d13d290 av-styling- avia-align-center  avia-builder-el-3  el_before_av_textblock  avia-builder-el-first '  itemprop=\"image\" itemscope=\"itemscope\" itemtype=\"https:\/\/schema.org\/ImageObject\" ><div class=\"avia-image-container-inner\"><div class=\"avia-image-overlay-wrap\"><img decoding=\"async\" class='wp-image-1573 avia-img-lazy-loading-not-1573 avia_image' src=\"http:\/\/www.si-hr.eu\/en2\/wp-content\/uploads\/sites\/12\/2016\/11\/CITY-VOLUNTEERS.jpg\" alt='' title='CITY VOLUNTEERS'  height=\"720\" width=\"304\"  itemprop=\"thumbnailUrl\" srcset=\"http:\/\/www.si-hr.eu\/en2\/wp-content\/uploads\/sites\/12\/2016\/11\/CITY-VOLUNTEERS.jpg 304w, http:\/\/www.si-hr.eu\/en2\/wp-content\/uploads\/sites\/12\/2016\/11\/CITY-VOLUNTEERS-127x300.jpg 127w, http:\/\/www.si-hr.eu\/en2\/wp-content\/uploads\/sites\/12\/2016\/11\/CITY-VOLUNTEERS-298x705.jpg 298w\" sizes=\"(max-width: 304px) 100vw, 304px\" \/><\/div><\/div><\/div><br \/>\n<section  class='av_textblock_section av-av_textblock-0366cc7376be6c9e82a3e9cc8987b64f'  itemscope=\"itemscope\" itemtype=\"https:\/\/schema.org\/CreativeWork\" ><div class='avia_textblock'  itemprop=\"text\" ><p align=\"CENTER\"><b>CITY VOLUNTEERS<\/b><\/p>\n<\/div><\/section><br \/>\n<section  class='av_textblock_section av-av_textblock-0366cc7376be6c9e82a3e9cc8987b64f'  itemscope=\"itemscope\" itemtype=\"https:\/\/schema.org\/CreativeWork\" ><div class='avia_textblock'  itemprop=\"text\" ><p><i><b>Project summary <\/b><\/i><\/p>\n<p align=\"JUSTIFY\">Specific cross-border objectives of the project were: to provide the inhabitants of the Slovenian-Croatian border areas, especially the most vulnerable groups and members of minority groups with a greater access, and better related forms of volunteering, and generally raise the quality of life; to provide accessible, more professional, coordinated, targeted and personalized customer support in carrying out volunteering work; to increase the education of volunteers; to improve the legislation at the national level in the field of volunteerism; to provide innovative promotion of volunteerism in the Slovenian-Croatian border region; to raise awareness of the users about the value and importance of volunteering; to create a network of voluntary organizations in the Slovenian-Croatian border area; and to create long-term solid structures of volunteer movement. A system of voluntary work on both sides of the border was established with the help of web portal &#8211; stock exchange of volunteerism, volunteer office and volunteer library, remained active and in use after completion of the project. Portal, offices and libraries are maintained after the project, with the help of local budgets and \/ or funds from new domestic and European tenders. By raising the public awareness we have established and built the foundation for volunteering in the wider local and social environment. Participants in individual activities have thus gained valuable experience (informal training), which will increase their opportunities in the labor market.<\/p>\n<\/div><\/section><\/p><\/div>\n<style type=\"text\/css\" data-created_by=\"avia_inline_auto\" id=\"style-css-av-av_one_half-2a64de42b738552fe666ca889af77e28\">\n.flex_column.av-av_one_half-2a64de42b738552fe666ca889af77e28{\nborder-radius:0px 0px 0px 0px;\n-webkit-border-radius:0px 0px 0px 0px;\n-moz-border-radius:0px 0px 0px 0px;\n}\n<\/style>\n<div class='flex_column av-av_one_half-2a64de42b738552fe666ca889af77e28 av_one_half  avia-builder-el-6  el_after_av_one_half  el_before_av_image  flex_column_div av-zero-column-padding column-top-margin'   ><section  class='av_textblock_section av-av_textblock-0366cc7376be6c9e82a3e9cc8987b64f'  itemscope=\"itemscope\" itemtype=\"https:\/\/schema.org\/CreativeWork\" ><div class='avia_textblock'  itemprop=\"text\" ><table border=\"1\" width=\"637\" cellspacing=\"0\" cellpadding=\"7\">\n<colgroup>\n<col width=\"191\" \/>\n<col width=\"416\" \/> <\/colgroup>\n<tbody>\n<tr>\n<td bgcolor=\"#f2f2f2\" width=\"191\" height=\"8\"><b>Project title<\/b><\/td>\n<td width=\"416\">City volounteers<\/td>\n<\/tr>\n<tr>\n<td bgcolor=\"#f2f2f2\" width=\"191\" height=\"9\"><b>ERDF funds<\/b><\/td>\n<td width=\"416\">522,491.69 EUR<\/td>\n<\/tr>\n<tr>\n<td bgcolor=\"#f2f2f2\" width=\"191\" height=\"9\"><b>Project duration <\/b><\/p>\n<p><b>(month\/year \u2013 month\/year)<\/b><\/td>\n<td width=\"416\">1.4.2011 &#8211; 31.3.2013<\/td>\n<\/tr>\n<tr>\n<td bgcolor=\"#f2f2f2\" width=\"191\" height=\"9\"><b>Lead partner<\/b><\/td>\n<td width=\"416\">Mestna ob\u010dina Maribor<\/td>\n<\/tr>\n<tr>\n<td bgcolor=\"#f2f2f2\" width=\"191\" height=\"9\"><b>Partners<\/b><\/td>\n<td width=\"416\">Grad Vara\u017edin<\/p>\n<p>Univerza v Mariboru<\/p>\n<p>Zavod Antona-Martina Slom\u0161ka<\/p>\n<p>Slovenska filantropija, Zdru\u017eenje za promocijo prostovoljstva<\/p>\n<p>Udruga za za\u0161titu i unapre\u0111enje \u010dovjekovog okoli\u0161a &#8220;Franjo Ko\u0161\u0107ec&#8221;<\/p>\n<p>Autonomni centar -ACT<\/td>\n<\/tr>\n<tr>\n<td bgcolor=\"#f2f2f2\" width=\"191\" height=\"9\"><b>Regions involved<\/b><\/td>\n<td width=\"416\">SI: Podravska regija<\/p>\n<p>CRO: Vara\u017edinska \u017eupanija, Me\u0111imurska \u017eupanija<\/td>\n<\/tr>\n<tr>\n<td bgcolor=\"#f2f2f2\" width=\"191\" height=\"8\"><b>Website<\/b><\/td>\n<td width=\"416\">SI: <span style=\"color: #0000ff;\"><u><a href=\"http:\/\/www.city-volunteers.si\/\">http:\/\/www.city-volunteers.si\/<\/a><\/u><\/span><\/p>\n<p>CRO: <span style=\"color: #0000ff;\"><u><a href=\"http:\/\/www.city-volunteers.si\/index.php\/hr\">http:\/\/www.city-volunteers.si\/index.php\/hr<\/a><\/u><\/span><\/td>\n<\/tr>\n<\/tbody>\n<\/table>\n<\/div><\/section><br \/>\n<section  class='av_textblock_section av-av_textblock-0366cc7376be6c9e82a3e9cc8987b64f'  itemscope=\"itemscope\" itemtype=\"https:\/\/schema.org\/CreativeWork\" ><div class='avia_textblock'  itemprop=\"text\" ><p><i><b>Key results and performed activities <\/b><\/i><i>(quantitative results; max. 3 &#8211; 5)<\/i><\/p>\n<p align=\"JUSTIFY\">2 regional volunteer offices and a library;<\/p>\n<p align=\"JUSTIFY\">1 strategy on the development of volunteering;<\/p>\n<p align=\"JUSTIFY\">1 declaration on the development of volunteering in Slovenia and Croatia;<\/p>\n<p align=\"JUSTIFY\">1 arrangement on cooperation in the area of development of volunteering for a longer period of time;<\/p>\n<p align=\"JUSTIFY\">2 newly developed forms of volunteering and training (volunteering at major events, volunteering by retired educational staff).<\/p>\n<\/div><\/section><\/p><\/div>\n<style type=\"text\/css\" data-created_by=\"avia_inline_auto\" id=\"style-css-av-av_image-7eb888b036a35b3d49b4b53e6409966c\">\n.avia-image-container.av-av_image-7eb888b036a35b3d49b4b53e6409966c .av-image-caption-overlay-center{\ncolor:#ffffff;\n}\n<\/style>\n<div  class='avia-image-container av-av_image-7eb888b036a35b3d49b4b53e6409966c av-styling- avia-align-center  avia-builder-el-9  el_after_av_one_half  avia-builder-el-last '  itemprop=\"image\" itemscope=\"itemscope\" itemtype=\"https:\/\/schema.org\/ImageObject\" ><div class=\"avia-image-container-inner\"><div class=\"avia-image-overlay-wrap\"><img decoding=\"async\" class='wp-image-1572 avia-img-lazy-loading-not-1572 avia_image' src=\"http:\/\/www.si-hr.eu\/en2\/wp-content\/uploads\/sites\/12\/2016\/11\/CITY-VOLUNTEERS-logo-300x244.jpg\" alt='' title='CITY VOLUNTEERS logo'  height=\"244\" width=\"300\"  itemprop=\"thumbnailUrl\" srcset=\"http:\/\/www.si-hr.eu\/en2\/wp-content\/uploads\/sites\/12\/2016\/11\/CITY-VOLUNTEERS-logo-300x244.jpg 300w, http:\/\/www.si-hr.eu\/en2\/wp-content\/uploads\/sites\/12\/2016\/11\/CITY-VOLUNTEERS-logo-600x488.jpg 600w, http:\/\/www.si-hr.eu\/en2\/wp-content\/uploads\/sites\/12\/2016\/11\/CITY-VOLUNTEERS-logo-450x366.jpg 450w, http:\/\/www.si-hr.eu\/en2\/wp-content\/uploads\/sites\/12\/2016\/11\/CITY-VOLUNTEERS-logo.jpg 644w\" sizes=\"(max-width: 300px) 100vw, 300px\" \/><\/div><\/div><\/div><\/p>\n","protected":false},"excerpt":{"rendered":"","protected":false},"author":3,"featured_media":0,"parent":1373,"menu_order":0,"comment_status":"closed","ping_status":"closed","template":"","meta":{"ngg_post_thumbnail":0},"acf":[],"_links":{"self":[{"href":"http:\/\/www.si-hr.eu\/en2\/wp-json\/wp\/v2\/pages\/1571"}],"collection":[{"href":"http:\/\/www.si-hr.eu\/en2\/wp-json\/wp\/v2\/pages"}],"about":[{"href":"http:\/\/www.si-hr.eu\/en2\/wp-json\/wp\/v2\/types\/page"}],"author":[{"embeddable":true,"href":"http:\/\/www.si-hr.eu\/en2\/wp-json\/wp\/v2\/users\/3"}],"replies":[{"embeddable":true,"href":"http:\/\/www.si-hr.eu\/en2\/wp-json\/wp\/v2\/comments?post=1571"}],"version-history":[{"count":1,"href":"http:\/\/www.si-hr.eu\/en2\/wp-json\/wp\/v2\/pages\/1571\/revisions"}],"predecessor-version":[{"id":1574,"href":"http:\/\/www.si-hr.eu\/en2\/wp-json\/wp\/v2\/pages\/1571\/revisions\/1574"}],"up":[{"embeddable":true,"href":"http:\/\/www.si-hr.eu\/en2\/wp-json\/wp\/v2\/pages\/1373"}],"wp:attachment":[{"href":"http:\/\/www.si-hr.eu\/en2\/wp-json\/wp\/v2\/media?parent=1571"}],"curies":[{"name":"wp","href":"https:\/\/api.w.org\/{rel}","templated":true}]}}