{"id":1617,"date":"2016-11-23T15:57:57","date_gmt":"2016-11-23T14:57:57","guid":{"rendered":"http:\/\/www.si-hr.eu\/en2\/?page_id=1617"},"modified":"2016-11-23T16:03:25","modified_gmt":"2016-11-23T15:03:25","slug":"lol","status":"publish","type":"page","link":"http:\/\/www.si-hr.eu\/en2\/map\/lol\/","title":{"rendered":"LOL"},"content":{"rendered":"\n<style type=\"text\/css\" data-created_by=\"avia_inline_auto\" id=\"style-css-av-av_one_full-352b07ef7d3bc99b2e9f92e7a9e06bdb\">\n.flex_column.av-av_one_full-352b07ef7d3bc99b2e9f92e7a9e06bdb{\nborder-radius:0px 0px 0px 0px;\n-webkit-border-radius:0px 0px 0px 0px;\n-moz-border-radius:0px 0px 0px 0px;\n}\n<\/style>\n<div class='flex_column av-av_one_full-352b07ef7d3bc99b2e9f92e7a9e06bdb av_one_full  avia-builder-el-0  el_before_av_one_half  avia-builder-el-first  first flex_column_div av-zero-column-padding '   ><style type=\"text\/css\" data-created_by=\"avia_inline_auto\" id=\"style-css-av-av_heading-1a7722f2b0a81ef22b21ae7f59027c24\">\n#top .av-special-heading.av-av_heading-1a7722f2b0a81ef22b21ae7f59027c24{\npadding-bottom:10px;\n}\nbody .av-special-heading.av-av_heading-1a7722f2b0a81ef22b21ae7f59027c24 .av-special-heading-tag .heading-char{\nfont-size:25px;\n}\n.av-special-heading.av-av_heading-1a7722f2b0a81ef22b21ae7f59027c24 .av-subheading{\nfont-size:15px;\n}\n<\/style>\n<div  class='av-special-heading av-av_heading-1a7722f2b0a81ef22b21ae7f59027c24 av-special-heading-h3 blockquote modern-quote modern-centered  avia-builder-el-1  avia-builder-el-no-sibling '><h3 class='av-special-heading-tag'  itemprop=\"headline\"  >SUSTAINABLE NATURAL RESOURCES MANAGEMENT<br \/>\nPRESERVATION OF PROTECTED AREAS<\/h3><div class=\"special-heading-border\"><div class=\"special-heading-inner-border\"><\/div><\/div><\/div><\/div>\n<style type=\"text\/css\" data-created_by=\"avia_inline_auto\" id=\"style-css-av-av_one_half-352b07ef7d3bc99b2e9f92e7a9e06bdb\">\n.flex_column.av-av_one_half-352b07ef7d3bc99b2e9f92e7a9e06bdb{\nborder-radius:0px 0px 0px 0px;\n-webkit-border-radius:0px 0px 0px 0px;\n-moz-border-radius:0px 0px 0px 0px;\n}\n<\/style>\n<div class='flex_column av-av_one_half-352b07ef7d3bc99b2e9f92e7a9e06bdb av_one_half  avia-builder-el-2  el_after_av_one_full  el_before_av_one_half  first flex_column_div av-zero-column-padding column-top-margin'   ><p>\n<style type=\"text\/css\" data-created_by=\"avia_inline_auto\" id=\"style-css-av-av_image-6a670e6642edd2ce3a5846e2a1eb0ce7\">\n.avia-image-container.av-av_image-6a670e6642edd2ce3a5846e2a1eb0ce7 .av-image-caption-overlay-center{\ncolor:#ffffff;\n}\n<\/style>\n<div  class='avia-image-container av-av_image-6a670e6642edd2ce3a5846e2a1eb0ce7 av-styling- avia-align-center  avia-builder-el-3  el_before_av_textblock  avia-builder-el-first '  itemprop=\"image\" itemscope=\"itemscope\" itemtype=\"https:\/\/schema.org\/ImageObject\" ><div class=\"avia-image-container-inner\"><div class=\"avia-image-overlay-wrap\"><img decoding=\"async\" class='wp-image-1619 avia-img-lazy-loading-not-1619 avia_image' src=\"http:\/\/www.si-hr.eu\/en2\/wp-content\/uploads\/sites\/12\/2016\/11\/LOL.jpg\" alt='' title='LOL'  height=\"629\" width=\"944\"  itemprop=\"thumbnailUrl\" srcset=\"http:\/\/www.si-hr.eu\/en2\/wp-content\/uploads\/sites\/12\/2016\/11\/LOL.jpg 944w, http:\/\/www.si-hr.eu\/en2\/wp-content\/uploads\/sites\/12\/2016\/11\/LOL-300x200.jpg 300w, http:\/\/www.si-hr.eu\/en2\/wp-content\/uploads\/sites\/12\/2016\/11\/LOL-600x400.jpg 600w, http:\/\/www.si-hr.eu\/en2\/wp-content\/uploads\/sites\/12\/2016\/11\/LOL-705x470.jpg 705w, http:\/\/www.si-hr.eu\/en2\/wp-content\/uploads\/sites\/12\/2016\/11\/LOL-450x300.jpg 450w\" sizes=\"(max-width: 944px) 100vw, 944px\" \/><\/div><\/div><\/div><br \/>\n<section  class='av_textblock_section av-av_textblock-0366cc7376be6c9e82a3e9cc8987b64f'  itemscope=\"itemscope\" itemtype=\"https:\/\/schema.org\/CreativeWork\" ><div class='avia_textblock'  itemprop=\"text\" ><p align=\"CENTER\"><b>LOL<\/b><\/p>\n<\/div><\/section><br \/>\n<section  class='av_textblock_section av-av_textblock-0366cc7376be6c9e82a3e9cc8987b64f'  itemscope=\"itemscope\" itemtype=\"https:\/\/schema.org\/CreativeWork\" ><div class='avia_textblock'  itemprop=\"text\" ><p align=\"JUSTIFY\"><i><b>Project summary <\/b><\/i><\/p>\n<p align=\"JUSTIFY\">The specific cross-border objective of the project was to preserve a wide biological diversity in the target area by maintaining meadow orchards and old varieties of fruit and to preserve heritage in border area. The realization of this project has allowed the growth of knowledge about the value of these areas, the conservation of important biodiversity areas, which are also included in the NATURA 2000 areas. With the implementation of education during the project we have encouraged different thinking about the project area and with support to come up with new ideas for the development and use of resources. We will implement the activities that will contribute to the conservation of nature and clean drinking water across the border. The added value of IPA funds was best represented with the purchase of the mobile press and juice bottling machine as this has been permanently available to the entire border area. With the film we have shared knowledge and skills of the project area with the whole world.<\/p>\n<\/div><\/section><\/p><\/div>\n<style type=\"text\/css\" data-created_by=\"avia_inline_auto\" id=\"style-css-av-av_one_half-2a64de42b738552fe666ca889af77e28\">\n.flex_column.av-av_one_half-2a64de42b738552fe666ca889af77e28{\nborder-radius:0px 0px 0px 0px;\n-webkit-border-radius:0px 0px 0px 0px;\n-moz-border-radius:0px 0px 0px 0px;\n}\n<\/style>\n<div class='flex_column av-av_one_half-2a64de42b738552fe666ca889af77e28 av_one_half  avia-builder-el-6  el_after_av_one_half  el_before_av_image  flex_column_div av-zero-column-padding column-top-margin'   ><section  class='av_textblock_section av-av_textblock-0366cc7376be6c9e82a3e9cc8987b64f'  itemscope=\"itemscope\" itemtype=\"https:\/\/schema.org\/CreativeWork\" ><div class='avia_textblock'  itemprop=\"text\" ><table border=\"1\" width=\"637\" cellspacing=\"0\" cellpadding=\"7\">\n<colgroup>\n<col width=\"191\" \/>\n<col width=\"416\" \/> <\/colgroup>\n<tbody>\n<tr>\n<td bgcolor=\"#f2f2f2\" width=\"191\" height=\"8\"><b>Project title<\/b><\/td>\n<td width=\"416\">Life without limits<\/td>\n<\/tr>\n<tr>\n<td bgcolor=\"#f2f2f2\" width=\"191\" height=\"9\"><b>ERDF funds<\/b><\/td>\n<td width=\"416\"><span lang=\"sl-SI\">218,781.17 EUR<\/span><\/td>\n<\/tr>\n<tr>\n<td bgcolor=\"#f2f2f2\" width=\"191\" height=\"9\"><b>Project duration <\/b><\/p>\n<p><b>(month\/year \u2013 month\/year)<\/b><\/td>\n<td width=\"416\">\n<p lang=\"sl-SI\">1.1.2014 \u2013 17.9.2015<\/p>\n<\/td>\n<\/tr>\n<tr>\n<td bgcolor=\"#f2f2f2\" width=\"191\" height=\"9\"><b>Lead partner<\/b><\/td>\n<td width=\"416\">\n<p lang=\"sl-SI\" align=\"JUSTIFY\">Razvojni center Ko\u010devje Ribnica d.o.o., dru\u017eba za razvoj in svetovanje<\/p>\n<\/td>\n<\/tr>\n<tr>\n<td bgcolor=\"#f2f2f2\" width=\"191\" height=\"9\"><b>Partners<\/b><\/td>\n<td width=\"416\">\n<p lang=\"sl-SI\"><span style=\"color: #000000;\">Lokalna razvojna agencija Pins<\/span><\/p>\n<p lang=\"sl-SI\"><span style=\"color: #000000;\">Udruga za sport, rekreaciju i turizam \u00bbKupa\u00ab<\/span><\/p>\n<p lang=\"sl-SI\"><span style=\"color: #000000;\">Turisti\u010dno \u0161portno dru\u0161tvo Kostel<\/span><\/p>\n<\/td>\n<\/tr>\n<tr>\n<td bgcolor=\"#f2f2f2\" width=\"191\" height=\"9\"><b>Regions involved<\/b><\/td>\n<td width=\"416\">\n<p lang=\"sl-SI\">SI: Jugovzhodna Slovenija<\/p>\n<p lang=\"sl-SI\" align=\"JUSTIFY\">HR: Primorsko-goranska \u017eupanija<\/p>\n<\/td>\n<\/tr>\n<tr>\n<td bgcolor=\"#f2f2f2\" width=\"191\" height=\"8\"><b>Website<\/b><\/td>\n<td width=\"416\"><span lang=\"sl-SI\">SI: <\/span><span style=\"color: #0000ff;\"><u><a href=\"http:\/\/rc-kocevjeribnica.si\/zivljenje_brez_meja.html\"><span lang=\"sl-SI\">http:\/\/rc-kocevjeribnica.si\/zivljenje_brez_meja.html<\/span><\/a><\/u><\/span><\/td>\n<\/tr>\n<\/tbody>\n<\/table>\n<\/div><\/section><br \/>\n<section  class='av_textblock_section av-av_textblock-0366cc7376be6c9e82a3e9cc8987b64f'  itemscope=\"itemscope\" itemtype=\"https:\/\/schema.org\/CreativeWork\" ><div class='avia_textblock'  itemprop=\"text\" ><p align=\"JUSTIFY\"><i><b>Key results and performed activities <\/b><\/i><i>(quantitative results; max. 3 &#8211; 5)<\/i><\/p>\n<p align=\"JUSTIFY\">1 mobile press and juice bottling plant;<\/p>\n<p align=\"JUSTIFY\">1 trilingual documentary about the life at the border river Kolpa;<\/p>\n<p align=\"JUSTIFY\">24 educational workshops;<\/p>\n<p align=\"JUSTIFY\">2500 visitors on the events;<\/p>\n<p align=\"JUSTIFY\">570 participants of educational events about the protection of the environment, fruit tree care, apple dishes and spirit distilling.<\/p>\n<\/div><\/section><\/p><\/div>\n<style type=\"text\/css\" data-created_by=\"avia_inline_auto\" id=\"style-css-av-av_image-9c5468b3a6e239f1f26f52876748f36c\">\n.avia-image-container.av-av_image-9c5468b3a6e239f1f26f52876748f36c .av-image-caption-overlay-center{\ncolor:#ffffff;\n}\n<\/style>\n<div  class='avia-image-container av-av_image-9c5468b3a6e239f1f26f52876748f36c av-styling- avia-align-center  avia-builder-el-9  el_after_av_one_half  avia-builder-el-last '  itemprop=\"image\" itemscope=\"itemscope\" itemtype=\"https:\/\/schema.org\/ImageObject\" ><div class=\"avia-image-container-inner\"><div class=\"avia-image-overlay-wrap\"><img decoding=\"async\" class='wp-image-1618 avia-img-lazy-loading-not-1618 avia_image' src=\"http:\/\/www.si-hr.eu\/en2\/wp-content\/uploads\/sites\/12\/2016\/11\/LOL-logo-300x134.jpg\" alt='' title='LOL logo'  height=\"134\" width=\"300\"  itemprop=\"thumbnailUrl\" srcset=\"http:\/\/www.si-hr.eu\/en2\/wp-content\/uploads\/sites\/12\/2016\/11\/LOL-logo-300x134.jpg 300w, http:\/\/www.si-hr.eu\/en2\/wp-content\/uploads\/sites\/12\/2016\/11\/LOL-logo-600x268.jpg 600w, http:\/\/www.si-hr.eu\/en2\/wp-content\/uploads\/sites\/12\/2016\/11\/LOL-logo-845x379.jpg 845w, http:\/\/www.si-hr.eu\/en2\/wp-content\/uploads\/sites\/12\/2016\/11\/LOL-logo-705x315.jpg 705w, http:\/\/www.si-hr.eu\/en2\/wp-content\/uploads\/sites\/12\/2016\/11\/LOL-logo-450x201.jpg 450w, http:\/\/www.si-hr.eu\/en2\/wp-content\/uploads\/sites\/12\/2016\/11\/LOL-logo.jpg 849w\" sizes=\"(max-width: 300px) 100vw, 300px\" \/><\/div><\/div><\/div><\/p>\n","protected":false},"excerpt":{"rendered":"","protected":false},"author":3,"featured_media":0,"parent":1373,"menu_order":0,"comment_status":"closed","ping_status":"closed","template":"","meta":{"ngg_post_thumbnail":0},"acf":[],"_links":{"self":[{"href":"http:\/\/www.si-hr.eu\/en2\/wp-json\/wp\/v2\/pages\/1617"}],"collection":[{"href":"http:\/\/www.si-hr.eu\/en2\/wp-json\/wp\/v2\/pages"}],"about":[{"href":"http:\/\/www.si-hr.eu\/en2\/wp-json\/wp\/v2\/types\/page"}],"author":[{"embeddable":true,"href":"http:\/\/www.si-hr.eu\/en2\/wp-json\/wp\/v2\/users\/3"}],"replies":[{"embeddable":true,"href":"http:\/\/www.si-hr.eu\/en2\/wp-json\/wp\/v2\/comments?post=1617"}],"version-history":[{"count":1,"href":"http:\/\/www.si-hr.eu\/en2\/wp-json\/wp\/v2\/pages\/1617\/revisions"}],"predecessor-version":[{"id":1620,"href":"http:\/\/www.si-hr.eu\/en2\/wp-json\/wp\/v2\/pages\/1617\/revisions\/1620"}],"up":[{"embeddable":true,"href":"http:\/\/www.si-hr.eu\/en2\/wp-json\/wp\/v2\/pages\/1373"}],"wp:attachment":[{"href":"http:\/\/www.si-hr.eu\/en2\/wp-json\/wp\/v2\/media?parent=1617"}],"curies":[{"name":"wp","href":"https:\/\/api.w.org\/{rel}","templated":true}]}}