{"id":1621,"date":"2016-11-23T16:13:02","date_gmt":"2016-11-23T15:13:02","guid":{"rendered":"http:\/\/www.si-hr.eu\/en2\/?page_id=1621"},"modified":"2016-11-23T16:13:02","modified_gmt":"2016-11-23T15:13:02","slug":"preschool-for-businessmen-si-hr","status":"publish","type":"page","link":"http:\/\/www.si-hr.eu\/en2\/map\/preschool-for-businessmen-si-hr\/","title":{"rendered":"PRESCHOOL FOR BUSINESSMEN SI-HR"},"content":{"rendered":"\n<style type=\"text\/css\" data-created_by=\"avia_inline_auto\" id=\"style-css-av-av_one_full-352b07ef7d3bc99b2e9f92e7a9e06bdb\">\n.flex_column.av-av_one_full-352b07ef7d3bc99b2e9f92e7a9e06bdb{\nborder-radius:0px 0px 0px 0px;\n-webkit-border-radius:0px 0px 0px 0px;\n-moz-border-radius:0px 0px 0px 0px;\n}\n<\/style>\n<div class='flex_column av-av_one_full-352b07ef7d3bc99b2e9f92e7a9e06bdb av_one_full  avia-builder-el-0  el_before_av_one_half  avia-builder-el-first  first flex_column_div av-zero-column-padding '   ><style type=\"text\/css\" data-created_by=\"avia_inline_auto\" id=\"style-css-av-av_heading-f22722375a1c3af0b8cabf69f451c855\">\n#top .av-special-heading.av-av_heading-f22722375a1c3af0b8cabf69f451c855{\npadding-bottom:10px;\n}\nbody .av-special-heading.av-av_heading-f22722375a1c3af0b8cabf69f451c855 .av-special-heading-tag .heading-char{\nfont-size:25px;\n}\n.av-special-heading.av-av_heading-f22722375a1c3af0b8cabf69f451c855 .av-subheading{\nfont-size:15px;\n}\n<\/style>\n<div  class='av-special-heading av-av_heading-f22722375a1c3af0b8cabf69f451c855 av-special-heading-h3 blockquote modern-quote modern-centered  avia-builder-el-1  avia-builder-el-no-sibling '><h3 class='av-special-heading-tag'  itemprop=\"headline\"  >ECONOMIC AND SOCIAL DEVELOPMENT<br \/>\nDEVELOPMENT OF ENTERPRENEURSHIP<\/h3><div class=\"special-heading-border\"><div class=\"special-heading-inner-border\"><\/div><\/div><\/div><\/div>\n<style type=\"text\/css\" data-created_by=\"avia_inline_auto\" id=\"style-css-av-av_one_half-352b07ef7d3bc99b2e9f92e7a9e06bdb\">\n.flex_column.av-av_one_half-352b07ef7d3bc99b2e9f92e7a9e06bdb{\nborder-radius:0px 0px 0px 0px;\n-webkit-border-radius:0px 0px 0px 0px;\n-moz-border-radius:0px 0px 0px 0px;\n}\n<\/style>\n<div class='flex_column av-av_one_half-352b07ef7d3bc99b2e9f92e7a9e06bdb av_one_half  avia-builder-el-2  el_after_av_one_full  el_before_av_one_half  first flex_column_div av-zero-column-padding column-top-margin'   ><p>\n<style type=\"text\/css\" data-created_by=\"avia_inline_auto\" id=\"style-css-av-av_image-971a888b8cb3f85e4c7f31abe548021b\">\n.avia-image-container.av-av_image-971a888b8cb3f85e4c7f31abe548021b .av-image-caption-overlay-center{\ncolor:#ffffff;\n}\n<\/style>\n<div  class='avia-image-container av-av_image-971a888b8cb3f85e4c7f31abe548021b av-styling- avia-align-center  avia-builder-el-3  el_before_av_textblock  avia-builder-el-first '  itemprop=\"image\" itemscope=\"itemscope\" itemtype=\"https:\/\/schema.org\/ImageObject\" ><div class=\"avia-image-container-inner\"><div class=\"avia-image-overlay-wrap\"><img decoding=\"async\" class='wp-image-1623 avia-img-lazy-loading-not-1623 avia_image' src=\"http:\/\/www.si-hr.eu\/en2\/wp-content\/uploads\/sites\/12\/2016\/11\/MALA-SOLA-PODJETNIKOV.jpg\" alt='' title='MALA SOLA PODJETNIKOV'  height=\"619\" width=\"825\"  itemprop=\"thumbnailUrl\" srcset=\"http:\/\/www.si-hr.eu\/en2\/wp-content\/uploads\/sites\/12\/2016\/11\/MALA-SOLA-PODJETNIKOV.jpg 825w, http:\/\/www.si-hr.eu\/en2\/wp-content\/uploads\/sites\/12\/2016\/11\/MALA-SOLA-PODJETNIKOV-300x225.jpg 300w, http:\/\/www.si-hr.eu\/en2\/wp-content\/uploads\/sites\/12\/2016\/11\/MALA-SOLA-PODJETNIKOV-600x450.jpg 600w, http:\/\/www.si-hr.eu\/en2\/wp-content\/uploads\/sites\/12\/2016\/11\/MALA-SOLA-PODJETNIKOV-705x529.jpg 705w, http:\/\/www.si-hr.eu\/en2\/wp-content\/uploads\/sites\/12\/2016\/11\/MALA-SOLA-PODJETNIKOV-450x338.jpg 450w\" sizes=\"(max-width: 825px) 100vw, 825px\" \/><\/div><\/div><\/div><br \/>\n<section  class='av_textblock_section av-av_textblock-0366cc7376be6c9e82a3e9cc8987b64f'  itemscope=\"itemscope\" itemtype=\"https:\/\/schema.org\/CreativeWork\" ><div class='avia_textblock'  itemprop=\"text\" ><p align=\"CENTER\"><b>PRESCHOOL FOR BUSINESSMEN SI-HR<\/b><\/p>\n<\/div><\/section><br \/>\n<section  class='av_textblock_section av-av_textblock-0366cc7376be6c9e82a3e9cc8987b64f'  itemscope=\"itemscope\" itemtype=\"https:\/\/schema.org\/CreativeWork\" ><div class='avia_textblock'  itemprop=\"text\" ><p align=\"JUSTIFY\"><i><b>Project summary <\/b><\/i><\/p>\n<p align=\"JUSTIFY\">Specific cross-borders objectives of the project were: the <span lang=\"en-GB\">stimulation of young people towards deciding for an entrepreneurial career, with the help of informational workshops about entrepreneurship and cross-border cooperation, and with the help of computer application developed in the project \u02ddI am a small businessman \u2013 interactive simulation of turbulent entrepreneurial environment\u00b4; strengthening of entrepreneurial spirit among entrepreneurs and young people; additional education of entrepreneurs for a more successful cross-border cooperation in the areas which they need for a cross-border cooperation. Project has had a large social \u2013 economic influence on the entire cross-border project area. It has enabled establishment of cross-border cooperation among small and median companies, which consequently presented expansion of trade between the included countries and transfer of information and knowledge. With the realization of this project we expected establishments of new small and median companies and expansion of old ones in the cross-border area and consequently establishment of new work places. Without this project of cooperation we would not be able to perform joint cross-border activities and establish contacts among companies on the Slovene and Croatian side. We wish to draw entrepreneurs nearer to the young people and present them with the meaning of cross-border cooperation. The added values of using EU funds are shown in the development of supporting services of small and median companies (joint cross-border meetings, computer application \u00b4\u00b4I am a small entrepreneur\u00b4\u00b4, on-line data base of entrepreneurs in the cross-border area, joint fair presentations, stock market for ideas, joint project web page\u2026), which have lead towards improvement of business cooperation and assure a future joint development, knowledge transfer and information exchange among small and medial companies in the cross-border area.<\/span><\/p>\n<\/div><\/section><\/p><\/div>\n<style type=\"text\/css\" data-created_by=\"avia_inline_auto\" id=\"style-css-av-av_one_half-2a64de42b738552fe666ca889af77e28\">\n.flex_column.av-av_one_half-2a64de42b738552fe666ca889af77e28{\nborder-radius:0px 0px 0px 0px;\n-webkit-border-radius:0px 0px 0px 0px;\n-moz-border-radius:0px 0px 0px 0px;\n}\n<\/style>\n<div class='flex_column av-av_one_half-2a64de42b738552fe666ca889af77e28 av_one_half  avia-builder-el-6  el_after_av_one_half  el_before_av_image  flex_column_div av-zero-column-padding column-top-margin'   ><section  class='av_textblock_section av-av_textblock-0366cc7376be6c9e82a3e9cc8987b64f'  itemscope=\"itemscope\" itemtype=\"https:\/\/schema.org\/CreativeWork\" ><div class='avia_textblock'  itemprop=\"text\" ><table border=\"1\" width=\"637\" cellspacing=\"0\" cellpadding=\"7\">\n<colgroup>\n<col width=\"191\" \/>\n<col width=\"416\" \/> <\/colgroup>\n<tbody>\n<tr>\n<td bgcolor=\"#f2f2f2\" width=\"191\" height=\"8\"><b>Project title<\/b><\/td>\n<td width=\"416\">\n<p align=\"JUSTIFY\">Development of supporting services for the establishment of new small and median companies and business ideas in the cross-border area<\/p>\n<\/td>\n<\/tr>\n<tr>\n<td bgcolor=\"#f2f2f2\" width=\"191\" height=\"9\"><b>ERDF funds<\/b><\/td>\n<td width=\"416\">87,092.88 EUR<\/td>\n<\/tr>\n<tr>\n<td bgcolor=\"#f2f2f2\" width=\"191\" height=\"9\"><b>Project duration <\/b><\/p>\n<p><b>(month\/year \u2013 month\/year)<\/b><\/td>\n<td width=\"416\">\n<p lang=\"fr-FR\">1.1.2014 &#8211; 17.3.2015<\/p>\n<\/td>\n<\/tr>\n<tr>\n<td bgcolor=\"#f2f2f2\" width=\"191\" height=\"9\"><b>Lead partner<\/b><\/td>\n<td width=\"416\">\n<p align=\"JUSTIFY\">Ljudska univerza, Zavod za izobra\u017eevanje in kulturo, Roga\u0161ka Slatina<\/p>\n<\/td>\n<\/tr>\n<tr>\n<td bgcolor=\"#f2f2f2\" width=\"191\" height=\"9\"><b>Partners<\/b><\/td>\n<td width=\"416\"><span style=\"color: #000000;\">Obmo\u010dno obrtno-podjetni\u0161ka zbornica \u0160marje pri Jel\u0161ah<\/span><\/p>\n<p><span style=\"color: #000000;\">Razvojno informacijski center Slovenska Bistrica<\/span><\/p>\n<p><span style=\"color: #000000;\">Pu\u010dko otvoreno u\u010dili\u0161te Vara\u017edin<\/span><\/p>\n<p><span style=\"color: #000000;\">VG Poduzetni\u010dki centar d.o.o. za razvoj i poticanje poduzetni\u0161tva Velika Gorica<\/span><\/p>\n<p><span style=\"color: #000000;\">Pu\u010dko otvoreno u\u010dili\u0161te Krapina<\/span><\/td>\n<\/tr>\n<tr>\n<td bgcolor=\"#f2f2f2\" width=\"191\" height=\"9\"><b>Regions involved<\/b><\/td>\n<td width=\"416\">SI: Podravska, Savinjska regija<\/p>\n<p>HR: Zagreba\u010dka \u017eupanija, Vara\u017edinska \u017eupanija, Krapinsko-zagorska \u017eupanija<\/td>\n<\/tr>\n<tr>\n<td bgcolor=\"#f2f2f2\" width=\"191\" height=\"8\"><b>Website<\/b><\/td>\n<td width=\"416\"><span lang=\"fr-FR\">SI: <\/span><span style=\"color: #0000ff;\"><u><a href=\"http:\/\/malasolapodjetnikov.eu\/\"><span lang=\"fr-FR\">http:\/\/malasolapodjetnikov.eu\/<\/span><\/a><\/u><\/span><\/p>\n<p><span lang=\"fr-FR\">HR: <\/span><span style=\"color: #0000ff;\"><u><a href=\"http:\/\/malasolapodjetnikov.eu\/hr\/\"><span lang=\"fr-FR\">http:\/\/malasolapodjetnikov.eu\/hr\/<\/span><\/a><\/u><\/span><\/td>\n<\/tr>\n<\/tbody>\n<\/table>\n<\/div><\/section><br \/>\n<section  class='av_textblock_section av-av_textblock-0366cc7376be6c9e82a3e9cc8987b64f'  itemscope=\"itemscope\" itemtype=\"https:\/\/schema.org\/CreativeWork\" ><div class='avia_textblock'  itemprop=\"text\" ><p align=\"JUSTIFY\"><i><b>Key results and performed activities <\/b><\/i><i>(quantitative results; max. 3 &#8211; 5)<\/i><\/p>\n<p align=\"JUSTIFY\">1 application;<\/p>\n<p align=\"JUSTIFY\">1 webpage with a database;<\/p>\n<p align=\"JUSTIFY\">1 shared manual.<\/p>\n<\/div><\/section><\/p><\/div>\n<style type=\"text\/css\" data-created_by=\"avia_inline_auto\" id=\"style-css-av-av_image-cf27e003e1b519a37ce683624af55a55\">\n.avia-image-container.av-av_image-cf27e003e1b519a37ce683624af55a55 .av-image-caption-overlay-center{\ncolor:#ffffff;\n}\n<\/style>\n<div  class='avia-image-container av-av_image-cf27e003e1b519a37ce683624af55a55 av-styling- avia-align-center  avia-builder-el-9  el_after_av_one_half  avia-builder-el-last '  itemprop=\"image\" itemscope=\"itemscope\" itemtype=\"https:\/\/schema.org\/ImageObject\" ><div class=\"avia-image-container-inner\"><div class=\"avia-image-overlay-wrap\"><img decoding=\"async\" class='wp-image-1622 avia-img-lazy-loading-not-1622 avia_image' src=\"http:\/\/www.si-hr.eu\/en2\/wp-content\/uploads\/sites\/12\/2016\/11\/MALA-SOLA-PODJETNIKOV-logo-300x192.jpg\" alt='' title='MALA SOLA PODJETNIKOV logo'  height=\"192\" width=\"300\"  itemprop=\"thumbnailUrl\" srcset=\"http:\/\/www.si-hr.eu\/en2\/wp-content\/uploads\/sites\/12\/2016\/11\/MALA-SOLA-PODJETNIKOV-logo-300x192.jpg 300w, http:\/\/www.si-hr.eu\/en2\/wp-content\/uploads\/sites\/12\/2016\/11\/MALA-SOLA-PODJETNIKOV-logo-600x384.jpg 600w, http:\/\/www.si-hr.eu\/en2\/wp-content\/uploads\/sites\/12\/2016\/11\/MALA-SOLA-PODJETNIKOV-logo-705x452.jpg 705w, http:\/\/www.si-hr.eu\/en2\/wp-content\/uploads\/sites\/12\/2016\/11\/MALA-SOLA-PODJETNIKOV-logo-450x288.jpg 450w, http:\/\/www.si-hr.eu\/en2\/wp-content\/uploads\/sites\/12\/2016\/11\/MALA-SOLA-PODJETNIKOV-logo.jpg 818w\" sizes=\"(max-width: 300px) 100vw, 300px\" \/><\/div><\/div><\/div><\/p>\n","protected":false},"excerpt":{"rendered":"","protected":false},"author":3,"featured_media":0,"parent":1373,"menu_order":0,"comment_status":"closed","ping_status":"closed","template":"","meta":{"ngg_post_thumbnail":0},"acf":[],"_links":{"self":[{"href":"http:\/\/www.si-hr.eu\/en2\/wp-json\/wp\/v2\/pages\/1621"}],"collection":[{"href":"http:\/\/www.si-hr.eu\/en2\/wp-json\/wp\/v2\/pages"}],"about":[{"href":"http:\/\/www.si-hr.eu\/en2\/wp-json\/wp\/v2\/types\/page"}],"author":[{"embeddable":true,"href":"http:\/\/www.si-hr.eu\/en2\/wp-json\/wp\/v2\/users\/3"}],"replies":[{"embeddable":true,"href":"http:\/\/www.si-hr.eu\/en2\/wp-json\/wp\/v2\/comments?post=1621"}],"version-history":[{"count":1,"href":"http:\/\/www.si-hr.eu\/en2\/wp-json\/wp\/v2\/pages\/1621\/revisions"}],"predecessor-version":[{"id":1624,"href":"http:\/\/www.si-hr.eu\/en2\/wp-json\/wp\/v2\/pages\/1621\/revisions\/1624"}],"up":[{"embeddable":true,"href":"http:\/\/www.si-hr.eu\/en2\/wp-json\/wp\/v2\/pages\/1373"}],"wp:attachment":[{"href":"http:\/\/www.si-hr.eu\/en2\/wp-json\/wp\/v2\/media?parent=1621"}],"curies":[{"name":"wp","href":"https:\/\/api.w.org\/{rel}","templated":true}]}}