{"id":1625,"date":"2016-11-23T16:26:21","date_gmt":"2016-11-23T15:26:21","guid":{"rendered":"http:\/\/www.si-hr.eu\/en2\/?page_id=1625"},"modified":"2016-11-23T16:33:42","modified_gmt":"2016-11-23T15:33:42","slug":"marys-pilgrimage-route","status":"publish","type":"page","link":"http:\/\/www.si-hr.eu\/en2\/map\/marys-pilgrimage-route\/","title":{"rendered":"MARY\u2019S PILGRIMAGE ROUTE"},"content":{"rendered":"\n<style type=\"text\/css\" data-created_by=\"avia_inline_auto\" id=\"style-css-av-av_one_full-352b07ef7d3bc99b2e9f92e7a9e06bdb\">\n.flex_column.av-av_one_full-352b07ef7d3bc99b2e9f92e7a9e06bdb{\nborder-radius:0px 0px 0px 0px;\n-webkit-border-radius:0px 0px 0px 0px;\n-moz-border-radius:0px 0px 0px 0px;\n}\n<\/style>\n<div class='flex_column av-av_one_full-352b07ef7d3bc99b2e9f92e7a9e06bdb av_one_full  avia-builder-el-0  el_before_av_one_half  avia-builder-el-first  first flex_column_div av-zero-column-padding '   ><style type=\"text\/css\" data-created_by=\"avia_inline_auto\" id=\"style-css-av-av_heading-fae21937274beb8f898977c0339d6876\">\n#top .av-special-heading.av-av_heading-fae21937274beb8f898977c0339d6876{\npadding-bottom:10px;\n}\nbody .av-special-heading.av-av_heading-fae21937274beb8f898977c0339d6876 .av-special-heading-tag .heading-char{\nfont-size:25px;\n}\n.av-special-heading.av-av_heading-fae21937274beb8f898977c0339d6876 .av-subheading{\nfont-size:15px;\n}\n<\/style>\n<div  class='av-special-heading av-av_heading-fae21937274beb8f898977c0339d6876 av-special-heading-h3 blockquote modern-quote modern-centered  avia-builder-el-1  avia-builder-el-no-sibling '><h3 class='av-special-heading-tag'  itemprop=\"headline\"  >ECONOMIC AND SOCIAL DEVELOPMENT<br \/>\nTOURISM AND COUNTRYSIDE DEVELOPMENT<\/h3><div class=\"special-heading-border\"><div class=\"special-heading-inner-border\"><\/div><\/div><\/div><\/div>\n<style type=\"text\/css\" data-created_by=\"avia_inline_auto\" id=\"style-css-av-av_one_half-352b07ef7d3bc99b2e9f92e7a9e06bdb\">\n.flex_column.av-av_one_half-352b07ef7d3bc99b2e9f92e7a9e06bdb{\nborder-radius:0px 0px 0px 0px;\n-webkit-border-radius:0px 0px 0px 0px;\n-moz-border-radius:0px 0px 0px 0px;\n}\n<\/style>\n<div class='flex_column av-av_one_half-352b07ef7d3bc99b2e9f92e7a9e06bdb av_one_half  avia-builder-el-2  el_after_av_one_full  el_before_av_one_half  first flex_column_div av-zero-column-padding column-top-margin'   ><p>\n<style type=\"text\/css\" data-created_by=\"avia_inline_auto\" id=\"style-css-av-av_image-0a7216654c99b7e1ec18e1cdc60f6606\">\n.avia-image-container.av-av_image-0a7216654c99b7e1ec18e1cdc60f6606 .av-image-caption-overlay-center{\ncolor:#ffffff;\n}\n<\/style>\n<div  class='avia-image-container av-av_image-0a7216654c99b7e1ec18e1cdc60f6606 av-styling- avia-align-center  avia-builder-el-3  el_before_av_textblock  avia-builder-el-first '  itemprop=\"image\" itemscope=\"itemscope\" itemtype=\"https:\/\/schema.org\/ImageObject\" ><div class=\"avia-image-container-inner\"><div class=\"avia-image-overlay-wrap\"><img decoding=\"async\" class='wp-image-1627 avia-img-lazy-loading-not-1627 avia_image' src=\"http:\/\/www.si-hr.eu\/en2\/wp-content\/uploads\/sites\/12\/2016\/11\/MARIJINA-ROMARSKA-POT.jpg\" alt='' title='MARIJINA ROMARSKA POT'  height=\"320\" width=\"720\"  itemprop=\"thumbnailUrl\" srcset=\"http:\/\/www.si-hr.eu\/en2\/wp-content\/uploads\/sites\/12\/2016\/11\/MARIJINA-ROMARSKA-POT.jpg 720w, http:\/\/www.si-hr.eu\/en2\/wp-content\/uploads\/sites\/12\/2016\/11\/MARIJINA-ROMARSKA-POT-300x133.jpg 300w, http:\/\/www.si-hr.eu\/en2\/wp-content\/uploads\/sites\/12\/2016\/11\/MARIJINA-ROMARSKA-POT-600x267.jpg 600w, http:\/\/www.si-hr.eu\/en2\/wp-content\/uploads\/sites\/12\/2016\/11\/MARIJINA-ROMARSKA-POT-705x313.jpg 705w, http:\/\/www.si-hr.eu\/en2\/wp-content\/uploads\/sites\/12\/2016\/11\/MARIJINA-ROMARSKA-POT-450x200.jpg 450w\" sizes=\"(max-width: 720px) 100vw, 720px\" \/><\/div><\/div><\/div><br \/>\n<section  class='av_textblock_section av-av_textblock-0366cc7376be6c9e82a3e9cc8987b64f'  itemscope=\"itemscope\" itemtype=\"https:\/\/schema.org\/CreativeWork\" ><div class='avia_textblock'  itemprop=\"text\" ><p align=\"CENTER\"><b>MARY\u2019S PILGRIMAGE ROUTE<\/b><\/p>\n<\/div><\/section><br \/>\n<section  class='av_textblock_section av-av_textblock-0366cc7376be6c9e82a3e9cc8987b64f'  itemscope=\"itemscope\" itemtype=\"https:\/\/schema.org\/CreativeWork\" ><div class='avia_textblock'  itemprop=\"text\" ><p align=\"JUSTIFY\"><i><b>Project summary <\/b><\/i><\/p>\n<p align=\"JUSTIFY\">Specific cross-borders objectives of the project were: the establishment of a 802 km long cross-border Mary\u2019s pilgrimage route, which will be moderated by Mary\u2019s pilgrimage centre and other Mary\u2019s shrines in the project area , a marked cross-border Mary\u2019s pilgrimage route for pilgrims and hikers, cultural facilities labeled by panels at the border Mary\u2019s pilgrimage route, setting up of information panels on the main points of cross-border Mary\u2019s pilgrimage route, maintained resting spots at Mary\u2019s pilgrimage route (tables, benches, garbage bins); established web site, a comprehensive graphical image of the project, a shared brand; numerous promotional tools in Slovene, Croatian, English and Italian language pilgrimage guide, a brochure, a pilgrimage booklet, postcards, a pilgrim\u2019s map, an interactive CD-rom); two exhibitions on Mary\u2019s pilgrimage path, two expert consultations about the artistic-historical heritage of the path; projection equipment bought (LCD projector, DVD-player, chairs). There were professional trips for journalists and representatives of tourist agencies, training for the local tourist guides, educational workshops for promoters and managers of natural and cultural Heritage, animation workshops for providers of tourist services and new tourist pilgrimage products. Mary\u2019s pilgrimage path was promoted through the participation on tourist fairs in Slovenia, Croatia and in Germany. Mary\u2019s path and the renovated Lur\u0161ka cave were both ceremonially opened on 8.9.2011.<\/p>\n<\/div><\/section><\/p><\/div>\n<style type=\"text\/css\" data-created_by=\"avia_inline_auto\" id=\"style-css-av-av_one_half-2a64de42b738552fe666ca889af77e28\">\n.flex_column.av-av_one_half-2a64de42b738552fe666ca889af77e28{\nborder-radius:0px 0px 0px 0px;\n-webkit-border-radius:0px 0px 0px 0px;\n-moz-border-radius:0px 0px 0px 0px;\n}\n<\/style>\n<div class='flex_column av-av_one_half-2a64de42b738552fe666ca889af77e28 av_one_half  avia-builder-el-6  el_after_av_one_half  el_before_av_image  flex_column_div av-zero-column-padding column-top-margin'   ><section  class='av_textblock_section av-av_textblock-0366cc7376be6c9e82a3e9cc8987b64f'  itemscope=\"itemscope\" itemtype=\"https:\/\/schema.org\/CreativeWork\" ><div class='avia_textblock'  itemprop=\"text\" ><table border=\"1\" width=\"637\" cellspacing=\"0\" cellpadding=\"7\">\n<colgroup>\n<col width=\"191\" \/>\n<col width=\"416\" \/> <\/colgroup>\n<tbody>\n<tr>\n<td bgcolor=\"#f2f2f2\" width=\"191\" height=\"8\"><b>Project title<\/b><\/td>\n<td width=\"416\">Tourist infrastructure and promotion of selected religious centers<\/td>\n<\/tr>\n<tr>\n<td bgcolor=\"#f2f2f2\" width=\"191\" height=\"9\"><b>ERDF funds<\/b><\/td>\n<td width=\"416\">591,126.35 EUR<\/td>\n<\/tr>\n<tr>\n<td bgcolor=\"#f2f2f2\" width=\"191\" height=\"9\"><b>Project duration <\/b><\/p>\n<p><b>(month\/year \u2013 month\/year)<\/b><\/td>\n<td width=\"416\">\n<p lang=\"fr-FR\">1.10.2009 &#8211; 30.9.2011<\/p>\n<\/td>\n<\/tr>\n<tr>\n<td bgcolor=\"#f2f2f2\" width=\"191\" height=\"9\"><b>Lead partner<\/b><\/td>\n<td width=\"416\">\n<p align=\"JUSTIFY\">Javni zavod kozjanski park<\/p>\n<\/td>\n<\/tr>\n<tr>\n<td bgcolor=\"#f2f2f2\" width=\"191\" height=\"9\"><b>Partners<\/b><\/td>\n<td width=\"416\"><span style=\"color: #000000;\">Zavod RISO<\/span><\/p>\n<p><span style=\"color: #000000;\"> Zavod za razvoj in izbolj\u0161anje infrastrukture ter socialnega okolja<\/span><\/p>\n<p><span style=\"color: #000000;\">Razvojna agencija Kozjansko<\/span><\/p>\n<p><span style=\"color: #000000;\">Turisti\u010dna skupnost ob\u010dine Marija Bistrica <\/span><\/p>\n<p><span style=\"color: #000000;\">Turisti\u010dna skupnost Severno Zagorje<\/span><\/p>\n<p><span style=\"color: #000000;\">Turisti\u010dna skupnost Krapinsko-zagorske \u017eupanije<\/span><\/p>\n<p><span style=\"color: #000000;\">Turisti\u010dna skupnost Krapine<\/span><\/p>\n<p><span style=\"color: #000000;\">Javna ustanvoa &#8220;Park prirode Medvednica&#8221;<\/span><\/p>\n<p><span style=\"color: #000000;\">Mesto Sv. Ivan Zelina<\/span><\/td>\n<\/tr>\n<tr>\n<td bgcolor=\"#f2f2f2\" width=\"191\" height=\"9\"><b>Regions involved<\/b><\/td>\n<td width=\"416\">\n<p align=\"JUSTIFY\">SI: Pomurska regija, Podravska regija, Savinjska regija<\/p>\n<p>HR\u00a0: Grad Zagreb, Zagreba\u010dka \u017eupanija, Krapinsko-zagorska \u017eupanija, Vara\u017edinska \u017eupanija<\/td>\n<\/tr>\n<tr>\n<td bgcolor=\"#f2f2f2\" width=\"191\" height=\"8\"><b>Website<\/b><\/td>\n<td width=\"416\"><span style=\"color: #000000;\"><span lang=\"fr-FR\">SI: <\/span><\/span><span style=\"color: #0000ff;\"><u><a href=\"http:\/\/marijina-romarska-pot.si\/\"><span lang=\"fr-FR\">http:\/\/marijina-romarska-pot.si\/<\/span><\/a><\/u><\/span><\/p>\n<p><span style=\"color: #000000;\">HR: <\/span><span style=\"color: #0000ff;\"><u><a href=\"http:\/\/marijina-romarska-pot.si\/cro\/\">http:\/\/marijina-romarska-pot.si\/cro\/<\/a><\/u><\/span><\/p>\n<p><span style=\"color: #000000;\"><span lang=\"fr-FR\">EN: <\/span><\/span><span style=\"color: #0000ff;\"><u><a href=\"http:\/\/marijina-romarska-pot.si\/eng\/\"><span lang=\"fr-FR\">http:\/\/marijina-romarska-pot.si\/eng\/<\/span><\/a><\/u><\/span><\/td>\n<\/tr>\n<\/tbody>\n<\/table>\n<\/div><\/section><br \/>\n<section  class='av_textblock_section av-av_textblock-0366cc7376be6c9e82a3e9cc8987b64f'  itemscope=\"itemscope\" itemtype=\"https:\/\/schema.org\/CreativeWork\" ><div class='avia_textblock'  itemprop=\"text\" ><p align=\"JUSTIFY\"><i><b>Key results and performed activities <\/b><\/i><i>(quantitative results; max. 3 &#8211; 5)<\/i><\/p>\n<p align=\"JUSTIFY\">700 km of traced cross-border hiking trail;<\/p>\n<p align=\"JUSTIFY\">10 tourist programs formed;<\/p>\n<p align=\"JUSTIFY\">2 international symposiums about the Mary\u2019s pilgrimage path as an unexploited tourist opportunity;<\/p>\n<p align=\"JUSTIFY\">Pilgrimage guides and booklets.<\/p>\n<\/div><\/section><\/p><\/div>\n<style type=\"text\/css\" data-created_by=\"avia_inline_auto\" id=\"style-css-av-av_image-e742f116f1b1e7a21c28cb1a01bcbba8\">\n.avia-image-container.av-av_image-e742f116f1b1e7a21c28cb1a01bcbba8 .av-image-caption-overlay-center{\ncolor:#ffffff;\n}\n<\/style>\n<div  class='avia-image-container av-av_image-e742f116f1b1e7a21c28cb1a01bcbba8 av-styling- avia-align-center  avia-builder-el-9  el_after_av_one_half  avia-builder-el-last '  itemprop=\"image\" itemscope=\"itemscope\" itemtype=\"https:\/\/schema.org\/ImageObject\" ><div class=\"avia-image-container-inner\"><div class=\"avia-image-overlay-wrap\"><img decoding=\"async\" class='wp-image-1626 avia-img-lazy-loading-not-1626 avia_image' src=\"http:\/\/www.si-hr.eu\/en2\/wp-content\/uploads\/sites\/12\/2016\/11\/MARIJINA-ROMARSKA-POT-logo-300x123.jpg\" alt='' title='MARIJINA ROMARSKA POT logo'  height=\"123\" width=\"300\"  itemprop=\"thumbnailUrl\" srcset=\"http:\/\/www.si-hr.eu\/en2\/wp-content\/uploads\/sites\/12\/2016\/11\/MARIJINA-ROMARSKA-POT-logo-300x123.jpg 300w, http:\/\/www.si-hr.eu\/en2\/wp-content\/uploads\/sites\/12\/2016\/11\/MARIJINA-ROMARSKA-POT-logo-1030x423.jpg 1030w, http:\/\/www.si-hr.eu\/en2\/wp-content\/uploads\/sites\/12\/2016\/11\/MARIJINA-ROMARSKA-POT-logo-600x246.jpg 600w, http:\/\/www.si-hr.eu\/en2\/wp-content\/uploads\/sites\/12\/2016\/11\/MARIJINA-ROMARSKA-POT-logo-705x289.jpg 705w, http:\/\/www.si-hr.eu\/en2\/wp-content\/uploads\/sites\/12\/2016\/11\/MARIJINA-ROMARSKA-POT-logo-450x185.jpg 450w, http:\/\/www.si-hr.eu\/en2\/wp-content\/uploads\/sites\/12\/2016\/11\/MARIJINA-ROMARSKA-POT-logo.jpg 1343w\" sizes=\"(max-width: 300px) 100vw, 300px\" \/><\/div><\/div><\/div><\/p>\n","protected":false},"excerpt":{"rendered":"","protected":false},"author":3,"featured_media":0,"parent":1373,"menu_order":0,"comment_status":"closed","ping_status":"closed","template":"","meta":{"ngg_post_thumbnail":0},"acf":[],"_links":{"self":[{"href":"http:\/\/www.si-hr.eu\/en2\/wp-json\/wp\/v2\/pages\/1625"}],"collection":[{"href":"http:\/\/www.si-hr.eu\/en2\/wp-json\/wp\/v2\/pages"}],"about":[{"href":"http:\/\/www.si-hr.eu\/en2\/wp-json\/wp\/v2\/types\/page"}],"author":[{"embeddable":true,"href":"http:\/\/www.si-hr.eu\/en2\/wp-json\/wp\/v2\/users\/3"}],"replies":[{"embeddable":true,"href":"http:\/\/www.si-hr.eu\/en2\/wp-json\/wp\/v2\/comments?post=1625"}],"version-history":[{"count":1,"href":"http:\/\/www.si-hr.eu\/en2\/wp-json\/wp\/v2\/pages\/1625\/revisions"}],"predecessor-version":[{"id":1628,"href":"http:\/\/www.si-hr.eu\/en2\/wp-json\/wp\/v2\/pages\/1625\/revisions\/1628"}],"up":[{"embeddable":true,"href":"http:\/\/www.si-hr.eu\/en2\/wp-json\/wp\/v2\/pages\/1373"}],"wp:attachment":[{"href":"http:\/\/www.si-hr.eu\/en2\/wp-json\/wp\/v2\/media?parent=1625"}],"curies":[{"name":"wp","href":"https:\/\/api.w.org\/{rel}","templated":true}]}}