{"id":1636,"date":"2016-11-23T17:15:52","date_gmt":"2016-11-23T16:15:52","guid":{"rendered":"http:\/\/www.si-hr.eu\/en2\/?page_id=1636"},"modified":"2016-11-23T17:20:52","modified_gmt":"2016-11-23T16:20:52","slug":"poreteks","status":"publish","type":"page","link":"http:\/\/www.si-hr.eu\/en2\/map\/poreteks\/","title":{"rendered":"PORETEKS"},"content":{"rendered":"\n<style type=\"text\/css\" data-created_by=\"avia_inline_auto\" id=\"style-css-av-av_one_full-352b07ef7d3bc99b2e9f92e7a9e06bdb\">\n.flex_column.av-av_one_full-352b07ef7d3bc99b2e9f92e7a9e06bdb{\nborder-radius:0px 0px 0px 0px;\n-webkit-border-radius:0px 0px 0px 0px;\n-moz-border-radius:0px 0px 0px 0px;\n}\n<\/style>\n<div class='flex_column av-av_one_full-352b07ef7d3bc99b2e9f92e7a9e06bdb av_one_full  avia-builder-el-0  el_before_av_one_half  avia-builder-el-first  first flex_column_div av-zero-column-padding '   ><style type=\"text\/css\" data-created_by=\"avia_inline_auto\" id=\"style-css-av-av_heading-5b4fc34c4126b1a6ddb1a96cb1c87fb3\">\n#top .av-special-heading.av-av_heading-5b4fc34c4126b1a6ddb1a96cb1c87fb3{\npadding-bottom:10px;\n}\nbody .av-special-heading.av-av_heading-5b4fc34c4126b1a6ddb1a96cb1c87fb3 .av-special-heading-tag .heading-char{\nfont-size:25px;\n}\n.av-special-heading.av-av_heading-5b4fc34c4126b1a6ddb1a96cb1c87fb3 .av-subheading{\nfont-size:15px;\n}\n<\/style>\n<div  class='av-special-heading av-av_heading-5b4fc34c4126b1a6ddb1a96cb1c87fb3 av-special-heading-h3 blockquote modern-quote modern-centered  avia-builder-el-1  avia-builder-el-no-sibling '><h3 class='av-special-heading-tag'  itemprop=\"headline\"  >SUSTAINABLE NATURAL RESOURCES MANAGEMENT<br \/>\nENVIRONMENTAL PROTECTION<\/h3><div class=\"special-heading-border\"><div class=\"special-heading-inner-border\"><\/div><\/div><\/div><\/div>\n<style type=\"text\/css\" data-created_by=\"avia_inline_auto\" id=\"style-css-av-av_one_half-352b07ef7d3bc99b2e9f92e7a9e06bdb\">\n.flex_column.av-av_one_half-352b07ef7d3bc99b2e9f92e7a9e06bdb{\nborder-radius:0px 0px 0px 0px;\n-webkit-border-radius:0px 0px 0px 0px;\n-moz-border-radius:0px 0px 0px 0px;\n}\n<\/style>\n<div class='flex_column av-av_one_half-352b07ef7d3bc99b2e9f92e7a9e06bdb av_one_half  avia-builder-el-2  el_after_av_one_full  el_before_av_one_half  first flex_column_div av-zero-column-padding column-top-margin'   ><p>\n<style type=\"text\/css\" data-created_by=\"avia_inline_auto\" id=\"style-css-av-av_image-012e5dd1b52a7f78a6c15052e2b72975\">\n.avia-image-container.av-av_image-012e5dd1b52a7f78a6c15052e2b72975 .av-image-caption-overlay-center{\ncolor:#ffffff;\n}\n<\/style>\n<div  class='avia-image-container av-av_image-012e5dd1b52a7f78a6c15052e2b72975 av-styling- avia-align-center  avia-builder-el-3  el_before_av_textblock  avia-builder-el-first '  itemprop=\"image\" itemscope=\"itemscope\" itemtype=\"https:\/\/schema.org\/ImageObject\" ><div class=\"avia-image-container-inner\"><div class=\"avia-image-overlay-wrap\"><img decoding=\"async\" class='wp-image-1638 avia-img-lazy-loading-not-1638 avia_image' src=\"http:\/\/www.si-hr.eu\/en2\/wp-content\/uploads\/sites\/12\/2016\/11\/PORETEKS.jpg\" alt='' title='PORETEKS'  height=\"683\" width=\"1024\"  itemprop=\"thumbnailUrl\" srcset=\"http:\/\/www.si-hr.eu\/en2\/wp-content\/uploads\/sites\/12\/2016\/11\/PORETEKS.jpg 1024w, http:\/\/www.si-hr.eu\/en2\/wp-content\/uploads\/sites\/12\/2016\/11\/PORETEKS-300x200.jpg 300w, http:\/\/www.si-hr.eu\/en2\/wp-content\/uploads\/sites\/12\/2016\/11\/PORETEKS-600x400.jpg 600w, http:\/\/www.si-hr.eu\/en2\/wp-content\/uploads\/sites\/12\/2016\/11\/PORETEKS-705x470.jpg 705w, http:\/\/www.si-hr.eu\/en2\/wp-content\/uploads\/sites\/12\/2016\/11\/PORETEKS-450x300.jpg 450w\" sizes=\"(max-width: 1024px) 100vw, 1024px\" \/><\/div><\/div><\/div><br \/>\n<section  class='av_textblock_section av-av_textblock-0366cc7376be6c9e82a3e9cc8987b64f'  itemscope=\"itemscope\" itemtype=\"https:\/\/schema.org\/CreativeWork\" ><div class='avia_textblock'  itemprop=\"text\" ><p align=\"CENTER\"><b>PORETEKS<\/b><\/p>\n<\/div><\/section><br \/>\n<section  class='av_textblock_section av-av_textblock-0366cc7376be6c9e82a3e9cc8987b64f'  itemscope=\"itemscope\" itemtype=\"https:\/\/schema.org\/CreativeWork\" ><div class='avia_textblock'  itemprop=\"text\" ><p align=\"JUSTIFY\"><i><b>Project summary <\/b><\/i><\/p>\n<p align=\"JUSTIFY\">The specific cross-borders objectives of the operation were: to improve and raise environmental awareness among polluters and inhabitants on the cross-border area; to inform target groups about the innovative products of PORETEKS project, which will reduce environmental risks: the creation of web and mobile applications for proper waste management, management of textile waste for re-use (fashion products) and recycling (insulating material) on the cross-border area; cross-border exchange of know-how in the field of reuse and recycling of waste textile products in connection with the implementation of Framework Directive on waste and cost effectiveness in the implementation of this directive, which Croatia will soon have to implement; transfer of cross-border results, experiences and practices developed in the project to other areas and areas of interest. This project has improved the financial, social and environmental status of the target groups, not only by reducing costs related to the generation and management of waste and cleaner and healthier living environment, but also offers new opportunities for the development of innovation, entrepreneurship, tourism and workplaces in rural areas. Products of textile waste may represent a new image of Slovenia and Croatia in the future, where the focus will be to use resources that would otherwise burden the environment, to develop local jobs, social entrepreneurship and to develop an environmentally responsible society, which will give advantage of reuse and recycling with its participation in the process of waste management. Currently, because of the recession, Slovenia and Croatia are faced with increasing unemployment, so people can find work in the segment re-use and recycling of textile products.<\/p>\n<\/div><\/section><\/p><\/div>\n<style type=\"text\/css\" data-created_by=\"avia_inline_auto\" id=\"style-css-av-av_one_half-2a64de42b738552fe666ca889af77e28\">\n.flex_column.av-av_one_half-2a64de42b738552fe666ca889af77e28{\nborder-radius:0px 0px 0px 0px;\n-webkit-border-radius:0px 0px 0px 0px;\n-moz-border-radius:0px 0px 0px 0px;\n}\n<\/style>\n<div class='flex_column av-av_one_half-2a64de42b738552fe666ca889af77e28 av_one_half  avia-builder-el-6  el_after_av_one_half  el_before_av_image  flex_column_div av-zero-column-padding column-top-margin'   ><section  class='av_textblock_section av-av_textblock-0366cc7376be6c9e82a3e9cc8987b64f'  itemscope=\"itemscope\" itemtype=\"https:\/\/schema.org\/CreativeWork\" ><div class='avia_textblock'  itemprop=\"text\" ><table border=\"1\" width=\"637\" cellspacing=\"0\" cellpadding=\"7\">\n<colgroup>\n<col width=\"191\" \/>\n<col width=\"416\" \/> <\/colgroup>\n<tbody>\n<tr>\n<td bgcolor=\"#f2f2f2\" width=\"191\" height=\"8\"><b>Project title<\/b><\/td>\n<td width=\"416\">Reuse and recycling of textile waste to the environmental protection in the cross-border area<\/td>\n<\/tr>\n<tr>\n<td bgcolor=\"#f2f2f2\" width=\"191\" height=\"9\"><b>ERDF funds<\/b><\/td>\n<td width=\"416\"><span lang=\"sl-SI\">336,279.63 EUR<\/span><\/td>\n<\/tr>\n<tr>\n<td bgcolor=\"#f2f2f2\" width=\"191\" height=\"9\"><b>Project duration <\/b><\/p>\n<p><b>(month\/year \u2013 month\/year)<\/b><\/td>\n<td width=\"416\">\n<p lang=\"sl-SI\">1.1.2014 &#8211; 17.6.2015<\/p>\n<\/td>\n<\/tr>\n<tr>\n<td bgcolor=\"#f2f2f2\" width=\"191\" height=\"9\"><b>Lead partner<\/b><\/td>\n<td width=\"416\">\n<p align=\"JUSTIFY\"><span lang=\"sl-SI\">Znanstveno-raziskovalno sredi\u0161\u010de Bistra Ptuj (ZRS Bistra Ptuj)<\/span><\/p>\n<\/td>\n<\/tr>\n<tr>\n<td bgcolor=\"#f2f2f2\" width=\"191\" height=\"9\"><b>Partners<\/b><\/td>\n<td width=\"416\">\n<p lang=\"sl-SI\"><span style=\"color: #000000;\">Okoljsko raziskovalni zavod (ORZ)<br \/>\nJavna razvojna agencija ob\u010dine Ormo\u017e (JARA)<br \/>\nJavne slu\u017ebe Ptuj (JS Ptuj)<br \/>\nRazvojna agencija Grada \u010cakovca (\u010cAKRA)<br \/>\nGradsko komunalno poduze\u0107e \u010cAKOM (\u010cakom)<br \/>\nVara\u017edinska udruga za promicanje kulture i mode (Evolution)<\/span><\/p>\n<\/td>\n<\/tr>\n<tr>\n<td bgcolor=\"#f2f2f2\" width=\"191\" height=\"9\"><b>Regions involved<\/b><\/td>\n<td width=\"416\">\n<p lang=\"sl-SI\">SI: Podravska regija, Savinjska regija<\/p>\n<p lang=\"sl-SI\" align=\"JUSTIFY\">HR: Me\u0111imurska \u017eupanija, Vara\u017edinska \u017eupanija<\/p>\n<\/td>\n<\/tr>\n<tr>\n<td bgcolor=\"#f2f2f2\" width=\"191\" height=\"8\"><b>Website<\/b><\/td>\n<td width=\"416\"><span lang=\"sl-SI\">\/<\/span><\/td>\n<\/tr>\n<\/tbody>\n<\/table>\n<\/div><\/section><br \/>\n<section  class='av_textblock_section av-av_textblock-0366cc7376be6c9e82a3e9cc8987b64f'  itemscope=\"itemscope\" itemtype=\"https:\/\/schema.org\/CreativeWork\" ><div class='avia_textblock'  itemprop=\"text\" ><p align=\"JUSTIFY\"><i><b>Key results and performed activities <\/b><\/i><i>(quantitative results; max. 3 &#8211; 5)<\/i><\/p>\n<p align=\"JUSTIFY\">2 web pages\/mobile apps for management\/reduction of the waste;<\/p>\n<p align=\"JUSTIFY\">20 systematical implementations of waste and old textile collection for recycling on the cross-borders area;<\/p>\n<p align=\"JUSTIFY\">3 workshops\/144 hours of innovative fashion recycling of old textile, creation of reusable clothing and recycling of the leftovers.<\/p>\n<\/div><\/section><\/p><\/div>\n<style type=\"text\/css\" data-created_by=\"avia_inline_auto\" id=\"style-css-av-av_image-a61c5daa7d9749ecf2ea1a0536cf44f2\">\n.avia-image-container.av-av_image-a61c5daa7d9749ecf2ea1a0536cf44f2 .av-image-caption-overlay-center{\ncolor:#ffffff;\n}\n<\/style>\n<div  class='avia-image-container av-av_image-a61c5daa7d9749ecf2ea1a0536cf44f2 av-styling- avia-align-center  avia-builder-el-9  el_after_av_one_half  avia-builder-el-last '  itemprop=\"image\" itemscope=\"itemscope\" itemtype=\"https:\/\/schema.org\/ImageObject\" ><div class=\"avia-image-container-inner\"><div class=\"avia-image-overlay-wrap\"><img decoding=\"async\" class='wp-image-1637 avia-img-lazy-loading-not-1637 avia_image' src=\"http:\/\/www.si-hr.eu\/en2\/wp-content\/uploads\/sites\/12\/2016\/11\/PORETEKS-logo-300x100.jpg\" alt='' title='PORETEKS logo'  height=\"100\" width=\"300\"  itemprop=\"thumbnailUrl\" srcset=\"http:\/\/www.si-hr.eu\/en2\/wp-content\/uploads\/sites\/12\/2016\/11\/PORETEKS-logo-300x100.jpg 300w, http:\/\/www.si-hr.eu\/en2\/wp-content\/uploads\/sites\/12\/2016\/11\/PORETEKS-logo-1030x343.jpg 1030w, http:\/\/www.si-hr.eu\/en2\/wp-content\/uploads\/sites\/12\/2016\/11\/PORETEKS-logo-600x200.jpg 600w, http:\/\/www.si-hr.eu\/en2\/wp-content\/uploads\/sites\/12\/2016\/11\/PORETEKS-logo-1500x500.jpg 1500w, http:\/\/www.si-hr.eu\/en2\/wp-content\/uploads\/sites\/12\/2016\/11\/PORETEKS-logo-705x235.jpg 705w, http:\/\/www.si-hr.eu\/en2\/wp-content\/uploads\/sites\/12\/2016\/11\/PORETEKS-logo-450x150.jpg 450w\" sizes=\"(max-width: 300px) 100vw, 300px\" \/><\/div><\/div><\/div><\/p>\n","protected":false},"excerpt":{"rendered":"","protected":false},"author":3,"featured_media":0,"parent":1373,"menu_order":0,"comment_status":"closed","ping_status":"closed","template":"","meta":{"ngg_post_thumbnail":0},"acf":[],"_links":{"self":[{"href":"http:\/\/www.si-hr.eu\/en2\/wp-json\/wp\/v2\/pages\/1636"}],"collection":[{"href":"http:\/\/www.si-hr.eu\/en2\/wp-json\/wp\/v2\/pages"}],"about":[{"href":"http:\/\/www.si-hr.eu\/en2\/wp-json\/wp\/v2\/types\/page"}],"author":[{"embeddable":true,"href":"http:\/\/www.si-hr.eu\/en2\/wp-json\/wp\/v2\/users\/3"}],"replies":[{"embeddable":true,"href":"http:\/\/www.si-hr.eu\/en2\/wp-json\/wp\/v2\/comments?post=1636"}],"version-history":[{"count":1,"href":"http:\/\/www.si-hr.eu\/en2\/wp-json\/wp\/v2\/pages\/1636\/revisions"}],"predecessor-version":[{"id":1639,"href":"http:\/\/www.si-hr.eu\/en2\/wp-json\/wp\/v2\/pages\/1636\/revisions\/1639"}],"up":[{"embeddable":true,"href":"http:\/\/www.si-hr.eu\/en2\/wp-json\/wp\/v2\/pages\/1373"}],"wp:attachment":[{"href":"http:\/\/www.si-hr.eu\/en2\/wp-json\/wp\/v2\/media?parent=1636"}],"curies":[{"name":"wp","href":"https:\/\/api.w.org\/{rel}","templated":true}]}}