{"id":1650,"date":"2016-11-24T10:23:47","date_gmt":"2016-11-24T09:23:47","guid":{"rendered":"http:\/\/www.si-hr.eu\/en2\/?page_id=1650"},"modified":"2016-11-24T10:23:47","modified_gmt":"2016-11-24T09:23:47","slug":"revitas","status":"publish","type":"page","link":"http:\/\/www.si-hr.eu\/en2\/map\/revitas\/","title":{"rendered":"REVITAS"},"content":{"rendered":"\n<style type=\"text\/css\" data-created_by=\"avia_inline_auto\" id=\"style-css-av-av_one_full-352b07ef7d3bc99b2e9f92e7a9e06bdb\">\n.flex_column.av-av_one_full-352b07ef7d3bc99b2e9f92e7a9e06bdb{\nborder-radius:0px 0px 0px 0px;\n-webkit-border-radius:0px 0px 0px 0px;\n-moz-border-radius:0px 0px 0px 0px;\n}\n<\/style>\n<div class='flex_column av-av_one_full-352b07ef7d3bc99b2e9f92e7a9e06bdb av_one_full  avia-builder-el-0  el_before_av_one_half  avia-builder-el-first  first flex_column_div av-zero-column-padding '   ><style type=\"text\/css\" data-created_by=\"avia_inline_auto\" id=\"style-css-av-av_heading-fae21937274beb8f898977c0339d6876\">\n#top .av-special-heading.av-av_heading-fae21937274beb8f898977c0339d6876{\npadding-bottom:10px;\n}\nbody .av-special-heading.av-av_heading-fae21937274beb8f898977c0339d6876 .av-special-heading-tag .heading-char{\nfont-size:25px;\n}\n.av-special-heading.av-av_heading-fae21937274beb8f898977c0339d6876 .av-subheading{\nfont-size:15px;\n}\n<\/style>\n<div  class='av-special-heading av-av_heading-fae21937274beb8f898977c0339d6876 av-special-heading-h3 blockquote modern-quote modern-centered  avia-builder-el-1  avia-builder-el-no-sibling '><h3 class='av-special-heading-tag'  itemprop=\"headline\"  >ECONOMIC AND SOCIAL DEVELOPMENT<br \/>\nTOURISM AND COUNTRYSIDE DEVELOPMENT<\/h3><div class=\"special-heading-border\"><div class=\"special-heading-inner-border\"><\/div><\/div><\/div><\/div>\n<style type=\"text\/css\" data-created_by=\"avia_inline_auto\" id=\"style-css-av-av_one_half-352b07ef7d3bc99b2e9f92e7a9e06bdb\">\n.flex_column.av-av_one_half-352b07ef7d3bc99b2e9f92e7a9e06bdb{\nborder-radius:0px 0px 0px 0px;\n-webkit-border-radius:0px 0px 0px 0px;\n-moz-border-radius:0px 0px 0px 0px;\n}\n<\/style>\n<div class='flex_column av-av_one_half-352b07ef7d3bc99b2e9f92e7a9e06bdb av_one_half  avia-builder-el-2  el_after_av_one_full  el_before_av_one_half  first flex_column_div av-zero-column-padding column-top-margin'   ><p>\n<style type=\"text\/css\" data-created_by=\"avia_inline_auto\" id=\"style-css-av-av_image-9685f5145907eef50388552de6a16fe7\">\n.avia-image-container.av-av_image-9685f5145907eef50388552de6a16fe7 .av-image-caption-overlay-center{\ncolor:#ffffff;\n}\n<\/style>\n<div  class='avia-image-container av-av_image-9685f5145907eef50388552de6a16fe7 av-styling- avia-align-center  avia-builder-el-3  el_before_av_textblock  avia-builder-el-first '  itemprop=\"image\" itemscope=\"itemscope\" itemtype=\"https:\/\/schema.org\/ImageObject\" ><div class=\"avia-image-container-inner\"><div class=\"avia-image-overlay-wrap\"><img decoding=\"async\" class='wp-image-1652 avia-img-lazy-loading-not-1652 avia_image' src=\"http:\/\/www.si-hr.eu\/en2\/wp-content\/uploads\/sites\/12\/2016\/11\/REVITAS.jpg\" alt='' title='REVITAS'  height=\"387\" width=\"516\"  itemprop=\"thumbnailUrl\" srcset=\"http:\/\/www.si-hr.eu\/en2\/wp-content\/uploads\/sites\/12\/2016\/11\/REVITAS.jpg 516w, http:\/\/www.si-hr.eu\/en2\/wp-content\/uploads\/sites\/12\/2016\/11\/REVITAS-300x225.jpg 300w, http:\/\/www.si-hr.eu\/en2\/wp-content\/uploads\/sites\/12\/2016\/11\/REVITAS-450x338.jpg 450w\" sizes=\"(max-width: 516px) 100vw, 516px\" \/><\/div><\/div><\/div><br \/>\n<section  class='av_textblock_section av-av_textblock-0366cc7376be6c9e82a3e9cc8987b64f'  itemscope=\"itemscope\" itemtype=\"https:\/\/schema.org\/CreativeWork\" ><div class='avia_textblock'  itemprop=\"text\" ><p align=\"CENTER\"><b>REVITAS<\/b><\/p>\n<\/div><\/section><br \/>\n<section  class='av_textblock_section av-av_textblock-0366cc7376be6c9e82a3e9cc8987b64f'  itemscope=\"itemscope\" itemtype=\"https:\/\/schema.org\/CreativeWork\" ><div class='avia_textblock'  itemprop=\"text\" ><p align=\"JUSTIFY\"><i><b>Project summary <\/b><\/i><\/p>\n<p align=\"JUSTIFY\">Specific cross-borders objects of the project were: stopping deterioration of Istrian hinterland with protection of cultural heritage and promotion of development and tourism integrated products; creating a cross-border tourist destination and promotion of sustainable tourism in Istrian rural area, based on cultural and natural rich resources of the area. The achieved results for target groups are: the development of Istrian hinterland revitalization model, with intention to secure sustainable development of the hinterland; the development of integrated tourist product and services with purpose of shaping unique cross border tourist destination of Istria; the improvement and renewal of tourism infrastructure, and renewal of cultural heritage with purpose of increasing tourism offer in area of Istrian hinterland; stimulation of cross-border cultural exchange and events, with purpose of increasing level of awareness of local inhabitants and other interest groups, on cultural and developmental potentials of Istrian hinterland. The project has created a network of info centers, joint cross-border educational and cultural exchange that has additionally contributed to the development of human resources in cross-border area and exchange of experiences concerning development potentials in Slovene and Croatian Istria. All project activities have contributed to the creation of recognizable common destination Istria, cross-border tourist itineraries and routes, and recognizable Istrian identity (with no concern on state borders), based on common history, respecting local specificities, raising awareness of local population on values and uniqueness of the inner Istria territory. Project has enabled the flux of tourists from urban coastal areas to inner rural areas (info centers) by environmentally acceptable means of transport (bicycle and walking paths), sustainable developing cross-border destination, and at the same time, by means of modern communications technology (info points kiosks) easy access to data on locality with insight into offer of the whole destination Istria. In such manner, trough increased integrated cross-border offer, project has influenced extension of tourism season and economy of the whole cross-border area, where the main source of income is tourism.<\/p>\n<\/div><\/section><\/p><\/div>\n<style type=\"text\/css\" data-created_by=\"avia_inline_auto\" id=\"style-css-av-av_one_half-2a64de42b738552fe666ca889af77e28\">\n.flex_column.av-av_one_half-2a64de42b738552fe666ca889af77e28{\nborder-radius:0px 0px 0px 0px;\n-webkit-border-radius:0px 0px 0px 0px;\n-moz-border-radius:0px 0px 0px 0px;\n}\n<\/style>\n<div class='flex_column av-av_one_half-2a64de42b738552fe666ca889af77e28 av_one_half  avia-builder-el-6  el_after_av_one_half  el_before_av_image  flex_column_div av-zero-column-padding column-top-margin'   ><section  class='av_textblock_section av-av_textblock-0366cc7376be6c9e82a3e9cc8987b64f'  itemscope=\"itemscope\" itemtype=\"https:\/\/schema.org\/CreativeWork\" ><div class='avia_textblock'  itemprop=\"text\" ><table border=\"1\" width=\"637\" cellspacing=\"0\" cellpadding=\"7\">\n<colgroup>\n<col width=\"191\" \/>\n<col width=\"416\" \/> <\/colgroup>\n<tbody>\n<tr>\n<td bgcolor=\"#f2f2f2\" width=\"191\" height=\"8\"><b>Project title<\/b><\/td>\n<td width=\"416\">\n<p align=\"JUSTIFY\">Revitalisation od Istrian hinterland and of tourism in Istrian hinterland<\/p>\n<\/td>\n<\/tr>\n<tr>\n<td bgcolor=\"#f2f2f2\" width=\"191\" height=\"9\"><b>ERDF funds<\/b><\/td>\n<td width=\"416\"><span lang=\"hr-HR\">1,564,308.49 EUR<\/span><\/td>\n<\/tr>\n<tr>\n<td bgcolor=\"#f2f2f2\" width=\"191\" height=\"9\"><b>Project duration <\/b><\/p>\n<p><b>(month\/year \u2013 month\/year)<\/b><\/td>\n<td width=\"416\"><span lang=\"sl-SI\">1.09.2009 \u2013 29.02.2012 <\/span><\/td>\n<\/tr>\n<tr>\n<td bgcolor=\"#f2f2f2\" width=\"191\" height=\"9\"><b>Lead partner<\/b><\/td>\n<td width=\"416\">\n<p align=\"JUSTIFY\"><span lang=\"sl-SI\">Mestna ob\u010dina Koper <\/span><\/p>\n<\/td>\n<\/tr>\n<tr>\n<td bgcolor=\"#f2f2f2\" width=\"191\" height=\"9\"><b>Partners<\/b><\/td>\n<td width=\"416\">\n<p lang=\"sl-SI\">Ob\u010dina Izola<\/p>\n<p lang=\"sl-SI\">Ob\u010dina Piran<\/p>\n<p><span lang=\"sl-SI\">Zavod za za\u0161\u010dito kulturne dedi\u0161\u010dine Slovenije<\/span><\/p>\n<p lang=\"sl-SI\">Istarska \u017eupanija<\/p>\n<p lang=\"sl-SI\">Mesto Buzet<\/p>\n<p lang=\"sl-SI\">Mesto Pore\u010d<\/p>\n<p lang=\"sl-SI\">ob\u010dina Svetvin\u010denat<\/p>\n<p lang=\"sl-SI\">mesto Vodnjan<\/p>\n<p><span lang=\"sl-SI\">Turisti\u010dna organizacija Istrske \u017eupanije <\/span><\/td>\n<\/tr>\n<tr>\n<td bgcolor=\"#f2f2f2\" width=\"191\" height=\"9\"><b>Regions involved<\/b><\/td>\n<td width=\"416\"><span lang=\"sl-SI\">SI: Obalno-kra\u0161ka regija<\/span><\/p>\n<p align=\"JUSTIFY\"><a name=\"_GoBack\"><\/a><span lang=\"sl-SI\">HR: Istarska \u017eupanija<\/span><\/p>\n<\/td>\n<\/tr>\n<tr>\n<td bgcolor=\"#f2f2f2\" width=\"191\" height=\"8\"><b>Website<\/b><\/td>\n<td width=\"416\"><span lang=\"sl-SI\">SI: <\/span><span style=\"color: #0000ff;\"><u><a href=\"http:\/\/revitas.org\/sl\/\"><span lang=\"sl-SI\">http:\/\/revitas.org\/sl\/<\/span><\/a><\/u><\/span><\/p>\n<p><span lang=\"sl-SI\">HR: <\/span><span style=\"color: #0000ff;\"><u><a href=\"http:\/\/revitas.org\/hr\/\"><span lang=\"sl-SI\">http:\/\/revitas.org\/hr\/<\/span><\/a><\/u><\/span><\/p>\n<p><span lang=\"sl-SI\">EN: <\/span><span style=\"color: #0000ff;\"><u><a href=\"http:\/\/revitas.org\/en\/\"><span lang=\"sl-SI\">http:\/\/revitas.org\/en\/<\/span><\/a><\/u><\/span><\/td>\n<\/tr>\n<\/tbody>\n<\/table>\n<\/div><\/section><br \/>\n<section  class='av_textblock_section av-av_textblock-0366cc7376be6c9e82a3e9cc8987b64f'  itemscope=\"itemscope\" itemtype=\"https:\/\/schema.org\/CreativeWork\" ><div class='avia_textblock'  itemprop=\"text\" ><p align=\"JUSTIFY\"><i><b>Key results and performed activities <\/b><\/i><i>(quantitative results; max. 3 &#8211; 5)<\/i><\/p>\n<p align=\"JUSTIFY\">1 revitalized Istrian hinterland on the project area;<\/p>\n<p>26 <span lang=\"\">Established joint information tourism promotion and infrastructure according to the ALL-ON-ONE-PLACE in Istrian hinterland;<\/span><\/p>\n<p><span lang=\"\">8 integrated cross-border tourist products;<\/span><\/p>\n<p lang=\"\">1 cross-border tourism destination Istria;<\/p>\n<p lang=\"\">42 promotions of tourism destination Istria with all cultural and natural resources to the wider public;<\/p>\n<p lang=\"\">126 qualified and informed human resources and supported cultural integration of the wider public;<\/p>\n<p lang=\"\">3% increase in tourists numbers in Istrian hinterland, in areas of cultural and sport tourism.<\/p>\n<\/div><\/section><\/p><\/div>\n<style type=\"text\/css\" data-created_by=\"avia_inline_auto\" id=\"style-css-av-av_image-f3c2ffdf1f6bc1f00ba6a16acab6341f\">\n.avia-image-container.av-av_image-f3c2ffdf1f6bc1f00ba6a16acab6341f .av-image-caption-overlay-center{\ncolor:#ffffff;\n}\n<\/style>\n<div  class='avia-image-container av-av_image-f3c2ffdf1f6bc1f00ba6a16acab6341f av-styling- avia-align-center  avia-builder-el-9  el_after_av_one_half  avia-builder-el-last '  itemprop=\"image\" itemscope=\"itemscope\" itemtype=\"https:\/\/schema.org\/ImageObject\" ><div class=\"avia-image-container-inner\"><div class=\"avia-image-overlay-wrap\"><img decoding=\"async\" class='wp-image-1651 avia-img-lazy-loading-not-1651 avia_image' src=\"http:\/\/www.si-hr.eu\/en2\/wp-content\/uploads\/sites\/12\/2016\/11\/REVITAS-logo.gif\" alt='' title='REVITAS logo'  height=\"75\" width=\"120\"  itemprop=\"thumbnailUrl\"  \/><\/div><\/div><\/div><\/p>\n","protected":false},"excerpt":{"rendered":"","protected":false},"author":3,"featured_media":0,"parent":1373,"menu_order":0,"comment_status":"closed","ping_status":"closed","template":"","meta":{"ngg_post_thumbnail":0},"acf":[],"_links":{"self":[{"href":"http:\/\/www.si-hr.eu\/en2\/wp-json\/wp\/v2\/pages\/1650"}],"collection":[{"href":"http:\/\/www.si-hr.eu\/en2\/wp-json\/wp\/v2\/pages"}],"about":[{"href":"http:\/\/www.si-hr.eu\/en2\/wp-json\/wp\/v2\/types\/page"}],"author":[{"embeddable":true,"href":"http:\/\/www.si-hr.eu\/en2\/wp-json\/wp\/v2\/users\/3"}],"replies":[{"embeddable":true,"href":"http:\/\/www.si-hr.eu\/en2\/wp-json\/wp\/v2\/comments?post=1650"}],"version-history":[{"count":1,"href":"http:\/\/www.si-hr.eu\/en2\/wp-json\/wp\/v2\/pages\/1650\/revisions"}],"predecessor-version":[{"id":1653,"href":"http:\/\/www.si-hr.eu\/en2\/wp-json\/wp\/v2\/pages\/1650\/revisions\/1653"}],"up":[{"embeddable":true,"href":"http:\/\/www.si-hr.eu\/en2\/wp-json\/wp\/v2\/pages\/1373"}],"wp:attachment":[{"href":"http:\/\/www.si-hr.eu\/en2\/wp-json\/wp\/v2\/media?parent=1650"}],"curies":[{"name":"wp","href":"https:\/\/api.w.org\/{rel}","templated":true}]}}