{"id":1707,"date":"2016-11-25T11:53:58","date_gmt":"2016-11-25T10:53:58","guid":{"rendered":"http:\/\/www.si-hr.eu\/en2\/?page_id=1707"},"modified":"2016-11-25T11:53:58","modified_gmt":"2016-11-25T10:53:58","slug":"viri-zivljenja","status":"publish","type":"page","link":"http:\/\/www.si-hr.eu\/en2\/map\/viri-zivljenja\/","title":{"rendered":"VIRI \u017dIVLJENJA"},"content":{"rendered":"\n<style type=\"text\/css\" data-created_by=\"avia_inline_auto\" id=\"style-css-av-av_one_full-352b07ef7d3bc99b2e9f92e7a9e06bdb\">\n.flex_column.av-av_one_full-352b07ef7d3bc99b2e9f92e7a9e06bdb{\nborder-radius:0px 0px 0px 0px;\n-webkit-border-radius:0px 0px 0px 0px;\n-moz-border-radius:0px 0px 0px 0px;\n}\n<\/style>\n<div class='flex_column av-av_one_full-352b07ef7d3bc99b2e9f92e7a9e06bdb av_one_full  avia-builder-el-0  el_before_av_one_half  avia-builder-el-first  first flex_column_div av-zero-column-padding '   ><style type=\"text\/css\" data-created_by=\"avia_inline_auto\" id=\"style-css-av-av_heading-5b4fc34c4126b1a6ddb1a96cb1c87fb3\">\n#top .av-special-heading.av-av_heading-5b4fc34c4126b1a6ddb1a96cb1c87fb3{\npadding-bottom:10px;\n}\nbody .av-special-heading.av-av_heading-5b4fc34c4126b1a6ddb1a96cb1c87fb3 .av-special-heading-tag .heading-char{\nfont-size:25px;\n}\n.av-special-heading.av-av_heading-5b4fc34c4126b1a6ddb1a96cb1c87fb3 .av-subheading{\nfont-size:15px;\n}\n<\/style>\n<div  class='av-special-heading av-av_heading-5b4fc34c4126b1a6ddb1a96cb1c87fb3 av-special-heading-h3 blockquote modern-quote modern-centered  avia-builder-el-1  avia-builder-el-no-sibling '><h3 class='av-special-heading-tag'  itemprop=\"headline\"  >SUSTAINABLE NATURAL RESOURCES MANAGEMENT<br \/>\nENVIRONMENTAL PROTECTION<\/h3><div class=\"special-heading-border\"><div class=\"special-heading-inner-border\"><\/div><\/div><\/div><\/div>\n<style type=\"text\/css\" data-created_by=\"avia_inline_auto\" id=\"style-css-av-av_one_half-352b07ef7d3bc99b2e9f92e7a9e06bdb\">\n.flex_column.av-av_one_half-352b07ef7d3bc99b2e9f92e7a9e06bdb{\nborder-radius:0px 0px 0px 0px;\n-webkit-border-radius:0px 0px 0px 0px;\n-moz-border-radius:0px 0px 0px 0px;\n}\n<\/style>\n<div class='flex_column av-av_one_half-352b07ef7d3bc99b2e9f92e7a9e06bdb av_one_half  avia-builder-el-2  el_after_av_one_full  el_before_av_one_half  first flex_column_div av-zero-column-padding column-top-margin'   ><p>\n<style type=\"text\/css\" data-created_by=\"avia_inline_auto\" id=\"style-css-av-av_image-6b54b6b09d7bf1e44d750e8f79030e04\">\n.avia-image-container.av-av_image-6b54b6b09d7bf1e44d750e8f79030e04 .av-image-caption-overlay-center{\ncolor:#ffffff;\n}\n<\/style>\n<div  class='avia-image-container av-av_image-6b54b6b09d7bf1e44d750e8f79030e04 av-styling- avia-align-center  avia-builder-el-3  el_before_av_textblock  avia-builder-el-first '  itemprop=\"image\" itemscope=\"itemscope\" itemtype=\"https:\/\/schema.org\/ImageObject\" ><div class=\"avia-image-container-inner\"><div class=\"avia-image-overlay-wrap\"><img decoding=\"async\" class='wp-image-1709 avia-img-lazy-loading-not-1709 avia_image' src=\"http:\/\/www.si-hr.eu\/en2\/wp-content\/uploads\/sites\/12\/2016\/11\/VIRI-ZIVLJENJA-1030x579.jpg\" alt='' title='VIRI ZIVLJENJA'  height=\"579\" width=\"1030\"  itemprop=\"thumbnailUrl\" srcset=\"http:\/\/www.si-hr.eu\/en2\/wp-content\/uploads\/sites\/12\/2016\/11\/VIRI-ZIVLJENJA-1030x579.jpg 1030w, http:\/\/www.si-hr.eu\/en2\/wp-content\/uploads\/sites\/12\/2016\/11\/VIRI-ZIVLJENJA-300x169.jpg 300w, http:\/\/www.si-hr.eu\/en2\/wp-content\/uploads\/sites\/12\/2016\/11\/VIRI-ZIVLJENJA-600x337.jpg 600w, http:\/\/www.si-hr.eu\/en2\/wp-content\/uploads\/sites\/12\/2016\/11\/VIRI-ZIVLJENJA-705x396.jpg 705w, http:\/\/www.si-hr.eu\/en2\/wp-content\/uploads\/sites\/12\/2016\/11\/VIRI-ZIVLJENJA-450x253.jpg 450w, http:\/\/www.si-hr.eu\/en2\/wp-content\/uploads\/sites\/12\/2016\/11\/VIRI-ZIVLJENJA.jpg 1381w\" sizes=\"(max-width: 1030px) 100vw, 1030px\" \/><\/div><\/div><\/div><br \/>\n<section  class='av_textblock_section av-av_textblock-0366cc7376be6c9e82a3e9cc8987b64f'  itemscope=\"itemscope\" itemtype=\"https:\/\/schema.org\/CreativeWork\" ><div class='avia_textblock'  itemprop=\"text\" ><p align=\"CENTER\"><b>VIRI \u017dIVLJENJA<\/b><\/p>\n<\/div><\/section><br \/>\n<section  class='av_textblock_section av-av_textblock-0366cc7376be6c9e82a3e9cc8987b64f'  itemscope=\"itemscope\" itemtype=\"https:\/\/schema.org\/CreativeWork\" ><div class='avia_textblock'  itemprop=\"text\" ><p align=\"JUSTIFY\"><i><b>Project summary <\/b><\/i><\/p>\n<p align=\"JUSTIFY\">The project aimed to preserve and restore the small springs, which would serve as important alternative sources of drinking water, and &#8221;kale&#8221; and a certain village ponds, which would contribute to the preservation of ecological balance, biodiversity and providing a favorable status of endangered species and habitat types in the protected areas, with emphasis on the species which are under the directive of priority habitat in protected areas, Natura 2000, and have already been declared in Slovenia, and are in the process of creating in Croatia. The reconstruction and rehabilitation of certain major sources in the ponds and larger ponds has ensured a favorable conservation status of species and, indirectly, the project has provided the awareness and encouraged people in close combination with the importance of nature protection. It will stimulate oriented economic use of water resources in accordance with the interests of protection of nature and its conservation. The most important cross-border impact of the project was to preserve the network of ponds as a habitat of endangered fauna and flora and facilitating the migration throughout the project area. Through cooperation between the partners, one of the cross-border effects of the project was the preparation of a common background and pilot projects for areas in Natura 2000 and their management. Renewed ponds and conducted thematic way have contributed to the development of tourist services in the entire area, which will lengthen the stay of tourists in this area.<\/p>\n<\/div><\/section><\/p><\/div>\n<style type=\"text\/css\" data-created_by=\"avia_inline_auto\" id=\"style-css-av-av_one_half-2a64de42b738552fe666ca889af77e28\">\n.flex_column.av-av_one_half-2a64de42b738552fe666ca889af77e28{\nborder-radius:0px 0px 0px 0px;\n-webkit-border-radius:0px 0px 0px 0px;\n-moz-border-radius:0px 0px 0px 0px;\n}\n<\/style>\n<div class='flex_column av-av_one_half-2a64de42b738552fe666ca889af77e28 av_one_half  avia-builder-el-6  el_after_av_one_half  el_before_av_image  flex_column_div av-zero-column-padding column-top-margin'   ><section  class='av_textblock_section av-av_textblock-0366cc7376be6c9e82a3e9cc8987b64f'  itemscope=\"itemscope\" itemtype=\"https:\/\/schema.org\/CreativeWork\" ><div class='avia_textblock'  itemprop=\"text\" ><table border=\"1\" width=\"637\" cellspacing=\"0\" cellpadding=\"7\">\n<colgroup>\n<col width=\"191\" \/>\n<col width=\"416\" \/> <\/colgroup>\n<tbody>\n<tr>\n<td bgcolor=\"#f2f2f2\" width=\"191\" height=\"8\"><b>Project title<\/b><\/td>\n<td width=\"416\">\u201cKali\u201d, springs and ponds: our past \u2013 our future<\/td>\n<\/tr>\n<tr>\n<td bgcolor=\"#f2f2f2\" width=\"191\" height=\"9\"><b>ERDF funds<\/b><\/td>\n<td width=\"416\"><span lang=\"sl-SI\">1,373,154.71 EUR<\/span><\/td>\n<\/tr>\n<tr>\n<td bgcolor=\"#f2f2f2\" width=\"191\" height=\"9\"><b>Project duration <\/b><\/p>\n<p><b>(month\/year \u2013 month\/year)<\/b><\/td>\n<td width=\"416\">\n<p lang=\"sl-SI\">1.10.2009 &#8211; 31.3.2012<\/p>\n<\/td>\n<\/tr>\n<tr>\n<td bgcolor=\"#f2f2f2\" width=\"191\" height=\"9\"><b>Lead partner<\/b><\/td>\n<td width=\"416\">\n<p lang=\"sl-SI\" align=\"JUSTIFY\">Ob\u010dina \u010crnomelj<\/p>\n<\/td>\n<\/tr>\n<tr>\n<td bgcolor=\"#f2f2f2\" width=\"191\" height=\"9\"><b>Partners<\/b><\/td>\n<td width=\"416\">\n<p lang=\"sl-SI\"><span style=\"color: #000000;\">Ob\u010dina Metlika<br \/>\nOb\u010dina Semi\u010d<br \/>\nZavod RS za varstvo narave, Obmo\u010dna enota Novo mesto (ZRSVN OE NM)<br \/>\nJavna ustanova Park prirode \u017dumberak-Samoborsko gorje<br \/>\nRibi\u0161ka dru\u017eina \u010crnomelj<\/span><\/p>\n<\/td>\n<\/tr>\n<tr>\n<td bgcolor=\"#f2f2f2\" width=\"191\" height=\"9\"><b>Regions involved<\/b><\/td>\n<td width=\"416\">\n<p lang=\"sl-SI\">SI: Jugovzhodna Slovenija<\/p>\n<p lang=\"sl-SI\" align=\"JUSTIFY\">HR: Karlova\u010dka \u017eupanija<\/p>\n<\/td>\n<\/tr>\n<tr>\n<td bgcolor=\"#f2f2f2\" width=\"191\" height=\"8\"><b>Website<\/b><\/td>\n<td width=\"416\"><span lang=\"sl-SI\">SI: <\/span><span style=\"color: #0000ff;\"><u><a href=\"http:\/\/www.virizivljenja.si\/\"><span lang=\"sl-SI\">http:\/\/www.virizivljenja.si\/<\/span><\/a><\/u><\/span><\/p>\n<p><span lang=\"sl-SI\">HR: <\/span><span style=\"color: #0000ff;\"><u><a href=\"http:\/\/www.virizivljenja.si\/default_hr.asp\"><span lang=\"sl-SI\">http:\/\/www.virizivljenja.si\/default_hr.asp<\/span><\/a><\/u><\/span><\/p>\n<p><span lang=\"sl-SI\">EN: <\/span><span style=\"color: #0000ff;\"><u><a href=\"http:\/\/www.virizivljenja.si\/default_en.asp\"><span lang=\"sl-SI\">http:\/\/www.virizivljenja.si\/default_en.asp<\/span><\/a><\/u><\/span><\/td>\n<\/tr>\n<\/tbody>\n<\/table>\n<\/div><\/section><br \/>\n<section  class='av_textblock_section av-av_textblock-0366cc7376be6c9e82a3e9cc8987b64f'  itemscope=\"itemscope\" itemtype=\"https:\/\/schema.org\/CreativeWork\" ><div class='avia_textblock'  itemprop=\"text\" ><p align=\"JUSTIFY\"><i><b>Key results and performed activities <\/b><\/i><i>(quantitative results; max. 3 &#8211; 5)<\/i><\/p>\n<p align=\"JUSTIFY\">1 educational and promotional research object near the pond <span lang=\"sl-SI\">Kani\u017earica;<\/span><\/p>\n<p align=\"JUSTIFY\">45 restored water sources;<\/p>\n<p align=\"JUSTIFY\">5 restored educational paths with classrooms in the nature;<\/p>\n<p align=\"JUSTIFY\">5 established info points.<\/p>\n<\/div><\/section><\/p><\/div>\n<style type=\"text\/css\" data-created_by=\"avia_inline_auto\" id=\"style-css-av-av_image-25864edd0221b935cbb63a931e2f66f9\">\n.avia-image-container.av-av_image-25864edd0221b935cbb63a931e2f66f9 .av-image-caption-overlay-center{\ncolor:#ffffff;\n}\n<\/style>\n<div  class='avia-image-container av-av_image-25864edd0221b935cbb63a931e2f66f9 av-styling- avia-align-center  avia-builder-el-9  el_after_av_one_half  avia-builder-el-last '  itemprop=\"image\" itemscope=\"itemscope\" itemtype=\"https:\/\/schema.org\/ImageObject\" ><div class=\"avia-image-container-inner\"><div class=\"avia-image-overlay-wrap\"><img decoding=\"async\" class='wp-image-1708 avia-img-lazy-loading-not-1708 avia_image' src=\"http:\/\/www.si-hr.eu\/en2\/wp-content\/uploads\/sites\/12\/2016\/11\/VIRI-ZIVLJENJA-logo.jpg\" alt='' title='VIRI ZIVLJENJA logo'  height=\"212\" width=\"240\"  itemprop=\"thumbnailUrl\"  \/><\/div><\/div><\/div><\/p>\n","protected":false},"excerpt":{"rendered":"","protected":false},"author":3,"featured_media":0,"parent":1373,"menu_order":0,"comment_status":"closed","ping_status":"closed","template":"","meta":{"ngg_post_thumbnail":0},"acf":[],"_links":{"self":[{"href":"http:\/\/www.si-hr.eu\/en2\/wp-json\/wp\/v2\/pages\/1707"}],"collection":[{"href":"http:\/\/www.si-hr.eu\/en2\/wp-json\/wp\/v2\/pages"}],"about":[{"href":"http:\/\/www.si-hr.eu\/en2\/wp-json\/wp\/v2\/types\/page"}],"author":[{"embeddable":true,"href":"http:\/\/www.si-hr.eu\/en2\/wp-json\/wp\/v2\/users\/3"}],"replies":[{"embeddable":true,"href":"http:\/\/www.si-hr.eu\/en2\/wp-json\/wp\/v2\/comments?post=1707"}],"version-history":[{"count":1,"href":"http:\/\/www.si-hr.eu\/en2\/wp-json\/wp\/v2\/pages\/1707\/revisions"}],"predecessor-version":[{"id":1710,"href":"http:\/\/www.si-hr.eu\/en2\/wp-json\/wp\/v2\/pages\/1707\/revisions\/1710"}],"up":[{"embeddable":true,"href":"http:\/\/www.si-hr.eu\/en2\/wp-json\/wp\/v2\/pages\/1373"}],"wp:attachment":[{"href":"http:\/\/www.si-hr.eu\/en2\/wp-json\/wp\/v2\/media?parent=1707"}],"curies":[{"name":"wp","href":"https:\/\/api.w.org\/{rel}","templated":true}]}}