{"id":1729,"date":"2016-11-25T13:54:55","date_gmt":"2016-11-25T12:54:55","guid":{"rendered":"http:\/\/www.si-hr.eu\/en2\/?page_id=1729"},"modified":"2016-11-25T13:54:55","modified_gmt":"2016-11-25T12:54:55","slug":"socpod","status":"publish","type":"page","link":"http:\/\/www.si-hr.eu\/en2\/map\/socpod\/","title":{"rendered":"SOCPOD"},"content":{"rendered":"\n<style type=\"text\/css\" data-created_by=\"avia_inline_auto\" id=\"style-css-av-av_one_full-352b07ef7d3bc99b2e9f92e7a9e06bdb\">\n.flex_column.av-av_one_full-352b07ef7d3bc99b2e9f92e7a9e06bdb{\nborder-radius:0px 0px 0px 0px;\n-webkit-border-radius:0px 0px 0px 0px;\n-moz-border-radius:0px 0px 0px 0px;\n}\n<\/style>\n<div class='flex_column av-av_one_full-352b07ef7d3bc99b2e9f92e7a9e06bdb av_one_full  avia-builder-el-0  el_before_av_one_half  avia-builder-el-first  first flex_column_div av-zero-column-padding '   ><style type=\"text\/css\" data-created_by=\"avia_inline_auto\" id=\"style-css-av-av_heading-6270d89dc18efe808324dc27839f1ab2\">\n#top .av-special-heading.av-av_heading-6270d89dc18efe808324dc27839f1ab2{\npadding-bottom:10px;\n}\nbody .av-special-heading.av-av_heading-6270d89dc18efe808324dc27839f1ab2 .av-special-heading-tag .heading-char{\nfont-size:25px;\n}\n.av-special-heading.av-av_heading-6270d89dc18efe808324dc27839f1ab2 .av-subheading{\nfont-size:15px;\n}\n<\/style>\n<div  class='av-special-heading av-av_heading-6270d89dc18efe808324dc27839f1ab2 av-special-heading-h3 blockquote modern-quote modern-centered  avia-builder-el-1  avia-builder-el-no-sibling '><h3 class='av-special-heading-tag'  itemprop=\"headline\"  >ECONOMIC AND SOCIAL DEVELOPMENT<br \/>\nDEVELOPMENT OF ENTREPRENEURSHIP<\/h3><div class=\"special-heading-border\"><div class=\"special-heading-inner-border\"><\/div><\/div><\/div><\/div>\n<style type=\"text\/css\" data-created_by=\"avia_inline_auto\" id=\"style-css-av-av_one_half-352b07ef7d3bc99b2e9f92e7a9e06bdb\">\n.flex_column.av-av_one_half-352b07ef7d3bc99b2e9f92e7a9e06bdb{\nborder-radius:0px 0px 0px 0px;\n-webkit-border-radius:0px 0px 0px 0px;\n-moz-border-radius:0px 0px 0px 0px;\n}\n<\/style>\n<div class='flex_column av-av_one_half-352b07ef7d3bc99b2e9f92e7a9e06bdb av_one_half  avia-builder-el-2  el_after_av_one_full  el_before_av_one_half  first flex_column_div av-zero-column-padding column-top-margin'   ><p>\n<style type=\"text\/css\" data-created_by=\"avia_inline_auto\" id=\"style-css-av-av_image-ac4a36d3f8259eb3b79d547fb8fe4e5a\">\n.avia-image-container.av-av_image-ac4a36d3f8259eb3b79d547fb8fe4e5a .av-image-caption-overlay-center{\ncolor:#ffffff;\n}\n<\/style>\n<div  class='avia-image-container av-av_image-ac4a36d3f8259eb3b79d547fb8fe4e5a av-styling- avia-align-center  avia-builder-el-3  el_before_av_textblock  avia-builder-el-first '  itemprop=\"image\" itemscope=\"itemscope\" itemtype=\"https:\/\/schema.org\/ImageObject\" ><div class=\"avia-image-container-inner\"><div class=\"avia-image-overlay-wrap\"><img decoding=\"async\" class='wp-image-1731 avia-img-lazy-loading-not-1731 avia_image' src=\"http:\/\/www.si-hr.eu\/en2\/wp-content\/uploads\/sites\/12\/2016\/11\/SOCPOD.jpg\" alt='' title='SOCPOD'  height=\"938\" width=\"704\"  itemprop=\"thumbnailUrl\" srcset=\"http:\/\/www.si-hr.eu\/en2\/wp-content\/uploads\/sites\/12\/2016\/11\/SOCPOD.jpg 704w, http:\/\/www.si-hr.eu\/en2\/wp-content\/uploads\/sites\/12\/2016\/11\/SOCPOD-225x300.jpg 225w, http:\/\/www.si-hr.eu\/en2\/wp-content\/uploads\/sites\/12\/2016\/11\/SOCPOD-600x799.jpg 600w, http:\/\/www.si-hr.eu\/en2\/wp-content\/uploads\/sites\/12\/2016\/11\/SOCPOD-529x705.jpg 529w, http:\/\/www.si-hr.eu\/en2\/wp-content\/uploads\/sites\/12\/2016\/11\/SOCPOD-450x600.jpg 450w\" sizes=\"(max-width: 704px) 100vw, 704px\" \/><\/div><\/div><\/div><br \/>\n<section  class='av_textblock_section av-av_textblock-0366cc7376be6c9e82a3e9cc8987b64f'  itemscope=\"itemscope\" itemtype=\"https:\/\/schema.org\/CreativeWork\" ><div class='avia_textblock'  itemprop=\"text\" ><p align=\"CENTER\"><b>SOCPOD<\/b><\/p>\n<\/div><\/section><\/p><\/div>\n<style type=\"text\/css\" data-created_by=\"avia_inline_auto\" id=\"style-css-av-av_one_half-2a64de42b738552fe666ca889af77e28\">\n.flex_column.av-av_one_half-2a64de42b738552fe666ca889af77e28{\nborder-radius:0px 0px 0px 0px;\n-webkit-border-radius:0px 0px 0px 0px;\n-moz-border-radius:0px 0px 0px 0px;\n}\n<\/style>\n<div class='flex_column av-av_one_half-2a64de42b738552fe666ca889af77e28 av_one_half  avia-builder-el-5  el_after_av_one_half  el_before_av_one_full  flex_column_div av-zero-column-padding column-top-margin'   ><section  class='av_textblock_section av-av_textblock-0366cc7376be6c9e82a3e9cc8987b64f'  itemscope=\"itemscope\" itemtype=\"https:\/\/schema.org\/CreativeWork\" ><div class='avia_textblock'  itemprop=\"text\" ><table border=\"1\" width=\"637\" cellspacing=\"0\" cellpadding=\"7\">\n<colgroup>\n<col width=\"191\" \/>\n<col width=\"416\" \/> <\/colgroup>\n<tbody>\n<tr>\n<td bgcolor=\"#f2f2f2\" width=\"191\" height=\"8\"><b>Project title<\/b><\/td>\n<td width=\"416\">\n<p align=\"JUSTIFY\">Using local resources to develop social entrepreneurship<\/p>\n<\/td>\n<\/tr>\n<tr>\n<td bgcolor=\"#f2f2f2\" width=\"191\" height=\"9\"><b>ERDF funds<\/b><\/td>\n<td width=\"416\">376,072.78 EUR<\/td>\n<\/tr>\n<tr>\n<td bgcolor=\"#f2f2f2\" width=\"191\" height=\"9\"><b>Project duration <\/b><\/p>\n<p><b>(month\/year \u2013 month\/year)<\/b><\/td>\n<td width=\"416\">1.04.2011 &#8211; 31.3.2013<\/td>\n<\/tr>\n<tr>\n<td bgcolor=\"#f2f2f2\" width=\"191\" height=\"9\"><b>Lead partner<\/b><\/td>\n<td width=\"416\">MOZAIK \u2013 dru\u0161tvo za socialno vklju\u010denost<\/td>\n<\/tr>\n<tr>\n<td bgcolor=\"#f2f2f2\" width=\"191\" height=\"9\"><b>Partners<\/b><\/td>\n<td width=\"416\">Zeleni prst \u2013 Zavod za zdravo okolje \u010cernelavci<\/p>\n<p>Pomurska gospodarska zbornica<\/p>\n<p>Tehnolo\u0161ki park Vara\u017edin d.o.o.<\/p>\n<p>Specijalna bolnica za medicinsku rehabilitaciju Vara\u017edinske toplice<\/p>\n<p>Dru\u0161tvo PET+<\/td>\n<\/tr>\n<tr>\n<td bgcolor=\"#f2f2f2\" width=\"191\" height=\"9\"><b>Regions involved<\/b><\/td>\n<td width=\"416\">SI: Pomurska regija<\/p>\n<p>CRO: Vara\u017edinska \u017eupanija, Zagreba\u010dka \u017eupanija<\/td>\n<\/tr>\n<tr>\n<td bgcolor=\"#f2f2f2\" width=\"191\" height=\"8\"><b>Website<\/b><\/td>\n<td width=\"416\">\/<\/td>\n<\/tr>\n<\/tbody>\n<\/table>\n<\/div><\/section><\/div>\n<style type=\"text\/css\" data-created_by=\"avia_inline_auto\" id=\"style-css-av-av_one_full-352b07ef7d3bc99b2e9f92e7a9e06bdb\">\n.flex_column.av-av_one_full-352b07ef7d3bc99b2e9f92e7a9e06bdb{\nborder-radius:0px 0px 0px 0px;\n-webkit-border-radius:0px 0px 0px 0px;\n-moz-border-radius:0px 0px 0px 0px;\n}\n<\/style>\n<div class='flex_column av-av_one_full-352b07ef7d3bc99b2e9f92e7a9e06bdb av_one_full  avia-builder-el-7  el_after_av_one_half  avia-builder-el-last  first flex_column_div av-zero-column-padding column-top-margin'   ><p><section  class='av_textblock_section av-av_textblock-0366cc7376be6c9e82a3e9cc8987b64f'  itemscope=\"itemscope\" itemtype=\"https:\/\/schema.org\/CreativeWork\" ><div class='avia_textblock'  itemprop=\"text\" ><p><i><b>Project summary <\/b><\/i><\/p>\n<p align=\"JUSTIFY\">Specific cross-border objectives of the project were: to connect the professional public and the interested target groups on both sides of the border and improve the competence of the holders of socio-entrepreneurial ideas in Slovenia and Croatia; support research and development of new products and services, which are commercially interesting, to enable the development of social enterprises and the achievement of higher added value; give support in joint promotion and trade of products of the social economy in the border region; to increase competence, work opportunities and employment of vulnerable social groups in the development promising sectors of the social economy; and to increase public awareness of the positive aspects of the development of social entrepreneurship and employment of persons from vulnerable social groups. The outputs were 4 joint meetings of a joint steering committee, 7 meetings of the core project team, 2 presenting of workshops for networking subjects of social entrepreneurship, 4 workshops for organizations focusing on the development of programs of social entrepreneurship, 2 workshops for institutions of enabling environment, industry-themed conference after the project, 300 collected articles on the development of social entrepreneurship, a study tour reviewing good practices of social entrepreneurship in Pomurje, 2 studies of development of resources and potential, arising from the local environment, 2 studies for the development of new products \/ services of social entrepreneurship, 2 strategic marketing studies of offers of social entrepreneurship, setting up communication actions for programs of social entrepreneurship, 2.500 pieces of promotional material for the marketing of products \/ services of social entrepreneurship, 14 promotional events for the trade of products \/ services of social entrepreneurship, the project team of experts in various fields for maintenance training, two one-day informational and motivational workshops for people from vulnerable social groups, 16 workshops for organic production and processing of cereals, 16 workshops for organic production and processing of fruits, 16 workshops for organic production and processing of vegetables and herbs, 16 workshops for sales of organic products, workshop for the preparation of the program of psycho-social support for employment of persons from vulnerable social groups, 16 workshops for psycho-social support for employment of persons from vulnerable social groups, integrated graphic design of the project, 2 updated websites, 10 images and video archives of events in the framework of the project, 14 information for public on all important events related to the project, 2 press conferences, 2 events for informing (day of open door, the final event), 1.700 promotional materials for informing.<\/p>\n<\/div><\/section><br \/>\n<section  class='av_textblock_section av-av_textblock-0366cc7376be6c9e82a3e9cc8987b64f'  itemscope=\"itemscope\" itemtype=\"https:\/\/schema.org\/CreativeWork\" ><div class='avia_textblock'  itemprop=\"text\" ><p><i><b>Key results and performed activities <\/b><\/i><i>(quantitative results; max. 3 &#8211; 5)<\/i><\/p>\n<p align=\"JUSTIFY\">1 proceeding on social entrepreneurship &#8220;New challenges and perspectives&#8221;;<\/p>\n<p align=\"JUSTIFY\">1 expert conference on the topic of social entrepreneurship;<\/p>\n<p align=\"JUSTIFY\">1 made training program for vulnerable social groups in the area of organic production and processing of grains, fruits, vegetables and herbs;<\/p>\n<p align=\"JUSTIFY\">96 people trained in organic farming and processing, 1.500 participants familiar with the offer of social enterprises.<\/p>\n<\/div><\/section><br \/>\n\n<style type=\"text\/css\" data-created_by=\"avia_inline_auto\" id=\"style-css-av-av_image-c019ae04318720e5d44da20b6496e2e9\">\n.avia-image-container.av-av_image-c019ae04318720e5d44da20b6496e2e9 .av-image-caption-overlay-center{\ncolor:#ffffff;\n}\n<\/style>\n<div  class='avia-image-container av-av_image-c019ae04318720e5d44da20b6496e2e9 av-styling- avia-align-center  avia-builder-el-10  el_after_av_textblock  avia-builder-el-last '  itemprop=\"image\" itemscope=\"itemscope\" itemtype=\"https:\/\/schema.org\/ImageObject\" ><div class=\"avia-image-container-inner\"><div class=\"avia-image-overlay-wrap\"><img decoding=\"async\" class='wp-image-1730 avia-img-lazy-loading-not-1730 avia_image' src=\"http:\/\/www.si-hr.eu\/en2\/wp-content\/uploads\/sites\/12\/2016\/11\/SOCPOD-logo-300x233.jpg\" alt='' title='SOCPOD logo'  height=\"233\" width=\"300\"  itemprop=\"thumbnailUrl\" srcset=\"http:\/\/www.si-hr.eu\/en2\/wp-content\/uploads\/sites\/12\/2016\/11\/SOCPOD-logo-300x233.jpg 300w, http:\/\/www.si-hr.eu\/en2\/wp-content\/uploads\/sites\/12\/2016\/11\/SOCPOD-logo-600x465.jpg 600w, http:\/\/www.si-hr.eu\/en2\/wp-content\/uploads\/sites\/12\/2016\/11\/SOCPOD-logo-450x349.jpg 450w, http:\/\/www.si-hr.eu\/en2\/wp-content\/uploads\/sites\/12\/2016\/11\/SOCPOD-logo.jpg 699w\" sizes=\"(max-width: 300px) 100vw, 300px\" \/><\/div><\/div><\/div><\/p><\/div><\/p>\n","protected":false},"excerpt":{"rendered":"","protected":false},"author":3,"featured_media":0,"parent":1373,"menu_order":0,"comment_status":"closed","ping_status":"closed","template":"","meta":{"ngg_post_thumbnail":0},"acf":[],"_links":{"self":[{"href":"http:\/\/www.si-hr.eu\/en2\/wp-json\/wp\/v2\/pages\/1729"}],"collection":[{"href":"http:\/\/www.si-hr.eu\/en2\/wp-json\/wp\/v2\/pages"}],"about":[{"href":"http:\/\/www.si-hr.eu\/en2\/wp-json\/wp\/v2\/types\/page"}],"author":[{"embeddable":true,"href":"http:\/\/www.si-hr.eu\/en2\/wp-json\/wp\/v2\/users\/3"}],"replies":[{"embeddable":true,"href":"http:\/\/www.si-hr.eu\/en2\/wp-json\/wp\/v2\/comments?post=1729"}],"version-history":[{"count":1,"href":"http:\/\/www.si-hr.eu\/en2\/wp-json\/wp\/v2\/pages\/1729\/revisions"}],"predecessor-version":[{"id":1732,"href":"http:\/\/www.si-hr.eu\/en2\/wp-json\/wp\/v2\/pages\/1729\/revisions\/1732"}],"up":[{"embeddable":true,"href":"http:\/\/www.si-hr.eu\/en2\/wp-json\/wp\/v2\/pages\/1373"}],"wp:attachment":[{"href":"http:\/\/www.si-hr.eu\/en2\/wp-json\/wp\/v2\/media?parent=1729"}],"curies":[{"name":"wp","href":"https:\/\/api.w.org\/{rel}","templated":true}]}}