{"id":1733,"date":"2016-11-25T14:11:33","date_gmt":"2016-11-25T13:11:33","guid":{"rendered":"http:\/\/www.si-hr.eu\/en2\/?page_id=1733"},"modified":"2016-11-25T14:11:33","modified_gmt":"2016-11-25T13:11:33","slug":"slohra-socionet","status":"publish","type":"page","link":"http:\/\/www.si-hr.eu\/en2\/map\/slohra-socionet\/","title":{"rendered":"SLOHRA SOCIONET"},"content":{"rendered":"\n<style type=\"text\/css\" data-created_by=\"avia_inline_auto\" id=\"style-css-av-av_one_full-352b07ef7d3bc99b2e9f92e7a9e06bdb\">\n.flex_column.av-av_one_full-352b07ef7d3bc99b2e9f92e7a9e06bdb{\nborder-radius:0px 0px 0px 0px;\n-webkit-border-radius:0px 0px 0px 0px;\n-moz-border-radius:0px 0px 0px 0px;\n}\n<\/style>\n<div class='flex_column av-av_one_full-352b07ef7d3bc99b2e9f92e7a9e06bdb av_one_full  avia-builder-el-0  el_before_av_one_half  avia-builder-el-first  first flex_column_div av-zero-column-padding '   ><style type=\"text\/css\" data-created_by=\"avia_inline_auto\" id=\"style-css-av-av_heading-f22722375a1c3af0b8cabf69f451c855\">\n#top .av-special-heading.av-av_heading-f22722375a1c3af0b8cabf69f451c855{\npadding-bottom:10px;\n}\nbody .av-special-heading.av-av_heading-f22722375a1c3af0b8cabf69f451c855 .av-special-heading-tag .heading-char{\nfont-size:25px;\n}\n.av-special-heading.av-av_heading-f22722375a1c3af0b8cabf69f451c855 .av-subheading{\nfont-size:15px;\n}\n<\/style>\n<div  class='av-special-heading av-av_heading-f22722375a1c3af0b8cabf69f451c855 av-special-heading-h3 blockquote modern-quote modern-centered  avia-builder-el-1  avia-builder-el-no-sibling '><h3 class='av-special-heading-tag'  itemprop=\"headline\"  >ECONOMIC AND SOCIAL DEVELOPMENT<br \/>\nDEVELOPMENT OF ENTERPRENEURSHIP<\/h3><div class=\"special-heading-border\"><div class=\"special-heading-inner-border\"><\/div><\/div><\/div><\/div>\n<style type=\"text\/css\" data-created_by=\"avia_inline_auto\" id=\"style-css-av-av_one_half-352b07ef7d3bc99b2e9f92e7a9e06bdb\">\n.flex_column.av-av_one_half-352b07ef7d3bc99b2e9f92e7a9e06bdb{\nborder-radius:0px 0px 0px 0px;\n-webkit-border-radius:0px 0px 0px 0px;\n-moz-border-radius:0px 0px 0px 0px;\n}\n<\/style>\n<div class='flex_column av-av_one_half-352b07ef7d3bc99b2e9f92e7a9e06bdb av_one_half  avia-builder-el-2  el_after_av_one_full  el_before_av_one_half  first flex_column_div av-zero-column-padding column-top-margin'   ><p>\n<style type=\"text\/css\" data-created_by=\"avia_inline_auto\" id=\"style-css-av-av_image-9d7089e8efbecf19bc0be73bfcf7112b\">\n.avia-image-container.av-av_image-9d7089e8efbecf19bc0be73bfcf7112b .av-image-caption-overlay-center{\ncolor:#ffffff;\n}\n<\/style>\n<div  class='avia-image-container av-av_image-9d7089e8efbecf19bc0be73bfcf7112b av-styling- avia-align-center  avia-builder-el-3  el_before_av_textblock  avia-builder-el-first '  itemprop=\"image\" itemscope=\"itemscope\" itemtype=\"https:\/\/schema.org\/ImageObject\" ><div class=\"avia-image-container-inner\"><div class=\"avia-image-overlay-wrap\"><img decoding=\"async\" class='wp-image-1735 avia-img-lazy-loading-not-1735 avia_image' src=\"http:\/\/www.si-hr.eu\/en2\/wp-content\/uploads\/sites\/12\/2016\/11\/SLOHRA-SOCIONET-1030x717.jpg\" alt='' title='SLOHRA SOCIONET'  height=\"717\" width=\"1030\"  itemprop=\"thumbnailUrl\" srcset=\"http:\/\/www.si-hr.eu\/en2\/wp-content\/uploads\/sites\/12\/2016\/11\/SLOHRA-SOCIONET-1030x717.jpg 1030w, http:\/\/www.si-hr.eu\/en2\/wp-content\/uploads\/sites\/12\/2016\/11\/SLOHRA-SOCIONET-300x209.jpg 300w, http:\/\/www.si-hr.eu\/en2\/wp-content\/uploads\/sites\/12\/2016\/11\/SLOHRA-SOCIONET-600x418.jpg 600w, http:\/\/www.si-hr.eu\/en2\/wp-content\/uploads\/sites\/12\/2016\/11\/SLOHRA-SOCIONET-705x491.jpg 705w, http:\/\/www.si-hr.eu\/en2\/wp-content\/uploads\/sites\/12\/2016\/11\/SLOHRA-SOCIONET-450x313.jpg 450w, http:\/\/www.si-hr.eu\/en2\/wp-content\/uploads\/sites\/12\/2016\/11\/SLOHRA-SOCIONET.jpg 1210w\" sizes=\"(max-width: 1030px) 100vw, 1030px\" \/><\/div><\/div><\/div><br \/>\n<section  class='av_textblock_section av-av_textblock-0366cc7376be6c9e82a3e9cc8987b64f'  itemscope=\"itemscope\" itemtype=\"https:\/\/schema.org\/CreativeWork\" ><div class='avia_textblock'  itemprop=\"text\" ><p style=\"text-align: center;\"><strong>SLOHRA SOCIONET<\/strong><\/p>\n<\/div><\/section><br \/>\n<section  class='av_textblock_section av-av_textblock-0366cc7376be6c9e82a3e9cc8987b64f'  itemscope=\"itemscope\" itemtype=\"https:\/\/schema.org\/CreativeWork\" ><div class='avia_textblock'  itemprop=\"text\" ><p align=\"JUSTIFY\"><i><b>Project summary <\/b><\/i><\/p>\n<p align=\"JUSTIFY\">The specific cross-borders objective of the operation was to implement a cross-border joint system which will strengthen social entrepreneurship, in order to increase the competitiveness of the Slovenian-Croatian&#8217;s and other EU markets, which will be achieved with the implementation of the following sub-goals: Implementation of analysis of target groups in terms of development of goods and services offers that take into account the natural, cultural and human resources the region have; the training of potential founders of social enterprises and promoters of social entrepreneurship; the creation of seven new models of social enterprises and the realization of at least one social enterprise; the establishment of a supportive environment for social entrepreneurship in the area of cooperation and collaboration among institutions signing a letter for supportive environment in order to promote social entrepreneurship; the promotion of social entrepreneurship, as well as the results of the project and animate environment for the creation of social enterprises as a long term solution for the low employability of social groups and thus reduce unemployment.<\/p>\n<\/div><\/section><\/p><\/div>\n<style type=\"text\/css\" data-created_by=\"avia_inline_auto\" id=\"style-css-av-av_one_half-2a64de42b738552fe666ca889af77e28\">\n.flex_column.av-av_one_half-2a64de42b738552fe666ca889af77e28{\nborder-radius:0px 0px 0px 0px;\n-webkit-border-radius:0px 0px 0px 0px;\n-moz-border-radius:0px 0px 0px 0px;\n}\n<\/style>\n<div class='flex_column av-av_one_half-2a64de42b738552fe666ca889af77e28 av_one_half  avia-builder-el-6  el_after_av_one_half  el_before_av_image  flex_column_div av-zero-column-padding column-top-margin'   ><section  class='av_textblock_section av-av_textblock-0366cc7376be6c9e82a3e9cc8987b64f'  itemscope=\"itemscope\" itemtype=\"https:\/\/schema.org\/CreativeWork\" ><div class='avia_textblock'  itemprop=\"text\" ><table border=\"1\" width=\"637\" cellspacing=\"0\" cellpadding=\"7\">\n<colgroup>\n<col width=\"191\" \/>\n<col width=\"416\" \/> <\/colgroup>\n<tbody>\n<tr>\n<td bgcolor=\"#f2f2f2\" width=\"191\" height=\"8\"><b>Project title<\/b><\/td>\n<td width=\"416\">\n<p align=\"JUSTIFY\">Joined in unity for the development of new employment opportunities with the help of social entrepreneurship<\/p>\n<\/td>\n<\/tr>\n<tr>\n<td bgcolor=\"#f2f2f2\" width=\"191\" height=\"9\"><b>ERDF funds<\/b><\/td>\n<td width=\"416\"><span lang=\"sl-SI\">438,461.66 EUR<\/span><\/td>\n<\/tr>\n<tr>\n<td bgcolor=\"#f2f2f2\" width=\"191\" height=\"9\"><b>Project duration <\/b><\/p>\n<p><b>(month\/year \u2013 month\/year)<\/b><\/td>\n<td width=\"416\">\n<p lang=\"sl-SI\">1.2.2015 &#8211; 29.4.2016<\/p>\n<\/td>\n<\/tr>\n<tr>\n<td bgcolor=\"#f2f2f2\" width=\"191\" height=\"9\"><b>Lead partner<\/b><\/td>\n<td width=\"416\">\n<p lang=\"sl-SI\" align=\"JUSTIFY\">REGIONALNI RAZVOJNI CENTER KOPER CENTRO REGIONALE DI SVILUPPO CAPODISTRIA<\/p>\n<\/td>\n<\/tr>\n<tr>\n<td bgcolor=\"#f2f2f2\" width=\"191\" height=\"9\"><b>Partners<\/b><\/td>\n<td width=\"416\">\n<p lang=\"sl-SI\" align=\"JUSTIFY\">&#8220;Sredi\u0161\u010de Rotunda, Koper<\/p>\n<p lang=\"sl-SI\" align=\"JUSTIFY\">RRA Zeleni Kras, d.o.o.<\/p>\n<p lang=\"sl-SI\" align=\"JUSTIFY\">Razvojni center Novo mesto d.o.o.<\/p>\n<p lang=\"sl-SI\" align=\"JUSTIFY\">Regionalna razvojna agencija Posavje<\/p>\n<p lang=\"sl-SI\" align=\"JUSTIFY\">Istarska razvojna agencija d.o.o.<\/p>\n<p lang=\"sl-SI\" align=\"JUSTIFY\">Razvojna agencija Karlova\u010dke \u017eupanije \u2013 KARLA d.o.o.<\/p>\n<p><span lang=\"sl-SI\">Rije\u010dka razvojna agencija Porin d.o.o. <\/span><\/td>\n<\/tr>\n<tr>\n<td bgcolor=\"#f2f2f2\" width=\"191\" height=\"9\"><b>Regions <\/b><b>involved<\/b><\/td>\n<td width=\"416\">\n<p align=\"JUSTIFY\"><a name=\"_GoBack\"><\/a><span lang=\"sl-SI\">HR: Primorsko \u2013 goranska \u017eupanija, Istarska \u017eupanija, Karlova\u010dka \u017eupanija<\/span><\/p>\n<p align=\"JUSTIFY\"><span lang=\"sl-SI\">SI: Obalno-kra\u0161ka regija, Primorsko-notranjska regija, Jugovzhodna Slovenija, Posavska regija<\/span><\/p>\n<\/td>\n<\/tr>\n<tr>\n<td bgcolor=\"#f2f2f2\" width=\"191\" height=\"8\"><b>Website<\/b><\/td>\n<td width=\"416\"><span lang=\"sl-SI\">HR: <\/span><span style=\"color: #0000ff;\"><u><a href=\"http:\/\/slohra-socio.net\/hr\/\"><span lang=\"sl-SI\">http:\/\/slohra-socio.net\/hr\/<\/span><\/a><\/u><\/span><\/p>\n<p><span lang=\"sl-SI\">SI: <\/span><span style=\"color: #0000ff;\"><u><a href=\"http:\/\/slohra-socio.net\/\"><span lang=\"sl-SI\">http:\/\/slohra-socio.net\/<\/span><\/a><\/u><\/span><\/td>\n<\/tr>\n<\/tbody>\n<\/table>\n<\/div><\/section><br \/>\n<section  class='av_textblock_section av-av_textblock-0366cc7376be6c9e82a3e9cc8987b64f'  itemscope=\"itemscope\" itemtype=\"https:\/\/schema.org\/CreativeWork\" ><div class='avia_textblock'  itemprop=\"text\" ><p align=\"JUSTIFY\"><i><b>Key results and performed activities <\/b><\/i><i>(quantitative results; max. 3 &#8211; 5)<\/i><\/p>\n<p align=\"JUSTIFY\">1.838 educated and informed potential founders of social enterprises;<\/p>\n<p align=\"JUSTIFY\">28 educated promoters of social entrepreneurship;<\/p>\n<p align=\"JUSTIFY\"><span lang=\"sl-SI\">186.908 <\/span><span lang=\"en-GB\">people in general public informed.<\/span><\/p>\n<\/div><\/section><\/p><\/div>\n<style type=\"text\/css\" data-created_by=\"avia_inline_auto\" id=\"style-css-av-av_image-4a9429093233d04a994be4da06f2bb3c\">\n.avia-image-container.av-av_image-4a9429093233d04a994be4da06f2bb3c .av-image-caption-overlay-center{\ncolor:#ffffff;\n}\n<\/style>\n<div  class='avia-image-container av-av_image-4a9429093233d04a994be4da06f2bb3c av-styling- avia-align-center  avia-builder-el-9  el_after_av_one_half  avia-builder-el-last '  itemprop=\"image\" itemscope=\"itemscope\" itemtype=\"https:\/\/schema.org\/ImageObject\" ><div class=\"avia-image-container-inner\"><div class=\"avia-image-overlay-wrap\"><img decoding=\"async\" class='wp-image-1734 avia-img-lazy-loading-not-1734 avia_image' src=\"http:\/\/www.si-hr.eu\/en2\/wp-content\/uploads\/sites\/12\/2016\/11\/SLOHRA-SOCIONET-LOGO-300x134.png\" alt='' title='SLOHRA SOCIONET LOGO'  height=\"134\" width=\"300\"  itemprop=\"thumbnailUrl\" srcset=\"http:\/\/www.si-hr.eu\/en2\/wp-content\/uploads\/sites\/12\/2016\/11\/SLOHRA-SOCIONET-LOGO-300x134.png 300w, http:\/\/www.si-hr.eu\/en2\/wp-content\/uploads\/sites\/12\/2016\/11\/SLOHRA-SOCIONET-LOGO-1030x461.png 1030w, http:\/\/www.si-hr.eu\/en2\/wp-content\/uploads\/sites\/12\/2016\/11\/SLOHRA-SOCIONET-LOGO-600x269.png 600w, http:\/\/www.si-hr.eu\/en2\/wp-content\/uploads\/sites\/12\/2016\/11\/SLOHRA-SOCIONET-LOGO-705x316.png 705w, http:\/\/www.si-hr.eu\/en2\/wp-content\/uploads\/sites\/12\/2016\/11\/SLOHRA-SOCIONET-LOGO-450x202.png 450w, http:\/\/www.si-hr.eu\/en2\/wp-content\/uploads\/sites\/12\/2016\/11\/SLOHRA-SOCIONET-LOGO.png 1067w\" sizes=\"(max-width: 300px) 100vw, 300px\" \/><\/div><\/div><\/div><\/p>\n","protected":false},"excerpt":{"rendered":"","protected":false},"author":3,"featured_media":0,"parent":1373,"menu_order":0,"comment_status":"closed","ping_status":"closed","template":"","meta":{"ngg_post_thumbnail":0},"acf":[],"_links":{"self":[{"href":"http:\/\/www.si-hr.eu\/en2\/wp-json\/wp\/v2\/pages\/1733"}],"collection":[{"href":"http:\/\/www.si-hr.eu\/en2\/wp-json\/wp\/v2\/pages"}],"about":[{"href":"http:\/\/www.si-hr.eu\/en2\/wp-json\/wp\/v2\/types\/page"}],"author":[{"embeddable":true,"href":"http:\/\/www.si-hr.eu\/en2\/wp-json\/wp\/v2\/users\/3"}],"replies":[{"embeddable":true,"href":"http:\/\/www.si-hr.eu\/en2\/wp-json\/wp\/v2\/comments?post=1733"}],"version-history":[{"count":1,"href":"http:\/\/www.si-hr.eu\/en2\/wp-json\/wp\/v2\/pages\/1733\/revisions"}],"predecessor-version":[{"id":1736,"href":"http:\/\/www.si-hr.eu\/en2\/wp-json\/wp\/v2\/pages\/1733\/revisions\/1736"}],"up":[{"embeddable":true,"href":"http:\/\/www.si-hr.eu\/en2\/wp-json\/wp\/v2\/pages\/1373"}],"wp:attachment":[{"href":"http:\/\/www.si-hr.eu\/en2\/wp-json\/wp\/v2\/media?parent=1733"}],"curies":[{"name":"wp","href":"https:\/\/api.w.org\/{rel}","templated":true}]}}