{"id":1748,"date":"2016-11-25T15:02:15","date_gmt":"2016-11-25T14:02:15","guid":{"rendered":"http:\/\/www.si-hr.eu\/en2\/?page_id=1748"},"modified":"2016-11-25T15:02:15","modified_gmt":"2016-11-25T14:02:15","slug":"mura-drava-bike","status":"publish","type":"page","link":"http:\/\/www.si-hr.eu\/en2\/map\/mura-drava-bike\/","title":{"rendered":"MURA-DRAVA.BIKE"},"content":{"rendered":"\n<style type=\"text\/css\" data-created_by=\"avia_inline_auto\" id=\"style-css-av-av_one_full-352b07ef7d3bc99b2e9f92e7a9e06bdb\">\n.flex_column.av-av_one_full-352b07ef7d3bc99b2e9f92e7a9e06bdb{\nborder-radius:0px 0px 0px 0px;\n-webkit-border-radius:0px 0px 0px 0px;\n-moz-border-radius:0px 0px 0px 0px;\n}\n<\/style>\n<div class='flex_column av-av_one_full-352b07ef7d3bc99b2e9f92e7a9e06bdb av_one_full  avia-builder-el-0  el_before_av_one_half  avia-builder-el-first  first flex_column_div av-zero-column-padding '   ><style type=\"text\/css\" data-created_by=\"avia_inline_auto\" id=\"style-css-av-av_heading-7d430f23629916435636abdf5a09bb7f\">\n#top .av-special-heading.av-av_heading-7d430f23629916435636abdf5a09bb7f{\npadding-bottom:10px;\n}\nbody .av-special-heading.av-av_heading-7d430f23629916435636abdf5a09bb7f .av-special-heading-tag .heading-char{\nfont-size:25px;\n}\n.av-special-heading.av-av_heading-7d430f23629916435636abdf5a09bb7f .av-subheading{\nfont-size:15px;\n}\n<\/style>\n<div  class='av-special-heading av-av_heading-7d430f23629916435636abdf5a09bb7f av-special-heading-h3 blockquote modern-quote modern-centered  avia-builder-el-1  avia-builder-el-no-sibling '><h3 class='av-special-heading-tag'  itemprop=\"headline\"  >ECONOMIC AND SOCIAL DEVELOPMENT<br \/>\nTOURISM AND RURAL DEVELOPMENT<\/h3><div class=\"special-heading-border\"><div class=\"special-heading-inner-border\"><\/div><\/div><\/div><\/div>\n<style type=\"text\/css\" data-created_by=\"avia_inline_auto\" id=\"style-css-av-av_one_half-352b07ef7d3bc99b2e9f92e7a9e06bdb\">\n.flex_column.av-av_one_half-352b07ef7d3bc99b2e9f92e7a9e06bdb{\nborder-radius:0px 0px 0px 0px;\n-webkit-border-radius:0px 0px 0px 0px;\n-moz-border-radius:0px 0px 0px 0px;\n}\n<\/style>\n<div class='flex_column av-av_one_half-352b07ef7d3bc99b2e9f92e7a9e06bdb av_one_half  avia-builder-el-2  el_after_av_one_full  el_before_av_one_half  first flex_column_div av-zero-column-padding column-top-margin'   ><p>\n<style type=\"text\/css\" data-created_by=\"avia_inline_auto\" id=\"style-css-av-av_image-6f9a5891a7554b2f20c731a68ceded40\">\n.avia-image-container.av-av_image-6f9a5891a7554b2f20c731a68ceded40 .av-image-caption-overlay-center{\ncolor:#ffffff;\n}\n<\/style>\n<div  class='avia-image-container av-av_image-6f9a5891a7554b2f20c731a68ceded40 av-styling- avia-align-center  avia-builder-el-3  el_before_av_textblock  avia-builder-el-first '  itemprop=\"image\" itemscope=\"itemscope\" itemtype=\"https:\/\/schema.org\/ImageObject\" ><div class=\"avia-image-container-inner\"><div class=\"avia-image-overlay-wrap\"><img decoding=\"async\" class='wp-image-1750 avia-img-lazy-loading-not-1750 avia_image' src=\"http:\/\/www.si-hr.eu\/en2\/wp-content\/uploads\/sites\/12\/2016\/11\/MURA-DRAVA-BIKE.jpg\" alt='' title='MURA DRAVA BIKE'  height=\"480\" width=\"640\"  itemprop=\"thumbnailUrl\" srcset=\"http:\/\/www.si-hr.eu\/en2\/wp-content\/uploads\/sites\/12\/2016\/11\/MURA-DRAVA-BIKE.jpg 640w, http:\/\/www.si-hr.eu\/en2\/wp-content\/uploads\/sites\/12\/2016\/11\/MURA-DRAVA-BIKE-300x225.jpg 300w, http:\/\/www.si-hr.eu\/en2\/wp-content\/uploads\/sites\/12\/2016\/11\/MURA-DRAVA-BIKE-600x450.jpg 600w, http:\/\/www.si-hr.eu\/en2\/wp-content\/uploads\/sites\/12\/2016\/11\/MURA-DRAVA-BIKE-450x338.jpg 450w\" sizes=\"(max-width: 640px) 100vw, 640px\" \/><\/div><\/div><\/div><br \/>\n<section  class='av_textblock_section av-av_textblock-0366cc7376be6c9e82a3e9cc8987b64f'  itemscope=\"itemscope\" itemtype=\"https:\/\/schema.org\/CreativeWork\" ><div class='avia_textblock'  itemprop=\"text\" ><p align=\"CENTER\"><b>MURA-DRAVA.BIKE<\/b><\/p>\n<\/div><\/section><br \/>\n<section  class='av_textblock_section av-av_textblock-0366cc7376be6c9e82a3e9cc8987b64f'  itemscope=\"itemscope\" itemtype=\"https:\/\/schema.org\/CreativeWork\" ><div class='avia_textblock'  itemprop=\"text\" ><p><i><b>Project summary <\/b><\/i><\/p>\n<p align=\"JUSTIFY\">With this project we wanted to establish a cross-border integrated tourist product, a common market, and to attach on the existing bike paths in Austria Mura-Drava and to the involved hinterland regions, setting up a cross-border tourist destination on the tourist map, which will be recognized as a destination for active rest and sustainable tourism in the area of \u200b\u200bcross-border region of partner organizations. The specific objective of the project was the establishment of an attractive cross-border tourist destination along the Mura and Drava river. This project enabled the continuation of &#8220;Murradweg&#8221; and &#8220;Drauradweg&#8221; and took advantage of (market) potential of existing trails, which were richer in the past. The project also fills a void that connects the river bike trails to the bike trails across Danube river. The resultant transverse bike trail is interesting in the wider European (and global) areas, and can be included on the list of bike trails in Europe that can offer exciting multi-day tourist product. This bicycle route became a trademark (&#8220;branding&#8221;), which will attract riders who like long tours. At the same time, the bike trail has become &#8220;the backbone&#8221;, which is interesting for a team of &#8220;hub&#8221; cyclists; located in one area, using daily, round tours. By doing so, the project has developed tourism products, which are primarily related to cycling (e.g. connection with rafting, riding, cultural tourism, etc.), but can also be used independently. The implementation of the project has created a large documented base of natural and cultural attractions of the (project) area, which can be used for various other purposes.<\/p>\n<\/div><\/section><\/p><\/div>\n<style type=\"text\/css\" data-created_by=\"avia_inline_auto\" id=\"style-css-av-av_one_half-2a64de42b738552fe666ca889af77e28\">\n.flex_column.av-av_one_half-2a64de42b738552fe666ca889af77e28{\nborder-radius:0px 0px 0px 0px;\n-webkit-border-radius:0px 0px 0px 0px;\n-moz-border-radius:0px 0px 0px 0px;\n}\n<\/style>\n<div class='flex_column av-av_one_half-2a64de42b738552fe666ca889af77e28 av_one_half  avia-builder-el-6  el_after_av_one_half  el_before_av_image  flex_column_div av-zero-column-padding column-top-margin'   ><section  class='av_textblock_section av-av_textblock-0366cc7376be6c9e82a3e9cc8987b64f'  itemscope=\"itemscope\" itemtype=\"https:\/\/schema.org\/CreativeWork\" ><div class='avia_textblock'  itemprop=\"text\" ><table border=\"1\" width=\"637\" cellspacing=\"0\" cellpadding=\"7\">\n<colgroup>\n<col width=\"191\" \/>\n<col width=\"416\" \/> <\/colgroup>\n<tbody>\n<tr>\n<td bgcolor=\"#f2f2f2\" width=\"191\" height=\"8\"><b>Project title<\/b><\/td>\n<td width=\"416\">Mura-Drava cycling route<\/td>\n<\/tr>\n<tr>\n<td bgcolor=\"#f2f2f2\" width=\"191\" height=\"9\"><b>ERDF funds<\/b><\/td>\n<td width=\"416\">1,494,503.48 EUR<\/td>\n<\/tr>\n<tr>\n<td bgcolor=\"#f2f2f2\" width=\"191\" height=\"9\"><b>Project duration <\/b><\/p>\n<p><b>(month\/year \u2013 month\/year)<\/b><\/td>\n<td width=\"416\">1.4.2009 &#8211; 31.5.2012<\/td>\n<\/tr>\n<tr>\n<td bgcolor=\"#f2f2f2\" width=\"191\" height=\"9\"><b>Lead partner<\/b><\/td>\n<td width=\"416\">Regionalna razvojna agencija Mura d.o.o.<\/td>\n<\/tr>\n<tr>\n<td bgcolor=\"#f2f2f2\" width=\"191\" height=\"9\"><b>Partners<\/b><\/td>\n<td width=\"416\">Center za zdravje in razvoj Murska Sobota<\/p>\n<p>Prle\u0161ka razvojna agencija<\/p>\n<p>GIZ<\/p>\n<p>Znanstvenoraziskovalno sredi\u0161\u010de Bistra Ptuj<\/p>\n<p>Turisti\u010dka zajednica Me\u0111imurkske \u017eu\u0161anije<\/p>\n<p>Regionalna razvojna agencija Me\u0111imurje REDEA d.o.o.<\/p>\n<p>Razvojna agencija Grada \u010cakovca &#8211; \u010cAKRA d.o.o.<\/p>\n<p>Turisti\u010dka zajednica Vara\u017edinske \u017eupanije<\/p>\n<p>Vara\u017edinska \u017eupanija<\/p>\n<p>Mariborska razvojna agencija<\/td>\n<\/tr>\n<tr>\n<td bgcolor=\"#f2f2f2\" width=\"191\" height=\"9\"><b>Regions involved<\/b><\/td>\n<td width=\"416\">SI: Pomurska regija, Podravska regija<\/p>\n<p>CRO: Me\u0111imurska \u017eupanija, Podravska \u017eupanija<\/td>\n<\/tr>\n<tr>\n<td bgcolor=\"#f2f2f2\" width=\"191\" height=\"8\"><b>Website<\/b><\/td>\n<td width=\"416\">SI: <span style=\"color: #0000ff;\"><u><a href=\"http:\/\/www.mura-drava.eu\/\">http:\/\/www.mura-drava.eu\/<\/a><\/u><\/span><\/p>\n<p>CRO : <span style=\"color: #0000ff;\"><u><a href=\"http:\/\/www.mura-drava.eu\/hr\">http:\/\/www.mura-drava.eu\/hr<\/a><\/u><\/span><\/p>\n<p>EN : <span style=\"color: #0000ff;\"><u><a href=\"http:\/\/www.mura-drava.eu\/en\">http:\/\/www.mura-drava.eu\/en<\/a><\/u><\/span><\/td>\n<\/tr>\n<\/tbody>\n<\/table>\n<\/div><\/section><br \/>\n<section  class='av_textblock_section av-av_textblock-0366cc7376be6c9e82a3e9cc8987b64f'  itemscope=\"itemscope\" itemtype=\"https:\/\/schema.org\/CreativeWork\" ><div class='avia_textblock'  itemprop=\"text\" ><p><i><b>Key results and performed activities <\/b><\/i><i>(quantitative results; max. 3 &#8211; 5)<\/i><\/p>\n<p>120 kilometers of marked bike trails;<\/p>\n<p>1 mura-drava.eu webpage;<\/p>\n<p>1 prepared construction documents for the 80 km of bicycle trails;<\/p>\n<p>16 rest areas for cyclists.<\/p>\n<\/div><\/section><\/p><\/div>\n<style type=\"text\/css\" data-created_by=\"avia_inline_auto\" id=\"style-css-av-av_image-b9045f1a61e84a1e0e50bf6f66f81e03\">\n.avia-image-container.av-av_image-b9045f1a61e84a1e0e50bf6f66f81e03 .av-image-caption-overlay-center{\ncolor:#ffffff;\n}\n<\/style>\n<div  class='avia-image-container av-av_image-b9045f1a61e84a1e0e50bf6f66f81e03 av-styling- avia-align-center  avia-builder-el-9  el_after_av_one_half  avia-builder-el-last '  itemprop=\"image\" itemscope=\"itemscope\" itemtype=\"https:\/\/schema.org\/ImageObject\" ><div class=\"avia-image-container-inner\"><div class=\"avia-image-overlay-wrap\"><img decoding=\"async\" class='wp-image-1749 avia-img-lazy-loading-not-1749 avia_image' src=\"http:\/\/www.si-hr.eu\/en2\/wp-content\/uploads\/sites\/12\/2016\/11\/MURA-DRAVA-BIKE-logo.png\" alt='' title='MURA DRAVA BIKE logo'  height=\"115\" width=\"283\"  itemprop=\"thumbnailUrl\"  \/><\/div><\/div><\/div><\/p>\n","protected":false},"excerpt":{"rendered":"","protected":false},"author":3,"featured_media":0,"parent":1373,"menu_order":0,"comment_status":"closed","ping_status":"closed","template":"","meta":{"ngg_post_thumbnail":0},"acf":[],"_links":{"self":[{"href":"http:\/\/www.si-hr.eu\/en2\/wp-json\/wp\/v2\/pages\/1748"}],"collection":[{"href":"http:\/\/www.si-hr.eu\/en2\/wp-json\/wp\/v2\/pages"}],"about":[{"href":"http:\/\/www.si-hr.eu\/en2\/wp-json\/wp\/v2\/types\/page"}],"author":[{"embeddable":true,"href":"http:\/\/www.si-hr.eu\/en2\/wp-json\/wp\/v2\/users\/3"}],"replies":[{"embeddable":true,"href":"http:\/\/www.si-hr.eu\/en2\/wp-json\/wp\/v2\/comments?post=1748"}],"version-history":[{"count":1,"href":"http:\/\/www.si-hr.eu\/en2\/wp-json\/wp\/v2\/pages\/1748\/revisions"}],"predecessor-version":[{"id":1751,"href":"http:\/\/www.si-hr.eu\/en2\/wp-json\/wp\/v2\/pages\/1748\/revisions\/1751"}],"up":[{"embeddable":true,"href":"http:\/\/www.si-hr.eu\/en2\/wp-json\/wp\/v2\/pages\/1373"}],"wp:attachment":[{"href":"http:\/\/www.si-hr.eu\/en2\/wp-json\/wp\/v2\/media?parent=1748"}],"curies":[{"name":"wp","href":"https:\/\/api.w.org\/{rel}","templated":true}]}}