{"id":1752,"date":"2016-11-25T15:21:11","date_gmt":"2016-11-25T14:21:11","guid":{"rendered":"http:\/\/www.si-hr.eu\/en2\/?page_id=1752"},"modified":"2016-11-25T15:21:11","modified_gmt":"2016-11-25T14:21:11","slug":"mladiekoin-youngecoin","status":"publish","type":"page","link":"http:\/\/www.si-hr.eu\/en2\/map\/mladiekoin-youngecoin\/","title":{"rendered":"MLADIEKOIN  &#8211; \u201cYOUNGECOIN\u201d"},"content":{"rendered":"\n<style type=\"text\/css\" data-created_by=\"avia_inline_auto\" id=\"style-css-av-av_one_full-352b07ef7d3bc99b2e9f92e7a9e06bdb\">\n.flex_column.av-av_one_full-352b07ef7d3bc99b2e9f92e7a9e06bdb{\nborder-radius:0px 0px 0px 0px;\n-webkit-border-radius:0px 0px 0px 0px;\n-moz-border-radius:0px 0px 0px 0px;\n}\n<\/style>\n<div class='flex_column av-av_one_full-352b07ef7d3bc99b2e9f92e7a9e06bdb av_one_full  avia-builder-el-0  el_before_av_one_half  avia-builder-el-first  first flex_column_div av-zero-column-padding '   ><style type=\"text\/css\" data-created_by=\"avia_inline_auto\" id=\"style-css-av-av_heading-6270d89dc18efe808324dc27839f1ab2\">\n#top .av-special-heading.av-av_heading-6270d89dc18efe808324dc27839f1ab2{\npadding-bottom:10px;\n}\nbody .av-special-heading.av-av_heading-6270d89dc18efe808324dc27839f1ab2 .av-special-heading-tag .heading-char{\nfont-size:25px;\n}\n.av-special-heading.av-av_heading-6270d89dc18efe808324dc27839f1ab2 .av-subheading{\nfont-size:15px;\n}\n<\/style>\n<div  class='av-special-heading av-av_heading-6270d89dc18efe808324dc27839f1ab2 av-special-heading-h3 blockquote modern-quote modern-centered  avia-builder-el-1  avia-builder-el-no-sibling '><h3 class='av-special-heading-tag'  itemprop=\"headline\"  >ECONOMIC AND SOCIAL DEVELOPMENT<br \/>\nDEVELOPMENT OF ENTREPRENEURSHIP<\/h3><div class=\"special-heading-border\"><div class=\"special-heading-inner-border\"><\/div><\/div><\/div><\/div>\n<style type=\"text\/css\" data-created_by=\"avia_inline_auto\" id=\"style-css-av-av_one_half-352b07ef7d3bc99b2e9f92e7a9e06bdb\">\n.flex_column.av-av_one_half-352b07ef7d3bc99b2e9f92e7a9e06bdb{\nborder-radius:0px 0px 0px 0px;\n-webkit-border-radius:0px 0px 0px 0px;\n-moz-border-radius:0px 0px 0px 0px;\n}\n<\/style>\n<div class='flex_column av-av_one_half-352b07ef7d3bc99b2e9f92e7a9e06bdb av_one_half  avia-builder-el-2  el_after_av_one_full  el_before_av_one_half  first flex_column_div av-zero-column-padding column-top-margin'   ><p>\n<style type=\"text\/css\" data-created_by=\"avia_inline_auto\" id=\"style-css-av-av_image-d449020d2237c146af25ae4ea66912f0\">\n.avia-image-container.av-av_image-d449020d2237c146af25ae4ea66912f0 .av-image-caption-overlay-center{\ncolor:#ffffff;\n}\n<\/style>\n<div  class='avia-image-container av-av_image-d449020d2237c146af25ae4ea66912f0 av-styling- avia-align-center  avia-builder-el-3  el_before_av_textblock  avia-builder-el-first '  itemprop=\"image\" itemscope=\"itemscope\" itemtype=\"https:\/\/schema.org\/ImageObject\" ><div class=\"avia-image-container-inner\"><div class=\"avia-image-overlay-wrap\"><img decoding=\"async\" class='wp-image-1754 avia-img-lazy-loading-not-1754 avia_image' src=\"http:\/\/www.si-hr.eu\/en2\/wp-content\/uploads\/sites\/12\/2016\/11\/MLADIEKOIN-1030x680.jpg\" alt='' title='MLADIEKOIN'  height=\"680\" width=\"1030\"  itemprop=\"thumbnailUrl\" srcset=\"http:\/\/www.si-hr.eu\/en2\/wp-content\/uploads\/sites\/12\/2016\/11\/MLADIEKOIN-1030x680.jpg 1030w, http:\/\/www.si-hr.eu\/en2\/wp-content\/uploads\/sites\/12\/2016\/11\/MLADIEKOIN-300x198.jpg 300w, http:\/\/www.si-hr.eu\/en2\/wp-content\/uploads\/sites\/12\/2016\/11\/MLADIEKOIN-600x396.jpg 600w, http:\/\/www.si-hr.eu\/en2\/wp-content\/uploads\/sites\/12\/2016\/11\/MLADIEKOIN-705x465.jpg 705w, http:\/\/www.si-hr.eu\/en2\/wp-content\/uploads\/sites\/12\/2016\/11\/MLADIEKOIN-450x297.jpg 450w, http:\/\/www.si-hr.eu\/en2\/wp-content\/uploads\/sites\/12\/2016\/11\/MLADIEKOIN.jpg 1170w\" sizes=\"(max-width: 1030px) 100vw, 1030px\" \/><\/div><\/div><\/div><br \/>\n<section  class='av_textblock_section av-av_textblock-0366cc7376be6c9e82a3e9cc8987b64f'  itemscope=\"itemscope\" itemtype=\"https:\/\/schema.org\/CreativeWork\" ><div class='avia_textblock'  itemprop=\"text\" ><p align=\"CENTER\"><b>MLADIEKOIN &#8211; \u201cYOUNGECOIN\u201d<\/b><\/p>\n<\/div><\/section><br \/>\n<section  class='av_textblock_section av-av_textblock-0366cc7376be6c9e82a3e9cc8987b64f'  itemscope=\"itemscope\" itemtype=\"https:\/\/schema.org\/CreativeWork\" ><div class='avia_textblock'  itemprop=\"text\" ><p><i><b>Project summary <\/b><\/i><\/p>\n<p align=\"JUSTIFY\">Specific cross-border objectives of the project were: to encourage young people to develop new projects in eco-innovation and cross-border cooperation; the integration of Slovenian and Croatian youth groups and cooperation on common objectives, and to promote the exchange of experiences, cultures between them; to develop a number of ideas in the field of eco-innovation, which will be ready for implementation by both sides of the border; the integration of innovative entrepreneurs in consortia, and connect with their cross-border counterparts, to exchange views on innovation and eco-innovation; consortium mentors on both sides of the border and to develop a common methodology, entrepreneurial circles, convenient for both sides; and ready to expand to other border areas; and to establish a system of entrepreneurial circles, which joined with an innovative consortium of businesses, will continue to produce a series of ideas. Direct effects of the project were: methodology and development of business plans via the Internet for SLOHRA area; a designed guide for young people to develop business plans for the SLOHRA area; a contract on the establishment of a consortium SLOHRA; setup of e-forums for young people on the project website; organized project sites in Koper and Rijeka; a plenary forum Novo Mesto; mentors trained to animate young people to develop business plans; young people involved in education; contracts on the sustainability of the project and project ideas of the cross-border eco-innovative products.<\/p>\n<\/div><\/section><\/p><\/div>\n<style type=\"text\/css\" data-created_by=\"avia_inline_auto\" id=\"style-css-av-av_one_half-2a64de42b738552fe666ca889af77e28\">\n.flex_column.av-av_one_half-2a64de42b738552fe666ca889af77e28{\nborder-radius:0px 0px 0px 0px;\n-webkit-border-radius:0px 0px 0px 0px;\n-moz-border-radius:0px 0px 0px 0px;\n}\n<\/style>\n<div class='flex_column av-av_one_half-2a64de42b738552fe666ca889af77e28 av_one_half  avia-builder-el-6  el_after_av_one_half  el_before_av_image  flex_column_div av-zero-column-padding column-top-margin'   ><section  class='av_textblock_section av-av_textblock-0366cc7376be6c9e82a3e9cc8987b64f'  itemscope=\"itemscope\" itemtype=\"https:\/\/schema.org\/CreativeWork\" ><div class='avia_textblock'  itemprop=\"text\" ><table border=\"1\" width=\"642\" cellspacing=\"0\" cellpadding=\"7\">\n<colgroup>\n<col width=\"106\" \/>\n<col width=\"507\" \/> <\/colgroup>\n<tbody>\n<tr>\n<td bgcolor=\"#f2f2f2\" width=\"106\" height=\"8\"><b>Project title<\/b><\/td>\n<td width=\"507\">SLOHRA E-young together in eco-inventiveness<\/td>\n<\/tr>\n<tr>\n<td bgcolor=\"#f2f2f2\" width=\"106\" height=\"9\"><b>ERDF funds<\/b><\/td>\n<td width=\"507\">484,563.07 EUR<\/td>\n<\/tr>\n<tr>\n<td bgcolor=\"#f2f2f2\" width=\"106\" height=\"9\"><b>Project duration <\/b><\/p>\n<p><b>(month\/year \u2013 month\/year)<\/b><\/td>\n<td width=\"507\">1.4.2011-31.3.2013<\/td>\n<\/tr>\n<tr>\n<td bgcolor=\"#f2f2f2\" width=\"106\" height=\"9\"><b>Lead partner<\/b><\/td>\n<td width=\"507\">Razvojni center Novo mesto, d.o.o.<\/td>\n<\/tr>\n<tr>\n<td bgcolor=\"#f2f2f2\" width=\"106\" height=\"9\"><b>Partners<\/b><\/td>\n<td width=\"507\">Regionalni razvojni center Koper<\/p>\n<p>RRA Notranjsko-kra\u0161ke regije d.o.o.<\/p>\n<p>Istarska razvojna agencija (IDA) d.o.o.<\/p>\n<p>Regionalna razvojna agencija Porin<\/p>\n<p>Razvojna agencija Karlova\u010dke \u017dupanije d.o.o.<\/td>\n<\/tr>\n<tr>\n<td bgcolor=\"#f2f2f2\" width=\"106\" height=\"9\"><b>Regions involved<\/b><\/td>\n<td width=\"507\">SI: Jugovzhodna Slovenija, Primorsko-notranjska regija, Obalno-kra\u0161ka regija<\/p>\n<p>CRO: Istarska \u017eupanija, Karlova\u010dka \u017eupanija<\/td>\n<\/tr>\n<tr>\n<td bgcolor=\"#f2f2f2\" width=\"106\" height=\"8\"><b>Website<\/b><\/td>\n<td width=\"507\"><span lang=\"fr-FR\">SI: <\/span><span style=\"color: #0000ff;\"><u><a href=\"http:\/\/www.rc-nm.si\/Projekti\/ProjektMLADIEKOIN\/Kratekopis.aspx\"><span lang=\"fr-FR\">http:\/\/www.rc-nm.si\/Projekti\/ProjektMLADIEKOIN\/Kratekopis.aspx<\/span><\/a><\/u><\/span><\/p>\n<p><span lang=\"fr-FR\">CRO: <\/span><span style=\"color: #0000ff;\"><u><a href=\"http:\/\/www.ida.hr\/index.php?id=60&amp;tx_ttnews%5BbackPid%5D=23&amp;tx_ttnews%5Btt_news%5D=900&amp;cHash=228b6ec94fc200943d586c22ba6f7d4b\"><span lang=\"fr-FR\">http:\/\/www.ida.hr\/index.php?id=60&amp;tx_ttnews%5BbackPid%5D=23&amp;tx_ttnews%5Btt_news%5D=900&amp;cHash=228b6ec94fc200943d586c22ba6f7d4b<\/span><\/a><\/u><\/span><\/td>\n<\/tr>\n<\/tbody>\n<\/table>\n<\/div><\/section><br \/>\n<section  class='av_textblock_section av-av_textblock-0366cc7376be6c9e82a3e9cc8987b64f'  itemscope=\"itemscope\" itemtype=\"https:\/\/schema.org\/CreativeWork\" ><div class='avia_textblock'  itemprop=\"text\" ><p><i><b>Key results and performed activities <\/b><\/i><i>(quantitative results; max. 3 &#8211; 5)<\/i><\/p>\n<p>200 young people involved in the project;<\/p>\n<p>345 conducted business circles;<\/p>\n<p>23 made business plans for eco-innovative products.<\/p>\n<\/div><\/section><\/p><\/div>\n<style type=\"text\/css\" data-created_by=\"avia_inline_auto\" id=\"style-css-av-av_image-cc5a31633cb4c1b5e43d4e9a9877bbec\">\n.avia-image-container.av-av_image-cc5a31633cb4c1b5e43d4e9a9877bbec .av-image-caption-overlay-center{\ncolor:#ffffff;\n}\n<\/style>\n<div  class='avia-image-container av-av_image-cc5a31633cb4c1b5e43d4e9a9877bbec av-styling- avia-align-center  avia-builder-el-9  el_after_av_one_half  avia-builder-el-last '  itemprop=\"image\" itemscope=\"itemscope\" itemtype=\"https:\/\/schema.org\/ImageObject\" ><div class=\"avia-image-container-inner\"><div class=\"avia-image-overlay-wrap\"><img decoding=\"async\" class='wp-image-1753 avia-img-lazy-loading-not-1753 avia_image' src=\"http:\/\/www.si-hr.eu\/en2\/wp-content\/uploads\/sites\/12\/2016\/11\/MLADIEKOIN-logo-300x90.jpg\" alt='' title='MLADIEKOIN logo'  height=\"90\" width=\"300\"  itemprop=\"thumbnailUrl\" srcset=\"http:\/\/www.si-hr.eu\/en2\/wp-content\/uploads\/sites\/12\/2016\/11\/MLADIEKOIN-logo-300x90.jpg 300w, http:\/\/www.si-hr.eu\/en2\/wp-content\/uploads\/sites\/12\/2016\/11\/MLADIEKOIN-logo-600x179.jpg 600w, http:\/\/www.si-hr.eu\/en2\/wp-content\/uploads\/sites\/12\/2016\/11\/MLADIEKOIN-logo-705x211.jpg 705w, http:\/\/www.si-hr.eu\/en2\/wp-content\/uploads\/sites\/12\/2016\/11\/MLADIEKOIN-logo-450x135.jpg 450w, http:\/\/www.si-hr.eu\/en2\/wp-content\/uploads\/sites\/12\/2016\/11\/MLADIEKOIN-logo.jpg 990w\" sizes=\"(max-width: 300px) 100vw, 300px\" \/><\/div><\/div><\/div><\/p>\n","protected":false},"excerpt":{"rendered":"","protected":false},"author":3,"featured_media":0,"parent":1373,"menu_order":0,"comment_status":"closed","ping_status":"closed","template":"","meta":{"ngg_post_thumbnail":0},"acf":[],"_links":{"self":[{"href":"http:\/\/www.si-hr.eu\/en2\/wp-json\/wp\/v2\/pages\/1752"}],"collection":[{"href":"http:\/\/www.si-hr.eu\/en2\/wp-json\/wp\/v2\/pages"}],"about":[{"href":"http:\/\/www.si-hr.eu\/en2\/wp-json\/wp\/v2\/types\/page"}],"author":[{"embeddable":true,"href":"http:\/\/www.si-hr.eu\/en2\/wp-json\/wp\/v2\/users\/3"}],"replies":[{"embeddable":true,"href":"http:\/\/www.si-hr.eu\/en2\/wp-json\/wp\/v2\/comments?post=1752"}],"version-history":[{"count":1,"href":"http:\/\/www.si-hr.eu\/en2\/wp-json\/wp\/v2\/pages\/1752\/revisions"}],"predecessor-version":[{"id":1755,"href":"http:\/\/www.si-hr.eu\/en2\/wp-json\/wp\/v2\/pages\/1752\/revisions\/1755"}],"up":[{"embeddable":true,"href":"http:\/\/www.si-hr.eu\/en2\/wp-json\/wp\/v2\/pages\/1373"}],"wp:attachment":[{"href":"http:\/\/www.si-hr.eu\/en2\/wp-json\/wp\/v2\/media?parent=1752"}],"curies":[{"name":"wp","href":"https:\/\/api.w.org\/{rel}","templated":true}]}}