{"id":1760,"date":"2016-11-25T15:43:38","date_gmt":"2016-11-25T14:43:38","guid":{"rendered":"http:\/\/www.si-hr.eu\/en2\/?page_id=1760"},"modified":"2016-11-25T15:43:38","modified_gmt":"2016-11-25T14:43:38","slug":"kult-pro","status":"publish","type":"page","link":"http:\/\/www.si-hr.eu\/en2\/map\/kult-pro\/","title":{"rendered":"KULT PRO"},"content":{"rendered":"\n<style type=\"text\/css\" data-created_by=\"avia_inline_auto\" id=\"style-css-av-av_one_full-352b07ef7d3bc99b2e9f92e7a9e06bdb\">\n.flex_column.av-av_one_full-352b07ef7d3bc99b2e9f92e7a9e06bdb{\nborder-radius:0px 0px 0px 0px;\n-webkit-border-radius:0px 0px 0px 0px;\n-moz-border-radius:0px 0px 0px 0px;\n}\n<\/style>\n<div class='flex_column av-av_one_full-352b07ef7d3bc99b2e9f92e7a9e06bdb av_one_full  avia-builder-el-0  el_before_av_one_half  avia-builder-el-first  first flex_column_div av-zero-column-padding '   ><style type=\"text\/css\" data-created_by=\"avia_inline_auto\" id=\"style-css-av-av_heading-8e8ad4a038e34f7308db1b367099989a\">\n#top .av-special-heading.av-av_heading-8e8ad4a038e34f7308db1b367099989a{\npadding-bottom:10px;\n}\nbody .av-special-heading.av-av_heading-8e8ad4a038e34f7308db1b367099989a .av-special-heading-tag .heading-char{\nfont-size:25px;\n}\n.av-special-heading.av-av_heading-8e8ad4a038e34f7308db1b367099989a .av-subheading{\nfont-size:15px;\n}\n<\/style>\n<div  class='av-special-heading av-av_heading-8e8ad4a038e34f7308db1b367099989a av-special-heading-h3 blockquote modern-quote modern-centered  avia-builder-el-1  avia-builder-el-no-sibling '><h3 class='av-special-heading-tag'  itemprop=\"headline\"  >SUSTAINABLE MANAGEMENT OF NATURAL RESOURCES<br \/>\nPRESERVATION OF PROTECTED AREAS<\/h3><div class=\"special-heading-border\"><div class=\"special-heading-inner-border\"><\/div><\/div><\/div><\/div>\n<style type=\"text\/css\" data-created_by=\"avia_inline_auto\" id=\"style-css-av-av_one_half-352b07ef7d3bc99b2e9f92e7a9e06bdb\">\n.flex_column.av-av_one_half-352b07ef7d3bc99b2e9f92e7a9e06bdb{\nborder-radius:0px 0px 0px 0px;\n-webkit-border-radius:0px 0px 0px 0px;\n-moz-border-radius:0px 0px 0px 0px;\n}\n<\/style>\n<div class='flex_column av-av_one_half-352b07ef7d3bc99b2e9f92e7a9e06bdb av_one_half  avia-builder-el-2  el_after_av_one_full  el_before_av_one_half  first flex_column_div av-zero-column-padding column-top-margin'   ><p>\n<style type=\"text\/css\" data-created_by=\"avia_inline_auto\" id=\"style-css-av-av_image-423abb518f465a1d9cf3622ff75875b4\">\n.avia-image-container.av-av_image-423abb518f465a1d9cf3622ff75875b4 .av-image-caption-overlay-center{\ncolor:#ffffff;\n}\n<\/style>\n<div  class='avia-image-container av-av_image-423abb518f465a1d9cf3622ff75875b4 av-styling- avia-align-center  avia-builder-el-3  el_before_av_textblock  avia-builder-el-first '  itemprop=\"image\" itemscope=\"itemscope\" itemtype=\"https:\/\/schema.org\/ImageObject\" ><div class=\"avia-image-container-inner\"><div class=\"avia-image-overlay-wrap\"><img decoding=\"async\" class='wp-image-1762 avia-img-lazy-loading-not-1762 avia_image' src=\"http:\/\/www.si-hr.eu\/en2\/wp-content\/uploads\/sites\/12\/2016\/11\/KULT-PRO-1030x772.jpg\" alt='' title='KULT PRO'  height=\"772\" width=\"1030\"  itemprop=\"thumbnailUrl\" srcset=\"http:\/\/www.si-hr.eu\/en2\/wp-content\/uploads\/sites\/12\/2016\/11\/KULT-PRO-1030x772.jpg 1030w, http:\/\/www.si-hr.eu\/en2\/wp-content\/uploads\/sites\/12\/2016\/11\/KULT-PRO-300x225.jpg 300w, http:\/\/www.si-hr.eu\/en2\/wp-content\/uploads\/sites\/12\/2016\/11\/KULT-PRO-600x450.jpg 600w, http:\/\/www.si-hr.eu\/en2\/wp-content\/uploads\/sites\/12\/2016\/11\/KULT-PRO-705x529.jpg 705w, http:\/\/www.si-hr.eu\/en2\/wp-content\/uploads\/sites\/12\/2016\/11\/KULT-PRO-450x337.jpg 450w, http:\/\/www.si-hr.eu\/en2\/wp-content\/uploads\/sites\/12\/2016\/11\/KULT-PRO.jpg 1051w\" sizes=\"(max-width: 1030px) 100vw, 1030px\" \/><\/div><\/div><\/div><br \/>\n<section  class='av_textblock_section av-av_textblock-0366cc7376be6c9e82a3e9cc8987b64f'  itemscope=\"itemscope\" itemtype=\"https:\/\/schema.org\/CreativeWork\" ><div class='avia_textblock'  itemprop=\"text\" ><p align=\"CENTER\"><b>KULT PRO<\/b><\/p>\n<\/div><\/section><br \/>\n<section  class='av_textblock_section av-av_textblock-0366cc7376be6c9e82a3e9cc8987b64f'  itemscope=\"itemscope\" itemtype=\"https:\/\/schema.org\/CreativeWork\" ><div class='avia_textblock'  itemprop=\"text\" ><p><i><b>Project summary <\/b><\/i><\/p>\n<p align=\"JUSTIFY\">The primary purpose of the project was to develop a model of cooperation between partners, which is based on social responsibility for cultural heritage. We wanted to revive and amend the experiential knowledge of the elderly and to train them for the volunteer work in museums and museum collections. At the same time we wanted to educate museum staff and leadership of museum collections to understanding the concept and nature of organized volunteering of the elderly in the culture. We have linked cultural-tourism destination in the program area in the common cultural and tourist offer in the international market. Specific objectives of the project were: program design and implementation of training volunteers in the field of cultural and natural heritage; raising public awareness of the professional volunteer work at non-traditional areas, where the culture is incorporated; enabling sustainable transfer of knowledge in the field of natural and cultural heritage; networking and joint promotion of heritage areas with a common web page, a catalog and multilingual information points; reducing the deficit of skilled workers in the museums in the project area; and contribute to the preservation of Europe&#8217;s cultural heritage. The project included partners from the less developed parts of the eligible area NUTS 3, where there is a need for the introduction of volunteers in activities of preservation of natural and cultural heritage. Co-financing of the project partners provided the ability to create a joint educational program for transfer of knowledge in the field of natural and cultural heritage. Trained participants learned about the natural and cultural heritage of the entire project area. With that the public was encouraged to study the language, history and civilization of their country and neighboring countries. With made multilingual catalog of natural and cultural heritage and a common web page, which includes a brochure and educational materials, we encouraged joint development of cooperation in the field of heritage, increased the offer in cultural tourism, and improved the overall protection of natural and cultural heritage. Info points KULT PRO works also after completion of the project for all partners and provide information for volunteers, guardians of natural and cultural heritage, random visitors, tourism professionals and other interested public.<\/p>\n<\/div><\/section><\/p><\/div>\n<style type=\"text\/css\" data-created_by=\"avia_inline_auto\" id=\"style-css-av-av_one_half-2a64de42b738552fe666ca889af77e28\">\n.flex_column.av-av_one_half-2a64de42b738552fe666ca889af77e28{\nborder-radius:0px 0px 0px 0px;\n-webkit-border-radius:0px 0px 0px 0px;\n-moz-border-radius:0px 0px 0px 0px;\n}\n<\/style>\n<div class='flex_column av-av_one_half-2a64de42b738552fe666ca889af77e28 av_one_half  avia-builder-el-6  el_after_av_one_half  el_before_av_image  flex_column_div av-zero-column-padding column-top-margin'   ><section  class='av_textblock_section av-av_textblock-0366cc7376be6c9e82a3e9cc8987b64f'  itemscope=\"itemscope\" itemtype=\"https:\/\/schema.org\/CreativeWork\" ><div class='avia_textblock'  itemprop=\"text\" ><table border=\"1\" width=\"637\" cellspacing=\"0\" cellpadding=\"7\">\n<colgroup>\n<col width=\"191\" \/>\n<col width=\"416\" \/> <\/colgroup>\n<tbody>\n<tr>\n<td bgcolor=\"#f2f2f2\" width=\"191\" height=\"8\"><b>Project title<\/b><\/td>\n<td width=\"416\">I share knowledge \u2013 I preserve heritage<\/td>\n<\/tr>\n<tr>\n<td bgcolor=\"#f2f2f2\" width=\"191\" height=\"9\"><b>ERDF funds<\/b><\/td>\n<td width=\"416\">286.252,26 EUR<\/td>\n<\/tr>\n<tr>\n<td bgcolor=\"#f2f2f2\" width=\"191\" height=\"9\"><b>Project duration <\/b><\/p>\n<p><b>(month\/year \u2013 month\/year)<\/b><\/td>\n<td width=\"416\">1.3.2011 &#8211; 31.3.2013<\/td>\n<\/tr>\n<tr>\n<td bgcolor=\"#f2f2f2\" width=\"191\" height=\"9\"><b>Lead partner<\/b><\/td>\n<td width=\"416\">Ljudska univerza \u0160entjur<\/td>\n<\/tr>\n<tr>\n<td bgcolor=\"#f2f2f2\" width=\"191\" height=\"9\"><b>Partners<\/b><\/td>\n<td width=\"416\">LTO Prlekija Ljutomer<\/p>\n<p>Ljudska Univerza Kr\u0161ko<\/p>\n<p>TZO \u0160tigova<\/p>\n<p>TZO Marija Bistrica<\/td>\n<\/tr>\n<tr>\n<td bgcolor=\"#f2f2f2\" width=\"191\" height=\"9\"><b>Regions involved<\/b><\/td>\n<td width=\"416\">SI: Pomurska regija, Savinjska regija, Posavska regija<\/p>\n<p>CRO: Me\u0111imurska \u017eupanija, Krapinsko-zagorska \u017eupanija<\/td>\n<\/tr>\n<tr>\n<td bgcolor=\"#f2f2f2\" width=\"191\" height=\"8\"><b>Website<\/b><\/td>\n<td width=\"416\"><span lang=\"sl-SI\">SI: <\/span><a href=\"http:\/\/www.kultpro.si\/\"><span style=\"color: #0000ff;\"><span lang=\"sl-SI\"><u>http:\/\/www.kultpro.si\/<\/u><\/span><\/span><\/a><\/p>\n<p><span lang=\"sl-SI\">CRO: <\/span><a href=\"http:\/\/www.kultpro.si\/?lng=2\"><span style=\"color: #0000ff;\"><span lang=\"sl-SI\"><u>http:\/\/www.kultpro.si\/?lng=2<\/u><\/span><\/span><\/a><\/p>\n<p><span lang=\"sl-SI\">EN: <\/span><a href=\"http:\/\/www.kultpro.si\/?lng=3\"><span style=\"color: #0000ff;\"><span lang=\"sl-SI\"><u>http:\/\/www.kultpro.si\/?lng=3<\/u><\/span><\/span><\/a><\/td>\n<\/tr>\n<\/tbody>\n<\/table>\n<\/div><\/section><br \/>\n<section  class='av_textblock_section av-av_textblock-0366cc7376be6c9e82a3e9cc8987b64f'  itemscope=\"itemscope\" itemtype=\"https:\/\/schema.org\/CreativeWork\" ><div class='avia_textblock'  itemprop=\"text\" ><p><i><b>Key results and performed activities <\/b><\/i><i>(quantitative results; max. 3 &#8211; 5)<\/i><\/p>\n<p>8000 catalogs;<\/p>\n<p>educational programs of heritage are continuing in the same shape;<\/p>\n<p>60 trained volunteers;<\/p>\n<p>6 info points.<\/p>\n<\/div><\/section><\/p><\/div>\n<style type=\"text\/css\" data-created_by=\"avia_inline_auto\" id=\"style-css-av-av_image-2c03758a345da5b9679c90876ff8e7fa\">\n.avia-image-container.av-av_image-2c03758a345da5b9679c90876ff8e7fa .av-image-caption-overlay-center{\ncolor:#ffffff;\n}\n<\/style>\n<div  class='avia-image-container av-av_image-2c03758a345da5b9679c90876ff8e7fa av-styling- avia-align-center  avia-builder-el-9  el_after_av_one_half  avia-builder-el-last '  itemprop=\"image\" itemscope=\"itemscope\" itemtype=\"https:\/\/schema.org\/ImageObject\" ><div class=\"avia-image-container-inner\"><div class=\"avia-image-overlay-wrap\"><img decoding=\"async\" class='wp-image-1761 avia-img-lazy-loading-not-1761 avia_image' src=\"http:\/\/www.si-hr.eu\/en2\/wp-content\/uploads\/sites\/12\/2016\/11\/KULT-PRO-logo-271x300.jpg\" alt='' title='KULT PRO logo'  height=\"300\" width=\"271\"  itemprop=\"thumbnailUrl\" srcset=\"http:\/\/www.si-hr.eu\/en2\/wp-content\/uploads\/sites\/12\/2016\/11\/KULT-PRO-logo-271x300.jpg 271w, http:\/\/www.si-hr.eu\/en2\/wp-content\/uploads\/sites\/12\/2016\/11\/KULT-PRO-logo-600x663.jpg 600w, http:\/\/www.si-hr.eu\/en2\/wp-content\/uploads\/sites\/12\/2016\/11\/KULT-PRO-logo-638x705.jpg 638w, http:\/\/www.si-hr.eu\/en2\/wp-content\/uploads\/sites\/12\/2016\/11\/KULT-PRO-logo-450x497.jpg 450w, http:\/\/www.si-hr.eu\/en2\/wp-content\/uploads\/sites\/12\/2016\/11\/KULT-PRO-logo.jpg 665w\" sizes=\"(max-width: 271px) 100vw, 271px\" \/><\/div><\/div><\/div><\/p>\n","protected":false},"excerpt":{"rendered":"","protected":false},"author":3,"featured_media":0,"parent":1373,"menu_order":0,"comment_status":"closed","ping_status":"closed","template":"","meta":{"ngg_post_thumbnail":0},"acf":[],"_links":{"self":[{"href":"http:\/\/www.si-hr.eu\/en2\/wp-json\/wp\/v2\/pages\/1760"}],"collection":[{"href":"http:\/\/www.si-hr.eu\/en2\/wp-json\/wp\/v2\/pages"}],"about":[{"href":"http:\/\/www.si-hr.eu\/en2\/wp-json\/wp\/v2\/types\/page"}],"author":[{"embeddable":true,"href":"http:\/\/www.si-hr.eu\/en2\/wp-json\/wp\/v2\/users\/3"}],"replies":[{"embeddable":true,"href":"http:\/\/www.si-hr.eu\/en2\/wp-json\/wp\/v2\/comments?post=1760"}],"version-history":[{"count":1,"href":"http:\/\/www.si-hr.eu\/en2\/wp-json\/wp\/v2\/pages\/1760\/revisions"}],"predecessor-version":[{"id":1763,"href":"http:\/\/www.si-hr.eu\/en2\/wp-json\/wp\/v2\/pages\/1760\/revisions\/1763"}],"up":[{"embeddable":true,"href":"http:\/\/www.si-hr.eu\/en2\/wp-json\/wp\/v2\/pages\/1373"}],"wp:attachment":[{"href":"http:\/\/www.si-hr.eu\/en2\/wp-json\/wp\/v2\/media?parent=1760"}],"curies":[{"name":"wp","href":"https:\/\/api.w.org\/{rel}","templated":true}]}}