{"id":1789,"date":"2016-11-26T01:21:58","date_gmt":"2016-11-26T00:21:58","guid":{"rendered":"http:\/\/www.si-hr.eu\/en2\/?page_id=1789"},"modified":"2016-11-26T01:21:58","modified_gmt":"2016-11-26T00:21:58","slug":"cloud","status":"publish","type":"page","link":"http:\/\/www.si-hr.eu\/en2\/map\/cloud\/","title":{"rendered":"CLOUD"},"content":{"rendered":"\n<style type=\"text\/css\" data-created_by=\"avia_inline_auto\" id=\"style-css-av-av_one_full-352b07ef7d3bc99b2e9f92e7a9e06bdb\">\n.flex_column.av-av_one_full-352b07ef7d3bc99b2e9f92e7a9e06bdb{\nborder-radius:0px 0px 0px 0px;\n-webkit-border-radius:0px 0px 0px 0px;\n-moz-border-radius:0px 0px 0px 0px;\n}\n<\/style>\n<div class='flex_column av-av_one_full-352b07ef7d3bc99b2e9f92e7a9e06bdb av_one_full  avia-builder-el-0  el_before_av_one_half  avia-builder-el-first  first flex_column_div av-zero-column-padding '   ><style type=\"text\/css\" data-created_by=\"avia_inline_auto\" id=\"style-css-av-av_heading-55efc4e27ee7b60e5266afaff2a8e839\">\n#top .av-special-heading.av-av_heading-55efc4e27ee7b60e5266afaff2a8e839{\npadding-bottom:10px;\n}\nbody .av-special-heading.av-av_heading-55efc4e27ee7b60e5266afaff2a8e839 .av-special-heading-tag .heading-char{\nfont-size:25px;\n}\n.av-special-heading.av-av_heading-55efc4e27ee7b60e5266afaff2a8e839 .av-subheading{\nfont-size:15px;\n}\n<\/style>\n<div  class='av-special-heading av-av_heading-55efc4e27ee7b60e5266afaff2a8e839 av-special-heading-h3 blockquote modern-quote modern-centered  avia-builder-el-1  avia-builder-el-no-sibling '><h3 class='av-special-heading-tag'  itemprop=\"headline\"  >ECONOMIC AND SOCIAL DEVELOPMENT<br \/>\nSOCIAL INTEGRATION<\/h3><div class=\"special-heading-border\"><div class=\"special-heading-inner-border\"><\/div><\/div><\/div><\/div>\n<style type=\"text\/css\" data-created_by=\"avia_inline_auto\" id=\"style-css-av-av_one_half-352b07ef7d3bc99b2e9f92e7a9e06bdb\">\n.flex_column.av-av_one_half-352b07ef7d3bc99b2e9f92e7a9e06bdb{\nborder-radius:0px 0px 0px 0px;\n-webkit-border-radius:0px 0px 0px 0px;\n-moz-border-radius:0px 0px 0px 0px;\n}\n<\/style>\n<div class='flex_column av-av_one_half-352b07ef7d3bc99b2e9f92e7a9e06bdb av_one_half  avia-builder-el-2  el_after_av_one_full  el_before_av_one_half  first flex_column_div av-zero-column-padding column-top-margin'   ><p>\n<style type=\"text\/css\" data-created_by=\"avia_inline_auto\" id=\"style-css-av-av_image-e3a8919ecabdbbb7a29e67e2f998f709\">\n.avia-image-container.av-av_image-e3a8919ecabdbbb7a29e67e2f998f709 .av-image-caption-overlay-center{\ncolor:#ffffff;\n}\n<\/style>\n<div  class='avia-image-container av-av_image-e3a8919ecabdbbb7a29e67e2f998f709 av-styling- avia-align-center  avia-builder-el-3  el_before_av_textblock  avia-builder-el-first '  itemprop=\"image\" itemscope=\"itemscope\" itemtype=\"https:\/\/schema.org\/ImageObject\" ><div class=\"avia-image-container-inner\"><div class=\"avia-image-overlay-wrap\"><img decoding=\"async\" class='wp-image-1791 avia-img-lazy-loading-not-1791 avia_image' src=\"http:\/\/www.si-hr.eu\/en2\/wp-content\/uploads\/sites\/12\/2016\/11\/CLOUD.jpg\" alt='' title='CLOUD'  height=\"683\" width=\"1024\"  itemprop=\"thumbnailUrl\" srcset=\"http:\/\/www.si-hr.eu\/en2\/wp-content\/uploads\/sites\/12\/2016\/11\/CLOUD.jpg 1024w, http:\/\/www.si-hr.eu\/en2\/wp-content\/uploads\/sites\/12\/2016\/11\/CLOUD-300x200.jpg 300w, http:\/\/www.si-hr.eu\/en2\/wp-content\/uploads\/sites\/12\/2016\/11\/CLOUD-600x400.jpg 600w, http:\/\/www.si-hr.eu\/en2\/wp-content\/uploads\/sites\/12\/2016\/11\/CLOUD-705x470.jpg 705w, http:\/\/www.si-hr.eu\/en2\/wp-content\/uploads\/sites\/12\/2016\/11\/CLOUD-450x300.jpg 450w\" sizes=\"(max-width: 1024px) 100vw, 1024px\" \/><\/div><\/div><\/div><br \/>\n<section  class='av_textblock_section av-av_textblock-0366cc7376be6c9e82a3e9cc8987b64f'  itemscope=\"itemscope\" itemtype=\"https:\/\/schema.org\/CreativeWork\" ><div class='avia_textblock'  itemprop=\"text\" ><p align=\"CENTER\"><span lang=\"sl-SI\"><b>CLOUD<\/b><\/span><\/p>\n<\/div><\/section><br \/>\n<section  class='av_textblock_section av-av_textblock-0366cc7376be6c9e82a3e9cc8987b64f'  itemscope=\"itemscope\" itemtype=\"https:\/\/schema.org\/CreativeWork\" ><div class='avia_textblock'  itemprop=\"text\" ><p><i><b>Project summary <\/b><\/i><\/p>\n<p align=\"JUSTIFY\">General cross-border objective of the project was to decrease the drug abuse in accordance with the European preventative strategy, and in accordance with the action plan, which puts additional stress onto the global cooperation, research and evaluation, directly enable: cross-border, long-term partnership at university, professional, scientific, research, and public health non-governmental levels to tackle drug use and social reintegration of users; sharing of resources and capacities of scientific, research and public-health institutions. Specific cross-border objectives of the project were: To research, specify and describe the needs of addicts in the rehabilitation program; the rehabilitation and social reintegration of addicts in the cross-border area; the development of the suggested guidelines for the improvement of the system of treatment, rehabilitation and social integration of addicts; improving the system of monitoring and epidemiologic evaluation, status control and trends of abuse, with the introduction of a new highly specific method of determination of drug metabolites in wastewater; improving the diagnostic process, treatment and consummation surveillance, with the introduction of highly specific determination of drug metabolites in urine; allowing the non-institutionalized and post-treatment within the centre for re-socializing, after the release of addicts from the therapeutic communities; allowing non-institutionalized help, advising and guidance, solving the economic, educational and residual problems of addicts.<\/p>\n<\/div><\/section><\/p><\/div>\n<style type=\"text\/css\" data-created_by=\"avia_inline_auto\" id=\"style-css-av-av_one_half-2a64de42b738552fe666ca889af77e28\">\n.flex_column.av-av_one_half-2a64de42b738552fe666ca889af77e28{\nborder-radius:0px 0px 0px 0px;\n-webkit-border-radius:0px 0px 0px 0px;\n-moz-border-radius:0px 0px 0px 0px;\n}\n<\/style>\n<div class='flex_column av-av_one_half-2a64de42b738552fe666ca889af77e28 av_one_half  avia-builder-el-6  el_after_av_one_half  el_before_av_image  flex_column_div av-zero-column-padding column-top-margin'   ><section  class='av_textblock_section av-av_textblock-0366cc7376be6c9e82a3e9cc8987b64f'  itemscope=\"itemscope\" itemtype=\"https:\/\/schema.org\/CreativeWork\" ><div class='avia_textblock'  itemprop=\"text\" ><table border=\"1\" width=\"636\" cellspacing=\"0\" cellpadding=\"7\">\n<colgroup>\n<col width=\"200\" \/>\n<col width=\"406\" \/> <\/colgroup>\n<tbody>\n<tr>\n<td bgcolor=\"#f2f2f2\" width=\"200\" height=\"8\"><b>Project title<\/b><\/td>\n<td bgcolor=\"#ffffff\" width=\"406\">\n<p align=\"JUSTIFY\">A comprehensive approach to therapy, and social and economic reintegration of drug users<\/p>\n<\/td>\n<\/tr>\n<tr>\n<td bgcolor=\"#f2f2f2\" width=\"200\" height=\"9\"><b>ERDF funds<\/b><\/td>\n<td bgcolor=\"#ffffff\" width=\"406\"><span lang=\"sl-SI\">517,434.23 EUR<\/span><\/td>\n<\/tr>\n<tr>\n<td bgcolor=\"#f2f2f2\" width=\"200\" height=\"9\"><b>Project duration <\/b><\/p>\n<p><b>(month\/year \u2013 month\/year)<\/b><\/td>\n<td bgcolor=\"#ffffff\" width=\"406\"><span lang=\"sl-SI\">15.7.2015 \u2013 30.6.2016<\/span><\/td>\n<\/tr>\n<tr>\n<td bgcolor=\"#f2f2f2\" width=\"200\" height=\"9\"><b>Lead partner<\/b><\/td>\n<td bgcolor=\"#ffffff\" width=\"406\"><span lang=\"sl-SI\">Univerza na Primorskem, Fakulteta za matematiko, naravoslovje in inf. Tehnologije (UP FAMNIT)<\/span><\/td>\n<\/tr>\n<tr>\n<td bgcolor=\"#f2f2f2\" width=\"200\" height=\"9\"><b>Partners<\/b><\/td>\n<td bgcolor=\"#ffffff\" width=\"406\"><span style=\"color: #000000;\"><span lang=\"sl-SI\">Medicinski fakultet Sveu\u010dili\u0161ta u Rijeci (MEDRI)<\/span><\/span><\/p>\n<p><span style=\"color: #000000;\"><span lang=\"sl-SI\">Nacionalni in\u0161titut za javno zdravje (NIJZ)<\/span><\/span><\/p>\n<p><span style=\"color: #000000;\"><span lang=\"sl-SI\">Nastavni Zavod za javno zdravstvo Primorsko-goranske \u017eupanije (NZJZ-PG\u017d)<\/span><\/span><\/p>\n<p><span style=\"color: #000000;\"><span lang=\"sl-SI\">Dru\u0161tvo za pomo\u010d odvisnikom in njihovim dru\u017einam SVIT Koper (SVIT)<\/span><\/span><\/p>\n<p><span style=\"color: #000000;\"><span lang=\"sl-SI\">Udruga za pomo\u0107 ovisnicima \u00bbVida\u00ab Rijeka (VIDA)<\/span><\/span><\/td>\n<\/tr>\n<tr>\n<td bgcolor=\"#f2f2f2\" width=\"200\" height=\"9\"><b>Regions involved<\/b><\/td>\n<td bgcolor=\"#ffffff\" width=\"406\"><span lang=\"sl-SI\">SI:Obalno-kra\u0161ka regija, Osrednjeslovenska regija<\/span><\/p>\n<p><span lang=\"sl-SI\">HR: Primorsko-goranska \u017eupanija<\/span><\/td>\n<\/tr>\n<tr>\n<td bgcolor=\"#f2f2f2\" width=\"200\" height=\"21\"><b>Website<\/b><\/td>\n<td valign=\"BOTTOM\" bgcolor=\"#ffffff\" width=\"406\"><span lang=\"sl-SI\">SI:<\/span> <a href=\"http:\/\/www.ipa-cloud.eu\/index.php\/sl\/\"><span lang=\"sl-SI\">http:\/\/www.ipa-cloud.eu\/index.php\/sl\/<\/span><\/a><\/p>\n<p><span lang=\"sl-SI\">HR:<\/span> <a href=\"http:\/\/www.ipa-cloud.eu\/index.php\/hr\/\"><span lang=\"sl-SI\">http:\/\/www.ipa-cloud.eu\/index.php\/hr\/<\/span><\/a><\/td>\n<\/tr>\n<\/tbody>\n<\/table>\n<\/div><\/section><br \/>\n<section  class='av_textblock_section av-av_textblock-0366cc7376be6c9e82a3e9cc8987b64f'  itemscope=\"itemscope\" itemtype=\"https:\/\/schema.org\/CreativeWork\" ><div class='avia_textblock'  itemprop=\"text\" ><p><i><b>Key results and performed activities <\/b><\/i><i>(quantitative results; max. 3 &#8211; 5)<\/i><\/p>\n<p align=\"JUSTIFY\"><span lang=\"en-GB\">1 joint cross-border doctoral program in public health;<\/span><\/p>\n<p align=\"JUSTIFY\"><span lang=\"en-GB\">2 bilingual professional publications;<\/span><\/p>\n<p align=\"JUSTIFY\"><span lang=\"en-GB\">3 new diagnostic methods for the evaluation of potential involvement in treatment programs;<\/span><\/p>\n<p align=\"JUSTIFY\"><span lang=\"en-GB\">1 new re-socialisation centre.<\/span><\/p>\n<\/div><\/section><\/p><\/div>\n<style type=\"text\/css\" data-created_by=\"avia_inline_auto\" id=\"style-css-av-av_image-d5fd2c9a34f566ef65544a3fbcc67ccc\">\n.avia-image-container.av-av_image-d5fd2c9a34f566ef65544a3fbcc67ccc .av-image-caption-overlay-center{\ncolor:#ffffff;\n}\n<\/style>\n<div  class='avia-image-container av-av_image-d5fd2c9a34f566ef65544a3fbcc67ccc av-styling- avia-align-center  avia-builder-el-9  el_after_av_one_half  avia-builder-el-last '  itemprop=\"image\" itemscope=\"itemscope\" itemtype=\"https:\/\/schema.org\/ImageObject\" ><div class=\"avia-image-container-inner\"><div class=\"avia-image-overlay-wrap\"><img decoding=\"async\" class='wp-image-1790 avia-img-lazy-loading-not-1790 avia_image' src=\"http:\/\/www.si-hr.eu\/en2\/wp-content\/uploads\/sites\/12\/2016\/11\/CLOUD-logo-225x300.png\" alt='' title='CLOUD logo'  height=\"300\" width=\"225\"  itemprop=\"thumbnailUrl\" srcset=\"http:\/\/www.si-hr.eu\/en2\/wp-content\/uploads\/sites\/12\/2016\/11\/CLOUD-logo-225x300.png 225w, http:\/\/www.si-hr.eu\/en2\/wp-content\/uploads\/sites\/12\/2016\/11\/CLOUD-logo-528x705.png 528w, http:\/\/www.si-hr.eu\/en2\/wp-content\/uploads\/sites\/12\/2016\/11\/CLOUD-logo-450x601.png 450w, http:\/\/www.si-hr.eu\/en2\/wp-content\/uploads\/sites\/12\/2016\/11\/CLOUD-logo.png 541w\" sizes=\"(max-width: 225px) 100vw, 225px\" \/><\/div><\/div><\/div><\/p>\n","protected":false},"excerpt":{"rendered":"","protected":false},"author":3,"featured_media":0,"parent":1373,"menu_order":0,"comment_status":"closed","ping_status":"closed","template":"","meta":{"ngg_post_thumbnail":0},"acf":[],"_links":{"self":[{"href":"http:\/\/www.si-hr.eu\/en2\/wp-json\/wp\/v2\/pages\/1789"}],"collection":[{"href":"http:\/\/www.si-hr.eu\/en2\/wp-json\/wp\/v2\/pages"}],"about":[{"href":"http:\/\/www.si-hr.eu\/en2\/wp-json\/wp\/v2\/types\/page"}],"author":[{"embeddable":true,"href":"http:\/\/www.si-hr.eu\/en2\/wp-json\/wp\/v2\/users\/3"}],"replies":[{"embeddable":true,"href":"http:\/\/www.si-hr.eu\/en2\/wp-json\/wp\/v2\/comments?post=1789"}],"version-history":[{"count":1,"href":"http:\/\/www.si-hr.eu\/en2\/wp-json\/wp\/v2\/pages\/1789\/revisions"}],"predecessor-version":[{"id":1792,"href":"http:\/\/www.si-hr.eu\/en2\/wp-json\/wp\/v2\/pages\/1789\/revisions\/1792"}],"up":[{"embeddable":true,"href":"http:\/\/www.si-hr.eu\/en2\/wp-json\/wp\/v2\/pages\/1373"}],"wp:attachment":[{"href":"http:\/\/www.si-hr.eu\/en2\/wp-json\/wp\/v2\/media?parent=1789"}],"curies":[{"name":"wp","href":"https:\/\/api.w.org\/{rel}","templated":true}]}}