{"id":1793,"date":"2016-11-26T01:47:24","date_gmt":"2016-11-26T00:47:24","guid":{"rendered":"http:\/\/www.si-hr.eu\/en2\/?page_id=1793"},"modified":"2016-11-26T01:47:24","modified_gmt":"2016-11-26T00:47:24","slug":"365-days-of-riviera","status":"publish","type":"page","link":"http:\/\/www.si-hr.eu\/en2\/map\/365-days-of-riviera\/","title":{"rendered":"365 DAYS OF RIVIERA"},"content":{"rendered":"\n<style type=\"text\/css\" data-created_by=\"avia_inline_auto\" id=\"style-css-av-av_one_full-352b07ef7d3bc99b2e9f92e7a9e06bdb\">\n.flex_column.av-av_one_full-352b07ef7d3bc99b2e9f92e7a9e06bdb{\nborder-radius:0px 0px 0px 0px;\n-webkit-border-radius:0px 0px 0px 0px;\n-moz-border-radius:0px 0px 0px 0px;\n}\n<\/style>\n<div class='flex_column av-av_one_full-352b07ef7d3bc99b2e9f92e7a9e06bdb av_one_full  avia-builder-el-0  el_before_av_one_half  avia-builder-el-first  first flex_column_div av-zero-column-padding '   ><style type=\"text\/css\" data-created_by=\"avia_inline_auto\" id=\"style-css-av-av_heading-fae21937274beb8f898977c0339d6876\">\n#top .av-special-heading.av-av_heading-fae21937274beb8f898977c0339d6876{\npadding-bottom:10px;\n}\nbody .av-special-heading.av-av_heading-fae21937274beb8f898977c0339d6876 .av-special-heading-tag .heading-char{\nfont-size:25px;\n}\n.av-special-heading.av-av_heading-fae21937274beb8f898977c0339d6876 .av-subheading{\nfont-size:15px;\n}\n<\/style>\n<div  class='av-special-heading av-av_heading-fae21937274beb8f898977c0339d6876 av-special-heading-h3 blockquote modern-quote modern-centered  avia-builder-el-1  avia-builder-el-no-sibling '><h3 class='av-special-heading-tag'  itemprop=\"headline\"  >ECONOMIC AND SOCIAL DEVELOPMENT<br \/>\nTOURISM AND COUNTRYSIDE DEVELOPMENT<\/h3><div class=\"special-heading-border\"><div class=\"special-heading-inner-border\"><\/div><\/div><\/div><\/div>\n<style type=\"text\/css\" data-created_by=\"avia_inline_auto\" id=\"style-css-av-av_one_half-352b07ef7d3bc99b2e9f92e7a9e06bdb\">\n.flex_column.av-av_one_half-352b07ef7d3bc99b2e9f92e7a9e06bdb{\nborder-radius:0px 0px 0px 0px;\n-webkit-border-radius:0px 0px 0px 0px;\n-moz-border-radius:0px 0px 0px 0px;\n}\n<\/style>\n<div class='flex_column av-av_one_half-352b07ef7d3bc99b2e9f92e7a9e06bdb av_one_half  avia-builder-el-2  el_after_av_one_full  el_before_av_one_half  first flex_column_div av-zero-column-padding column-top-margin'   ><p>\n<style type=\"text\/css\" data-created_by=\"avia_inline_auto\" id=\"style-css-av-av_image-7a70bb4bf74742fb8d22176003bca26c\">\n.avia-image-container.av-av_image-7a70bb4bf74742fb8d22176003bca26c .av-image-caption-overlay-center{\ncolor:#ffffff;\n}\n<\/style>\n<div  class='avia-image-container av-av_image-7a70bb4bf74742fb8d22176003bca26c av-styling- avia-align-center  avia-builder-el-3  el_before_av_image  avia-builder-el-first '  itemprop=\"image\" itemscope=\"itemscope\" itemtype=\"https:\/\/schema.org\/ImageObject\" ><div class=\"avia-image-container-inner\"><div class=\"avia-image-overlay-wrap\"><img decoding=\"async\" class='wp-image-1795 avia-img-lazy-loading-not-1795 avia_image' src=\"http:\/\/www.si-hr.eu\/en2\/wp-content\/uploads\/sites\/12\/2016\/11\/365-DNI-RIVIERE-300x199.jpg\" alt='' title='365 DNI RIVIERE'  height=\"199\" width=\"300\"  itemprop=\"thumbnailUrl\" srcset=\"http:\/\/www.si-hr.eu\/en2\/wp-content\/uploads\/sites\/12\/2016\/11\/365-DNI-RIVIERE-300x199.jpg 300w, http:\/\/www.si-hr.eu\/en2\/wp-content\/uploads\/sites\/12\/2016\/11\/365-DNI-RIVIERE-600x398.jpg 600w, http:\/\/www.si-hr.eu\/en2\/wp-content\/uploads\/sites\/12\/2016\/11\/365-DNI-RIVIERE-705x467.jpg 705w, http:\/\/www.si-hr.eu\/en2\/wp-content\/uploads\/sites\/12\/2016\/11\/365-DNI-RIVIERE-450x298.jpg 450w, http:\/\/www.si-hr.eu\/en2\/wp-content\/uploads\/sites\/12\/2016\/11\/365-DNI-RIVIERE.jpg 800w\" sizes=\"(max-width: 300px) 100vw, 300px\" \/><\/div><\/div><\/div><br \/>\n\n<style type=\"text\/css\" data-created_by=\"avia_inline_auto\" id=\"style-css-av-av_image-23fedc94f3780fafd94953fc3d34182c\">\n.avia-image-container.av-av_image-23fedc94f3780fafd94953fc3d34182c .av-image-caption-overlay-center{\ncolor:#ffffff;\n}\n<\/style>\n<div  class='avia-image-container av-av_image-23fedc94f3780fafd94953fc3d34182c av-styling- avia-align-center  avia-builder-el-4  el_after_av_image  el_before_av_textblock '  itemprop=\"image\" itemscope=\"itemscope\" itemtype=\"https:\/\/schema.org\/ImageObject\" ><div class=\"avia-image-container-inner\"><div class=\"avia-image-overlay-wrap\"><img decoding=\"async\" class='wp-image-1794 avia-img-lazy-loading-not-1794 avia_image' src=\"http:\/\/www.si-hr.eu\/en2\/wp-content\/uploads\/sites\/12\/2016\/11\/365-DNI-RIVIERE1-300x199.jpg\" alt='' title='365 DNI RIVIERE1'  height=\"199\" width=\"300\"  itemprop=\"thumbnailUrl\" srcset=\"http:\/\/www.si-hr.eu\/en2\/wp-content\/uploads\/sites\/12\/2016\/11\/365-DNI-RIVIERE1-300x199.jpg 300w, http:\/\/www.si-hr.eu\/en2\/wp-content\/uploads\/sites\/12\/2016\/11\/365-DNI-RIVIERE1-600x398.jpg 600w, http:\/\/www.si-hr.eu\/en2\/wp-content\/uploads\/sites\/12\/2016\/11\/365-DNI-RIVIERE1-705x467.jpg 705w, http:\/\/www.si-hr.eu\/en2\/wp-content\/uploads\/sites\/12\/2016\/11\/365-DNI-RIVIERE1-450x298.jpg 450w, http:\/\/www.si-hr.eu\/en2\/wp-content\/uploads\/sites\/12\/2016\/11\/365-DNI-RIVIERE1.jpg 800w\" sizes=\"(max-width: 300px) 100vw, 300px\" \/><\/div><\/div><\/div><br \/>\n<section  class='av_textblock_section av-av_textblock-0366cc7376be6c9e82a3e9cc8987b64f'  itemscope=\"itemscope\" itemtype=\"https:\/\/schema.org\/CreativeWork\" ><div class='avia_textblock'  itemprop=\"text\" ><p style=\"text-align: center;\"><strong>365 DAYS OF RIVIERA<\/strong><\/p>\n<\/div><\/section><br \/>\n<section  class='av_textblock_section av-av_textblock-0366cc7376be6c9e82a3e9cc8987b64f'  itemscope=\"itemscope\" itemtype=\"https:\/\/schema.org\/CreativeWork\" ><div class='avia_textblock'  itemprop=\"text\" ><p><i><b>Project summary <\/b><\/i><\/p>\n<p align=\"JUSTIFY\">General cross-border objectives of the project were: the development of a common cross-border destination \u201cRIVIERA\u201d; the improvement of the image, attractiveness and competitiveness of the cross border \u201cRIVIERA\u201d region, for the achievement of positive effects; ensuring the support of tourism development with the upgraded offer, connectivity and generally better usage of cultural and natural resources; the inclusion of various tourist sources into the cross-border tourist products, with the revitalization and preservation of cultural sources; the increase of demand for all segments of the offer on the cross-border area, throughout the whole year \u2013 \u201c365 DAYS OF RIVIERA\u201d. Specific cross border objectives of the project were: to develop an attractive and competitive integral tourist product \u2013 cultural tourism \u2013 \u201cRIVIERA\u201d; to develop a system of 6 sub-products of cultural tourism; create a pilot image cultural event \u201cRIVIERA across centuries\u201d; <span lang=\"en-GB\">to form a professional organisation plan and common marketing platform for marketing cultural tourism \u201cRIVIERA\u201d<\/span><\/p>\n<\/div><\/section><\/p><\/div>\n<style type=\"text\/css\" data-created_by=\"avia_inline_auto\" id=\"style-css-av-av_one_half-2a64de42b738552fe666ca889af77e28\">\n.flex_column.av-av_one_half-2a64de42b738552fe666ca889af77e28{\nborder-radius:0px 0px 0px 0px;\n-webkit-border-radius:0px 0px 0px 0px;\n-moz-border-radius:0px 0px 0px 0px;\n}\n<\/style>\n<div class='flex_column av-av_one_half-2a64de42b738552fe666ca889af77e28 av_one_half  avia-builder-el-7  el_after_av_one_half  avia-builder-el-last  flex_column_div av-zero-column-padding column-top-margin'   ><section  class='av_textblock_section av-av_textblock-0366cc7376be6c9e82a3e9cc8987b64f'  itemscope=\"itemscope\" itemtype=\"https:\/\/schema.org\/CreativeWork\" ><div class='avia_textblock'  itemprop=\"text\" ><table border=\"1\" width=\"637\" cellspacing=\"0\" cellpadding=\"7\">\n<colgroup>\n<col width=\"200\" \/>\n<col width=\"407\" \/> <\/colgroup>\n<tbody>\n<tr>\n<td bgcolor=\"#f2f2f2\" width=\"200\" height=\"8\"><b>Project title<\/b><\/td>\n<td width=\"407\">\n<p lang=\"en-GB\">365 days of cultural tourism in the Central European cradle<\/p>\n<\/td>\n<\/tr>\n<tr>\n<td bgcolor=\"#f2f2f2\" width=\"200\" height=\"9\"><b>ERDF funds<\/b><\/td>\n<td width=\"407\">\n<p lang=\"sl-SI\">435,588.45 EUR<\/p>\n<\/td>\n<\/tr>\n<tr>\n<td bgcolor=\"#f2f2f2\" width=\"200\" height=\"9\"><b>Project duration <\/b><\/p>\n<p><b>(month\/year \u2013 month\/year)<\/b><\/td>\n<td width=\"407\">\n<p lang=\"sl-SI\">1.4.2011 \u2013 31.3.2013<\/p>\n<\/td>\n<\/tr>\n<tr>\n<td bgcolor=\"#f2f2f2\" width=\"200\" height=\"9\"><b>Lead partner<\/b><\/td>\n<td width=\"407\">\n<p lang=\"sl-SI\">Ob\u010dina Piran<\/p>\n<\/td>\n<\/tr>\n<tr>\n<td bgcolor=\"#f2f2f2\" width=\"200\" height=\"9\"><b>P<\/b><b>artners<\/b><\/td>\n<td width=\"407\">\n<p lang=\"sl-SI\" align=\"JUSTIFY\"><span style=\"color: #000000;\">Turisti\u010dno zdru\u017eenje Portoro\u017e<\/span><\/p>\n<p lang=\"sl-SI\" align=\"JUSTIFY\"><span style=\"color: #000000;\">Turisti\u010dno zdru\u017eenje mesta Opatija (Turisti\u010dka zajednica grada Opatija)<\/span><\/p>\n<p lang=\"sl-SI\"><span style=\"color: #000000;\">Grad Opatija<\/span><\/p>\n<\/td>\n<\/tr>\n<tr>\n<td bgcolor=\"#f2f2f2\" width=\"200\" height=\"9\"><b>Regions involved<\/b><\/td>\n<td width=\"407\">\n<p lang=\"sl-SI\">SI:Obalno-kra\u0161ka regija<\/p>\n<p lang=\"sl-SI\">HR:Primorsko-goranska \u017eupanija<\/p>\n<\/td>\n<\/tr>\n<tr>\n<td bgcolor=\"#f2f2f2\" width=\"200\" height=\"21\"><b>Website<\/b><\/td>\n<td valign=\"BOTTOM\" width=\"407\"><span lang=\"sl-SI\">SI:<\/span> <span style=\"color: #0000ff;\"><u><a href=\"http:\/\/www.365danariviere.eu\/sl\/home\"><span lang=\"sl-SI\">http:\/\/www.365danariviere.eu\/sl\/home<\/span><\/a><\/u><\/span><\/p>\n<p><span lang=\"sl-SI\">HR:<\/span> <span style=\"color: #0000ff;\"><u><a href=\"http:\/\/www.365danariviere.eu\/\"><span lang=\"sl-SI\">http:\/\/www.365danariviere.eu\/<\/span><\/a><\/u><\/span><\/p>\n<p><span lang=\"sl-SI\">EN:<\/span> <span style=\"color: #0000ff;\"><u><a href=\"http:\/\/www.365danariviere.eu\/en\/home\"><span lang=\"sl-SI\">http:\/\/www.365danariviere.eu\/en\/home<\/span><\/a><\/u><\/span><\/td>\n<\/tr>\n<\/tbody>\n<\/table>\n<\/div><\/section><br \/>\n<section  class='av_textblock_section av-av_textblock-0366cc7376be6c9e82a3e9cc8987b64f'  itemscope=\"itemscope\" itemtype=\"https:\/\/schema.org\/CreativeWork\" ><div class='avia_textblock'  itemprop=\"text\" ><p><i><b>Key results and performed activities <\/b><\/i><i>(quantitative results; max. 3 &#8211; 5)<\/i><\/p>\n<p lang=\"en-GB\">6 tourist products, active throughout the year;<\/p>\n<p><span lang=\"en-GB\">1 cross-border \u2018image\u2019 event;<\/span><\/p>\n<p lang=\"en-GB\">5000 visitors on every event.<\/p>\n<\/div><\/section><\/p><\/div><\/p>\n","protected":false},"excerpt":{"rendered":"","protected":false},"author":3,"featured_media":0,"parent":1373,"menu_order":0,"comment_status":"closed","ping_status":"closed","template":"","meta":{"ngg_post_thumbnail":0},"acf":[],"_links":{"self":[{"href":"http:\/\/www.si-hr.eu\/en2\/wp-json\/wp\/v2\/pages\/1793"}],"collection":[{"href":"http:\/\/www.si-hr.eu\/en2\/wp-json\/wp\/v2\/pages"}],"about":[{"href":"http:\/\/www.si-hr.eu\/en2\/wp-json\/wp\/v2\/types\/page"}],"author":[{"embeddable":true,"href":"http:\/\/www.si-hr.eu\/en2\/wp-json\/wp\/v2\/users\/3"}],"replies":[{"embeddable":true,"href":"http:\/\/www.si-hr.eu\/en2\/wp-json\/wp\/v2\/comments?post=1793"}],"version-history":[{"count":1,"href":"http:\/\/www.si-hr.eu\/en2\/wp-json\/wp\/v2\/pages\/1793\/revisions"}],"predecessor-version":[{"id":1796,"href":"http:\/\/www.si-hr.eu\/en2\/wp-json\/wp\/v2\/pages\/1793\/revisions\/1796"}],"up":[{"embeddable":true,"href":"http:\/\/www.si-hr.eu\/en2\/wp-json\/wp\/v2\/pages\/1373"}],"wp:attachment":[{"href":"http:\/\/www.si-hr.eu\/en2\/wp-json\/wp\/v2\/media?parent=1793"}],"curies":[{"name":"wp","href":"https:\/\/api.w.org\/{rel}","templated":true}]}}