{"id":1797,"date":"2016-11-26T02:13:54","date_gmt":"2016-11-26T01:13:54","guid":{"rendered":"http:\/\/www.si-hr.eu\/en2\/?page_id=1797"},"modified":"2016-11-26T02:13:54","modified_gmt":"2016-11-26T01:13:54","slug":"3m-mura-media-minority","status":"publish","type":"page","link":"http:\/\/www.si-hr.eu\/en2\/map\/3m-mura-media-minority\/","title":{"rendered":"3M MURA MEDIA MINORITY"},"content":{"rendered":"\n<style type=\"text\/css\" data-created_by=\"avia_inline_auto\" id=\"style-css-av-av_one_full-352b07ef7d3bc99b2e9f92e7a9e06bdb\">\n.flex_column.av-av_one_full-352b07ef7d3bc99b2e9f92e7a9e06bdb{\nborder-radius:0px 0px 0px 0px;\n-webkit-border-radius:0px 0px 0px 0px;\n-moz-border-radius:0px 0px 0px 0px;\n}\n<\/style>\n<div class='flex_column av-av_one_full-352b07ef7d3bc99b2e9f92e7a9e06bdb av_one_full  avia-builder-el-0  el_before_av_one_half  avia-builder-el-first  first flex_column_div av-zero-column-padding '   ><style type=\"text\/css\" data-created_by=\"avia_inline_auto\" id=\"style-css-av-av_heading-55efc4e27ee7b60e5266afaff2a8e839\">\n#top .av-special-heading.av-av_heading-55efc4e27ee7b60e5266afaff2a8e839{\npadding-bottom:10px;\n}\nbody .av-special-heading.av-av_heading-55efc4e27ee7b60e5266afaff2a8e839 .av-special-heading-tag .heading-char{\nfont-size:25px;\n}\n.av-special-heading.av-av_heading-55efc4e27ee7b60e5266afaff2a8e839 .av-subheading{\nfont-size:15px;\n}\n<\/style>\n<div  class='av-special-heading av-av_heading-55efc4e27ee7b60e5266afaff2a8e839 av-special-heading-h3 blockquote modern-quote modern-centered  avia-builder-el-1  avia-builder-el-no-sibling '><h3 class='av-special-heading-tag'  itemprop=\"headline\"  >ECONOMIC AND SOCIAL DEVELOPMENT<br \/>\nSOCIAL INTEGRATION<\/h3><div class=\"special-heading-border\"><div class=\"special-heading-inner-border\"><\/div><\/div><\/div><\/div>\n<style type=\"text\/css\" data-created_by=\"avia_inline_auto\" id=\"style-css-av-av_one_half-352b07ef7d3bc99b2e9f92e7a9e06bdb\">\n.flex_column.av-av_one_half-352b07ef7d3bc99b2e9f92e7a9e06bdb{\nborder-radius:0px 0px 0px 0px;\n-webkit-border-radius:0px 0px 0px 0px;\n-moz-border-radius:0px 0px 0px 0px;\n}\n<\/style>\n<div class='flex_column av-av_one_half-352b07ef7d3bc99b2e9f92e7a9e06bdb av_one_half  avia-builder-el-2  el_after_av_one_full  el_before_av_one_half  first flex_column_div av-zero-column-padding column-top-margin'   ><p>\n<style type=\"text\/css\" data-created_by=\"avia_inline_auto\" id=\"style-css-av-av_image-54766e0f2c6a17d422638d15cf097492\">\n.avia-image-container.av-av_image-54766e0f2c6a17d422638d15cf097492 .av-image-caption-overlay-center{\ncolor:#ffffff;\n}\n<\/style>\n<div  class='avia-image-container av-av_image-54766e0f2c6a17d422638d15cf097492 av-styling- avia-align-center  avia-builder-el-3  el_before_av_textblock  avia-builder-el-first '  itemprop=\"image\" itemscope=\"itemscope\" itemtype=\"https:\/\/schema.org\/ImageObject\" ><div class=\"avia-image-container-inner\"><div class=\"avia-image-overlay-wrap\"><img decoding=\"async\" class='wp-image-1799 avia-img-lazy-loading-not-1799 avia_image' src=\"http:\/\/www.si-hr.eu\/en2\/wp-content\/uploads\/sites\/12\/2016\/11\/3M-MURA-MEDIA-MINORITY.jpg\" alt='' title='3M MURA MEDIA MINORITY'  height=\"479\" width=\"800\"  itemprop=\"thumbnailUrl\" srcset=\"http:\/\/www.si-hr.eu\/en2\/wp-content\/uploads\/sites\/12\/2016\/11\/3M-MURA-MEDIA-MINORITY.jpg 800w, http:\/\/www.si-hr.eu\/en2\/wp-content\/uploads\/sites\/12\/2016\/11\/3M-MURA-MEDIA-MINORITY-300x180.jpg 300w, http:\/\/www.si-hr.eu\/en2\/wp-content\/uploads\/sites\/12\/2016\/11\/3M-MURA-MEDIA-MINORITY-600x359.jpg 600w, http:\/\/www.si-hr.eu\/en2\/wp-content\/uploads\/sites\/12\/2016\/11\/3M-MURA-MEDIA-MINORITY-705x422.jpg 705w, http:\/\/www.si-hr.eu\/en2\/wp-content\/uploads\/sites\/12\/2016\/11\/3M-MURA-MEDIA-MINORITY-450x269.jpg 450w\" sizes=\"(max-width: 800px) 100vw, 800px\" \/><\/div><\/div><\/div><br \/>\n<section  class='av_textblock_section av-av_textblock-0366cc7376be6c9e82a3e9cc8987b64f'  itemscope=\"itemscope\" itemtype=\"https:\/\/schema.org\/CreativeWork\" ><div class='avia_textblock'  itemprop=\"text\" ><p lang=\"sl-SI\" align=\"CENTER\"><b>3M MURA MEDIA MINORITY<\/b><\/p>\n<\/div><\/section><br \/>\n<section  class='av_textblock_section av-av_textblock-0366cc7376be6c9e82a3e9cc8987b64f'  itemscope=\"itemscope\" itemtype=\"https:\/\/schema.org\/CreativeWork\" ><div class='avia_textblock'  itemprop=\"text\" ><p><i><b>Project summary <\/b><\/i><\/p>\n<p><span style=\"font-family: Calibri, sans-serif;\"><span style=\"font-size: small;\"><span lang=\"en-US\">The main specific cross-border goal of the project was to encourage and support exchanges in cultural and social topics and areas in order to improve the quality of everyday life, services and sharing of information in the program area. Accordingly, the specific cross-border objectives were focused on benefits of target groups as follows: to establish cooperation between the local media on both sides of the border, on the basis of concrete media coverages (total of 52 TV shows) to ensure adequate promotion of 3M Mura-Media-Minority activities, events, projects and other cross-border institutions and exchange of information; to implement two five-days cross-border media summer camps, which will help to raise awareness of cultural differences and cultural heritage on both sides; to promote cultural exchange and organization of events that will be attractive to audiences and to enhance cultural cooperation, through identification, promotion and support of cross-border cultural and other events that are related to minorities; to create additional communication channels that will ensure appropriate promotion and promote exchange of information on events, attractions and cultural heritage, tourist destinations and cuisine, through establishment of regional web-sites and 8 Info-points on both sides;<\/span><\/span><\/span><\/p>\n<p>to encourage the mobilization of minorities and minority organizations on both sides of the border and to ensure better organization and sustainable cooperation with countries of origin, based on the common organization of events and summer camps. The project has had a significant and positive impact on cross-border cooperation and preservation of cultural identity of the Slovenian minority in Croatia, and Croatian minority in Slovenia. Moreover, the project will increase cooperation between institutions and organizations active in media (TV and internet), cultural institutions and associations as well as municipalities. 3M Mura-Media-Minority project has significantly contributed to the perception of cross-border project area as a common, culturally rich and worth preserving<\/p>\n<\/div><\/section><\/p><\/div>\n<style type=\"text\/css\" data-created_by=\"avia_inline_auto\" id=\"style-css-av-av_one_half-2a64de42b738552fe666ca889af77e28\">\n.flex_column.av-av_one_half-2a64de42b738552fe666ca889af77e28{\nborder-radius:0px 0px 0px 0px;\n-webkit-border-radius:0px 0px 0px 0px;\n-moz-border-radius:0px 0px 0px 0px;\n}\n<\/style>\n<div class='flex_column av-av_one_half-2a64de42b738552fe666ca889af77e28 av_one_half  avia-builder-el-6  el_after_av_one_half  el_before_av_image  flex_column_div av-zero-column-padding column-top-margin'   ><section  class='av_textblock_section av-av_textblock-0366cc7376be6c9e82a3e9cc8987b64f'  itemscope=\"itemscope\" itemtype=\"https:\/\/schema.org\/CreativeWork\" ><div class='avia_textblock'  itemprop=\"text\" ><table border=\"1\" width=\"637\" cellspacing=\"0\" cellpadding=\"7\">\n<colgroup>\n<col width=\"200\" \/>\n<col width=\"407\" \/> <\/colgroup>\n<tbody>\n<tr>\n<td bgcolor=\"#f2f2f2\" width=\"200\" height=\"8\"><b>Project title<\/b><\/td>\n<td width=\"407\">Cultural, media and minority cooperation on both sides of the river Mura and wider<\/td>\n<\/tr>\n<tr>\n<td bgcolor=\"#f2f2f2\" width=\"200\" height=\"9\"><b>ERDF funds<\/b><\/td>\n<td width=\"407\"><span lang=\"sl-SI\">296,223.71 EUR<\/span><\/td>\n<\/tr>\n<tr>\n<td bgcolor=\"#f2f2f2\" width=\"200\" height=\"9\"><b>Project duration <\/b><\/p>\n<p><b>(month\/year \u2013 month\/year)<\/b><\/td>\n<td width=\"407\">\n<p lang=\"sl-SI\"><span style=\"color: #000000;\">1.1.2014-30.4.2015<\/span><\/p>\n<\/td>\n<\/tr>\n<tr>\n<td bgcolor=\"#f2f2f2\" width=\"200\" height=\"9\">\n<p lang=\"sl-SI\"><b>Vodilni partner<\/b><\/p>\n<\/td>\n<td width=\"407\">\n<p lang=\"sl-SI\">HI-FI Videostudio d.o.o.<\/p>\n<\/td>\n<\/tr>\n<tr>\n<td bgcolor=\"#f2f2f2\" width=\"200\" height=\"9\"><b>P<\/b><b>artners<\/b><\/td>\n<td width=\"407\">\n<p lang=\"sl-SI\"><span style=\"color: #000000;\">Zavod Roka<br \/>\nZavod za projektni management, \u010cernelavci<br \/>\nIn\u0161titut za napredne tehnologije in komunikacije Murska Sobota<br \/>\nAutonomni centar &#8211; ACT<br \/>\nUdruga za promicanje kulture i kulturne svijesti &#8220;Media&#8221; \u010cakovec<br \/>\nSlovensko kulturno dru\u0161tvo Nagelj<\/span><\/p>\n<\/td>\n<\/tr>\n<tr>\n<td bgcolor=\"#f2f2f2\" width=\"200\" height=\"9\"><b>Regions involved<\/b><\/td>\n<td width=\"407\">\n<p lang=\"sl-SI\">SI: Pomurska regija<\/p>\n<p lang=\"sl-SI\">HR: Me\u0111imurska \u017eupanija, Vara\u017edinska \u017eupanija<\/p>\n<\/td>\n<\/tr>\n<tr>\n<td bgcolor=\"#f2f2f2\" width=\"200\" height=\"21\"><b>Website<\/b><\/td>\n<td valign=\"BOTTOM\" width=\"407\"><span lang=\"sl-SI\">SI: <\/span><span style=\"color: #0000ff;\"><u><a href=\"http:\/\/www.muramedia.eu\/slo\"><span lang=\"sl-SI\">http:\/\/www.muramedia.eu\/slo<\/span><\/a><\/u><\/span><\/p>\n<p><span lang=\"sl-SI\">HR\u00a0: <\/span><span style=\"color: #0000ff;\"><u><a href=\"http:\/\/www.muramedia.eu\/cro\"><span lang=\"sl-SI\">http:\/\/www.muramedia.eu\/cro<\/span><\/a><\/u><\/span><\/td>\n<\/tr>\n<\/tbody>\n<\/table>\n<\/div><\/section><br \/>\n<section  class='av_textblock_section av-av_textblock-0366cc7376be6c9e82a3e9cc8987b64f'  itemscope=\"itemscope\" itemtype=\"https:\/\/schema.org\/CreativeWork\" ><div class='avia_textblock'  itemprop=\"text\" ><p><i><b>Key results and performed activities <\/b><\/i><i>(quantitative results; max. 3 &#8211; 5)<\/i><\/p>\n<p>52 bilingual programs produced;<\/p>\n<p>8 info points with online web cameras and free wireless internet connection;<\/p>\n<p>2 media camps for the youth from minority families;<\/p>\n<p>774 broadcasts of the bilingual program;<\/p>\n<p>20 TV presentations of the project OP SI-HR 2007-2013.<\/p>\n<\/div><\/section><\/p><\/div>\n<style type=\"text\/css\" data-created_by=\"avia_inline_auto\" id=\"style-css-av-av_image-9f669ff6d15b97f81670a86f7181a6d0\">\n.avia-image-container.av-av_image-9f669ff6d15b97f81670a86f7181a6d0 .av-image-caption-overlay-center{\ncolor:#ffffff;\n}\n<\/style>\n<div  class='avia-image-container av-av_image-9f669ff6d15b97f81670a86f7181a6d0 av-styling- avia-align-center  avia-builder-el-9  el_after_av_one_half  avia-builder-el-last '  itemprop=\"image\" itemscope=\"itemscope\" itemtype=\"https:\/\/schema.org\/ImageObject\" ><div class=\"avia-image-container-inner\"><div class=\"avia-image-overlay-wrap\"><img decoding=\"async\" class='wp-image-1798 avia-img-lazy-loading-not-1798 avia_image' src=\"http:\/\/www.si-hr.eu\/en2\/wp-content\/uploads\/sites\/12\/2016\/11\/3M-MURA-MEDIA-MINORITY-logo.png\" alt='' title='3M MURA MEDIA MINORITY logo'  height=\"272\" width=\"250\"  itemprop=\"thumbnailUrl\"  \/><\/div><\/div><\/div><\/p>\n","protected":false},"excerpt":{"rendered":"","protected":false},"author":3,"featured_media":0,"parent":1373,"menu_order":0,"comment_status":"closed","ping_status":"closed","template":"","meta":{"ngg_post_thumbnail":0},"acf":[],"_links":{"self":[{"href":"http:\/\/www.si-hr.eu\/en2\/wp-json\/wp\/v2\/pages\/1797"}],"collection":[{"href":"http:\/\/www.si-hr.eu\/en2\/wp-json\/wp\/v2\/pages"}],"about":[{"href":"http:\/\/www.si-hr.eu\/en2\/wp-json\/wp\/v2\/types\/page"}],"author":[{"embeddable":true,"href":"http:\/\/www.si-hr.eu\/en2\/wp-json\/wp\/v2\/users\/3"}],"replies":[{"embeddable":true,"href":"http:\/\/www.si-hr.eu\/en2\/wp-json\/wp\/v2\/comments?post=1797"}],"version-history":[{"count":1,"href":"http:\/\/www.si-hr.eu\/en2\/wp-json\/wp\/v2\/pages\/1797\/revisions"}],"predecessor-version":[{"id":1800,"href":"http:\/\/www.si-hr.eu\/en2\/wp-json\/wp\/v2\/pages\/1797\/revisions\/1800"}],"up":[{"embeddable":true,"href":"http:\/\/www.si-hr.eu\/en2\/wp-json\/wp\/v2\/pages\/1373"}],"wp:attachment":[{"href":"http:\/\/www.si-hr.eu\/en2\/wp-json\/wp\/v2\/media?parent=1797"}],"curies":[{"name":"wp","href":"https:\/\/api.w.org\/{rel}","templated":true}]}}