{"id":1855,"date":"2017-01-13T15:21:00","date_gmt":"2017-01-13T14:21:00","guid":{"rendered":"http:\/\/www.si-hr.eu\/en2\/?page_id=1855"},"modified":"2017-01-13T15:21:39","modified_gmt":"2017-01-13T14:21:39","slug":"detox","status":"publish","type":"page","link":"http:\/\/www.si-hr.eu\/en2\/map\/detox\/","title":{"rendered":"DETOX"},"content":{"rendered":"\n<style type=\"text\/css\" data-created_by=\"avia_inline_auto\" id=\"style-css-av-av_one_full-352b07ef7d3bc99b2e9f92e7a9e06bdb\">\n.flex_column.av-av_one_full-352b07ef7d3bc99b2e9f92e7a9e06bdb{\nborder-radius:0px 0px 0px 0px;\n-webkit-border-radius:0px 0px 0px 0px;\n-moz-border-radius:0px 0px 0px 0px;\n}\n<\/style>\n<div class='flex_column av-av_one_full-352b07ef7d3bc99b2e9f92e7a9e06bdb av_one_full  avia-builder-el-0  avia-builder-el-no-sibling  first flex_column_div av-zero-column-padding '   ><section  class='av_textblock_section av-av_textblock-0366cc7376be6c9e82a3e9cc8987b64f'  itemscope=\"itemscope\" itemtype=\"https:\/\/schema.org\/CreativeWork\" ><div class='avia_textblock'  itemprop=\"text\" ><p><span style=\"color: #333333;\"><span style=\"font-size: medium;\"><b>Project <\/b><\/span><span style=\"font-size: medium;\"><span lang=\"en-GB\"><b>acronym<\/b><\/span><\/span><span style=\"font-size: medium;\"><b>: DETOX (772.181,21 EUR ERDF)<\/b><\/span><\/span><\/p>\n<p align=\"JUSTIFY\"><span style=\"font-size: medium;\"><span lang=\"en-GB\"><b>Lead Partner<\/b><\/span><\/span><span style=\"font-size: medium;\"><b>:<\/b><\/span><span style=\"font-size: medium;\"> Ob\u010dina Lenart<\/span><\/p>\n<p align=\"JUSTIFY\"><span style=\"font-size: medium;\"><span lang=\"en-GB\"><b>Project Partners:<\/b><\/span><\/span><b> <\/b><span style=\"font-size: medium;\">Gradski muzej Vara\u017edin, Univerza v Mariboru, Fakulteta za elektrotehniko, ra\u010dunalni\u0161tvo in informatiko, Op\u0107ina Vinica, Ob\u010dina Sveti Andra\u017e v Slovenskih goricah, Op\u0107ina Donja Vo\u0107a, Ob\u010dina Sveta Ana<\/span><\/p>\n<p align=\"JUSTIFY\"><span style=\"font-size: medium;\"><span lang=\"en-GB\"><b>Associated Partners:<\/b><\/span><\/span><b> <\/b><span style=\"font-size: medium;\">Javni Zavod Republike Slovenije za varstvo kulturne dedi\u0161\u010dine, Turisti\u010dka zajednica Vara\u017edinske \u017eupanije (TZ)<\/span><\/p>\n<p style=\"text-align: justify;\" align=\"JUSTIFY\"><span style=\"font-size: medium;\"><span lang=\"en-GB\">The offer in the rural area of the programme is not connected; it is average, and boring for today&#8217;s demanding visitor. JOINT CHALLENGES, addressed by the project: connect the dispersed offer and \u00bbDETOXify\u00ab people, overburdened with stress. The project will teach about the cultural heritage in a fun and \u00bbDETOXicating\u00ab way. GENERAL PROJECT OBJECTIVE is to actively preserve ethnological heritage of rural areas and include it in the CB sustainable tourism package. EXPECTED CHANGE is a connected and attractive offer &#8211; revival of ethno tourism with increase of cultural heritage visitors by 8,000 visits. MAIN OUTPUTS: DETOX PACKAGE, that will combine 4 types of life of our ancestors: modern technology (3D holographic virtual live demonstrations of life &#8211; as \u201c3D adventure room\u201d), e-library (preserved old books), ethno outdoor cinema (old SI-HR films) and 6 renovated cultural heritage objects for implementation of DETOX workshops in a real environment (practical demonstrations of life the way it used to be). JOINT CB APPLICATION will unite data on heritage, tourism offer, SMEs, etc. in one place (data, available at present, is very sparse, not connected and scattered through different web pages). It will also enable a virtual tour of traditional farms. Outputs will be USED by inhabitants (more employment opportunities), tourists (attractive and diverse offer), owners of heritage objects and SMEs (included in the supply and joint application), partners (better visibility and connectedness). PLANNED APPROACH is directed at DEVELOPMENT OF HERITAGE CONSERVATION. A mere local or national approach would not connect the offer, a CB COOPERATION is therefore necessary. Joint promotion of DETOX package will enable synergy effects on the development of the CB area and its economy. The project is INNOVATIVE as it will introduce a completely new 3D holographic concept of showing life in traditional homes. We will arrange the FIRST 3D EXPERIENTIAL ETHNO HOUSE in the programme area.<\/span><\/span><\/p>\n<\/div><\/section><\/div>\n","protected":false},"excerpt":{"rendered":"","protected":false},"author":3,"featured_media":0,"parent":1373,"menu_order":0,"comment_status":"closed","ping_status":"closed","template":"","meta":{"ngg_post_thumbnail":0},"acf":[],"_links":{"self":[{"href":"http:\/\/www.si-hr.eu\/en2\/wp-json\/wp\/v2\/pages\/1855"}],"collection":[{"href":"http:\/\/www.si-hr.eu\/en2\/wp-json\/wp\/v2\/pages"}],"about":[{"href":"http:\/\/www.si-hr.eu\/en2\/wp-json\/wp\/v2\/types\/page"}],"author":[{"embeddable":true,"href":"http:\/\/www.si-hr.eu\/en2\/wp-json\/wp\/v2\/users\/3"}],"replies":[{"embeddable":true,"href":"http:\/\/www.si-hr.eu\/en2\/wp-json\/wp\/v2\/comments?post=1855"}],"version-history":[{"count":1,"href":"http:\/\/www.si-hr.eu\/en2\/wp-json\/wp\/v2\/pages\/1855\/revisions"}],"predecessor-version":[{"id":1856,"href":"http:\/\/www.si-hr.eu\/en2\/wp-json\/wp\/v2\/pages\/1855\/revisions\/1856"}],"up":[{"embeddable":true,"href":"http:\/\/www.si-hr.eu\/en2\/wp-json\/wp\/v2\/pages\/1373"}],"wp:attachment":[{"href":"http:\/\/www.si-hr.eu\/en2\/wp-json\/wp\/v2\/media?parent=1855"}],"curies":[{"name":"wp","href":"https:\/\/api.w.org\/{rel}","templated":true}]}}