{"id":2942,"date":"2018-10-09T14:54:11","date_gmt":"2018-10-09T13:54:11","guid":{"rendered":"http:\/\/www.si-hr.eu\/en2\/?page_id=2942"},"modified":"2018-10-09T14:54:11","modified_gmt":"2018-10-09T13:54:11","slug":"mitski-park","status":"publish","type":"page","link":"http:\/\/www.si-hr.eu\/en2\/map\/mitski-park\/","title":{"rendered":"MITSKI PARK"},"content":{"rendered":"\n<style type=\"text\/css\" data-created_by=\"avia_inline_auto\" id=\"style-css-av-av_one_full-352b07ef7d3bc99b2e9f92e7a9e06bdb\">\n.flex_column.av-av_one_full-352b07ef7d3bc99b2e9f92e7a9e06bdb{\nborder-radius:0px 0px 0px 0px;\n-webkit-border-radius:0px 0px 0px 0px;\n-moz-border-radius:0px 0px 0px 0px;\n}\n<\/style>\n<div class='flex_column av-av_one_full-352b07ef7d3bc99b2e9f92e7a9e06bdb av_one_full  avia-builder-el-0  avia-builder-el-no-sibling  first flex_column_div av-zero-column-padding '   ><section  class='av_textblock_section av-av_textblock-2de302bf1aa3cf4c9157dbe6f50ac7eb'  itemscope=\"itemscope\" itemtype=\"https:\/\/schema.org\/CreativeWork\" ><div class='avia_textblock'  itemprop=\"text\" ><p><strong>Project acronym:<\/strong><strong> <span class=\"logo-project-title\">MITSKI PARK<\/span> (633.292,00 ERDF)<\/strong><\/p>\n<p><strong>Lead Partner:<\/strong> Ob\u010dina Hrpelje-Kozina<\/p>\n<p><strong>Project Partners: <\/strong>Op\u0107ina Mo\u0161\u0107eni\u010dka Draga, Sveu\u010dili\u0161te u Rijeci, Fakultet za menad\u017ement u turizmu i ugostiteljstvu, Visoko\u0161olsko sredi\u0161\u010de Se\u017eana, Univerza na Primorskem\/Universita&#8217; del Litorale, Turisti\u010dka Zajednica Op\u0107ine Mo\u0161\u0107eni\u010dka Draga , Arhej d.o.o., arheolo\u0161ke raziskave in druge intelektualne storitve<\/p>\n<p>The project addresses the common challenge, typical for the entire PA, of preservation and enhancement of material and immaterial cultural heritage that is currently poorly utilised. The project\u2019s common main objective is to actively preserve and enhance mythical landscape\u2019s cultural heritage from the perspective of sustainable tourism in the territory of Mo\u0161\u0107eni\u010dka Draga and Hrpelje-Kozina municipalities. Visitors of the Cross-boarder myth park (CMP) will be offered a unique experience which will enrich the destination\u2019s attractiveness and increase the number of visits.<br \/>\nThe project\u2019s main direct effects are: tourist visits to new CB tourist destination (5000); a company providing interpretation knowledge and development of animation program in the CMP (1); tourist products for sustainable use of heritage of myth tradition (2); people trained on CMP contents (131); small-scale investments in infrastructure: visitors\u2019 centres on HKM and MDM areas (2). All target groups will benefit from direct effects (general public &#8211; tourists\/visitors, mainly children, SMEs, local and regional bodies, interest groups, non-profit organisations and other institutions).<br \/>\nInnovative approach consists in creation of new CB tourist products combining new CMP with a series of services, thus promoting economic and sustainable tourist development. The park will have an uniformed appearance; while visiting one of the two destinations, the visitors will be shown a virtual presentation of the other location, which will motivate them to visit also the other location. In the CMP, classic signage tables will be replaced by environment-friendly stone indicators.<br \/>\nCB tourist products can be created and successfully marketed only if supported by active cooperation of actors from both counties. Revitalisation of heritage and the combining of heritage with CB tourist products, resulting in a rich bid, can be achieved only through establishing a CB tourist destination &#8211; the Cross-border Myth park.<\/p>\n<\/div><\/section><\/div>\n","protected":false},"excerpt":{"rendered":"","protected":false},"author":1,"featured_media":0,"parent":1373,"menu_order":0,"comment_status":"closed","ping_status":"closed","template":"","meta":{"ngg_post_thumbnail":0},"acf":[],"_links":{"self":[{"href":"http:\/\/www.si-hr.eu\/en2\/wp-json\/wp\/v2\/pages\/2942"}],"collection":[{"href":"http:\/\/www.si-hr.eu\/en2\/wp-json\/wp\/v2\/pages"}],"about":[{"href":"http:\/\/www.si-hr.eu\/en2\/wp-json\/wp\/v2\/types\/page"}],"author":[{"embeddable":true,"href":"http:\/\/www.si-hr.eu\/en2\/wp-json\/wp\/v2\/users\/1"}],"replies":[{"embeddable":true,"href":"http:\/\/www.si-hr.eu\/en2\/wp-json\/wp\/v2\/comments?post=2942"}],"version-history":[{"count":3,"href":"http:\/\/www.si-hr.eu\/en2\/wp-json\/wp\/v2\/pages\/2942\/revisions"}],"predecessor-version":[{"id":2945,"href":"http:\/\/www.si-hr.eu\/en2\/wp-json\/wp\/v2\/pages\/2942\/revisions\/2945"}],"up":[{"embeddable":true,"href":"http:\/\/www.si-hr.eu\/en2\/wp-json\/wp\/v2\/pages\/1373"}],"wp:attachment":[{"href":"http:\/\/www.si-hr.eu\/en2\/wp-json\/wp\/v2\/media?parent=2942"}],"curies":[{"name":"wp","href":"https:\/\/api.w.org\/{rel}","templated":true}]}}