{"id":2973,"date":"2018-10-19T13:43:19","date_gmt":"2018-10-19T12:43:19","guid":{"rendered":"http:\/\/www.si-hr.eu\/en2\/?page_id=2973"},"modified":"2018-10-19T13:43:19","modified_gmt":"2018-10-19T12:43:19","slug":"living-castles","status":"publish","type":"page","link":"http:\/\/www.si-hr.eu\/en2\/map\/living-castles\/","title":{"rendered":"LIVING CASTLES"},"content":{"rendered":"\n<style type=\"text\/css\" data-created_by=\"avia_inline_auto\" id=\"style-css-av-av_one_full-352b07ef7d3bc99b2e9f92e7a9e06bdb\">\n.flex_column.av-av_one_full-352b07ef7d3bc99b2e9f92e7a9e06bdb{\nborder-radius:0px 0px 0px 0px;\n-webkit-border-radius:0px 0px 0px 0px;\n-moz-border-radius:0px 0px 0px 0px;\n}\n<\/style>\n<div class='flex_column av-av_one_full-352b07ef7d3bc99b2e9f92e7a9e06bdb av_one_full  avia-builder-el-0  avia-builder-el-no-sibling  first flex_column_div av-zero-column-padding '   ><section  class='av_textblock_section av-av_textblock-2de302bf1aa3cf4c9157dbe6f50ac7eb'  itemscope=\"itemscope\" itemtype=\"https:\/\/schema.org\/CreativeWork\" ><div class='avia_textblock'  itemprop=\"text\" ><p><strong>Project acronym:<\/strong><strong>\u00a0<span class=\"logo-project-title\">LIVING CASTLES <\/span> (1.236.470,80 ERDF)<\/strong><\/p>\n<p><strong>Lead Partner:<\/strong> Me\u0111imursko veleu\u010dili\u0161te u \u010cakovcu<\/p>\n<p><strong>Project Partners: <\/strong>Raziskovalno izobra\u017eevalno sredi\u0161\u010de Dvorec Raki\u010dan, Znanstveno-raziskovalno sredi\u0161\u010de Bistra Ptuj, Razvojna agencija Savinjske regije d.o.o., Gradski muzej Vara\u017edin, Muzej Me\u0111imurja \u010cakovec,\u00a0Muzeji Hrvatskog Zagorja,\u00a0Proteus d.o.o.<\/p>\n<p>The project &#8220;Living Castles&#8221; focuses on the preservation and valorisation of manors\/castles through the development of a common cross-border tourism offer and the integration of innovative activities for the preservation of cultural heritage.Project\u2019s main theme is the creation of a common brand \u2013 a network of castles\/manors that will enable bigger recognisability and promotion.The goal is to present castles\/manors as a common tourism product (home and abroad), inspired by castles in south Bohemia and Bavaria.Buildings will be furnished with common signs.Joint promotion and thematic events will enrich the current tourism offer.As castles\/mansions are buildings under historical\/cultural protection, their use is often rigidly defined, thus any changes are costly and difficult to realize.The project focuses on finding solutions how to use small investments and ICT tools to fill such gaps and to breathe new life to old historic walls and to offer visitors a unique experience.The usage of VR headsets makes it possible to walk through historic corridors and see how buildings have changed through time;hologram technology pushes boundaries when historical characters and mythical creatures come to life in front of our eyes; 3D projections breathe new dimensions to old walls.Only a few years ago this technology was inaccessible to the general public, as it was too costly or because advanced skills were needed for its usage.Today such technology is accessible, affordable and very advantageous as it can be adapted to various content and tailored to different target groups in order to enable a dynamic range of unique offers with just one investment.Thus, the transfer and exchange of digitized cultural heritage (photos, images) is much cheaper, moreover it also enriches permanent museum collections and promotional activities. A set of common events and investments to cultural heritage will offer a unique experience of castle lifestyle.<\/p>\n<\/div><\/section><\/div>\n","protected":false},"excerpt":{"rendered":"","protected":false},"author":1,"featured_media":0,"parent":1373,"menu_order":0,"comment_status":"closed","ping_status":"closed","template":"","meta":{"ngg_post_thumbnail":0},"acf":[],"_links":{"self":[{"href":"http:\/\/www.si-hr.eu\/en2\/wp-json\/wp\/v2\/pages\/2973"}],"collection":[{"href":"http:\/\/www.si-hr.eu\/en2\/wp-json\/wp\/v2\/pages"}],"about":[{"href":"http:\/\/www.si-hr.eu\/en2\/wp-json\/wp\/v2\/types\/page"}],"author":[{"embeddable":true,"href":"http:\/\/www.si-hr.eu\/en2\/wp-json\/wp\/v2\/users\/1"}],"replies":[{"embeddable":true,"href":"http:\/\/www.si-hr.eu\/en2\/wp-json\/wp\/v2\/comments?post=2973"}],"version-history":[{"count":3,"href":"http:\/\/www.si-hr.eu\/en2\/wp-json\/wp\/v2\/pages\/2973\/revisions"}],"predecessor-version":[{"id":2976,"href":"http:\/\/www.si-hr.eu\/en2\/wp-json\/wp\/v2\/pages\/2973\/revisions\/2976"}],"up":[{"embeddable":true,"href":"http:\/\/www.si-hr.eu\/en2\/wp-json\/wp\/v2\/pages\/1373"}],"wp:attachment":[{"href":"http:\/\/www.si-hr.eu\/en2\/wp-json\/wp\/v2\/media?parent=2973"}],"curies":[{"name":"wp","href":"https:\/\/api.w.org\/{rel}","templated":true}]}}