{"id":2977,"date":"2018-10-19T13:47:21","date_gmt":"2018-10-19T12:47:21","guid":{"rendered":"http:\/\/www.si-hr.eu\/en2\/?page_id=2977"},"modified":"2018-10-19T13:47:21","modified_gmt":"2018-10-19T12:47:21","slug":"kastelir","status":"publish","type":"page","link":"http:\/\/www.si-hr.eu\/en2\/map\/kastelir\/","title":{"rendered":"Ka\u0161telir"},"content":{"rendered":"\n<style type=\"text\/css\" data-created_by=\"avia_inline_auto\" id=\"style-css-av-av_one_full-352b07ef7d3bc99b2e9f92e7a9e06bdb\">\n.flex_column.av-av_one_full-352b07ef7d3bc99b2e9f92e7a9e06bdb{\nborder-radius:0px 0px 0px 0px;\n-webkit-border-radius:0px 0px 0px 0px;\n-moz-border-radius:0px 0px 0px 0px;\n}\n<\/style>\n<div class='flex_column av-av_one_full-352b07ef7d3bc99b2e9f92e7a9e06bdb av_one_full  avia-builder-el-0  avia-builder-el-no-sibling  first flex_column_div av-zero-column-padding '   ><section  class='av_textblock_section av-av_textblock-2de302bf1aa3cf4c9157dbe6f50ac7eb'  itemscope=\"itemscope\" itemtype=\"https:\/\/schema.org\/CreativeWork\" ><div class='avia_textblock'  itemprop=\"text\" ><p><strong>Project acronym:<\/strong><strong>\u00a0Ka\u0161telir (1.203.872,84 EUR ERDF)<\/strong><\/p>\n<p><strong>Lead Partner:<\/strong> OB\u010cINA KOMEN<\/p>\n<p><strong>Project Partners:<\/strong> OB\u010cINA IZOLA, UNIVERZA V MARIBORU, IN\u0160TITUT IRRIS za raziskave, razvoj in strategije dru\u017ebe, kulture in okolja, ISTARSKA \u017dUPANIJA, OP\u0106INA LANI\u0160\u0106E, GRAD MALI LO\u0160INJ, JAVNA USTANOVA &#8220;PARK PRIRODE U\u010cKA&#8221;, JAVNI ZAVOD KOMENSKI KRAS<\/p>\n<p>Istria, together with Karst, \u010ci\u010darija, Brkini and a part of Quarner share many common natural features, as well as a common history. The surprisingly dense arrangement of fortified boroughs, named also as \u00bbka\u0161telirji\u00ab, \u00bbCastellieri\u00ab or \u00bbzidine\u00ab, reveals densely populated territory in the Bronze and Iron Age. The area of \u00bbka\u0161telirji\u00ab was in the pre-historic times actually one uniform region. Thus, it would be impossible to achieve project goals and yield project results, without applying the trans-boundary cooperation. Main Common Challenge: This project aim to reveal and re-establish the ancient connection between people and wild plants and to present the traditional knowledge in a contemporary way in order to be used for sustainable development and tourism, in particular. The key point of the project are the fortified boroughs &#8211; \u201cka\u0161telirji\u201d, today overgrown with scrub and forest. Depopulation caused land abandonment and consequently, the folk traditions were lost to a large extent. Along with this, also the traditional knowledge regarding the wild plants was lost. Thus, we aim to revive the knowledge, still existing among the local populations, properly represent it and raise interest about this knowledge among the local inhabitants and tourists. The final goal is to create new tourist products, based on traditional knowledge and old recipes.<br \/>\nThe main project goal is to preserve and maintain the cultural heritage of \u00bbka\u0161telirji by developing the innovative sustainable cross-border tourist offers. The following key results are foreseen:<br \/>\n-Revived four selected \u201cka\u0161telirji\u201d (ruins of fortified boroughs)<br \/>\n-The trail \u201c\u201cka\u0161telirji\u201d from Karst to Quarner\u201d<br \/>\n-Centre for promotion of \u201cka\u0161telirji\u201d and traditional use of plants (\u010ci\u010darija) and info-points on each selected \u201cka\u0161telir\u201d<br \/>\n-Botany \u2013 plants in folk medicine and culinary from the areas of \u201cka\u0161telirji\u201d; plant gene bank. Archaeobotany \u2013 plants from the period of \u201cka\u0161telirji\u201d. Ethnobotany \u2013 traditional use of plants and products; presentation of way of life on \u201cka\u0161telirji\u201d; 8 educational trails, also presented by use of ICT.<br \/>\n-Education and training in relation to \u201cka\u0161telirji\u201d<br \/>\nDevelopment of products of sustainable tourism for the promotion of cultural and natural heritage.<br \/>\nThe most important project results will be awareness raising regarding the preservation of the cultural and natural heritage through education, collecting and cultivating the edible, medical, and other useful plants. The key emphasis will be on sustainable development of countryside and transboundary tourism. The project will encourage the social life and sustainable development of the rural areas. It will enrich and diversify the touristic offer. All this would stimulate the return of inhabitants, who left the area due to economic reasons. Revived area would be attractive also for the newcomers, attracted by way of life in natural environm., rich with cultural and natural monuments.<\/p>\n<\/div><\/section><\/div>\n","protected":false},"excerpt":{"rendered":"","protected":false},"author":1,"featured_media":0,"parent":1373,"menu_order":0,"comment_status":"closed","ping_status":"closed","template":"","meta":{"ngg_post_thumbnail":0},"acf":[],"_links":{"self":[{"href":"http:\/\/www.si-hr.eu\/en2\/wp-json\/wp\/v2\/pages\/2977"}],"collection":[{"href":"http:\/\/www.si-hr.eu\/en2\/wp-json\/wp\/v2\/pages"}],"about":[{"href":"http:\/\/www.si-hr.eu\/en2\/wp-json\/wp\/v2\/types\/page"}],"author":[{"embeddable":true,"href":"http:\/\/www.si-hr.eu\/en2\/wp-json\/wp\/v2\/users\/1"}],"replies":[{"embeddable":true,"href":"http:\/\/www.si-hr.eu\/en2\/wp-json\/wp\/v2\/comments?post=2977"}],"version-history":[{"count":3,"href":"http:\/\/www.si-hr.eu\/en2\/wp-json\/wp\/v2\/pages\/2977\/revisions"}],"predecessor-version":[{"id":2980,"href":"http:\/\/www.si-hr.eu\/en2\/wp-json\/wp\/v2\/pages\/2977\/revisions\/2980"}],"up":[{"embeddable":true,"href":"http:\/\/www.si-hr.eu\/en2\/wp-json\/wp\/v2\/pages\/1373"}],"wp:attachment":[{"href":"http:\/\/www.si-hr.eu\/en2\/wp-json\/wp\/v2\/media?parent=2977"}],"curies":[{"name":"wp","href":"https:\/\/api.w.org\/{rel}","templated":true}]}}