{"id":2981,"date":"2018-10-19T13:53:09","date_gmt":"2018-10-19T12:53:09","guid":{"rendered":"http:\/\/www.si-hr.eu\/en2\/?page_id=2981"},"modified":"2018-10-19T13:53:09","modified_gmt":"2018-10-19T12:53:09","slug":"vezi-narave","status":"publish","type":"page","link":"http:\/\/www.si-hr.eu\/en2\/map\/vezi-narave\/","title":{"rendered":"VEZI NARAVE"},"content":{"rendered":"\n<style type=\"text\/css\" data-created_by=\"avia_inline_auto\" id=\"style-css-av-av_one_full-352b07ef7d3bc99b2e9f92e7a9e06bdb\">\n.flex_column.av-av_one_full-352b07ef7d3bc99b2e9f92e7a9e06bdb{\nborder-radius:0px 0px 0px 0px;\n-webkit-border-radius:0px 0px 0px 0px;\n-moz-border-radius:0px 0px 0px 0px;\n}\n<\/style>\n<div class='flex_column av-av_one_full-352b07ef7d3bc99b2e9f92e7a9e06bdb av_one_full  avia-builder-el-0  avia-builder-el-no-sibling  first flex_column_div av-zero-column-padding '   ><section  class='av_textblock_section av-av_textblock-2de302bf1aa3cf4c9157dbe6f50ac7eb'  itemscope=\"itemscope\" itemtype=\"https:\/\/schema.org\/CreativeWork\" ><div class='avia_textblock'  itemprop=\"text\" ><p><strong>Project acronym:<\/strong><strong>\u00a0<span class=\"logo-project-title\">VEZI NARAVE <\/span> (2.170.821,80 EUR ERDF)<\/strong><\/p>\n<p><strong>Lead Partner:<\/strong> Ob\u010dina Grosuplje<\/p>\n<p><strong>Project Partners:<\/strong> Ob\u010dina Roga\u0161ka Slatina, Zavod Republike Slovenije za varstvo narave, Javna ustanova Nacionalni park Risnjak, Grad Vrbovsko, Udruga Hyla, Javna ustanova za upravljanje za\u0161ti\u0107enim dijelovima prirode Krapinsko-zagorske \u017eupanije<\/p>\n<p>The project TIES OF NATURE addresses the challenge of conserving and restoring biotic diversity for future generations and raising awareness of the impact nature has on the well-being of man. In order to reach this objective, the project will implement activities addressing: the lack of joint harmonised cross-border measures for the improvement of target species in poor condition; the lack of inter-sectoral collaboration in the introduction of modern, sustainable methods of natural resource management; poor awareness of the relevance of nature conservation and benefits that conserved nature has for the long-term quality of life and for preventing natural risks in an area.<\/p>\n<p>The project\u2019s main objective is to ensure the durability of the conservation and restoration of target species in Natura 2000 areas of the rivers Sotla and Kolpa, Risnjak National Park, the Radensko polje area, and the Kama\u010dnik canyon. The partnership was composed so as to ensure that species and measures planned for improving their state of conservation are dispersed across comparable areas in Slovenia and Croatia. By implementing 5 programmes of measures consisting of actual demonstration activities in nature covering a total surface area of 3,159 ha, we will improve the state of conservation of the otter, stag beetle, great capricorn beetle, marsh fritillary, large copper, amphibians. This selection of charismatic species represents an excellent platform for communicating the intrinsic value of nature to the widest public, which is why they will serve as a basis for communicating ecosystem services. The project strives to set up sustainable structures for the long-term conservation of biodiversity. By involving stakeholders in the implementation of nature preservation measures and in the development and implementation of content for the interpretation of nature, the project will bring nature protection and care for nature closer to the wider public. An innovative education programme will familiarise 190 individuals with the practical aspect of Natura 2000 management and ecosystem services. An important contribution to long-term nature conservation is the setup of the network of TIES OF NATURE points intended to raise awareness on the importance of nature, with the objective to show people the often invisible links between ecosystems and man\u2019s connection to them. Two nature protection centres will be set up\u2014\u0160ica in Radensko polje and Sotla in Roga\u0161ka Slatina\u2014and two interpretative access points\u2014one in the area of the Zelenjak natural monument by the river Sotla, and the other in the Kame\u010dnik canyon. The inclusive and integral approach to biodiversity conservation is an innovation in this cross-border area. The TIES OF NATURE project is thus opening new opportunities for the society to gradually but permanently change its attitude to nature protection and conservation, and for its recognising nature\u2019s key role in ensuring the well-being of future generations.<\/p>\n<\/div><\/section><\/div>\n","protected":false},"excerpt":{"rendered":"","protected":false},"author":1,"featured_media":0,"parent":1373,"menu_order":0,"comment_status":"closed","ping_status":"closed","template":"","meta":{"ngg_post_thumbnail":0},"acf":[],"_links":{"self":[{"href":"http:\/\/www.si-hr.eu\/en2\/wp-json\/wp\/v2\/pages\/2981"}],"collection":[{"href":"http:\/\/www.si-hr.eu\/en2\/wp-json\/wp\/v2\/pages"}],"about":[{"href":"http:\/\/www.si-hr.eu\/en2\/wp-json\/wp\/v2\/types\/page"}],"author":[{"embeddable":true,"href":"http:\/\/www.si-hr.eu\/en2\/wp-json\/wp\/v2\/users\/1"}],"replies":[{"embeddable":true,"href":"http:\/\/www.si-hr.eu\/en2\/wp-json\/wp\/v2\/comments?post=2981"}],"version-history":[{"count":3,"href":"http:\/\/www.si-hr.eu\/en2\/wp-json\/wp\/v2\/pages\/2981\/revisions"}],"predecessor-version":[{"id":2984,"href":"http:\/\/www.si-hr.eu\/en2\/wp-json\/wp\/v2\/pages\/2981\/revisions\/2984"}],"up":[{"embeddable":true,"href":"http:\/\/www.si-hr.eu\/en2\/wp-json\/wp\/v2\/pages\/1373"}],"wp:attachment":[{"href":"http:\/\/www.si-hr.eu\/en2\/wp-json\/wp\/v2\/media?parent=2981"}],"curies":[{"name":"wp","href":"https:\/\/api.w.org\/{rel}","templated":true}]}}