{"id":2989,"date":"2018-10-19T14:00:19","date_gmt":"2018-10-19T13:00:19","guid":{"rendered":"http:\/\/www.si-hr.eu\/en2\/?page_id=2989"},"modified":"2018-10-19T14:00:19","modified_gmt":"2018-10-19T13:00:19","slug":"crosscare","status":"publish","type":"page","link":"http:\/\/www.si-hr.eu\/en2\/map\/crosscare\/","title":{"rendered":"CrossCare"},"content":{"rendered":"\n<style type=\"text\/css\" data-created_by=\"avia_inline_auto\" id=\"style-css-av-av_one_full-352b07ef7d3bc99b2e9f92e7a9e06bdb\">\n.flex_column.av-av_one_full-352b07ef7d3bc99b2e9f92e7a9e06bdb{\nborder-radius:0px 0px 0px 0px;\n-webkit-border-radius:0px 0px 0px 0px;\n-moz-border-radius:0px 0px 0px 0px;\n}\n<\/style>\n<div class='flex_column av-av_one_full-352b07ef7d3bc99b2e9f92e7a9e06bdb av_one_full  avia-builder-el-0  avia-builder-el-no-sibling  first flex_column_div av-zero-column-padding '   ><section  class='av_textblock_section av-av_textblock-2de302bf1aa3cf4c9157dbe6f50ac7eb'  itemscope=\"itemscope\" itemtype=\"https:\/\/schema.org\/CreativeWork\" ><div class='avia_textblock'  itemprop=\"text\" ><p><strong>Project acronym:<\/strong><strong>\u00a0CrossCare (894.418,99 EUR ERDF)<\/strong><\/p>\n<p><strong>Lead Partner:<\/strong> Zavod za oskrbo na domu Ljubljana<\/p>\n<p><strong>Project Partners:<\/strong> Mestna ob\u010dina Ljubljana, Center za pomo\u010d na domu Maribor, Dom Zdravlja \u010cakovec, Ustanova za zdravstvenu njegu u ku\u0107i Zagreb, Grad Zagreb<\/p>\n<p>The common challenge of the program area is the trend of aging population. The needs to formally organize the area of the domiciliary care for the elderly are increasing partly because of the aging population and partly because of modified socially-cultural norms. The general goal of the project is to develop and establish a new cross-border cooperation structure to ensure an integrated approach to domiciliary care that includes services of medical and social care. This cross-border structure, complete with content, works based on the same methodology and is a novelty in both countries. Even though individual segments of the domiciliary care services are being performed in both countries, the field is normatively and systemically unorderly. A formalized concept of integrated approach where the content is detailedly defined from both the social and medical aspect does not exist either. The project in highly innovative as its results will serve as the technical basis for the field being normatively organized. This is already planned to be done in the field of prolonged domiciliary care in Slovenia. The execution of quality preventive and rehabilitative therapy surpasses the current institutional curative approach and increases the quality of life of the elderly living at home. With the project, the execution of the integrated approach of domiciliary care is moved of the urban centers of Ljubljana, Podravska region, Zagreb and the Me\u0111imurje County. The project will be based on partnership and cooperation between institutions. It will be established on a foundation of permanent transfer of knowledge, practices, approaches and methods of work of all project partners. The newly established cross-border structure of cooperation will encompass 8 institutions, under which the competences and skills of at least 153 employees will rise. This way the quality and quantity of the performed services with a special emphasis on providing a complete service, which include both medical and social care, will rise.<\/p>\n<\/div><\/section><\/div>\n","protected":false},"excerpt":{"rendered":"","protected":false},"author":1,"featured_media":0,"parent":1373,"menu_order":0,"comment_status":"closed","ping_status":"closed","template":"","meta":{"ngg_post_thumbnail":0},"acf":[],"_links":{"self":[{"href":"http:\/\/www.si-hr.eu\/en2\/wp-json\/wp\/v2\/pages\/2989"}],"collection":[{"href":"http:\/\/www.si-hr.eu\/en2\/wp-json\/wp\/v2\/pages"}],"about":[{"href":"http:\/\/www.si-hr.eu\/en2\/wp-json\/wp\/v2\/types\/page"}],"author":[{"embeddable":true,"href":"http:\/\/www.si-hr.eu\/en2\/wp-json\/wp\/v2\/users\/1"}],"replies":[{"embeddable":true,"href":"http:\/\/www.si-hr.eu\/en2\/wp-json\/wp\/v2\/comments?post=2989"}],"version-history":[{"count":3,"href":"http:\/\/www.si-hr.eu\/en2\/wp-json\/wp\/v2\/pages\/2989\/revisions"}],"predecessor-version":[{"id":2992,"href":"http:\/\/www.si-hr.eu\/en2\/wp-json\/wp\/v2\/pages\/2989\/revisions\/2992"}],"up":[{"embeddable":true,"href":"http:\/\/www.si-hr.eu\/en2\/wp-json\/wp\/v2\/pages\/1373"}],"wp:attachment":[{"href":"http:\/\/www.si-hr.eu\/en2\/wp-json\/wp\/v2\/media?parent=2989"}],"curies":[{"name":"wp","href":"https:\/\/api.w.org\/{rel}","templated":true}]}}