{"id":102,"date":"2015-09-18T15:05:12","date_gmt":"2015-09-18T14:05:12","guid":{"rendered":"http:\/\/84.39.218.255\/wp-content\/uploads\/2015\/09\/hr\/?page_id=102"},"modified":"2015-09-18T15:05:12","modified_gmt":"2015-09-18T14:05:12","slug":"informativna-dogadanja","status":"publish","type":"page","link":"http:\/\/www.si-hr.eu\/hr\/natjecaji\/1-zajednicki-poziv-na-dostavu-prijedloga-projekata\/informativna-dogadanja\/","title":{"rendered":"Informativna doga\u0111anja"},"content":{"rendered":"<p>Ovdje mo\u017eete prona\u0107i sav materijal o informativnim doga\u0111anjima 1. poziva na dostavu prijedloga projekata IPA Operativnog programa Slovenija-Hrvatska 2007.-2013.<\/p>\n<p>Sve dokumente vezane na informativne doga\u0111aje i radionice mo\u017eete prona\u0107i na sljede\u0107im linkovima, dok slovenski projektni partneri iste materije mogu prona\u0107i na slovenskoj ina\u010dici web stranice:<\/p>\n<p><a href=\"http:\/\/www.si-hr.eu\/news_hr\/archivdetail\/category\/arhiv\/potpisivanje_ugovora_o_sufinanciranju_za_odobrene_projekte_u_1._jp_op_\">POTPISIVANJE UGOVORA O SUFINANCIRANJU ZA ODOBRENE PROJEKTE U 1. JP OP IPA SI-HR 2007.-2013. <\/a><\/p>\n<p><a href=\"http:\/\/www.si-hr.eu\/news_hr\/archivdetail\/category\/arhiv\/svechano_potpisivanje_ugovora_za_odobrene_projekte_op_ipa_si-hr_2007.-\">Sve\u010dano potpisivanje ugovora za odobrene projekte OP IPA SI-HR 2007.-2013.<\/a><\/p>\n<p><a href=\"http:\/\/www.si-hr.eu\/news_hr\/archivdetail\/category\/arhiv\/svechano_potpisivanje_ugovora_za_odobrene_projekte_op_ipa_si-hr_2007.-\">Sve\u010dano potpisivanje ugovora za odobrene projekte OP IPA SI-HR 2007.-2013.<\/a><\/p>\n<h3>Individualne konzultacije<\/h3>\n<p>Ovdje mo\u017eete prona\u0107i najavu individualnih konzultacija.<\/p>\n<p><a class=\"link_doc\" href=\"http:\/\/84.39.218.255\/wp-content\/uploads\/2015\/09\/najava_1.doc\" target=\"_blank\">Individualne konzultacije (233.5k)<\/a><\/p>\n<p><a class=\"link_doc\" href=\"http:\/\/84.39.218.255\/wp-content\/uploads\/2015\/09\/PODALJ%C5%A0ANJE%20DNEVOV%20ODPRTIH%20VRAT_1.doc\" target=\"_blank\">Produ\u017eenje individualnih konzultacija (21k)<\/a><\/p>\n<h3>Radionice<\/h3>\n<p>Ovdje mo\u017eete prona\u0107i najavu radionica na slovenskoj i hrvatskoj strani.<\/p>\n<p><a class=\"link_doc\" href=\"http:\/\/84.39.218.255\/wp-content\/uploads\/2015\/09\/vabilo_info%20delavnice_1.doc\" target=\"_blank\">Radionice &#8211; Slovenija (275k)<\/a><\/p>\n<p><a class=\"link_doc\" href=\"http:\/\/84.39.218.255\/wp-content\/uploads\/2015\/09\/Delavnice%20na%20hrva%C5%A1ki%20strani_1.doc\" target=\"_blank\">Radionice &#8211; Hrvatska (54.5k)<\/a><\/p>\n<h3>Uvodna prezentacija Operativnog programa IPA SI-HR 2007.-2013.<\/h3>\n<p>Ovdje mo\u017eete prona\u0107i materijal uvodne prezentacije IPA prekograni\u010dnog programa Slovenija \u2013 Hrvatska 2007.-2013. koja je odr\u017eana 15. rujna u Oto\u010dcu.<\/p>\n<p><a class=\"link_doc\" href=\"http:\/\/84.39.218.255\/wp-content\/uploads\/2015\/09\/Vabilo%20-%20poziv_1.doc\" target=\"_blank\">Poziv (236k)<\/a><\/p>\n<p><a class=\"link_pdf\" href=\"http:\/\/84.39.218.255\/wp-content\/uploads\/2015\/09\/Program_1.pdf\" target=\"_blank\">Program (241k)<\/a><\/p>\n<p><a class=\"link_pdf\" href=\"http:\/\/84.39.218.255\/wp-content\/uploads\/2015\/09\/1.%20JAVNI%20RAZPIS%2015.9.2008_1.pdf\" target=\"_blank\">1. javni poziv_SI (2.1M)<\/a><\/p>\n<p><a class=\"link_pdf\" href=\"http:\/\/84.39.218.255\/wp-content\/uploads\/2015\/09\/1.%20POZIV%20NA%20DOSTAVU%20PROJEKATA%2015.9.2008_1.pdf\" target=\"_blank\">1. poziv_HR (2.1M)<\/a><\/p>\n<p><a class=\"link_pdf\" href=\"http:\/\/84.39.218.255\/wp-content\/uploads\/2015\/09\/CBC%2015.9.2008%20EN_1.pdf\" target=\"_blank\">Prekograni\u010dna suradnja_EN (935.4k)<\/a><\/p>\n<p><a class=\"link_pdf\" href=\"http:\/\/84.39.218.255\/wp-content\/uploads\/2015\/09\/EK%2015.9.2008%20EN_1.pdf\" target=\"_blank\">Europska komisija &#8211; IPA_EN (490.2k)<\/a><\/p>\n<p><a class=\"link_pdf\" href=\"http:\/\/84.39.218.255\/wp-content\/uploads\/2015\/09\/NATJE%C4%8CAJNA%20DOKUMENTACIJA%2015.9.2008_1.pdf\" target=\"_blank\">Natje\u010dajna dokumentacija_HR (879.1k)<\/a><\/p>\n<p><a class=\"link_pdf\" href=\"http:\/\/84.39.218.255\/wp-content\/uploads\/2015\/09\/OP%20SI-HR%2015.9.2008%20%20EN_1.pdf\" target=\"_blank\">OP IPA SI-HR 2007.-2013._EN (1.3M)<\/a><\/p>\n<p><a class=\"link_pdf\" href=\"http:\/\/84.39.218.255\/wp-content\/uploads\/2015\/09\/PIM%20SI-HR%2015.9.2008%20HR_1.pdf\" target=\"_blank\">PIM OP IPA SI-HR 2007.-2013._HR (1.8M)<\/a><\/p>\n<p><a class=\"link_pdf\" href=\"http:\/\/84.39.218.255\/wp-content\/uploads\/2015\/09\/PIM%20SI-HR%2015.9.2008%20SI_1.pdf\" target=\"_blank\">PIM OP IPA SI-HR 2007-2013_SI (1.8M)<\/a><\/p>\n<p><a class=\"link_pdf\" href=\"http:\/\/84.39.218.255\/wp-content\/uploads\/2015\/09\/PRIHVATLJIVI%20TRO%C5%A0KOVI%2015.9.2008_1.pdf\" target=\"_blank\">Prihvatljivi tro\u0161kovi_HR (1.8M)<\/a><\/p>\n<p><a class=\"link_pdf\" href=\"http:\/\/84.39.218.255\/wp-content\/uploads\/2015\/09\/RAZPISNA%20DOKUMENTACIJA%2015.9.2008_1.pdf\" target=\"_blank\">Natje\u010dajna dokumetacija_SI (877.4k)<\/a><\/p>\n<p><a class=\"link_pdf\" href=\"http:\/\/84.39.218.255\/wp-content\/uploads\/2015\/09\/UPRAVI%C4%8CENI%20STRO%C5%A0KI%2015.9.2008_1.pdf\" target=\"_blank\">Prihvatljivi tro\u0161kovi_SI (1.8M)<\/a><\/p>\n","protected":false},"excerpt":{"rendered":"<p>Ovdje mo\u017eete prona\u0107i sav materijal o informativnim doga\u0111anjima 1. poziva na dostavu prijedloga projekata IPA Operativnog programa Slovenija-Hrvatska 2007.-2013. Sve dokumente vezane na informativne doga\u0111aje i radionice mo\u017eete prona\u0107i na &hellip; <a href=\"http:\/\/www.si-hr.eu\/hr\/natjecaji\/1-zajednicki-poziv-na-dostavu-prijedloga-projekata\/informativna-dogadanja\/\" class=\"more-link\">Preberi ve\u010d <span class=\"screen-reader-text\">Informativna doga\u0111anja<\/span> <span class=\"meta-nav\">&rarr;<\/span><\/a><\/p>\n","protected":false},"author":1,"featured_media":0,"parent":100,"menu_order":0,"comment_status":"closed","ping_status":"closed","template":"","meta":{"ngg_post_thumbnail":0},"acf":[],"_links":{"self":[{"href":"http:\/\/www.si-hr.eu\/hr\/wp-json\/wp\/v2\/pages\/102"}],"collection":[{"href":"http:\/\/www.si-hr.eu\/hr\/wp-json\/wp\/v2\/pages"}],"about":[{"href":"http:\/\/www.si-hr.eu\/hr\/wp-json\/wp\/v2\/types\/page"}],"author":[{"embeddable":true,"href":"http:\/\/www.si-hr.eu\/hr\/wp-json\/wp\/v2\/users\/1"}],"replies":[{"embeddable":true,"href":"http:\/\/www.si-hr.eu\/hr\/wp-json\/wp\/v2\/comments?post=102"}],"version-history":[{"count":1,"href":"http:\/\/www.si-hr.eu\/hr\/wp-json\/wp\/v2\/pages\/102\/revisions"}],"predecessor-version":[{"id":103,"href":"http:\/\/www.si-hr.eu\/hr\/wp-json\/wp\/v2\/pages\/102\/revisions\/103"}],"up":[{"embeddable":true,"href":"http:\/\/www.si-hr.eu\/hr\/wp-json\/wp\/v2\/pages\/100"}],"wp:attachment":[{"href":"http:\/\/www.si-hr.eu\/hr\/wp-json\/wp\/v2\/media?parent=102"}],"curies":[{"name":"wp","href":"https:\/\/api.w.org\/{rel}","templated":true}]}}