{"id":115,"date":"2015-09-18T15:18:59","date_gmt":"2015-09-18T14:18:59","guid":{"rendered":"http:\/\/84.39.218.255\/wp-content\/uploads\/2015\/09\/hr\/?page_id=115"},"modified":"2015-09-18T15:18:59","modified_gmt":"2015-09-18T14:18:59","slug":"ipa-i-ets","status":"publish","type":"page","link":"http:\/\/www.si-hr.eu\/hr\/program\/ipa-i-ets\/","title":{"rendered":"IPA i ETS"},"content":{"rendered":"<p><b>Instrument pretpristupne pomo\u0107i (IPA)<\/b> je novi pravni i financijski instrument Europske unije koji je zamijenio nekoliko EU programa pretpristupne pomo\u0107i i financijskih instrumenata za dr\u017eave kandidatkinje ili potencijalne kandidatkinje. IPA se sastoji od pet razli\u010ditih komponenti:<\/p>\n<p>1. Pomo\u0107 u tranziciji i izgradnja institucija;<br \/>\n2. Prekograni\u010dna suradnja (s \u010dlanicama EU i drugim dr\u017eavama prihvatljivima za IPA-u);<br \/>\n3. Regionalni razvoj (razvoj prometa, okoli\u0161a i gospodarstva);<br \/>\n4. Razvoj ljudskih resursa (ja\u010danje ljudskih potencijala i borba protiv socijalne isklju\u010denosti);<br \/>\n5. Ruralni razvoj.<\/p>\n<p>Dr\u017eave korisnice IPA-e dijele se na dvije kategorije:<br \/>\n\u2022 Dr\u017eave kandidatkinje (Hrvatska, Turska i Biv\u0161a jugoslavenska Republika Makedonija) prihvatljive su za svih pet komponenti IPA-e<br \/>\n\u2022 Potencijalne dr\u017eave kandidatkinje zapadnog Balkana (Albanija, Bosna i Hercegovina, Crna Gora, Srbija uklju\u010duju\u0107i i Kosovo) prihvatljive su samo za prve dvije komponente.<\/p>\n<p>IPA priprema dr\u017eave kandidatkinje za upravljanje europskim fondovima koji obuhva\u0107aju ista podru\u010dja: Europski fond za regionalni razvoj (ERDF), Kohezijski fond, Europski socijalni fond (ESF), Europski poljoprivredni fond za ruralni razvoj (EAFRD).<\/p>\n<p>IPA je primjenjiva na dr\u017eave kandidatkinje i dr\u017eave potencijalne kandidatkinje, kao i na dr\u017eave \u010dlanice koje dijele prekograni\u010dne programe s tim dr\u017eavama. Ovaj novi instrument dr\u017eavama sudionicama na vanjskim granicama omogu\u0107ava uspostavu zajedni\u010dkog programa kojim se upravlja posebnim skupom pravila, stvaraju\u0107i tako osnovne uvjete za razvoj autenti\u010dnih prekograni\u010dnih projekata.<\/p>\n<p>1. srpnja 2013. Republika Hrvatska pristupila je Europskoj uniji te na taj na\u010din postala dr\u017eava \u010dlanica. Time je i program prekograni\u010dne suradnje izme\u0111u Hrvatske i Slovenije postao dijelom programa u okviru kohezijske politike EU koji kao svoj tre\u0107i cilj navodi Europsku teritorijalnu suradnju (ETS) koja je usmjerena na ja\u010danje prekograni\u010dne, transnacionalne i me\u0111uregionalne suradnje.<\/p>\n<p>Na razini Europske unije za potrebe Europske teritorijalne suradnje (cilj 3) namijenjeno je 2,52% ukupnih kohezijskih sredstava, to\u010dnije 7,75 milijardi eura. Od tog je iznosa najve\u0107i dio, to\u010dnije 73,86% ili 5,576 milijardi eura iz cilja Europske teritorijalne suradnje namijenjeno prekograni\u010dnoj suradnji, 20,95% ili 1,582 milijardi eura namijenjeno je transnacionalnoj, a 5,19% ili 392 milijuna eura me\u0111uregionalnoj suradnji.<\/p>\n<p>Cilj Europska teritorijalna suradnja svoju pomo\u0107 putem Europskog fonda za regionalni razvoj (EFRR) za razdoblje od 2007. do 2013. usredoto\u010duje na tri glavna podru\u010dja suradnje:<br \/>\n\u2022 Razvoj prekograni\u010dnih gospodarskih, socijalnih i aktivnosti vezanih uz okoli\u0161 pomo\u0107u zajedni\u010dkih strategija za odr\u017eivi teritorijalni razvoj.<br \/>\n\u2022 Ja\u010danje transnacionalne suradnje kroz aktivnosti povezane sa prioritetima Zajednice i promociju integriranog teritorijalnog razvoja.<br \/>\n\u2022 Pove\u0107anje u\u010dinkovitosti regionalnih politika poticanjem me\u0111uregionalne suradnje kroz razmjenu iskustava na odgovaraju\u0107oj teritorijalnoj razini.<\/p>\n<p>Operativni program Slovenija \u2013 Hrvatska 2007.-2013. kreiran je u svrhu promicanja prekograni\u010dne suradnje izme\u0111u Republike Slovenije i Republike Hrvatske.<\/p>\n","protected":false},"excerpt":{"rendered":"<p>Instrument pretpristupne pomo\u0107i (IPA) je novi pravni i financijski instrument Europske unije koji je zamijenio nekoliko EU programa pretpristupne pomo\u0107i i financijskih instrumenata za dr\u017eave kandidatkinje ili potencijalne kandidatkinje. IPA &hellip; <a href=\"http:\/\/www.si-hr.eu\/hr\/program\/ipa-i-ets\/\" class=\"more-link\">Preberi ve\u010d <span class=\"screen-reader-text\">IPA i ETS<\/span> <span class=\"meta-nav\">&rarr;<\/span><\/a><\/p>\n","protected":false},"author":1,"featured_media":0,"parent":21,"menu_order":0,"comment_status":"closed","ping_status":"closed","template":"","meta":{"ngg_post_thumbnail":0},"acf":[],"_links":{"self":[{"href":"http:\/\/www.si-hr.eu\/hr\/wp-json\/wp\/v2\/pages\/115"}],"collection":[{"href":"http:\/\/www.si-hr.eu\/hr\/wp-json\/wp\/v2\/pages"}],"about":[{"href":"http:\/\/www.si-hr.eu\/hr\/wp-json\/wp\/v2\/types\/page"}],"author":[{"embeddable":true,"href":"http:\/\/www.si-hr.eu\/hr\/wp-json\/wp\/v2\/users\/1"}],"replies":[{"embeddable":true,"href":"http:\/\/www.si-hr.eu\/hr\/wp-json\/wp\/v2\/comments?post=115"}],"version-history":[{"count":1,"href":"http:\/\/www.si-hr.eu\/hr\/wp-json\/wp\/v2\/pages\/115\/revisions"}],"predecessor-version":[{"id":116,"href":"http:\/\/www.si-hr.eu\/hr\/wp-json\/wp\/v2\/pages\/115\/revisions\/116"}],"up":[{"embeddable":true,"href":"http:\/\/www.si-hr.eu\/hr\/wp-json\/wp\/v2\/pages\/21"}],"wp:attachment":[{"href":"http:\/\/www.si-hr.eu\/hr\/wp-json\/wp\/v2\/media?parent=115"}],"curies":[{"name":"wp","href":"https:\/\/api.w.org\/{rel}","templated":true}]}}