{"id":117,"date":"2015-09-18T15:20:14","date_gmt":"2015-09-18T14:20:14","guid":{"rendered":"http:\/\/84.39.218.255\/wp-content\/uploads\/2015\/09\/hr\/?page_id=117"},"modified":"2015-09-18T15:20:14","modified_gmt":"2015-09-18T14:20:14","slug":"programsko-podrucje","status":"publish","type":"page","link":"http:\/\/www.si-hr.eu\/hr\/program\/programsko-podrucje\/","title":{"rendered":"Programsko podru\u010dje"},"content":{"rendered":"<p>Ciljno podru\u010dje ovog Programa je podru\u010dje zajedni\u010dke slovensko-hrvatske granice. Predmetne \u017eupanije i regije pripadaju teritorijalnim jedinicama NUTS 3 razine. Stoga su prihvatljiva podru\u010dja NUTS 3 razine u Sloveniji i Hrvatskoj sljede\u0107a:<\/p>\n<table class=\"tcontent\">\n<tbody>\n<tr>\n<th>SLOVENIJA (statisti\u010dke regije)<\/th>\n<th>HRVATSKA (\u017eupanije)<\/th>\n<\/tr>\n<tr>\n<td>Pomurska<\/td>\n<td>Me\u0111imurska<\/td>\n<\/tr>\n<tr>\n<td>Podravska<\/td>\n<td>Vara\u017edinska<\/td>\n<\/tr>\n<tr>\n<td>Savinjska<\/td>\n<td>Krapinsko-zagorska<\/td>\n<\/tr>\n<tr>\n<td>Spodnjeposavska<\/td>\n<td>Zagreba\u010dka<\/td>\n<\/tr>\n<tr>\n<td>Jugovzhodna Slovenija<\/td>\n<td>Karlova\u010dka<\/td>\n<\/tr>\n<tr>\n<td>Notranjsko-kra\u0161ka<\/td>\n<td>Primorsko-goranska<\/td>\n<\/tr>\n<tr>\n<td>Obalno-kra\u0161ka<\/td>\n<td>Istarska \u017eupanija<\/td>\n<\/tr>\n<tr>\n<td>Osrednjeslovenska (20%)<\/td>\n<td>Grad Zagreb (20%)<\/td>\n<\/tr>\n<\/tbody>\n<\/table>\n<p>&nbsp;<\/p>\n<p><a href=\"http:\/\/84.39.218.255\/wp-content\/uploads\/2015\/09\/hr\/wp-content\/uploads\/sites\/9\/2015\/09\/\/program_region_big_hr-1.jpg\"><img decoding=\"async\" loading=\"lazy\" class=\"alignleft size-full wp-image-118\" src=\"http:\/\/84.39.218.255\/wp-content\/uploads\/2015\/09\/hr\/wp-content\/uploads\/sites\/9\/2015\/09\/\/program_region_big_hr-1.jpg\" alt=\"program_region_big_hr (1)\" width=\"602\" height=\"411\" \/><\/a><\/p>\n","protected":false},"excerpt":{"rendered":"<p>Ciljno podru\u010dje ovog Programa je podru\u010dje zajedni\u010dke slovensko-hrvatske granice. Predmetne \u017eupanije i regije pripadaju teritorijalnim jedinicama NUTS 3 razine. Stoga su prihvatljiva podru\u010dja NUTS 3 razine u Sloveniji i Hrvatskoj &hellip; <a href=\"http:\/\/www.si-hr.eu\/hr\/program\/programsko-podrucje\/\" class=\"more-link\">Preberi ve\u010d <span class=\"screen-reader-text\">Programsko podru\u010dje<\/span> <span class=\"meta-nav\">&rarr;<\/span><\/a><\/p>\n","protected":false},"author":1,"featured_media":0,"parent":21,"menu_order":0,"comment_status":"closed","ping_status":"closed","template":"","meta":{"ngg_post_thumbnail":0},"acf":[],"_links":{"self":[{"href":"http:\/\/www.si-hr.eu\/hr\/wp-json\/wp\/v2\/pages\/117"}],"collection":[{"href":"http:\/\/www.si-hr.eu\/hr\/wp-json\/wp\/v2\/pages"}],"about":[{"href":"http:\/\/www.si-hr.eu\/hr\/wp-json\/wp\/v2\/types\/page"}],"author":[{"embeddable":true,"href":"http:\/\/www.si-hr.eu\/hr\/wp-json\/wp\/v2\/users\/1"}],"replies":[{"embeddable":true,"href":"http:\/\/www.si-hr.eu\/hr\/wp-json\/wp\/v2\/comments?post=117"}],"version-history":[{"count":1,"href":"http:\/\/www.si-hr.eu\/hr\/wp-json\/wp\/v2\/pages\/117\/revisions"}],"predecessor-version":[{"id":119,"href":"http:\/\/www.si-hr.eu\/hr\/wp-json\/wp\/v2\/pages\/117\/revisions\/119"}],"up":[{"embeddable":true,"href":"http:\/\/www.si-hr.eu\/hr\/wp-json\/wp\/v2\/pages\/21"}],"wp:attachment":[{"href":"http:\/\/www.si-hr.eu\/hr\/wp-json\/wp\/v2\/media?parent=117"}],"curies":[{"name":"wp","href":"https:\/\/api.w.org\/{rel}","templated":true}]}}