{"id":122,"date":"2015-09-18T15:21:38","date_gmt":"2015-09-18T14:21:38","guid":{"rendered":"http:\/\/84.39.218.255\/wp-content\/uploads\/2015\/09\/hr\/?page_id=122"},"modified":"2015-09-18T15:21:38","modified_gmt":"2015-09-18T14:21:38","slug":"operativni-program","status":"publish","type":"page","link":"http:\/\/www.si-hr.eu\/hr\/program\/programski-dokumenti\/operativni-program\/","title":{"rendered":"Operativni program"},"content":{"rendered":"<h3>Operativni progam Slovenija-Hrvatska 2007.-2013.<\/h3>\n<p>Ovdje mo\u017eete prona\u0107i izmjenjen Operativni program prekograni\u010dnog programa Slovenija-Hrvatska 2007.-2013, odobren Odlukom Europske komisije br. C(2013) 9614 17.12.2013.<\/p>\n<p><a class=\"link_pdf\" href=\"http:\/\/84.39.218.255\/wp-content\/uploads\/2015\/09\/OP%20IPA%20SI-HR_final_HR.pdf\" target=\"_blank\">OP SI-HR 2007.-2013. (1006.4k)<\/a><\/p>\n<h3>Operativni program IPA Slovenija-Hrvatska 2007.-2013.<\/h3>\n<p>Ovdje mo\u017eete prona\u0107i izmjenjen Operativni program IPA prekograni\u010dnog programa Slovenija-Hrvatska 2007.-2013, odobren Odlukom Europske komisije br. C(2012)4980 26.7.2012.<\/p>\n<p><a class=\"link_pdf\" href=\"http:\/\/84.39.218.255\/wp-content\/uploads\/2015\/09\/OP%20IPA%20SI-HR%203.%20JP_HR_final_2.pdf\" target=\"_blank\">OP IPA SI-HR 2007-2013 (1.9M)<\/a><\/p>\n<h3>Operativni program IPA Slovenija-Hrvatska 2007.-2013.<\/h3>\n<p>Ovdje mo\u017eete prona\u0107i izmjenjan Operativni program IPA prekograni\u010dnog programa Slovenija-Hrvatska 2007.-2013, odobren Odlukom Europske komisije br. C(2010) 3779 17.6.2010.<\/p>\n<p><a class=\"link_pdf\" href=\"http:\/\/84.39.218.255\/wp-content\/uploads\/2015\/09\/OP%20IPA%20SI-HR%20hr_clean_14.9.2010.pdf\" target=\"_blank\">OP IPA SI-HR 2007-2013 (1.1M)<\/a><\/p>\n","protected":false},"excerpt":{"rendered":"<p>Operativni progam Slovenija-Hrvatska 2007.-2013. Ovdje mo\u017eete prona\u0107i izmjenjen Operativni program prekograni\u010dnog programa Slovenija-Hrvatska 2007.-2013, odobren Odlukom Europske komisije br. C(2013) 9614 17.12.2013. OP SI-HR 2007.-2013. (1006.4k) Operativni program IPA Slovenija-Hrvatska &hellip; <a href=\"http:\/\/www.si-hr.eu\/hr\/program\/programski-dokumenti\/operativni-program\/\" class=\"more-link\">Preberi ve\u010d <span class=\"screen-reader-text\">Operativni program<\/span> <span class=\"meta-nav\">&rarr;<\/span><\/a><\/p>\n","protected":false},"author":1,"featured_media":0,"parent":120,"menu_order":0,"comment_status":"closed","ping_status":"closed","template":"","meta":{"ngg_post_thumbnail":0},"acf":[],"_links":{"self":[{"href":"http:\/\/www.si-hr.eu\/hr\/wp-json\/wp\/v2\/pages\/122"}],"collection":[{"href":"http:\/\/www.si-hr.eu\/hr\/wp-json\/wp\/v2\/pages"}],"about":[{"href":"http:\/\/www.si-hr.eu\/hr\/wp-json\/wp\/v2\/types\/page"}],"author":[{"embeddable":true,"href":"http:\/\/www.si-hr.eu\/hr\/wp-json\/wp\/v2\/users\/1"}],"replies":[{"embeddable":true,"href":"http:\/\/www.si-hr.eu\/hr\/wp-json\/wp\/v2\/comments?post=122"}],"version-history":[{"count":1,"href":"http:\/\/www.si-hr.eu\/hr\/wp-json\/wp\/v2\/pages\/122\/revisions"}],"predecessor-version":[{"id":123,"href":"http:\/\/www.si-hr.eu\/hr\/wp-json\/wp\/v2\/pages\/122\/revisions\/123"}],"up":[{"embeddable":true,"href":"http:\/\/www.si-hr.eu\/hr\/wp-json\/wp\/v2\/pages\/120"}],"wp:attachment":[{"href":"http:\/\/www.si-hr.eu\/hr\/wp-json\/wp\/v2\/media?parent=122"}],"curies":[{"name":"wp","href":"https:\/\/api.w.org\/{rel}","templated":true}]}}