{"id":124,"date":"2015-09-18T15:22:12","date_gmt":"2015-09-18T14:22:12","guid":{"rendered":"http:\/\/84.39.218.255\/wp-content\/uploads\/2015\/09\/hr\/?page_id=124"},"modified":"2015-09-18T15:22:12","modified_gmt":"2015-09-18T14:22:12","slug":"strateska-procjena-utjecaja-na-okolis-sea","status":"publish","type":"page","link":"http:\/\/www.si-hr.eu\/hr\/program\/programski-dokumenti\/strateska-procjena-utjecaja-na-okolis-sea\/","title":{"rendered":"Strate\u0161ka procjena utjecaja na okoli\u0161 (SEA)"},"content":{"rendered":"<p>Izvje\u0161\u0107e o okoli\u0161u za strate\u0161ku procjenu utjecaja na okoli\u0161.<\/p>\n<p><a class=\"link_pdf\" href=\"http:\/\/84.39.218.255\/wp-content\/uploads\/2015\/09\/SEA%20OP%20IPA%20SI-HR%202007-2013_1.pdf\" target=\"_blank\">SEA OP IPA SI-HR 2007-2013 (1.8M)<\/a><\/p>\n","protected":false},"excerpt":{"rendered":"<p>Izvje\u0161\u0107e o okoli\u0161u za strate\u0161ku procjenu utjecaja na okoli\u0161. SEA OP IPA SI-HR 2007-2013 (1.8M)<\/p>\n","protected":false},"author":1,"featured_media":0,"parent":120,"menu_order":0,"comment_status":"closed","ping_status":"closed","template":"","meta":{"ngg_post_thumbnail":0},"acf":[],"_links":{"self":[{"href":"http:\/\/www.si-hr.eu\/hr\/wp-json\/wp\/v2\/pages\/124"}],"collection":[{"href":"http:\/\/www.si-hr.eu\/hr\/wp-json\/wp\/v2\/pages"}],"about":[{"href":"http:\/\/www.si-hr.eu\/hr\/wp-json\/wp\/v2\/types\/page"}],"author":[{"embeddable":true,"href":"http:\/\/www.si-hr.eu\/hr\/wp-json\/wp\/v2\/users\/1"}],"replies":[{"embeddable":true,"href":"http:\/\/www.si-hr.eu\/hr\/wp-json\/wp\/v2\/comments?post=124"}],"version-history":[{"count":1,"href":"http:\/\/www.si-hr.eu\/hr\/wp-json\/wp\/v2\/pages\/124\/revisions"}],"predecessor-version":[{"id":125,"href":"http:\/\/www.si-hr.eu\/hr\/wp-json\/wp\/v2\/pages\/124\/revisions\/125"}],"up":[{"embeddable":true,"href":"http:\/\/www.si-hr.eu\/hr\/wp-json\/wp\/v2\/pages\/120"}],"wp:attachment":[{"href":"http:\/\/www.si-hr.eu\/hr\/wp-json\/wp\/v2\/media?parent=124"}],"curies":[{"name":"wp","href":"https:\/\/api.w.org\/{rel}","templated":true}]}}