{"id":126,"date":"2015-09-18T15:22:36","date_gmt":"2015-09-18T14:22:36","guid":{"rendered":"http:\/\/84.39.218.255\/wp-content\/uploads\/2015\/09\/hr\/?page_id=126"},"modified":"2015-09-18T15:22:36","modified_gmt":"2015-09-18T14:22:36","slug":"zakonodavstvo","status":"publish","type":"page","link":"http:\/\/www.si-hr.eu\/hr\/program\/zakonodavstvo\/","title":{"rendered":"Zakonodavstvo"},"content":{"rendered":"<p>Ovdje mo\u017eete prona\u0107i pravne dokumente EU, slovenskog i hrvatskog zakonodavstva koji su va\u017eni za provedbu prekograni\u010dnog programa Slovenija-Hrvatska 2007.-2013.<\/p>\n","protected":false},"excerpt":{"rendered":"<p>Ovdje mo\u017eete prona\u0107i pravne dokumente EU, slovenskog i hrvatskog zakonodavstva koji su va\u017eni za provedbu prekograni\u010dnog programa Slovenija-Hrvatska 2007.-2013.<\/p>\n","protected":false},"author":1,"featured_media":0,"parent":21,"menu_order":0,"comment_status":"closed","ping_status":"closed","template":"","meta":{"ngg_post_thumbnail":0},"acf":[],"_links":{"self":[{"href":"http:\/\/www.si-hr.eu\/hr\/wp-json\/wp\/v2\/pages\/126"}],"collection":[{"href":"http:\/\/www.si-hr.eu\/hr\/wp-json\/wp\/v2\/pages"}],"about":[{"href":"http:\/\/www.si-hr.eu\/hr\/wp-json\/wp\/v2\/types\/page"}],"author":[{"embeddable":true,"href":"http:\/\/www.si-hr.eu\/hr\/wp-json\/wp\/v2\/users\/1"}],"replies":[{"embeddable":true,"href":"http:\/\/www.si-hr.eu\/hr\/wp-json\/wp\/v2\/comments?post=126"}],"version-history":[{"count":1,"href":"http:\/\/www.si-hr.eu\/hr\/wp-json\/wp\/v2\/pages\/126\/revisions"}],"predecessor-version":[{"id":127,"href":"http:\/\/www.si-hr.eu\/hr\/wp-json\/wp\/v2\/pages\/126\/revisions\/127"}],"up":[{"embeddable":true,"href":"http:\/\/www.si-hr.eu\/hr\/wp-json\/wp\/v2\/pages\/21"}],"wp:attachment":[{"href":"http:\/\/www.si-hr.eu\/hr\/wp-json\/wp\/v2\/media?parent=126"}],"curies":[{"name":"wp","href":"https:\/\/api.w.org\/{rel}","templated":true}]}}