{"id":130,"date":"2015-09-18T15:24:11","date_gmt":"2015-09-18T14:24:11","guid":{"rendered":"http:\/\/84.39.218.255\/wp-content\/uploads\/2015\/09\/hr\/?page_id=130"},"modified":"2015-09-18T15:24:11","modified_gmt":"2015-09-18T14:24:11","slug":"zakonodavstvo-republike-slovenije","status":"publish","type":"page","link":"http:\/\/www.si-hr.eu\/hr\/program\/zakonodavstvo\/zakonodavstvo-republike-slovenije\/","title":{"rendered":"Zakonodavstvo Republike Slovenije"},"content":{"rendered":"<p>Ovdje mo\u017eete prona\u0107i zakonodavstvo Republike Slovenije: Uredba o provo\u0111enju postupaka za kori\u0161tenje sredstava Europske teritorijalne suradnje i Instrumeta pretpristupne pomo\u0107i u Republici Sloveniji za programsko razdoblje 2007.-2013.<\/p>\n<p><a class=\"link_pdf\" href=\"http:\/\/84.39.218.255\/wp-content\/uploads\/2015\/09\/spremenjena%20uredba%20o%20porabi%20ets%20sredstev%202007-2013,%2045%2010_1.pdf\" target=\"_blank\">Decree on the implementation of procedures for the use of the funds of the ETC and IPA in the Republic of Slovenia 2007-2013 (Amendment) (579k)<\/a><\/p>\n","protected":false},"excerpt":{"rendered":"<p>Ovdje mo\u017eete prona\u0107i zakonodavstvo Republike Slovenije: Uredba o provo\u0111enju postupaka za kori\u0161tenje sredstava Europske teritorijalne suradnje i Instrumeta pretpristupne pomo\u0107i u Republici Sloveniji za programsko razdoblje 2007.-2013. Decree on the &hellip; <a href=\"http:\/\/www.si-hr.eu\/hr\/program\/zakonodavstvo\/zakonodavstvo-republike-slovenije\/\" class=\"more-link\">Preberi ve\u010d <span class=\"screen-reader-text\">Zakonodavstvo Republike Slovenije<\/span> <span class=\"meta-nav\">&rarr;<\/span><\/a><\/p>\n","protected":false},"author":1,"featured_media":0,"parent":126,"menu_order":0,"comment_status":"closed","ping_status":"closed","template":"","meta":{"ngg_post_thumbnail":0},"acf":[],"_links":{"self":[{"href":"http:\/\/www.si-hr.eu\/hr\/wp-json\/wp\/v2\/pages\/130"}],"collection":[{"href":"http:\/\/www.si-hr.eu\/hr\/wp-json\/wp\/v2\/pages"}],"about":[{"href":"http:\/\/www.si-hr.eu\/hr\/wp-json\/wp\/v2\/types\/page"}],"author":[{"embeddable":true,"href":"http:\/\/www.si-hr.eu\/hr\/wp-json\/wp\/v2\/users\/1"}],"replies":[{"embeddable":true,"href":"http:\/\/www.si-hr.eu\/hr\/wp-json\/wp\/v2\/comments?post=130"}],"version-history":[{"count":1,"href":"http:\/\/www.si-hr.eu\/hr\/wp-json\/wp\/v2\/pages\/130\/revisions"}],"predecessor-version":[{"id":131,"href":"http:\/\/www.si-hr.eu\/hr\/wp-json\/wp\/v2\/pages\/130\/revisions\/131"}],"up":[{"embeddable":true,"href":"http:\/\/www.si-hr.eu\/hr\/wp-json\/wp\/v2\/pages\/126"}],"wp:attachment":[{"href":"http:\/\/www.si-hr.eu\/hr\/wp-json\/wp\/v2\/media?parent=130"}],"curies":[{"name":"wp","href":"https:\/\/api.w.org\/{rel}","templated":true}]}}